{"id":3685,"date":"2021-04-01T18:07:30","date_gmt":"2021-04-01T16:07:30","guid":{"rendered":"https:\/\/semmelweis.hu\/patologia2\/?page_id=3685"},"modified":"2026-03-27T13:46:43","modified_gmt":"2026-03-27T12:46:43","slug":"kardiovaszkularis-patologia","status":"publish","type":"page","link":"https:\/\/semmelweis.hu\/patologia2\/diagnosztika\/kardiovaszkularis-patologia\/","title":{"rendered":"Kardiovaszkul\u00e1ris patol\u00f3gia"},"content":{"rendered":"<p>Munkacsoportunk d\u00f6nt\u0151en a Gottsegen Gy\u00f6rgy Orsz\u00e1gos Kardiovaszkul\u00e1ris Int\u00e9zet (GOKVI) r\u00e9sz\u00e9re v\u00e9gez sz\u00f6vettani- \u00e9s k\u00f3rbonctani diagnosztik\u00e1t, \u00edgy a feln\u0151ttkori akut \u00e9s kr\u00f3nikus sz\u00edvel\u00e9gtelens\u00e9g teljes spektruma mellett kiemelt ter\u00fcletk\u00e9nt kezelj\u00fck a gyermekkori, illetve velesz\u00fcletett sz\u00edvhib\u00e1k vizsg\u00e1lat\u00e1t. Ez ut\u00f3bbi betegcsoportban elv\u00e9gzett sz\u00edvtranszplant\u00e1ci\u00f3k sor\u00e1n az elt\u00e1vol\u00edtott sz\u00edv makromorfol\u00f3giai, \u00e9s mikroszk\u00f3pos anal\u00edzis\u00e9t az orsz\u00e1gban egyed\u00fclik\u00e9nt munkacsoportunk v\u00e9gzi. A sz\u00edvtranszplant\u00e1lt p\u00e1ciensek gondoz\u00e1s\u00e1nak r\u00e9szek\u00e9nt id\u0151szakosan sz\u00edvbiopszia v\u00e9gz\u00e9se sz\u00fcks\u00e9ges, melynek patol\u00f3giai diagnosztik\u00e1j\u00e1t a nemzetk\u00f6zi standardoknak megfelel\u0151en, immunhisztok\u00e9miai vizsg\u00e1latokkal kieg\u00e9sz\u00edtve v\u00e9gezz\u00fck.<br \/>\nA sz\u00edv-, \u00e9rrendszeri patol\u00f3gia term\u00e9szet\u00e9b\u0151l ad\u00f3d\u00f3an akt\u00edv kliniko-patol\u00f3giai kapcsolatot k\u00edv\u00e1n, \u00edgy a GOKVI orvoscsapataival szorosan egy\u00fcttm\u0171k\u00f6d\u00fcnk.\u00a0<\/p>\n<div>\n<div>A diagnosztika mellett egy\u00e9b tev\u00e9kenys\u00e9geink k\u00f6z\u00e9 tartozik a rezidensk\u00e9pz\u00e9sben val\u00f3 r\u00e9szv\u00e9tel, \u00e9s konzultat\u00edv tev\u00e9kenys\u00e9g komplex kardiovaszkul\u00e1ris k\u00e9rd\u00e9sekben.<\/div>\n<\/div>\n<div>\u00a0<\/div>\n<div><a href=\"https:\/\/semmelweis.hu\/patologia2\/vizsgalatkeres\/\">Vizsg\u00e1latk\u00e9r\u0151lapok<\/a><\/div>\n<div>\u00a0<\/div>\n<div><strong>MUNKAT\u00c1RSAK:<\/strong><\/div>\n<div>\u00a0<\/div>\n<div><a href=\"https:\/\/semmelweis.hu\/telefonkonyv\/?emp_id=16278\"><strong>Dr. Dobi Dej\u00e1n<\/strong> egyetemi adjunktus<\/a><\/div>\n<div><a href=\"https:\/\/semmelweis.hu\/telefonkonyv\/?emp_id=4051\"><strong>Dr. Glasz Tibor<\/strong> egyetemi docens<\/a><\/div>\n<p>&nbsp;<\/p>\n","protected":false},"excerpt":{"rendered":"<p>Munkacsoportunk d\u00f6nt\u0151en a Gottsegen Gy\u00f6rgy Orsz\u00e1gos Kardiovaszkul\u00e1ris Int\u00e9zet (GOKVI) r\u00e9sz\u00e9re v\u00e9gez sz\u00f6vettani- \u00e9s k\u00f3rbonctani diagnosztik\u00e1t, \u00edgy a feln\u0151ttkori akut \u00e9s kr\u00f3nikus sz\u00edvel\u00e9gtelens\u00e9g teljes spektruma mellett kiemelt ter\u00fcletk\u00e9nt kezelj\u00fck a gyermekkori, illetve velesz\u00fcletett sz\u00edvhib\u00e1k vizsg\u00e1lat\u00e1t. Ez ut\u00f3bbi betegcsoportban elv\u00e9gzett sz\u00edvtranszplant\u00e1ci\u00f3k sor\u00e1n az elt\u00e1vol\u00edtott sz\u00edv makromorfol\u00f3giai, \u00e9s mikroszk\u00f3pos anal\u00edzis\u00e9t az orsz\u00e1gban egyed\u00fclik\u00e9nt munkacsoportunk v\u00e9gzi. A sz\u00edvtranszplant\u00e1lt p\u00e1ciensek &hellip;<\/p>\n","protected":false},"author":101629,"featured_media":0,"parent":14,"menu_order":0,"comment_status":"closed","ping_status":"closed","template":"","meta":{"_acf_changed":false,"footnotes":""},"categories":[],"tags":[],"class_list":["post-3685","page","type-page","status-publish","hentry"],"acf":[],"_links":{"self":[{"href":"https:\/\/semmelweis.hu\/patologia2\/wp-json\/wp\/v2\/pages\/3685","targetHints":{"allow":["GET"]}}],"collection":[{"href":"https:\/\/semmelweis.hu\/patologia2\/wp-json\/wp\/v2\/pages"}],"about":[{"href":"https:\/\/semmelweis.hu\/patologia2\/wp-json\/wp\/v2\/types\/page"}],"author":[{"embeddable":true,"href":"https:\/\/semmelweis.hu\/patologia2\/wp-json\/wp\/v2\/users\/101629"}],"replies":[{"embeddable":true,"href":"https:\/\/semmelweis.hu\/patologia2\/wp-json\/wp\/v2\/comments?post=3685"}],"version-history":[{"count":8,"href":"https:\/\/semmelweis.hu\/patologia2\/wp-json\/wp\/v2\/pages\/3685\/revisions"}],"predecessor-version":[{"id":5422,"href":"https:\/\/semmelweis.hu\/patologia2\/wp-json\/wp\/v2\/pages\/3685\/revisions\/5422"}],"up":[{"embeddable":true,"href":"https:\/\/semmelweis.hu\/patologia2\/wp-json\/wp\/v2\/pages\/14"}],"wp:attachment":[{"href":"https:\/\/semmelweis.hu\/patologia2\/wp-json\/wp\/v2\/media?parent=3685"}],"wp:term":[{"taxonomy":"category","embeddable":true,"href":"https:\/\/semmelweis.hu\/patologia2\/wp-json\/wp\/v2\/categories?post=3685"},{"taxonomy":"post_tag","embeddable":true,"href":"https:\/\/semmelweis.hu\/patologia2\/wp-json\/wp\/v2\/tags?post=3685"}],"curies":[{"name":"wp","href":"https:\/\/api.w.org\/{rel}","templated":true}]}}