{"id":3679,"date":"2021-04-01T17:57:32","date_gmt":"2021-04-01T15:57:32","guid":{"rendered":"https:\/\/semmelweis.hu\/patologia2\/?page_id=3679"},"modified":"2021-05-31T11:38:59","modified_gmt":"2021-05-31T09:38:59","slug":"perinatalis-es-placenta-munkacsoport","status":"publish","type":"page","link":"https:\/\/semmelweis.hu\/patologia2\/kutatas\/perinatalis-es-placenta-munkacsoport\/","title":{"rendered":"Perinatalis \u00e9s placenta munkacsoport"},"content":{"rendered":"<div class=\"I_52qC D_FY W_6D6F\" data-test-id=\"message-view-body\">\n<div class=\"msg-body P_wpofO mq_AS\" data-test-id=\"message-view-body-content\">\n<div class=\"jb_0 X_6MGW N_6Fd5\">\n<div id=\"yiv4658518632\">\n<div>\n<div class=\"yiv4658518632ydpa8818c19yahoo-style-wrap\">\n<div dir=\"ltr\">Az anya &#8211; m\u00e9hlep\u00e9ny &#8211; magzat szoros egys\u00e9get alkot a terhess\u00e9g sor\u00e1n. K\u00fcl\u00f6nb\u00f6z\u0151, terhess\u00e9g el\u0151tt is megl\u00e9v\u0151, vagy a terhess\u00e9g sor\u00e1n kialakul\u00f3 anyai betegs\u00e9g hat\u00e1ssal van a m\u00e9hlep\u00e9ny kialakul\u00e1s\u00e1ra, fejl\u0151d\u00e9s\u00e9re. Magzati betegs\u00e9gek szint\u00e9n hat\u00e1ssal vannak a m\u00e9hlep\u00e9ny szerkezet\u00e9re. A placenta elv\u00e1ltoz\u00e1sainak vizsg\u00e1lata az anya \u00e9s a magzat illetve \u00fajsz\u00fcl\u00f6tt klinikai adataival egy\u00fctt seg\u00edt jobban megismerni e h\u00e1rmas egys\u00e9g k\u00f6lcs\u00f6nhat\u00e1sait.\u00a0<\/div>\n<div dir=\"ltr\">\u00a0<\/div>\n<div dir=\"ltr\">A munkacsoport jelenlegi kutat\u00e1si ter\u00fcletei:<\/div>\n<div dir=\"ltr\">\u00a0<\/div>\n<div dir=\"ltr\">Ritka \u00f6r\u00f6kl\u0151d\u0151 betegs\u00e9gek diagnosztik\u00e1ja, \u00faj genetikai elt\u00e9r\u00e9sek vizsg\u00e1lata.<\/div>\n<div dir=\"ltr\">\u00a0<\/div>\n<div dir=\"ltr\">\u00a0 \u00a0&#8211;\u00a0 IPEX szindr\u00f3ma, alveolocapillaris dysplasia<\/div>\n<div dir=\"ltr\">\u00a0<\/div>\n<div dir=\"ltr\">A COVID-19 fert\u0151z\u00e9s hat\u00e1sa a m\u00e9hlep\u00e9ny fejl\u0151d\u00e9s\u00e9re \u00e9s a perinat\u00e1lis kimenetelre<\/div>\n<div dir=\"ltr\">\u00a0<\/div>\n<div dir=\"ltr\">\u00a0 \u00a0 A COVID-19 pand\u00e9mia harmadik hull\u00e1m\u00e1ban a brit v\u00edrusmut\u00e1ci\u00f3 \u00e9rezhet\u0151en nagyobb sz\u00e1mban beteg\u00edti meg a v\u00e1rand\u00f3s \u00e9desany\u00e1kat. Sajnos nem ritka a fert\u0151z\u00e9s k\u00f6vetkezt\u00e9ben az anyai indik\u00e1ci\u00f3 miatti korasz\u00fcl\u00e9s \u00e9s az intrauterin magzati hal\u00e1l sem. A v\u00edrusinfekci\u00f3 m\u00e9hlep\u00e9nyre gyakorolt k\u00f6zvetlen hat\u00e1s\u00e1t vizsg\u00e1ljuk. Emellett els\u0151 trimeszteri abortumokban is vizsg\u00e1lni szeretn\u00e9nk a COVID-19 fert\u0151z\u00e9s esetleges jelenl\u00e9t\u00e9t.\u00a0<\/div>\n<\/div>\n<\/div>\n<\/div>\n<\/div>\n<\/div>\n<div dir=\"ltr\">\u00a0<\/div>\n<div dir=\"ltr\"><strong>A munkacsoport tagjai:<\/strong><\/div>\n<\/div>\n<div dir=\"ltr\">\u00a0<\/div>\n<div dir=\"ltr\">\n<p><a href=\"https:\/\/semmelweis.hu\/telefonkonyv\/?emp_id=14980\">Dr. Hargitai D\u00f3ra klinikai szakorvos<\/a><\/p>\n<p><a href=\"https:\/\/semmelweis.hu\/telefonkonyv\/?emp_id=14978\">Dr. Kramer Zs\u00f3fia klinikai szakorvos<\/a><\/p>\n<\/div>\n","protected":false},"excerpt":{"rendered":"<p>Az anya &#8211; m\u00e9hlep\u00e9ny &#8211; magzat szoros egys\u00e9get alkot a terhess\u00e9g sor\u00e1n. K\u00fcl\u00f6nb\u00f6z\u0151, terhess\u00e9g el\u0151tt is megl\u00e9v\u0151, vagy a terhess\u00e9g sor\u00e1n kialakul\u00f3 anyai betegs\u00e9g hat\u00e1ssal van a m\u00e9hlep\u00e9ny kialakul\u00e1s\u00e1ra, fejl\u0151d\u00e9s\u00e9re. Magzati betegs\u00e9gek szint\u00e9n hat\u00e1ssal vannak a m\u00e9hlep\u00e9ny szerkezet\u00e9re. A placenta elv\u00e1ltoz\u00e1sainak vizsg\u00e1lata az anya \u00e9s a magzat illetve \u00fajsz\u00fcl\u00f6tt klinikai adataival egy\u00fctt seg\u00edt jobban megismerni &hellip;<\/p>\n","protected":false},"author":101629,"featured_media":0,"parent":13,"menu_order":0,"comment_status":"closed","ping_status":"closed","template":"","meta":{"_acf_changed":false,"footnotes":""},"categories":[],"tags":[],"class_list":["post-3679","page","type-page","status-publish","hentry"],"acf":[],"_links":{"self":[{"href":"https:\/\/semmelweis.hu\/patologia2\/wp-json\/wp\/v2\/pages\/3679","targetHints":{"allow":["GET"]}}],"collection":[{"href":"https:\/\/semmelweis.hu\/patologia2\/wp-json\/wp\/v2\/pages"}],"about":[{"href":"https:\/\/semmelweis.hu\/patologia2\/wp-json\/wp\/v2\/types\/page"}],"author":[{"embeddable":true,"href":"https:\/\/semmelweis.hu\/patologia2\/wp-json\/wp\/v2\/users\/101629"}],"replies":[{"embeddable":true,"href":"https:\/\/semmelweis.hu\/patologia2\/wp-json\/wp\/v2\/comments?post=3679"}],"version-history":[{"count":5,"href":"https:\/\/semmelweis.hu\/patologia2\/wp-json\/wp\/v2\/pages\/3679\/revisions"}],"predecessor-version":[{"id":3946,"href":"https:\/\/semmelweis.hu\/patologia2\/wp-json\/wp\/v2\/pages\/3679\/revisions\/3946"}],"up":[{"embeddable":true,"href":"https:\/\/semmelweis.hu\/patologia2\/wp-json\/wp\/v2\/pages\/13"}],"wp:attachment":[{"href":"https:\/\/semmelweis.hu\/patologia2\/wp-json\/wp\/v2\/media?parent=3679"}],"wp:term":[{"taxonomy":"category","embeddable":true,"href":"https:\/\/semmelweis.hu\/patologia2\/wp-json\/wp\/v2\/categories?post=3679"},{"taxonomy":"post_tag","embeddable":true,"href":"https:\/\/semmelweis.hu\/patologia2\/wp-json\/wp\/v2\/tags?post=3679"}],"curies":[{"name":"wp","href":"https:\/\/api.w.org\/{rel}","templated":true}]}}