{"id":3631,"date":"2021-05-04T12:29:32","date_gmt":"2021-05-04T10:29:32","guid":{"rendered":"https:\/\/semmelweis.hu\/patologia2\/?page_id=3631"},"modified":"2021-05-04T12:29:32","modified_gmt":"2021-05-04T10:29:32","slug":"intezetunk-korszerusitese","status":"publish","type":"page","link":"https:\/\/semmelweis.hu\/patologia2\/rolunk\/intezetunk-korszerusitese\/","title":{"rendered":"Int\u00e9zet\u00fcnk korszer\u0171s\u00edt\u00e9se"},"content":{"rendered":"<p class=\"yiv7974915656MsoNormal\"><u>Bonctermi padl\u00f3<\/u><\/p>\n<p class=\"yiv7974915656MsoNormal\">A COVID-19 j\u00e1rv\u00e1ny els\u0151 hull\u00e1m\u00e1ban a v\u00e9szhelyzet idej\u00e9re a k\u00f3rboncol\u00e1sok felf\u00fcggeszt\u00e9sre ker\u00fcltek. Ebben az id\u0151szakban int\u00e9zet\u00fcnk a boncterem teljes padl\u00f3zat\u00e1nak fel\u00faj\u00edt\u00e1si munk\u00e1latait vez\u00e9nyelte le. Az \u00faj, eddigin\u00e9l korszer\u0171bb \u00f6nt\u00f6tt, m\u0171gyanta padl\u00f3zat a kor ig\u00e9nyeinek maxim\u00e1lisan megfelel\u0151 \u00e9s higi\u00e9nikus.<\/p>\n<p class=\"yiv7974915656MsoNormal\"><u>Int\u00e9zeti infrastrukt\u00fara \u00e1t\u00e9p\u00edt\u00e9se<\/u><\/p>\n<p class=\"yiv7974915656MsoNormal\">Az Innov\u00e1ci\u00f3s \u00e9s Technol\u00f3giai Miniszt\u00e9rium 100 milli\u00f3 forint k\u00f6zponti k\u00f6lts\u00e9gvet\u00e9si forr\u00e1st biztos\u00edtott a II. sz. Patol\u00f3giai Int\u00e9zet jelenlegi \u00e9p\u00fclet\u00e9nek \u00e1talak\u00edt\u00e1s\u00e1hoz, valamint a megval\u00f3s\u00edt\u00e1s folyam\u00e1n a m\u0171k\u00f6d\u00e9s folyamatos fenntart\u00e1s\u00e1hoz. A Semmelweis Egyetem vezet\u00e9se pedig tov\u00e1bbi 226 milli\u00f3 forinttal t\u00e1mogatta a halottkezel\u00e9shez kapcsol\u00f3d\u00f3 kivitelez\u00e9si tervek megval\u00f3s\u00edt\u00e1s\u00e1t.<\/p>\n<p class=\"yiv7974915656MsoNormal\">2020 sor\u00e1n a II. sz. Patol\u00f3giai \u00e9s az Igazs\u00e1g\u00fcgyi \u00e9s Biztos\u00edt\u00e1s-orvostani Int\u00e9zeteket egyar\u00e1nt \u00e9rint\u0151 nagy l\u00e9pt\u00e9k\u0171 fel\u00faj\u00edt\u00e1si munk\u00e1latok k\u00f6zbeszerz\u00e9se zajlott. 2020 nyar\u00e1n az oktat\u00e1s \u00e9s az int\u00e9zeti m\u0171k\u00f6d\u00e9s biztos\u00edt\u00e1s\u00e1ra egy \u00faj kont\u00e9ner\u00e9p\u00fclet ker\u00fclt beszerz\u00e9sre \u00e9s a tanterem bej\u00e1rata mell\u00e9 helyezt\u00fck el. 2020 \u0151sz\u00e9n, a koronav\u00edrus j\u00e1rv\u00e1ny m\u00e1sodik hull\u00e1m\u00e1ban a kont\u00e9ner adta \u00faj t\u00e9r lehet\u0151v\u00e9 tette a biztons\u00e1gosabb, kiscsoportos oktat\u00e1s megval\u00f3s\u00edt\u00e1s\u00e1t.\u00a0<\/p>\n<p class=\"yiv7974915656MsoNormal\">Az els\u0151 \u00fctemben a II. sz. Patol\u00f3giai Int\u00e9zet boncterme melletti helyis\u00e9gek ker\u00fclnek fel\u00faj\u00edt\u00e1sra. Innen a Molekul\u00e1ris Patol\u00f3giai Laborat\u00f3rium k\u00f6lt\u00f6z\u00f6tt fel az int\u00e9zet harmadik emelet\u00e9re. A kivitelez\u00e9s 2021. janu\u00e1rban indult el, melynek sor\u00e1n a boncteremhez kapcsol\u00f3d\u00f3 rakt\u00e1rhelyis\u00e9g, \u00faj \u00f6lt\u00f6z\u0151k ker\u00fclnek kialak\u00edt\u00e1sra. Az \u00e9p\u00fclet ezen r\u00e9sz\u00e9nek folyos\u00f3ja \u00e9s vizesblokkjai mellett k\u00e9t irodahelyis\u00e9g is meg\u00fajul. A tervezett \u00e1tad\u00e1s 2021 \u00e1prilis k\u00f6zepe.<\/p>\n<p class=\"yiv7974915656MsoNormal\">A bonctermi lift korrod\u00e1lt kabinj\u00e1nak cser\u00e9je 2021 m\u00e1rcius\u00e1ban val\u00f3sul meg. A halottpince fel\u00faj\u00edt\u00e1si munk\u00e1latai 2021 \u00e1prilis\u00e1ban indulnak el. A h\u0171t\u00e9si rendszer korszer\u0171s\u00edt\u00e9se energiatakar\u00e9kos g\u00e9pekre, illetve 30 \u00faj fakkos h\u0171t\u0151 is kialak\u00edt\u00e1sra ker\u00fcl.<\/p>\n<p class=\"yiv7974915656MsoNormal\">Az \u00e9p\u00fcletben t\u00f6rt\u00e9n\u0151 funkci\u00f3k k\u00f6lt\u00f6ztet\u00e9se miatt a sz\u00f6vettani laborat\u00f3rium \u00faj l\u00e9gtechnik\u00e1j\u00e1nak ki\u00e9p\u00edt\u00e9se 2021 j\u00fanius\u00e1ban indul majd el. Ennek befejezt\u00e9vel az \u00f6sszes rutin sz\u00f6vettani laborelem egy helyre k\u00f6lt\u00f6zik, a jelenlegi leletez\u0151 helyis\u00e9g pedig az els\u0151 emeletre k\u00f6lt\u00f6zik fel.<\/p>\n","protected":false},"excerpt":{"rendered":"<p>Bonctermi padl\u00f3 A COVID-19 j\u00e1rv\u00e1ny els\u0151 hull\u00e1m\u00e1ban a v\u00e9szhelyzet idej\u00e9re a k\u00f3rboncol\u00e1sok felf\u00fcggeszt\u00e9sre ker\u00fcltek. Ebben az id\u0151szakban int\u00e9zet\u00fcnk a boncterem teljes padl\u00f3zat\u00e1nak fel\u00faj\u00edt\u00e1si munk\u00e1latait vez\u00e9nyelte le. Az \u00faj, eddigin\u00e9l korszer\u0171bb \u00f6nt\u00f6tt, m\u0171gyanta padl\u00f3zat a kor ig\u00e9nyeinek maxim\u00e1lisan megfelel\u0151 \u00e9s higi\u00e9nikus. Int\u00e9zeti infrastrukt\u00fara \u00e1t\u00e9p\u00edt\u00e9se Az Innov\u00e1ci\u00f3s \u00e9s Technol\u00f3giai Miniszt\u00e9rium 100 milli\u00f3 forint k\u00f6zponti k\u00f6lts\u00e9gvet\u00e9si forr\u00e1st biztos\u00edtott &hellip;<\/p>\n","protected":false},"author":101629,"featured_media":0,"parent":11,"menu_order":0,"comment_status":"closed","ping_status":"closed","template":"","meta":{"_acf_changed":false,"footnotes":""},"categories":[],"tags":[],"class_list":["post-3631","page","type-page","status-publish","hentry"],"acf":[],"_links":{"self":[{"href":"https:\/\/semmelweis.hu\/patologia2\/wp-json\/wp\/v2\/pages\/3631","targetHints":{"allow":["GET"]}}],"collection":[{"href":"https:\/\/semmelweis.hu\/patologia2\/wp-json\/wp\/v2\/pages"}],"about":[{"href":"https:\/\/semmelweis.hu\/patologia2\/wp-json\/wp\/v2\/types\/page"}],"author":[{"embeddable":true,"href":"https:\/\/semmelweis.hu\/patologia2\/wp-json\/wp\/v2\/users\/101629"}],"replies":[{"embeddable":true,"href":"https:\/\/semmelweis.hu\/patologia2\/wp-json\/wp\/v2\/comments?post=3631"}],"version-history":[{"count":4,"href":"https:\/\/semmelweis.hu\/patologia2\/wp-json\/wp\/v2\/pages\/3631\/revisions"}],"predecessor-version":[{"id":3779,"href":"https:\/\/semmelweis.hu\/patologia2\/wp-json\/wp\/v2\/pages\/3631\/revisions\/3779"}],"up":[{"embeddable":true,"href":"https:\/\/semmelweis.hu\/patologia2\/wp-json\/wp\/v2\/pages\/11"}],"wp:attachment":[{"href":"https:\/\/semmelweis.hu\/patologia2\/wp-json\/wp\/v2\/media?parent=3631"}],"wp:term":[{"taxonomy":"category","embeddable":true,"href":"https:\/\/semmelweis.hu\/patologia2\/wp-json\/wp\/v2\/categories?post=3631"},{"taxonomy":"post_tag","embeddable":true,"href":"https:\/\/semmelweis.hu\/patologia2\/wp-json\/wp\/v2\/tags?post=3631"}],"curies":[{"name":"wp","href":"https:\/\/api.w.org\/{rel}","templated":true}]}}