{"id":3629,"date":"2021-04-06T20:49:20","date_gmt":"2021-04-06T18:49:20","guid":{"rendered":"https:\/\/semmelweis.hu\/patologia2\/?page_id=3629"},"modified":"2026-03-27T12:56:12","modified_gmt":"2026-03-27T11:56:12","slug":"gasztroenterologiai-diagnosztika","status":"publish","type":"page","link":"https:\/\/semmelweis.hu\/patologia2\/diagnosztika\/gasztroenterologiai-diagnosztika\/","title":{"rendered":"Gasztroenterol\u00f3giai diagnosztika"},"content":{"rendered":"<p><span style=\"font-size: 12pt;font-family: Helvetica, sans-serif;color: #1d2228\">Int\u00e9zet\u00fcnkben hossz\u00fa m\u00faltra tekint vissza a gasztroenterol\u00f3giai diagnosztika. Sz\u00e1mos int\u00e9zm\u00e9ny fels\u0151- \u00e9s als\u00f3 endoszk\u00f3pos vizsg\u00e1lataib\u00f3l sz\u00e1rmaz\u00f3 biopszi\u00e1s anyagait fogadjuk. T\u00f6bbek k\u00f6z\u00f6tt a gyullad\u00e1sos b\u00e9lbetegs\u00e9gek, coeliakia, gastritisek diagnosztik\u00e1ja mellett a Magyarorsz\u00e1gon vezet\u0151 hal\u00e1lokok k\u00f6z\u00e9 tartoz\u00f3 gasztrointesztin\u00e1lis daganatos betegs\u00e9gek sz\u00f6vettani azonos\u00edt\u00e1s\u00e1t v\u00e9gezz\u00fck. Ez ut\u00f3bbiak eset\u00e9ben a tumoros betegek kezel\u00e9s\u00e9hez elengedhetetlen molekul\u00e1ris patol\u00f3giai diagnosztik\u00e1ja is hozz\u00e1tartozik tev\u00e9kenys\u00e9g\u00fcnkh\u00f6z. Gyermekgy\u00f3gy\u00e1szati gasztroenterol\u00f3giai mint\u00e1k eset\u00e9ben els\u0151sorban a gyullad\u00e1sos b\u00e9lbetegs\u00e9gek diagnosztik\u00e1ja \u00e9s a betegek ut\u00e1nk\u00f6vet\u00e9se t\u00f6rt\u00e9nik, azonban, t\u00f6bbek k\u00f6z\u00f6tt, a coeliakia \u00e9s az eosinophil oesophagitis diagn\u00f3zis\u00e1hoz is elengedhetetlen a sz\u00f6vettani mintav\u00e9tel.<\/span><\/p>\n<p><strong><a href=\"https:\/\/semmelweis.hu\/patologia2\/vizsgalatkeres\/\">Vizsg\u00e1latk\u00e9r\u0151lapok<\/a><\/strong><\/p>\n<p><strong><span style=\"font-size: 12pt;font-family: Helvetica, sans-serif;color: #1d2228\">MUNKAT\u00c1RSAK<\/span><\/strong><\/p>\n<ul>\n<li><span style=\"font-family: Montserrat;font-size: 12pt\"><a href=\"https:\/\/semmelweis.hu\/telefonkonyv\/?emp_id=4041\"><strong>Prof. Dr. Lotz G\u00e1bor<\/strong> egyetemi tan\u00e1r<\/a>\u00a0<\/span><\/li>\n<li><span style=\"font-size: 12pt;font-family: Montserrat\"><a href=\"https:\/\/semmelweis.hu\/telefonkonyv\/?emp_id=4036\"><strong>Dr. Borka Katalin<\/strong> egyetemi docens<\/a><\/span><\/li>\n<li><a href=\"https:\/\/semmelweis.hu\/telefonkonyv\/?emp_id=14988\"><span style=\"font-family: Montserrat;font-size: 12pt\"><strong>Dr. Budai Andr\u00e1s egyetemi<\/strong> adjunktus<\/span><\/a><\/li>\n<li><a href=\"https:\/\/semmelweis.hu\/telefonkonyv\/?emp_id=17116\"><span style=\"font-family: Montserrat;font-size: 12pt\"><strong>Dr. De\u00e1k B\u00e1lint Andr\u00e1s<\/strong> klinikai szakorvos<\/span><\/a><\/li>\n<li><span style=\"font-size: 12pt;font-family: Montserrat\"><a href=\"https:\/\/semmelweis.hu\/telefonkonyv\/?emp_id=14984\"><strong>Dr. Gy\u00f6ngy\u00f6si Benedek<\/strong> egyetemi tan\u00e1rseg\u00e9d<\/a><\/span><\/li>\n<li><span style=\"font-size: 12pt;font-family: Montserrat\"><a href=\"https:\/\/semmelweis.hu\/telefonkonyv\/?emp_id=6211\"><strong>Dr. Hal\u00e1sz Judit<\/strong> egyetemi adjunktus<\/a><\/span><\/li>\n<li><a href=\"https:\/\/semmelweis.hu\/telefonkonyv\/?emp_id=15019\"><span style=\"font-size: 12pt;font-family: Montserrat\"><strong>Dr. Kocsm\u00e1r \u00c9va<\/strong> egyetemi tan\u00e1rseg\u00e9d<\/span><\/a><\/li>\n<li><span style=\"font-size: 12pt;font-family: Montserrat\"><a href=\"https:\/\/semmelweis.hu\/telefonkonyv\/?emp_id=4032\"><strong>Dr. Ist\u00f3k Roland<\/strong> klinikai f\u0151orvos<\/a><\/span><\/li>\n<li><span style=\"font-size: 12pt;font-family: Montserrat\"><a href=\"https:\/\/semmelweis.hu\/telefonkonyv\/?emp_id=14989\"><strong>Dr. V\u00e1rkonyi Tibor<\/strong> egyetemi adjunktus<\/a><\/span><\/li>\n<\/ul>\n","protected":false},"excerpt":{"rendered":"<p>Int\u00e9zet\u00fcnkben hossz\u00fa m\u00faltra tekint vissza a gasztroenterol\u00f3giai diagnosztika. Sz\u00e1mos int\u00e9zm\u00e9ny fels\u0151- \u00e9s als\u00f3 endoszk\u00f3pos vizsg\u00e1lataib\u00f3l sz\u00e1rmaz\u00f3 biopszi\u00e1s anyagait fogadjuk. T\u00f6bbek k\u00f6z\u00f6tt a gyullad\u00e1sos b\u00e9lbetegs\u00e9gek, coeliakia, gastritisek diagnosztik\u00e1ja mellett a Magyarorsz\u00e1gon vezet\u0151 hal\u00e1lokok k\u00f6z\u00e9 tartoz\u00f3 gasztrointesztin\u00e1lis daganatos betegs\u00e9gek sz\u00f6vettani azonos\u00edt\u00e1s\u00e1t v\u00e9gezz\u00fck. Ez ut\u00f3bbiak eset\u00e9ben a tumoros betegek kezel\u00e9s\u00e9hez elengedhetetlen molekul\u00e1ris patol\u00f3giai diagnosztik\u00e1ja is hozz\u00e1tartozik tev\u00e9kenys\u00e9g\u00fcnkh\u00f6z. Gyermekgy\u00f3gy\u00e1szati &hellip;<\/p>\n","protected":false},"author":101629,"featured_media":0,"parent":14,"menu_order":0,"comment_status":"closed","ping_status":"closed","template":"","meta":{"_acf_changed":false,"footnotes":""},"categories":[],"tags":[],"class_list":["post-3629","page","type-page","status-publish","hentry"],"acf":[],"_links":{"self":[{"href":"https:\/\/semmelweis.hu\/patologia2\/wp-json\/wp\/v2\/pages\/3629","targetHints":{"allow":["GET"]}}],"collection":[{"href":"https:\/\/semmelweis.hu\/patologia2\/wp-json\/wp\/v2\/pages"}],"about":[{"href":"https:\/\/semmelweis.hu\/patologia2\/wp-json\/wp\/v2\/types\/page"}],"author":[{"embeddable":true,"href":"https:\/\/semmelweis.hu\/patologia2\/wp-json\/wp\/v2\/users\/101629"}],"replies":[{"embeddable":true,"href":"https:\/\/semmelweis.hu\/patologia2\/wp-json\/wp\/v2\/comments?post=3629"}],"version-history":[{"count":10,"href":"https:\/\/semmelweis.hu\/patologia2\/wp-json\/wp\/v2\/pages\/3629\/revisions"}],"predecessor-version":[{"id":5405,"href":"https:\/\/semmelweis.hu\/patologia2\/wp-json\/wp\/v2\/pages\/3629\/revisions\/5405"}],"up":[{"embeddable":true,"href":"https:\/\/semmelweis.hu\/patologia2\/wp-json\/wp\/v2\/pages\/14"}],"wp:attachment":[{"href":"https:\/\/semmelweis.hu\/patologia2\/wp-json\/wp\/v2\/media?parent=3629"}],"wp:term":[{"taxonomy":"category","embeddable":true,"href":"https:\/\/semmelweis.hu\/patologia2\/wp-json\/wp\/v2\/categories?post=3629"},{"taxonomy":"post_tag","embeddable":true,"href":"https:\/\/semmelweis.hu\/patologia2\/wp-json\/wp\/v2\/tags?post=3629"}],"curies":[{"name":"wp","href":"https:\/\/api.w.org\/{rel}","templated":true}]}}