{"id":3627,"date":"2021-04-02T00:08:22","date_gmt":"2021-04-01T22:08:22","guid":{"rendered":"https:\/\/semmelweis.hu\/patologia2\/?page_id=3627"},"modified":"2026-03-27T13:45:30","modified_gmt":"2026-03-27T12:45:30","slug":"ful-orr-gegeszeti-diagnosztika","status":"publish","type":"page","link":"https:\/\/semmelweis.hu\/patologia2\/diagnosztika\/ful-orr-gegeszeti-diagnosztika\/","title":{"rendered":"F\u00fcl-orr-g\u00e9g\u00e9szeti diagnosztika"},"content":{"rendered":"<p>Szoros kapcsolatot \u00e1polunk a Semmelweis Egyetem F\u00fcl-Orr-G\u00e9g\u00e9szeti \u00e9s Fej-Nyakseb\u00e9szeti Klinik\u00e1j\u00e1val, ahonnan tumoros \u00e9s nem tumoros biopszi\u00e1s \u00e9s seb\u00e9szeti m\u0171t\u00e9ti anyagok \u00e9rkeznek int\u00e9zet\u00fcnkbe. A sokszor bonyolult anat\u00f3miai viszonyok pontos \u00e9rtelmez\u00e9se a rezek\u00e1tumokban a klinikus koll\u00e9g\u00e1k n\u00e9lk\u00fcl elk\u00e9pzelhetetlen lenne.\u00a0<\/p>\n<p>Vizsg\u00e1lati anyagaink a fej-nyak r\u00e9gi\u00f3 b\u0151rter\u00fclet\u00e9r\u0151l, a sinonasalis traktusb\u00f3l, a sz\u00e1j\u00fcreg-garat-g\u00e9ge elv\u00e1ltoz\u00e1saib\u00f3l, valamint a ny\u00e1lmirigyek ter\u00fclet\u00e9r\u0151l sz\u00e1rmaznak. Napjainkban a fej-nyak seb\u00e9szeti anyagok t\u00e1rh\u00e1z\u00e1t a pajzsmirigy m\u0171t\u00e9ti anyagai is b\u0151v\u00edtik. A f\u00fcl-orr-g\u00e9g\u00e9szeti, fej-nyakseb\u00e9szeti elv\u00e1ltoz\u00e1sok d\u00f6nt\u0151 t\u00f6bbs\u00e9ge daganatos megbeteged\u00e9s, melyek differenci\u00e1ldiagnosztik\u00e1j\u00e1t munkacsoportunk kiv\u00e1l\u00f3 tagjai mellett az int\u00e9zet immunhisztok\u00e9miai- \u00e9s molekul\u00e1ris patol\u00f3giai laborat\u00f3riumai seg\u00edtik.<\/p>\n<p>Heti rendszeress\u00e9ggel csatlakozunk az onkoteamhez, melynek sor\u00e1n a betegekkel egy\u00fcttm\u0171k\u00f6d\u00e9sben tal\u00e1ljuk meg sz\u00e1mukra a lehet\u0151 legmegfelel\u0151bb kezel\u00e9st.<\/p>\n<p><a href=\"https:\/\/semmelweis.hu\/patologia2\/vizsgalatkeres\/\"><span style=\"color: #000000\"><b>Vizsg\u00e1latk\u00e9r\u0151lapok<\/b><\/span><\/a><\/p>\n<p><strong>MUNKAT\u00c1RSAK<\/strong><\/p>\n<p><span style=\"font-size: 10.0pt;font-family: 'Helvetica',sans-serif;color: #1d2228\"><a href=\"https:\/\/semmelweis.hu\/telefonkonyv\/?emp_id=4036\"><strong><span style=\"font-size: 12pt\">Dr. Borka Katalin<\/span><\/strong><span style=\"font-size: 12pt\"> egyetemi docens<\/span><\/a><br \/>\n<\/span><span style=\"font-size: 12pt\"><span style=\"font-family: Helvetica, sans-serif;color: #1d2228\"><a href=\"https:\/\/semmelweis.hu\/telefonkonyv\/?emp_id=16278\"><strong>Dr. Dobi Dej\u00e1n<\/strong> egyetemi adjunktus<\/a><br \/>\n<a href=\"https:\/\/semmelweis.hu\/telefonkonyv\/?emp_id=14984\"><strong>Dr. Gy\u00f6ngy\u00f6si Benedek<\/strong> egyetemi tan\u00e1rseg\u00e9d<\/a><br \/>\n<\/span><\/span><span style=\"font-size: 12pt\"><span style=\"font-family: Helvetica, sans-serif;color: #1d2228\"><a href=\"https:\/\/semmelweis.hu\/telefonkonyv\/?emp_id=6211\"><strong>Dr. Hal\u00e1sz Judit<\/strong> egyetemi adjunktus<\/a><\/span><span style=\"font-family: Helvetica, sans-serif;color: #1d2228\"><br \/>\n<\/span><span style=\"font-family: Helvetica, sans-serif;color: #1d2228\"><a href=\"https:\/\/semmelweis.hu\/telefonkonyv\/?emp_id=14991\"><strong>Dr. Illy\u00e9s Ildik\u00f3<\/strong> klinikai szakorvos<\/a><br \/>\n<\/span><span style=\"font-family: Helvetica, sans-serif;color: #1d2228\"><a href=\"https:\/\/semmelweis.hu\/telefonkonyv\/?emp_id=4032\"><strong>Dr. Ist\u00f3k Roland<\/strong> klinikai f\u0151orvos<\/a><\/span><span style=\"font-family: Helvetica, sans-serif;color: #1d2228\"><br \/>\n<\/span><span style=\"font-family: Helvetica, sans-serif;color: #1d2228\"><a href=\"https:\/\/semmelweis.hu\/telefonkonyv\/?emp_id=6213\"><strong>Dr. Kov\u00e1cs Attila<\/strong> egyetemi adjunktus<\/a><\/span><span style=\"font-family: Helvetica, sans-serif;color: #1d2228\"><br \/>\n<\/span><span style=\"font-family: Helvetica, sans-serif;color: #1d2228\"><a href=\"https:\/\/semmelweis.hu\/telefonkonyv\/?emp_id=6212\"><strong>Dr. Madaras Lilla<\/strong> egyetemi docens<\/a><\/span><span style=\"color: #1d2228;font-family: Helvetica, sans-serif\"><br \/>\n<\/span><span style=\"font-family: Helvetica, sans-serif;color: #1d2228\"><a href=\"https:\/\/semmelweis.hu\/telefonkonyv\/?emp_id=4037\"><strong>Dr. Sz\u00e9kely Eszter<\/strong> egyetemi docens<\/a><\/span><span style=\"font-family: Helvetica, sans-serif;color: #1d2228\"><br \/>\n<\/span><a href=\"https:\/\/semmelweis.hu\/telefonkonyv\/?emp_id=14989\"><span style=\"font-family: Helvetica, sans-serif\"><strong>Dr. V\u00e1rkonyi Tibor<\/strong> egyetemi adjunktus<\/span><\/a><\/span><\/p>\n<p>&nbsp;<\/p>\n","protected":false},"excerpt":{"rendered":"<p>Szoros kapcsolatot \u00e1polunk a Semmelweis Egyetem F\u00fcl-Orr-G\u00e9g\u00e9szeti \u00e9s Fej-Nyakseb\u00e9szeti Klinik\u00e1j\u00e1val, ahonnan tumoros \u00e9s nem tumoros biopszi\u00e1s \u00e9s seb\u00e9szeti m\u0171t\u00e9ti anyagok \u00e9rkeznek int\u00e9zet\u00fcnkbe. A sokszor bonyolult anat\u00f3miai viszonyok pontos \u00e9rtelmez\u00e9se a rezek\u00e1tumokban a klinikus koll\u00e9g\u00e1k n\u00e9lk\u00fcl elk\u00e9pzelhetetlen lenne.\u00a0 Vizsg\u00e1lati anyagaink a fej-nyak r\u00e9gi\u00f3 b\u0151rter\u00fclet\u00e9r\u0151l, a sinonasalis traktusb\u00f3l, a sz\u00e1j\u00fcreg-garat-g\u00e9ge elv\u00e1ltoz\u00e1saib\u00f3l, valamint a ny\u00e1lmirigyek ter\u00fclet\u00e9r\u0151l sz\u00e1rmaznak. Napjainkban &hellip;<\/p>\n","protected":false},"author":101629,"featured_media":0,"parent":14,"menu_order":0,"comment_status":"closed","ping_status":"closed","template":"","meta":{"_acf_changed":false,"footnotes":""},"categories":[],"tags":[],"class_list":["post-3627","page","type-page","status-publish","hentry"],"acf":[],"_links":{"self":[{"href":"https:\/\/semmelweis.hu\/patologia2\/wp-json\/wp\/v2\/pages\/3627","targetHints":{"allow":["GET"]}}],"collection":[{"href":"https:\/\/semmelweis.hu\/patologia2\/wp-json\/wp\/v2\/pages"}],"about":[{"href":"https:\/\/semmelweis.hu\/patologia2\/wp-json\/wp\/v2\/types\/page"}],"author":[{"embeddable":true,"href":"https:\/\/semmelweis.hu\/patologia2\/wp-json\/wp\/v2\/users\/101629"}],"replies":[{"embeddable":true,"href":"https:\/\/semmelweis.hu\/patologia2\/wp-json\/wp\/v2\/comments?post=3627"}],"version-history":[{"count":10,"href":"https:\/\/semmelweis.hu\/patologia2\/wp-json\/wp\/v2\/pages\/3627\/revisions"}],"predecessor-version":[{"id":5421,"href":"https:\/\/semmelweis.hu\/patologia2\/wp-json\/wp\/v2\/pages\/3627\/revisions\/5421"}],"up":[{"embeddable":true,"href":"https:\/\/semmelweis.hu\/patologia2\/wp-json\/wp\/v2\/pages\/14"}],"wp:attachment":[{"href":"https:\/\/semmelweis.hu\/patologia2\/wp-json\/wp\/v2\/media?parent=3627"}],"wp:term":[{"taxonomy":"category","embeddable":true,"href":"https:\/\/semmelweis.hu\/patologia2\/wp-json\/wp\/v2\/categories?post=3627"},{"taxonomy":"post_tag","embeddable":true,"href":"https:\/\/semmelweis.hu\/patologia2\/wp-json\/wp\/v2\/tags?post=3627"}],"curies":[{"name":"wp","href":"https:\/\/api.w.org\/{rel}","templated":true}]}}