{"id":3541,"date":"2021-03-10T14:54:00","date_gmt":"2021-03-10T13:54:00","guid":{"rendered":"https:\/\/semmelweis.hu\/patologia2\/?page_id=3541"},"modified":"2026-03-27T13:06:56","modified_gmt":"2026-03-27T12:06:56","slug":"perinatalis-patologia","status":"publish","type":"page","link":"https:\/\/semmelweis.hu\/patologia2\/diagnosztika\/perinatalis-patologia\/","title":{"rendered":"Perinat\u00e1lis patol\u00f3gia"},"content":{"rendered":"<p>A perinat\u00e1lis patol\u00f3giai munkacsoport a v\u00e1rand\u00f3s\u00e1g \u00e9s a sz\u00fcl\u00e9s k\u00f6r\u00fcl kialakul\u00f3 \u00e1llapotokat vizsg\u00e1lja k\u00f3rsz\u00f6vettani, k\u00f3rbonctani \u00e9s molekul\u00e1ris patol\u00f3giai m\u00f3dszerekkel a legkorszer\u0171bb szakmai aj\u00e1nl\u00e1sok alapj\u00e1n. A m\u00e9hlep\u00e9nyek, a magzatok \u00e9s \u00fajsz\u00fcl\u00f6ttek vizsg\u00e1lata sor\u00e1n k\u00fcl\u00f6n\u00f6s figyelmet \u00e9s hangs\u00falyt ford\u00edtunk a visszat\u00e9r\u0151, az immunol\u00f3giai \u00e9s a genetikai betegs\u00e9gekre. Szoros kapcsolatot \u00e1polunk a klinikus koll\u00e9g\u00e1inkkal, hogy a megfelel\u0151 kliniko-patol\u00f3giai \u00f6sszef\u00fcgg\u00e9seket szem el\u0151tt tartva a legpontosabb diagn\u00f3zis megalkot\u00e1s\u00e1t tegy\u00fck lehet\u0151v\u00e9.\u00a0<\/p>\n<p><a href=\"https:\/\/semmelweis.hu\/patologia2\/vizsgalatkeres\/\"><strong>Vizsg\u00e1latk\u00e9r\u0151lapok<\/strong><\/a><\/p>\n<p><strong>MUNKAT\u00c1RSAK<\/strong><\/p>\n<p><a href=\"https:\/\/semmelweis.hu\/telefonkonyv\/?emp_id=4051\"><strong>Dr. Glasz Tibor<\/strong> egyetemi docens<\/a><\/p>\n<p><a href=\"https:\/\/semmelweis.hu\/telefonkonyv\/?emp_id=14989\"><strong>Dr. V\u00e1rkonyi Tibor<\/strong> egyetemi adjunktus<\/a><\/p>\n","protected":false},"excerpt":{"rendered":"<p>A perinat\u00e1lis patol\u00f3giai munkacsoport a v\u00e1rand\u00f3s\u00e1g \u00e9s a sz\u00fcl\u00e9s k\u00f6r\u00fcl kialakul\u00f3 \u00e1llapotokat vizsg\u00e1lja k\u00f3rsz\u00f6vettani, k\u00f3rbonctani \u00e9s molekul\u00e1ris patol\u00f3giai m\u00f3dszerekkel a legkorszer\u0171bb szakmai aj\u00e1nl\u00e1sok alapj\u00e1n. A m\u00e9hlep\u00e9nyek, a magzatok \u00e9s \u00fajsz\u00fcl\u00f6ttek vizsg\u00e1lata sor\u00e1n k\u00fcl\u00f6n\u00f6s figyelmet \u00e9s hangs\u00falyt ford\u00edtunk a visszat\u00e9r\u0151, az immunol\u00f3giai \u00e9s a genetikai betegs\u00e9gekre. Szoros kapcsolatot \u00e1polunk a klinikus koll\u00e9g\u00e1inkkal, hogy a megfelel\u0151 kliniko-patol\u00f3giai &hellip;<\/p>\n","protected":false},"author":101629,"featured_media":0,"parent":14,"menu_order":0,"comment_status":"closed","ping_status":"closed","template":"","meta":{"_acf_changed":false,"footnotes":""},"categories":[],"tags":[],"class_list":["post-3541","page","type-page","status-publish","hentry"],"acf":[],"_links":{"self":[{"href":"https:\/\/semmelweis.hu\/patologia2\/wp-json\/wp\/v2\/pages\/3541","targetHints":{"allow":["GET"]}}],"collection":[{"href":"https:\/\/semmelweis.hu\/patologia2\/wp-json\/wp\/v2\/pages"}],"about":[{"href":"https:\/\/semmelweis.hu\/patologia2\/wp-json\/wp\/v2\/types\/page"}],"author":[{"embeddable":true,"href":"https:\/\/semmelweis.hu\/patologia2\/wp-json\/wp\/v2\/users\/101629"}],"replies":[{"embeddable":true,"href":"https:\/\/semmelweis.hu\/patologia2\/wp-json\/wp\/v2\/comments?post=3541"}],"version-history":[{"count":10,"href":"https:\/\/semmelweis.hu\/patologia2\/wp-json\/wp\/v2\/pages\/3541\/revisions"}],"predecessor-version":[{"id":5414,"href":"https:\/\/semmelweis.hu\/patologia2\/wp-json\/wp\/v2\/pages\/3541\/revisions\/5414"}],"up":[{"embeddable":true,"href":"https:\/\/semmelweis.hu\/patologia2\/wp-json\/wp\/v2\/pages\/14"}],"wp:attachment":[{"href":"https:\/\/semmelweis.hu\/patologia2\/wp-json\/wp\/v2\/media?parent=3541"}],"wp:term":[{"taxonomy":"category","embeddable":true,"href":"https:\/\/semmelweis.hu\/patologia2\/wp-json\/wp\/v2\/categories?post=3541"},{"taxonomy":"post_tag","embeddable":true,"href":"https:\/\/semmelweis.hu\/patologia2\/wp-json\/wp\/v2\/tags?post=3541"}],"curies":[{"name":"wp","href":"https:\/\/api.w.org\/{rel}","templated":true}]}}