{"id":2883,"date":"2020-02-18T14:55:22","date_gmt":"2020-02-18T13:55:22","guid":{"rendered":"http:\/\/semmelweis.hu\/patologia2\/?page_id=2883"},"modified":"2023-06-26T15:29:15","modified_gmt":"2023-06-26T13:29:15","slug":"elerhetosegeink","status":"publish","type":"page","link":"https:\/\/semmelweis.hu\/patologia2\/elerhetosegeink\/","title":{"rendered":"El\u00e9rhet\u0151s\u00e9geink"},"content":{"rendered":"<h2>Semmelweis Egyetem Patol\u00f3giai, Igazs\u00e1g\u00fcgyi \u00e9s Biztos\u00edt\u00e1si Orvostani Int\u00e9zet<\/h2>\n<p>H-1091 Budapest, \u00dcll\u0151i \u00fat 93.<\/p>\n<p>Int\u00e9zetvezet\u0151: Dr. Kiss Andr\u00e1s, egyetemi tan\u00e1r<br \/>\nTitk\u00e1rs\u00e1g: +36-1-459-1500\/ 53430<br \/>\nE-mail: titkarsag.piboi@semmelweis.hu<\/p>\n\n<!-- iframe plugin v.4.9 wordpress.org\/plugins\/iframe\/ -->\n<iframe loading=\"lazy\" src=\"https:\/\/www.google.com\/maps\/embed?pb=!1m18!1m12!1m3!1d2696.410513913916!2d19.078273815626215!3d47.48191567917665!2m3!1f0!2f0!3f0!3m2!1i1024!2i768!4f13.1!3m3!1m2!1s0x4741dce43b99b6db%3A0x9e2900c0d50a834c!2zQnVkYXBlc3QsIMOcbGzFkWkgw7p0IDkzLCAxMDkx!5e0!3m2!1shu!2shu!4v1582034098599!5m2!1shu!2shu\" width=\"100%\" height=\"450\" frameborder=\"0\" style=\"border:0;\" allowfullscreen scrolling=\"yes\" class=\"iframe-class\"><\/iframe>\n\n","protected":false},"excerpt":{"rendered":"<p>Semmelweis Egyetem Patol\u00f3giai, Igazs\u00e1g\u00fcgyi \u00e9s Biztos\u00edt\u00e1si Orvostani Int\u00e9zet<br \/>\nH-1091 Budapest, \u00dcll\u0151i \u00fat 93.<br \/>\nInt\u00e9zetvezet\u0151: Dr. Kiss Andr\u00e1s, egyetemi tan\u00e1r<br \/>\nTitk\u00e1rs\u00e1g: +36-1-459-1500\/ 53430<br \/>\nE-mail: titkarsag.piboi@semmelweis.hu<\/p>\n","protected":false},"author":12,"featured_media":0,"parent":0,"menu_order":9,"comment_status":"closed","ping_status":"closed","template":"","meta":{"_acf_changed":false,"footnotes":""},"categories":[],"tags":[],"class_list":["post-2883","page","type-page","status-publish","hentry"],"acf":[],"_links":{"self":[{"href":"https:\/\/semmelweis.hu\/patologia2\/wp-json\/wp\/v2\/pages\/2883","targetHints":{"allow":["GET"]}}],"collection":[{"href":"https:\/\/semmelweis.hu\/patologia2\/wp-json\/wp\/v2\/pages"}],"about":[{"href":"https:\/\/semmelweis.hu\/patologia2\/wp-json\/wp\/v2\/types\/page"}],"author":[{"embeddable":true,"href":"https:\/\/semmelweis.hu\/patologia2\/wp-json\/wp\/v2\/users\/12"}],"replies":[{"embeddable":true,"href":"https:\/\/semmelweis.hu\/patologia2\/wp-json\/wp\/v2\/comments?post=2883"}],"version-history":[{"count":6,"href":"https:\/\/semmelweis.hu\/patologia2\/wp-json\/wp\/v2\/pages\/2883\/revisions"}],"predecessor-version":[{"id":5255,"href":"https:\/\/semmelweis.hu\/patologia2\/wp-json\/wp\/v2\/pages\/2883\/revisions\/5255"}],"wp:attachment":[{"href":"https:\/\/semmelweis.hu\/patologia2\/wp-json\/wp\/v2\/media?parent=2883"}],"wp:term":[{"taxonomy":"category","embeddable":true,"href":"https:\/\/semmelweis.hu\/patologia2\/wp-json\/wp\/v2\/categories?post=2883"},{"taxonomy":"post_tag","embeddable":true,"href":"https:\/\/semmelweis.hu\/patologia2\/wp-json\/wp\/v2\/tags?post=2883"}],"curies":[{"name":"wp","href":"https:\/\/api.w.org\/{rel}","templated":true}]}}