{"id":13,"date":"2012-06-26T12:19:28","date_gmt":"2012-06-26T10:19:28","guid":{"rendered":"http:\/\/semmelweis-egyetem.hu\/patologia2\/?page_id=12"},"modified":"2021-05-31T11:38:27","modified_gmt":"2021-05-31T09:38:27","slug":"kutatas","status":"publish","type":"page","link":"https:\/\/semmelweis.hu\/patologia2\/kutatas\/","title":{"rendered":"Kutat\u00e1s"},"content":{"rendered":"<p>Az int\u00e9zetben foly\u00f3 \u00e9rpatol\u00f3giai alapkutat\u00e1s eredm\u00e9nyeinek nemzetk\u00f6zi elismerts\u00e9g\u00e9t jelenti, hogy a klinika r\u00e9szt vett a WHO \u00e1ltal koordin\u00e1lt, 10 \u00e9ves nemzetk\u00f6zi vizsg\u00e1latban, mely a fiatalkori atherosclerosis (\u00e9relmeszesed\u00e9s) patol\u00f3giai t\u00e9nyez\u0151it vizsg\u00e1lata. 2000-t\u0151l kiterjedt nemzetk\u00f6zi kollabor\u00e1ci\u00f3ban jelent\u0151s hum\u00e1n \u00e9s experiment\u00e1lis hepatol\u00f3giai kutat\u00e1sok indultak, els\u0151sorban a v\u00edrusdiagnosztika \u00e9s a daganatok ter\u00fclet\u00e9n.<\/p>\n<p>Az int\u00e9zet kutat\u00e1si tev\u00e9kenys\u00e9g\u00e9t jelenleg is t\u00f6bb elnyert tudom\u00e1nyos p\u00e1ly\u00e1zat t\u00e1mogatja, k\u00f6zt\u00fck a Nemzeti Kutat\u00e1si, Fejleszt\u00e9si \u00e9s Innov\u00e1ci\u00f3s Hivatal p\u00e1ly\u00e1zatai, melyek seg\u00edts\u00e9g\u00e9vel a betegs\u00e9gek kialakul\u00e1s\u00e1t kutatj\u00e1k az int\u00e9zetben. A f\u0151bb kutat\u00e1si ter\u00fcletek k\u00f6z\u00e9 tartozik az angiogenezis (\u00faj erek alkot\u00e1sa vagy keletkez\u00e9se), \u00e1tt\u00e9tk\u00e9pz\u00e9s, melan\u00f3ma, m\u00e1j-, eml\u0151- \u00e9s hasny\u00e1lmirigy patol\u00f3gia.<\/p>\n<p><strong>Int\u00e9zet\u00fcnkben az al\u00e1bbi munkacsoportok vezet\u00e9s\u00e9vel zajlanak kutat\u00e1sok:<\/strong><\/p>\n<ul>\n<li><a href=\"https:\/\/semmelweis.hu\/patologia2\/kutatas\/emlo-munkacsoport\/\">Eml\u0151 munkacsoport<\/a><\/li>\n<li><a href=\"https:\/\/semmelweis.hu\/patologia2\/kutatas\/felso-tapcsatornai-es-molekularis-daganatpatologiai-munkacsoport\/\">Fels\u0151 t\u00e1pcsatornai \u00e9s molekul\u00e1ris daganatpatol\u00f3giai munkacsoport<\/a><\/li>\n<li><a href=\"https:\/\/semmelweis.hu\/patologia2\/kutatas\/perinatalis-es-p\u2026nta-munkacsoport\/\">Perinat\u00e1lis \u00e9s placenta munkacsoport<\/a><\/li>\n<li><a href=\"https:\/\/semmelweis.hu\/patologia2\/kutatas\/tomegspektrometria-munkacsoport\/\">T\u00f6megspektometri\u00e1s munkacsoport<\/a><\/li>\n<li><a href=\"https:\/\/semmelweis.hu\/patologia2\/kutatas\/tumorimmunologiai-munkacsoport\/\">Tumorimmunol\u00f3giai munkacsoport<\/a><\/li>\n<li><a href=\"https:\/\/semmelweis.hu\/patologia2\/kutatas\/3728-2\/\">Tumorprogresszi\u00f3s munkacsoport<\/a><\/li>\n<li><a href=\"https:\/\/semmelweis.hu\/patologia2\/kutatas\/vesepatologia-munkacsoport\/\">Vesepatol\u00f3gia munkacsoport<\/a><\/li>\n<\/ul>\n","protected":false},"excerpt":{"rendered":"<p>Az int\u00e9zetben foly\u00f3 \u00e9rpatol\u00f3giai alapkutat\u00e1s eredm\u00e9nyeinek nemzetk\u00f6zi elismerts\u00e9g\u00e9t jelenti, hogy a klinika r\u00e9szt vett a WHO \u00e1ltal koordin\u00e1lt, 10 \u00e9ves nemzetk\u00f6zi vizsg\u00e1latban, mely a fiatalkori atherosclerosis (\u00e9relmeszesed\u00e9s) patol\u00f3giai t\u00e9nyez\u0151it vizsg\u00e1lata. 2000-t\u0151l kiterjedt nemzetk\u00f6zi kollabor\u00e1ci\u00f3ban jelent\u0151s hum\u00e1n \u00e9s experiment\u00e1lis hepatol\u00f3giai kutat\u00e1sok indultak, els\u0151sorban a v\u00edrusdiagnosztika \u00e9s a daganatok ter\u00fclet\u00e9n. Az int\u00e9zet kutat\u00e1si tev\u00e9kenys\u00e9g\u00e9t jelenleg is t\u00f6bb &hellip;<\/p>\n","protected":false},"author":101134,"featured_media":0,"parent":0,"menu_order":3,"comment_status":"closed","ping_status":"closed","template":"","meta":{"_acf_changed":false,"footnotes":""},"categories":[],"tags":[],"class_list":["post-13","page","type-page","status-publish","hentry"],"acf":[],"_links":{"self":[{"href":"https:\/\/semmelweis.hu\/patologia2\/wp-json\/wp\/v2\/pages\/13","targetHints":{"allow":["GET"]}}],"collection":[{"href":"https:\/\/semmelweis.hu\/patologia2\/wp-json\/wp\/v2\/pages"}],"about":[{"href":"https:\/\/semmelweis.hu\/patologia2\/wp-json\/wp\/v2\/types\/page"}],"author":[{"embeddable":true,"href":"https:\/\/semmelweis.hu\/patologia2\/wp-json\/wp\/v2\/users\/101134"}],"replies":[{"embeddable":true,"href":"https:\/\/semmelweis.hu\/patologia2\/wp-json\/wp\/v2\/comments?post=13"}],"version-history":[{"count":11,"href":"https:\/\/semmelweis.hu\/patologia2\/wp-json\/wp\/v2\/pages\/13\/revisions"}],"predecessor-version":[{"id":3945,"href":"https:\/\/semmelweis.hu\/patologia2\/wp-json\/wp\/v2\/pages\/13\/revisions\/3945"}],"wp:attachment":[{"href":"https:\/\/semmelweis.hu\/patologia2\/wp-json\/wp\/v2\/media?parent=13"}],"wp:term":[{"taxonomy":"category","embeddable":true,"href":"https:\/\/semmelweis.hu\/patologia2\/wp-json\/wp\/v2\/categories?post=13"},{"taxonomy":"post_tag","embeddable":true,"href":"https:\/\/semmelweis.hu\/patologia2\/wp-json\/wp\/v2\/tags?post=13"}],"curies":[{"name":"wp","href":"https:\/\/api.w.org\/{rel}","templated":true}]}}