{"id":12,"date":"2012-06-26T12:17:51","date_gmt":"2012-06-26T10:17:51","guid":{"rendered":"http:\/\/semmelweis-egyetem.hu\/patologia2\/?page_id=11"},"modified":"2025-11-22T12:26:00","modified_gmt":"2025-11-22T11:26:00","slug":"oktatas","status":"publish","type":"page","link":"https:\/\/semmelweis.hu\/patologia2\/oktatas\/","title":{"rendered":"Oktat\u00e1s"},"content":{"rendered":"<p>Az int\u00e9zet az \u00c1OK III. \u00e9vfolyam\u00e1nak patol\u00f3gia oktat\u00e1s\u00e1t v\u00e9gzi. Tradicion\u00e1lisan a magyar \u00e9s az angol \u00e9vfolyam egyik fele, a n\u00e9met \u00e9vfolyam eg\u00e9sze tartozik int\u00e9zet\u00fcnkh\u00f6z. Az oktat\u00e1s kiemelten t\u00fckr\u00f6zi a klinikopatol\u00f3giai szeml\u00e9letet. A IV. \u00e9s az V. \u00e9vfolyam sz\u00e1m\u00e1ra meghirdet\u00e9sre ker\u00fcl a Klinikopatol\u00f3gia tant\u00e1rgy, ahol a hallgat\u00f3k a k\u00fcl\u00f6nb\u00f6z\u0151 szervszerek patol\u00f3gi\u00e1j\u00e1ba kaphatnak r\u00e9szletesebb betekint\u00e9st, d\u00f6nt\u0151en esetbemutat\u00e1sokon kereszt\u00fcl.\u00a0<br \/>\nAz \u00c1OK VI. \u00e9vfolyam\u00e1n a II. f\u00e9l\u00e9vben v\u00e1laszthat\u00f3 tant\u00e1rgyk\u00e9nt felvehet\u0151 a patol\u00f3gia tant\u00e1rgy. A 6 hetes kurzus sor\u00e1n a hallgat\u00f3 m\u00e9lyebben megismerkedhet a patol\u00f3gus szakma gyakorlat\u00e1val, betekint\u00e9st nyerhet abba,\u00a0hogy a gyakorlatban mivel foglalkozik a patol\u00f3gus. Klinikopatol\u00f3giai szeml\u00e9letet saj\u00e1t\u00edthat el a\u00a0betegs\u00e9gek komplex kezel\u00e9s\u00e9vel kapcsolatban (sz\u0171r\u00e9s, onkoteamek, diagnosztika).<\/p>\n<p>A harmad\u00e9ves curriculum sor\u00e1n tantermi el\u0151ad\u00e1sokat az int\u00e9zet vezet\u0151 oktat\u00f3i tartj\u00e1k. A gyakorlatok bonctermi \u00e9s sz\u00f6vettani r\u00e9szb\u0151l \u00e1llnak, a boncteremben kisebb csoportokban zajlik az oktat\u00e1s, vezet\u0151 oktat\u00f3k, rezidenskoll\u00e9g\u00e1k \u00e9s demonstr\u00e1torok bevon\u00e1s\u00e1val, a sz\u00f6vettani gyakorlatok szemin\u00e1rium jelleg\u0171ek, de interakt\u00edvak.\u00a0<\/p>\n<p>A harmad\u00e9vesek sz\u00e1m\u00e1ra a m\u00e1sodik f\u00e9l\u00e9v szigorlattal z\u00e1rul, melyet megel\u0151z a Krompecher \u00d6d\u00f6n Patol\u00f3giaverseny, ahol \u00e9rt\u00e9kes vizsgakedvezm\u00e9nyeket lehet kapni. A kiemelked\u0151 hallgat\u00f3kat szeretettel v\u00e1rjuk TDK, demonstr\u00e1tori \u00e9s klinikai munk\u00e1ra egyar\u00e1nt.\u00a0<\/p>\n<p><strong>A tan\u00e9vhez kapcsol\u00f3d\u00f3 inform\u00e1ci\u00f3k az al\u00e1bbi oldalakon tal\u00e1lhat\u00f3ak meg:<\/strong><\/p>\n<ul id=\"menu\">\n<li><a href=\"https:\/\/semmelweis.hu\/patologia2\/oktatas\/oktatas-vizsga\/\">\u00c1LTAL\u00c1NOS INFORM\u00c1CI\u00d3K <\/a>(beoszt\u00e1sok, el\u00e9rhet\u0151s\u00e9gek, alapvet\u0151 seg\u00e9danyagok)<\/li>\n<li><a href=\"https:\/\/semmelweis.hu\/patologia2\/oktatas\/gyakorlatok\/\">GYAKORLATOK <\/a>(kor\u00e1bbi diasorok)<\/li>\n<li><a href=\"https:\/\/semmelweis.hu\/patologia2\/klinikopathologiai-kurzus\/\/\">KLINIKOPATOL\u00d3GIAI KURZUS<\/a><\/li>\n<\/ul>\n<p>A hallgat\u00f3kat \u00e9rint\u0151 aktu\u00e1lis inform\u00e1ci\u00f3k \u00e9s aktualiz\u00e1lt seg\u00e9danyagok az Egyetem E-learning rendszer\u00e9ben tal\u00e1lhat\u00f3ak.\u00a0<\/p>\n","protected":false},"excerpt":{"rendered":"<p>Az int\u00e9zet az \u00c1OK III. \u00e9vfolyam\u00e1nak patol\u00f3gia oktat\u00e1s\u00e1t v\u00e9gzi. Tradicion\u00e1lisan a magyar \u00e9s az angol \u00e9vfolyam egyik fele, a n\u00e9met \u00e9vfolyam eg\u00e9sze tartozik int\u00e9zet\u00fcnkh\u00f6z. Az oktat\u00e1s kiemelten t\u00fckr\u00f6zi a klinikopatol\u00f3giai szeml\u00e9letet. A IV. \u00e9s az V. \u00e9vfolyam sz\u00e1m\u00e1ra meghirdet\u00e9sre ker\u00fcl a Klinikopatol\u00f3gia tant\u00e1rgy, ahol a hallgat\u00f3k a k\u00fcl\u00f6nb\u00f6z\u0151 szervszerek patol\u00f3gi\u00e1j\u00e1ba kaphatnak r\u00e9szletesebb betekint\u00e9st, d\u00f6nt\u0151en esetbemutat\u00e1sokon &hellip;<\/p>\n","protected":false},"author":12,"featured_media":0,"parent":0,"menu_order":2,"comment_status":"closed","ping_status":"closed","template":"","meta":{"_acf_changed":false,"footnotes":""},"categories":[],"tags":[],"class_list":["post-12","page","type-page","status-publish","hentry"],"acf":[],"_links":{"self":[{"href":"https:\/\/semmelweis.hu\/patologia2\/wp-json\/wp\/v2\/pages\/12","targetHints":{"allow":["GET"]}}],"collection":[{"href":"https:\/\/semmelweis.hu\/patologia2\/wp-json\/wp\/v2\/pages"}],"about":[{"href":"https:\/\/semmelweis.hu\/patologia2\/wp-json\/wp\/v2\/types\/page"}],"author":[{"embeddable":true,"href":"https:\/\/semmelweis.hu\/patologia2\/wp-json\/wp\/v2\/users\/12"}],"replies":[{"embeddable":true,"href":"https:\/\/semmelweis.hu\/patologia2\/wp-json\/wp\/v2\/comments?post=12"}],"version-history":[{"count":14,"href":"https:\/\/semmelweis.hu\/patologia2\/wp-json\/wp\/v2\/pages\/12\/revisions"}],"predecessor-version":[{"id":5329,"href":"https:\/\/semmelweis.hu\/patologia2\/wp-json\/wp\/v2\/pages\/12\/revisions\/5329"}],"wp:attachment":[{"href":"https:\/\/semmelweis.hu\/patologia2\/wp-json\/wp\/v2\/media?parent=12"}],"wp:term":[{"taxonomy":"category","embeddable":true,"href":"https:\/\/semmelweis.hu\/patologia2\/wp-json\/wp\/v2\/categories?post=12"},{"taxonomy":"post_tag","embeddable":true,"href":"https:\/\/semmelweis.hu\/patologia2\/wp-json\/wp\/v2\/tags?post=12"}],"curies":[{"name":"wp","href":"https:\/\/api.w.org\/{rel}","templated":true}]}}