{"id":11,"date":"2012-06-26T12:17:31","date_gmt":"2012-06-26T10:17:31","guid":{"rendered":"http:\/\/semmelweis-egyetem.hu\/patologia2\/?page_id=10"},"modified":"2026-02-19T14:00:57","modified_gmt":"2026-02-19T13:00:57","slug":"rolunk","status":"publish","type":"page","link":"https:\/\/semmelweis.hu\/patologia2\/rolunk\/","title":{"rendered":"Int\u00e9zet\u00fcnk bemutat\u00e1sa"},"content":{"rendered":"<p>A Patol\u00f3giai, Igazs\u00e1g\u00fcgyi \u00e9s Biztos\u00edt\u00e1si Orvostani Int\u00e9zet (r\u00e9gi nev\u00e9n II. Sz. Patol\u00f3giai Int\u00e9zet) 1895 \u00f3ta m\u0171k\u00f6dik, a patol\u00f3gia ter\u00fclet\u00e9n oktat\u00e1si, diagnosztikai \u00e9s kutat\u00e1si feladatokat l\u00e1t el. Az int\u00e9zet korszer\u0171 boncteremmel \u00e9s sz\u00f6vettani diagnosztikus laborat\u00f3riummal, valamint modern molekul\u00e1ris patol\u00f3giai diagnosztikus egys\u00e9ggel rendelkezik. Boncterm\u00fcnket 2020-ban \u00faj\u00edtott\u00e1k fel, a sz\u00f6vettani diagnosztikus laborat\u00f3rium fel\u00faj\u00edt\u00e1s\u00e1nak el\u0151k\u00e9sz\u00fcletei 2021-ben kezd\u0151dtek el.<\/p>\n<p>Az int\u00e9zet vezet\u0151 oktat\u00f3i szakmai t\u00e1rsas\u00e1gokban, szakmai szervezetekben vezet\u0151 szerepet t\u00f6ltenek be: Kiss Andr\u00e1s, a jelenlegi tansz\u00e9kvezet\u0151, a Szakmai Koll\u00e9gium eln\u00f6ke, Glasz Tibor, az int\u00e9zet igazgat\u00f3helyettese a Magyar Patol\u00f3gus T\u00e1rsas\u00e1g eln\u00f6ke \u00e9s Orsz\u00e1gos Szakfel\u00fcgyel\u0151 F\u0151orvos. Kulka Janina a Nemzetk\u00f6zi Patol\u00f3giai Akad\u00e9mia Magyar Div\u00edzi\u00f3 eln\u00f6ke, Madaras Lilla ennek a t\u00e1rsas\u00e1gnak titk\u00e1ri, Illy\u00e9s Ildik\u00f3 p\u00e9nzt\u00e1rosi feladatait l\u00e1tja el.<\/p>\n[slb_exclude]<div data-carousel-extra='{\"blog_id\":138,\"permalink\":\"https:\\\/\\\/semmelweis.hu\\\/patologia2\\\/rolunk\\\/\"}' class=\"tiled-gallery type-rectangular\" data-original-width=\"753\"><div class=\"gallery-row\" style=\"width: 748px; height: 317px;\"><div class=\"gallery-group images-1\" style=\"width: 480px; height: 321px;\"><div class=\"tiled-gallery-item tiled-gallery-item-large\"><a href=\"https:\/\/semmelweis.hu\/patologia2\/files\/2021\/03\/intezet5.jpg\"><img loading=\"lazy\" decoding=\"async\" data-attachment-id=\"3574\" data-orig-file=\"https:\/\/semmelweis.hu\/patologia2\/files\/2021\/03\/intezet5.jpg\" data-orig-size=\"2449,1632\" data-comments-opened=\"0\" data-image-meta=\"{&quot;aperture&quot;:&quot;0&quot;,&quot;credit&quot;:&quot;&quot;,&quot;camera&quot;:&quot;&quot;,&quot;caption&quot;:&quot;&quot;,&quot;created_timestamp&quot;:&quot;1508945645&quot;,&quot;copyright&quot;:&quot;&quot;,&quot;focal_length&quot;:&quot;0&quot;,&quot;iso&quot;:&quot;0&quot;,&quot;shutter_speed&quot;:&quot;0&quot;,&quot;title&quot;:&quot;&quot;,&quot;orientation&quot;:&quot;1&quot;}\" data-image-title=\"intezet5\" data-image-description=\"\" data-medium-file=\"https:\/\/semmelweis.hu\/patologia2\/files\/2021\/03\/intezet5-300x200.jpg\" data-large-file=\"https:\/\/semmelweis.hu\/patologia2\/files\/2021\/03\/intezet5-1024x682.jpg\" src=\"https:\/\/semmelweis.hu\/patologia2\/files\/2021\/03\/intezet5-476x317.jpg\" width=\"476\" height=\"317\" align=\"left\" title=\"\" \/><\/a><\/div><\/div><div class=\"gallery-group images-2\" style=\"width: 268px; height: 321px;\"><div class=\"tiled-gallery-item tiled-gallery-item-large\"><a href=\"https:\/\/semmelweis.hu\/patologia2\/files\/2021\/03\/intezet4.jpg\"><img loading=\"lazy\" decoding=\"async\" data-attachment-id=\"3575\" data-orig-file=\"https:\/\/semmelweis.hu\/patologia2\/files\/2021\/03\/intezet4.jpg\" data-orig-size=\"2449,1632\" data-comments-opened=\"0\" data-image-meta=\"{&quot;aperture&quot;:&quot;0&quot;,&quot;credit&quot;:&quot;&quot;,&quot;camera&quot;:&quot;&quot;,&quot;caption&quot;:&quot;&quot;,&quot;created_timestamp&quot;:&quot;1508945570&quot;,&quot;copyright&quot;:&quot;&quot;,&quot;focal_length&quot;:&quot;0&quot;,&quot;iso&quot;:&quot;0&quot;,&quot;shutter_speed&quot;:&quot;0&quot;,&quot;title&quot;:&quot;&quot;,&quot;orientation&quot;:&quot;1&quot;}\" data-image-title=\"intezet4\" data-image-description=\"\" data-medium-file=\"https:\/\/semmelweis.hu\/patologia2\/files\/2021\/03\/intezet4-300x200.jpg\" data-large-file=\"https:\/\/semmelweis.hu\/patologia2\/files\/2021\/03\/intezet4-1024x682.jpg\" src=\"https:\/\/semmelweis.hu\/patologia2\/files\/2021\/03\/intezet4-264x176.jpg\" width=\"264\" height=\"176\" align=\"left\" title=\"\" \/><\/a><\/div><div class=\"tiled-gallery-item tiled-gallery-item-large\"><a href=\"https:\/\/semmelweis.hu\/patologia2\/files\/2017\/11\/szovettan.jpg\"><img loading=\"lazy\" decoding=\"async\" data-attachment-id=\"1848\" data-orig-file=\"https:\/\/semmelweis.hu\/patologia2\/files\/2017\/11\/szovettan.jpg\" data-orig-size=\"580,302\" data-comments-opened=\"0\" data-image-meta=\"{&quot;aperture&quot;:&quot;0&quot;,&quot;credit&quot;:&quot;&quot;,&quot;camera&quot;:&quot;&quot;,&quot;caption&quot;:&quot;&quot;,&quot;created_timestamp&quot;:&quot;0&quot;,&quot;copyright&quot;:&quot;&quot;,&quot;focal_length&quot;:&quot;0&quot;,&quot;iso&quot;:&quot;0&quot;,&quot;shutter_speed&quot;:&quot;0&quot;,&quot;title&quot;:&quot;&quot;,&quot;orientation&quot;:&quot;0&quot;}\" data-image-title=\"szovettan\" data-image-description=\"\" data-medium-file=\"https:\/\/semmelweis.hu\/patologia2\/files\/2017\/11\/szovettan-300x156.jpg\" data-large-file=\"https:\/\/semmelweis.hu\/patologia2\/files\/2017\/11\/szovettan.jpg\" src=\"https:\/\/semmelweis.hu\/patologia2\/files\/2017\/11\/szovettan-264x137.jpg\" width=\"264\" height=\"137\" align=\"left\" title=\"\" \/><\/a><\/div><\/div><\/div><div class=\"gallery-row\" style=\"width: 748px; height: 337px;\"><div class=\"gallery-group images-2\" style=\"width: 239px; height: 341px;\"><div class=\"tiled-gallery-item tiled-gallery-item-small\"><a href=\"https:\/\/semmelweis.hu\/patologia2\/files\/2021\/03\/intezet2.jpg\"><img loading=\"lazy\" decoding=\"async\" data-attachment-id=\"3577\" data-orig-file=\"https:\/\/semmelweis.hu\/patologia2\/files\/2021\/03\/intezet2.jpg\" data-orig-size=\"2449,1633\" data-comments-opened=\"0\" data-image-meta=\"{&quot;aperture&quot;:&quot;0&quot;,&quot;credit&quot;:&quot;&quot;,&quot;camera&quot;:&quot;&quot;,&quot;caption&quot;:&quot;&quot;,&quot;created_timestamp&quot;:&quot;1508945233&quot;,&quot;copyright&quot;:&quot;&quot;,&quot;focal_length&quot;:&quot;0&quot;,&quot;iso&quot;:&quot;0&quot;,&quot;shutter_speed&quot;:&quot;0&quot;,&quot;title&quot;:&quot;&quot;,&quot;orientation&quot;:&quot;1&quot;}\" data-image-title=\"intezet2\" data-image-description=\"\" data-medium-file=\"https:\/\/semmelweis.hu\/patologia2\/files\/2021\/03\/intezet2-300x200.jpg\" data-large-file=\"https:\/\/semmelweis.hu\/patologia2\/files\/2021\/03\/intezet2-1024x683.jpg\" src=\"https:\/\/semmelweis.hu\/patologia2\/files\/2021\/03\/intezet2-235x157.jpg\" width=\"235\" height=\"157\" align=\"left\" title=\"\" \/><\/a><\/div><div class=\"tiled-gallery-item tiled-gallery-item-small\"><a href=\"https:\/\/semmelweis.hu\/patologia2\/files\/2013\/12\/gyak0.jpg\"><img loading=\"lazy\" decoding=\"async\" data-attachment-id=\"223\" data-orig-file=\"https:\/\/semmelweis.hu\/patologia2\/files\/2013\/12\/gyak0.jpg\" data-orig-size=\"580,435\" data-comments-opened=\"0\" data-image-meta=\"{&quot;aperture&quot;:&quot;0&quot;,&quot;credit&quot;:&quot;&quot;,&quot;camera&quot;:&quot;&quot;,&quot;caption&quot;:&quot;&quot;,&quot;created_timestamp&quot;:&quot;0&quot;,&quot;copyright&quot;:&quot;&quot;,&quot;focal_length&quot;:&quot;0&quot;,&quot;iso&quot;:&quot;0&quot;,&quot;shutter_speed&quot;:&quot;0&quot;,&quot;title&quot;:&quot;&quot;}\" data-image-title=\"Gyakorl\u00f3\" data-image-description=\"\" data-medium-file=\"https:\/\/semmelweis.hu\/patologia2\/files\/2013\/12\/gyak0-300x225.jpg\" data-large-file=\"https:\/\/semmelweis.hu\/patologia2\/files\/2013\/12\/gyak0.jpg\" src=\"https:\/\/semmelweis.hu\/patologia2\/files\/2013\/12\/gyak0-235x176.jpg\" width=\"235\" height=\"176\" align=\"left\" title=\"\" \/><\/a><\/div><\/div><div class=\"gallery-group images-1\" style=\"width: 509px; height: 341px;\"><div class=\"tiled-gallery-item tiled-gallery-item-large\"><a href=\"https:\/\/semmelweis.hu\/patologia2\/files\/2021\/03\/intezet3.jpg\"><img loading=\"lazy\" decoding=\"async\" data-attachment-id=\"3576\" data-orig-file=\"https:\/\/semmelweis.hu\/patologia2\/files\/2021\/03\/intezet3.jpg\" data-orig-size=\"2449,1632\" data-comments-opened=\"0\" data-image-meta=\"{&quot;aperture&quot;:&quot;0&quot;,&quot;credit&quot;:&quot;&quot;,&quot;camera&quot;:&quot;&quot;,&quot;caption&quot;:&quot;&quot;,&quot;created_timestamp&quot;:&quot;1508945323&quot;,&quot;copyright&quot;:&quot;&quot;,&quot;focal_length&quot;:&quot;0&quot;,&quot;iso&quot;:&quot;0&quot;,&quot;shutter_speed&quot;:&quot;0&quot;,&quot;title&quot;:&quot;&quot;,&quot;orientation&quot;:&quot;1&quot;}\" data-image-title=\"intezet3\" data-image-description=\"\" data-medium-file=\"https:\/\/semmelweis.hu\/patologia2\/files\/2021\/03\/intezet3-300x200.jpg\" data-large-file=\"https:\/\/semmelweis.hu\/patologia2\/files\/2021\/03\/intezet3-1024x682.jpg\" src=\"https:\/\/semmelweis.hu\/patologia2\/files\/2021\/03\/intezet3-505x337.jpg\" width=\"505\" height=\"337\" align=\"left\" title=\"\" \/><\/a><\/div><\/div><\/div><\/div>[\/slb_exclude]\n<h2>Oktat\u00e1s<\/h2>\n<p>Az int\u00e9zet az \u00c1ltal\u00e1nos Orvostudom\u00e1nyi Kar III. \u00e9vfolyam\u00e1nak patol\u00f3gia oktat\u00e1s\u00e1t v\u00e9gzi. A magyar \u00e9s az angol \u00e9vfolyam egyik fele, m\u00edg a n\u00e9met \u00e9vfolyam eg\u00e9sze itt tanul. Az oktat\u00e1s kiemelten t\u00fckr\u00f6zi a klinikopatol\u00f3giai szeml\u00e9letet. A klinikusokkal tartott k\u00f6z\u00f6s el\u0151ad\u00e1sok \u00e9s gyakorlatok az oktat\u00e1s szerves r\u00e9sz\u00e9t k\u00e9pezik, a klinikopatol\u00f3giai oktat\u00e1s r\u00e9szek\u00e9nt negyed\u00e9ves hallgat\u00f3k sz\u00e1m\u00e1ra mindh\u00e1rom nyelven klinikopatol\u00f3giai kurzust tartunk. A tantermi el\u0151ad\u00e1sokat az int\u00e9zet vezet\u0151 oktat\u00f3i, valamint egyes szakter\u00fcletek elismert hazai patol\u00f3gus \u00e9s klinikus szakemberei tartj\u00e1k.\u00a0<\/p>\n<p>Az int\u00e9zetben 1993 \u00f3ta \u00f6n\u00e1ll\u00f3, A t\u00edpus\u00fa, akkredit\u00e1lt PhD program fut. A gradu\u00e1lis k\u00e9pz\u00e9sben r\u00e9sztvev\u0151k az int\u00e9zet tudom\u00e1nyos di\u00e1kk\u00f6ri programjaiba kapcsol\u00f3dhatnak be.<\/p>\n<p>A postgradu\u00e1lis oktat\u00e1s keretein bel\u00fcl folyamatosan zajlik int\u00e9zet\u00fcnkben a patol\u00f3gus szakorvosk\u00e9pz\u00e9s. Minden \u00e9vben janu\u00e1r h\u00f3napban tartjuk a patol\u00f3gus szakorvosjel\u00f6ltek sz\u00e1m\u00e1ra k\u00f6telez\u0151, n\u00e9gy hetes szakvizsgatanfolyamot, mely sor\u00e1n az orsz\u00e1g neves patol\u00f3gusai adj\u00e1k \u00e1t tud\u00e1sukat a j\u00f6v\u0151 nemzed\u00e9k\u00e9nek.<\/p>\n<p>A szakorvos-tov\u00e1bbk\u00e9pz\u00e9s keret\u00e9n bel\u00fcl minden \u00e9vben megrendez\u00e9sre ker\u00fcl az Orsz\u00e1gos Metszetkonzult\u00e1ci\u00f3. Az \u00e9vente 4 alkalommal megtartott tal\u00e1lkoz\u00f3n az orsz\u00e1g k\u00fcl\u00f6nb\u00f6z\u0151 patol\u00f3giai oszt\u00e1lyai mutatj\u00e1k be \u00e9rdekes, tanuls\u00e1gos eseteiket.<\/p>\n<h2>Diagnosztika<\/h2>\n<p>Az int\u00e9zet els\u0151sorban a K\u00fcls\u0151 Klinikai T\u00f6mb klinik\u00e1it\u00f3l kap biopszi\u00e1s \u00e9s m\u0171t\u00e9ti anyagot sz\u00f6vettani vizsg\u00e1latra, de m\u00e1s int\u00e9zm\u00e9nyekb\u0151l is \u00e9rkeznek konz\u00edliumi, molekul\u00e1ris diagnosztikai k\u00e9r\u00e9sek. A sz\u00f6vettani diagnosztik\u00e1t immunhisztok\u00e9miai, v\u00edrusdiagnosztikai, molekul\u00e1ris patol\u00f3giai laborat\u00f3rium seg\u00edti. Elektronmikroszk\u00f3pos diagnosztik\u00e1hoz sz\u00fcks\u00e9ges infrastrukt\u00far\u00e1t az egyetem Anat\u00f3miai, Sz\u00f6vet- \u00e9s Fejl\u0151d\u00e9stani Int\u00e9zete biztos\u00edtja sz\u00e1munkra. Az int\u00e9zetben nagysz\u00e1m\u00fa citol\u00f3giai vizsg\u00e1latot v\u00e9gz\u00fcnk, aspir\u00e1ci\u00f3s citol\u00f3giai rendel\u00e9seink az I. Sz. Seb\u00e9szeti Klinik\u00e1n \u00e9s Orvosi K\u00e9palkot\u00f3 Klinik\u00e1n zajlanak. Speci\u00e1lis szakter\u00fcleteink t\u00f6bbek k\u00f6z\u00f6tt a diagnosztika ter\u00fclet\u00e9n a vesebetegs\u00e9gek \u00e9s vesetranszplant\u00e1ci\u00f3, a sz\u00edvtranszplant\u00e1ci\u00f3, a szempatol\u00f3gia, az endokrin szervek patol\u00f3gi\u00e1ja, a hasny\u00e1lmirigy seb\u00e9szeti betegs\u00e9gei, a m\u00e1jbetegs\u00e9gek \u00e9s a perinat\u00e1lis patol\u00f3gia. Szakorvosaink rendszeres r\u00e9sztvev\u0151i az \u00e1ltal\u00e1nos \u00e9s daganatspecifikus multidiszciplin\u00e1ris onkoteameknek.<\/p>\n<h2>Kutat\u00e1s<\/h2>\n<p>Az int\u00e9zetben \u00e9vtizedeken \u00e1t foly\u00f3 \u00e9rpatol\u00f3giai alapkutat\u00e1s eredm\u00e9nyeinek nemzetk\u00f6zi elismerts\u00e9g\u00e9t jelzi, hogy az int\u00e9zet r\u00e9szt vett a WHO \u00e1ltal koordin\u00e1lt, 10 \u00e9ves nemzetk\u00f6zi vizsg\u00e1latban, mely a fiatalkori atherosclerosis (\u00e9relmeszesed\u00e9s) patol\u00f3giai t\u00e9nyez\u0151it vizsg\u00e1lta. 2000-t\u0151l kiterjedt nemzetk\u00f6zi kollabor\u00e1ci\u00f3ban jelent\u0151s hum\u00e1n \u00e9s experiment\u00e1lis hepatol\u00f3giai kutat\u00e1sok indultak, els\u0151sorban a v\u00edrusdiagnosztika \u00e9s a daganatok ter\u00fclet\u00e9n. Nemzetk\u00f6zi kutat\u00e1si egy\u00fcttm\u0171k\u00f6d\u00e9seink az eml\u0151r\u00e1k ter\u00fclet\u00e9n is jelent\u0151sek.<\/p>\n<p>Az int\u00e9zet kutat\u00e1si tev\u00e9kenys\u00e9g\u00e9t jelenleg is t\u00f6bb elnyert tudom\u00e1nyos p\u00e1ly\u00e1zat t\u00e1mogatja, t\u00f6bbek k\u00f6z\u00f6tt a Nemzeti Kutat\u00e1si, Fejleszt\u00e9si \u00e9s Innov\u00e1ci\u00f3s Hivatal p\u00e1ly\u00e1zatai is. A f\u0151bb alkalmazott kutat\u00e1si ter\u00fcletek k\u00f6z\u00e9 tartoznak a m\u00e1j-, eml\u0151-, hasny\u00e1lmirigy betegs\u00e9gei, alapkutat\u00e1s az angiogenezis, a daganatok \u00e1tt\u00e9tk\u00e9pz\u00e9se, \u00e9s melanoma t\u00e9m\u00e1kban folyik.<\/p>\n","protected":false},"excerpt":{"rendered":"<p>A Patol\u00f3giai, Igazs\u00e1g\u00fcgyi \u00e9s Biztos\u00edt\u00e1si Orvostani Int\u00e9zet (r\u00e9gi nev\u00e9n II. Sz. Patol\u00f3giai Int\u00e9zet) 1895 \u00f3ta m\u0171k\u00f6dik, a patol\u00f3gia ter\u00fclet\u00e9n oktat\u00e1si, diagnosztikai \u00e9s kutat\u00e1si feladatokat l\u00e1t el. Az int\u00e9zet korszer\u0171 boncteremmel \u00e9s sz\u00f6vettani diagnosztikus laborat\u00f3riummal, valamint modern molekul\u00e1ris patol\u00f3giai diagnosztikus egys\u00e9ggel rendelkezik. Boncterm\u00fcnket 2020-ban \u00faj\u00edtott\u00e1k fel, a sz\u00f6vettani diagnosztikus laborat\u00f3rium fel\u00faj\u00edt\u00e1s\u00e1nak el\u0151k\u00e9sz\u00fcletei 2021-ben kezd\u0151dtek el. Az &hellip;<\/p>\n","protected":false},"author":101134,"featured_media":3574,"parent":0,"menu_order":0,"comment_status":"closed","ping_status":"closed","template":"","meta":{"_acf_changed":false,"footnotes":""},"categories":[],"tags":[],"class_list":["post-11","page","type-page","status-publish","has-post-thumbnail","hentry"],"acf":[],"_links":{"self":[{"href":"https:\/\/semmelweis.hu\/patologia2\/wp-json\/wp\/v2\/pages\/11","targetHints":{"allow":["GET"]}}],"collection":[{"href":"https:\/\/semmelweis.hu\/patologia2\/wp-json\/wp\/v2\/pages"}],"about":[{"href":"https:\/\/semmelweis.hu\/patologia2\/wp-json\/wp\/v2\/types\/page"}],"author":[{"embeddable":true,"href":"https:\/\/semmelweis.hu\/patologia2\/wp-json\/wp\/v2\/users\/101134"}],"replies":[{"embeddable":true,"href":"https:\/\/semmelweis.hu\/patologia2\/wp-json\/wp\/v2\/comments?post=11"}],"version-history":[{"count":10,"href":"https:\/\/semmelweis.hu\/patologia2\/wp-json\/wp\/v2\/pages\/11\/revisions"}],"predecessor-version":[{"id":5359,"href":"https:\/\/semmelweis.hu\/patologia2\/wp-json\/wp\/v2\/pages\/11\/revisions\/5359"}],"wp:featuredmedia":[{"embeddable":true,"href":"https:\/\/semmelweis.hu\/patologia2\/wp-json\/wp\/v2\/media\/3574"}],"wp:attachment":[{"href":"https:\/\/semmelweis.hu\/patologia2\/wp-json\/wp\/v2\/media?parent=11"}],"wp:term":[{"taxonomy":"category","embeddable":true,"href":"https:\/\/semmelweis.hu\/patologia2\/wp-json\/wp\/v2\/categories?post=11"},{"taxonomy":"post_tag","embeddable":true,"href":"https:\/\/semmelweis.hu\/patologia2\/wp-json\/wp\/v2\/tags?post=11"}],"curies":[{"name":"wp","href":"https:\/\/api.w.org\/{rel}","templated":true}]}}