{"id":989,"date":"2014-09-11T14:18:21","date_gmt":"2014-09-11T12:18:21","guid":{"rendered":"http:\/\/semmelweis.hu\/patologia1\/?page_id=989"},"modified":"2025-11-27T10:46:02","modified_gmt":"2025-11-27T09:46:02","slug":"tdk","status":"publish","type":"page","link":"https:\/\/semmelweis.hu\/patologia1\/tdk\/","title":{"rendered":"Tudom\u00e1nyos Di\u00e1kk\u00f6r (TDK)"},"content":{"rendered":"<p><img decoding=\"async\" src=\"https:\/\/encrypted-tbn0.gstatic.com\/images?q=tbn:ANd9GcRZ9OmB_EVer7BjuAIwRHGTaADy130TcThQkg&amp;s\" alt=\"Semmelweis Egyetem TDK | Budapest\" \/><\/p>\n<p><span style=\"font-size: 14pt\">K\u00e9rj\u00fck a hallgat\u00f3kat, hogy az adott kutat\u00e1si t\u00e9m\u00e1r\u00f3l a t\u00e9mavezet\u0151kn\u00e9l \u00e9rdekl\u0151djenek.<\/span><\/p>\n<p>&nbsp;<\/p>\n<p>&nbsp;<\/p>\n\n<table id=\"tablepress-42\" class=\"tablepress tablepress-id-42\">\n<thead>\n<tr class=\"row-1\">\n\t<td class=\"column-1\"><\/td><td class=\"column-2\"><\/td>\n<\/tr>\n<\/thead>\n<tbody class=\"row-striping row-hover\">\n<tr class=\"row-2\">\n\t<td class=\"column-1\">T\u00e9mavezet\u0151<\/td><td class=\"column-2\">Kutat\u00e1si t\u00e9ma<\/td>\n<\/tr>\n<tr class=\"row-3\">\n\t<td class=\"column-1\"><a href=\"http:\/\/scholar.semmelweis.hu\/baghyk\/\">Dr. Baghy Korn\u00e9lia<\/a><\/td><td class=\"column-2\">A SPOCK1 proteoglik\u00e1n szerepe a daganatok kialakul\u00e1s\u00e1ban \u00e9s progresszi\u00f3j\u00e1ban<\/td>\n<\/tr>\n<tr class=\"row-4\">\n\t<td class=\"column-1\"><a href=\"http:\/\/scholar.semmelweis.hu\/barnag\/\">Dr. Barna G\u00e1bor<\/a><\/td><td class=\"column-2\">Myeloma multiplex MRD m\u00e9r\u00e9se \u00faj gener\u00e1ci\u00f3s \u00e1raml\u00e1si citometri\u00e1val<\/td>\n<\/tr>\n<tr class=\"row-5\">\n\t<td class=\"column-1\"><\/td><td class=\"column-2\">CD180 expresszi\u00f3 vizsg\u00e1lata akut leuk\u00e9mi\u00e1kban<\/td>\n<\/tr>\n<tr class=\"row-6\">\n\t<td class=\"column-1\"><\/td><td class=\"column-2\">T-sejt alpopul\u00e1ci\u00f3k v\u00e1ltoz\u00e1sa mezigdomiddal kezelt myeloma multiplexes betegekben<\/td>\n<\/tr>\n<tr class=\"row-7\">\n\t<td class=\"column-1\"><a href=\"http:\/\/scholar.semmelweis.hu\/bodorc\/\">Dr. B\u00f6d\u00f6r Csaba<\/a><\/td><td class=\"column-2\">Feln\u0151ttkori \u00e9s gyermekkori onkohematol\u00f3giai k\u00f3rk\u00e9pek genomikai jellemz\u00e9se<\/td>\n<\/tr>\n<tr class=\"row-8\">\n\t<td class=\"column-1\">Dr. Dezs\u0151 Katalin<\/td><td class=\"column-2\">A genetikai diverzit\u00e1s jelent\u0151s\u00e9ge a hum\u00e1n m\u00e1j regener\u00e1ci\u00f3ja sor\u00e1n \u00e9s kr\u00f3nikus m\u00e1jbetegs\u00e9gekben<\/td>\n<\/tr>\n<tr class=\"row-9\">\n\t<td class=\"column-1\">Dr. Fintha Attila<\/td><td class=\"column-2\">M\u00e9hlep\u00e9ny erek sz\u00f6vettani vizsg\u00e1lata digit\u00e1lis patol\u00f3giai m\u00f3dszerekkel<\/td>\n<\/tr>\n<tr class=\"row-10\">\n\t<td class=\"column-1\"><a href=\"http:\/\/scholar.semmelweis.hu\/fonyadl\/\">Dr. F\u00f3nyad L\u00e1szl\u00f3<\/a><\/td><td class=\"column-2\">A SPOCK1 proteoglik\u00e1n szerepe a daganatok kialakul\u00e1s\u00e1ban \u00e9s progresszi\u00f3j\u00e1ban<\/td>\n<\/tr>\n<tr class=\"row-11\">\n\t<td class=\"column-1\">Dr. Hargitai Be\u00e1ta<\/td><td class=\"column-2\">A placenta patol\u00f3gi\u00e1s elv\u00e1ltoz\u00e1sainak vizsg\u00e1lata els\u0151 trimeszterbeli vet\u00e9l\u00e9sekben<\/td>\n<\/tr>\n<tr class=\"row-12\">\n\t<td class=\"column-1\"><\/td><td class=\"column-2\">Placenta patol\u00f3gia a magzati n\u00f6veked\u00e9s zavaraival sz\u00f6v\u0151d\u00f6tt terhess\u00e9gben<\/td>\n<\/tr>\n<tr class=\"row-13\">\n\t<td class=\"column-1\"><\/td><td class=\"column-2\">A placenta gyullad\u00e1sos \u00e1llapotai a sz\u00f6v\u0151dm\u00e9nyes terhess\u00e9gben<\/td>\n<\/tr>\n<tr class=\"row-14\">\n\t<td class=\"column-1\"><\/td><td class=\"column-2\">A placenta boholy\u00e9r\u00e9si zavarok digit\u00e1lis morfometriai vizsg\u00e1lata \u00e9s MI alkalmaz\u00e1s\u00e1nak lehet\u0151s\u00e9gei<\/td>\n<\/tr>\n<tr class=\"row-15\">\n\t<td class=\"column-1\">Dr. J\u00e1kob No\u00e9mi<\/td><td class=\"column-2\">Recid\u00edv sz\u00e1j\u00fcregi laph\u00e1mr\u00e1kok progresszi\u00f3s, prognosztikai \u00e9s predikci\u00f3s biomarkereinek vizsg\u00e1lata<\/td>\n<\/tr>\n<tr class=\"row-16\">\n\t<td class=\"column-1\">Dr. Kiss Rich\u00e1rd<\/td><td class=\"column-2\">Gyermekkori sarcomak molekul\u00e1ris profiloz\u00e1sa<\/td>\n<\/tr>\n<tr class=\"row-17\">\n\t<td class=\"column-1\">Dr. Kov\u00e1cs \u00c1rp\u00e1d Ferenc<\/td><td class=\"column-2\">T-sejtek szerep\u00e9nek vizsg\u00e1lata a kardiomiop\u00e1ti\u00e1k\u00a0kialakul\u00e1s\u00e1ban \u00e9s progresszi\u00f3j\u00e1ban<\/td>\n<\/tr>\n<tr class=\"row-18\">\n\t<td class=\"column-1\"><a href=\"http:\/\/scholar.semmelweis.hu\/kovalszky\/\">Dr. Kovalszky Ilona<\/a><\/td><td class=\"column-2\">A SPOCK1 proteoglik\u00e1n szerepe a daganatok kialakul\u00e1s\u00e1ban \u00e9s progresszi\u00f3j\u00e1ban<\/td>\n<\/tr>\n<tr class=\"row-19\">\n\t<td class=\"column-1\"><a href=\"http:\/\/scholar.semmelweis.hu\/krenacst\/\">Dr. Kren\u00e1cs Tibor<\/a><\/td><td class=\"column-2\">Prognosztikus faktorok tripla negat\u00edv eml\u0151carcinom\u00e1ban<\/td>\n<\/tr>\n<tr class=\"row-20\">\n\t<td class=\"column-1\">Dr. Krencz Ildik\u00f3<\/td><td class=\"column-2\">C\u00e9lzott ter\u00e1pi\u00e1s lehet\u0151s\u00e9gek vizsg\u00e1lata kissejtes t\u00fcd\u0151carcinom\u00e1kban<\/td>\n<\/tr>\n<tr class=\"row-21\">\n\t<td class=\"column-1\">Dr. M\u00e1rk \u00c1gnes<\/td><td class=\"column-2\">CD49f izoform\u00e1k vizsg\u00e1lata B-sejtes akut lymphoblasztos leuk\u00e9mi\u00e1ban<\/td>\n<\/tr>\n<tr class=\"row-22\">\n\t<td class=\"column-1\"><a href=\"http:\/\/scholar.semmelweis.hu\/micsikt\/\">Dr. Mics\u00edk Tam\u00e1s <\/a><\/td><td class=\"column-2\">Mell\u00e9kvesek\u00e9reg karcin\u00f3m\u00e1k klinikopatol\u00f3giai vizsg\u00e1lata<\/td>\n<\/tr>\n<tr class=\"row-23\">\n\t<td class=\"column-1\"><\/td><td class=\"column-2\">A neuroblastoma retrospekt\u00edv klinikopatol\u00f3giai vizsg\u00e1lata<\/td>\n<\/tr>\n<tr class=\"row-24\">\n\t<td class=\"column-1\"><\/td><td class=\"column-2\">Wilms Tumorok klinikopatol\u00f3giai \u00e9s digit\u00e1lis patol\u00f3giai vizsg\u00e1lata<\/td>\n<\/tr>\n<tr class=\"row-25\">\n\t<td class=\"column-1\"><\/td><td class=\"column-2\">Colorectalis carcinomak \u00e9s a SPOCK1 feh\u00e9rje<\/td>\n<\/tr>\n<tr class=\"row-26\">\n\t<td class=\"column-1\"><\/td><td class=\"column-2\">Colorectalis carcinom\u00e1k digit\u00e1lis patol\u00f3giai m\u00f3dszerekkel t\u00f6rt\u00e9n\u0151 prognosztiz\u00e1l\u00e1sa<\/td>\n<\/tr>\n<tr class=\"row-27\">\n\t<td class=\"column-1\"><\/td><td class=\"column-2\">Metabolomika a carcinom\u00e1kban<\/td>\n<\/tr>\n<tr class=\"row-28\">\n\t<td class=\"column-1\"><\/td><td class=\"column-2\">Vesecarcinom\u00e1k digit\u00e1lis patol\u00f3giai vizsg\u00e1lata \u00e9s prognosztik\u00e1ja<\/td>\n<\/tr>\n<tr class=\"row-29\">\n\t<td class=\"column-1\"><\/td><td class=\"column-2\">Endometrium carcinom\u00e1k digit\u00e1lis patol\u00f3giai (MI) alt\u00edpusbeoszt\u00e1sa<\/td>\n<\/tr>\n<tr class=\"row-30\">\n\t<td class=\"column-1\">Dr. M\u00f3zes R\u00e9ka<\/td><td class=\"column-2\">Myeloproliferat\u00edv neopl\u00e1zi\u00e1k klinikopatol\u00f3giai \u00e9s genetikai jellemz\u00e9se<\/td>\n<\/tr>\n<tr class=\"row-31\">\n\t<td class=\"column-1\">Dr. Rajnai Hajnalka<\/td><td class=\"column-2\">Gyermekkori k\u00f6zponti idegrendszeri tumorok modern patol\u00f3giai diagnosztik\u00e1ja<\/td>\n<\/tr>\n<tr class=\"row-32\">\n\t<td class=\"column-1\">Dr. Reg\u0151s Eszter<\/td><td class=\"column-2\">Korai vet\u00e9l\u00e9sekb\u0151l sz\u00e1rmaz\u00f3 mint\u00e1k korszer\u0171 patol\u00f3giai feldolgoz\u00e1sa<\/td>\n<\/tr>\n<tr class=\"row-33\">\n\t<td class=\"column-1\"><\/td><td class=\"column-2\">Anyai betegs\u00e9gek okozta sz\u00f6vettani elv\u00e1ltoz\u00e1sok vizsg\u00e1lata a m\u00e9hlep\u00e9nyben<\/td>\n<\/tr>\n<tr class=\"row-34\">\n\t<td class=\"column-1\"><\/td><td class=\"column-2\">Korai vet\u00e9l\u00e9shez vezet\u0151 gyullad\u00e1s patol\u00f3giai vizsg\u00e1lata<\/td>\n<\/tr>\n<tr class=\"row-35\">\n\t<td class=\"column-1\">Dr. R\u00f3kusz Andr\u00e1s<\/td><td class=\"column-2\">Molaterhess\u00e9gek patol\u00f3gi\u00e1ja<\/td>\n<\/tr>\n<tr class=\"row-36\">\n\t<td class=\"column-1\"><\/td><td class=\"column-2\">\u00d6r\u00f6kletes daganatszindr\u00f3m\u00e1kkal asszoci\u00e1lt n\u0151gy\u00f3gy\u00e1szati daganatok patol\u00f3gi\u00e1ja<\/td>\n<\/tr>\n<tr class=\"row-37\">\n\t<td class=\"column-1\"><\/td><td class=\"column-2\">N\u0151gy\u00f3gy\u00e1szati daganatok klinikopatol\u00f3giai \u00e9s molekul\u00e1ris jellemz\u00e9se<\/td>\n<\/tr>\n<tr class=\"row-38\">\n\t<td class=\"column-1\">Dr. S\u00e1ghi M\u00e1rton<\/td><td class=\"column-2\">A sz\u00edvizomgyullad\u00e1sok patol\u00f3giai vizsg\u00e1lata<\/td>\n<\/tr>\n<tr class=\"row-39\">\n\t<td class=\"column-1\"><\/td><td class=\"column-2\">Transzplant\u00e1ci\u00f3 sor\u00e1n explant\u00e1lt sz\u00edvek patol\u00f3giai vizsg\u00e1lata<\/td>\n<\/tr>\n<tr class=\"row-40\">\n\t<td class=\"column-1\"><\/td><td class=\"column-2\">Szervkil\u00f6k\u0151d\u00e9s vizsg\u00e1lata transzplant\u00e1lt sz\u00edvben sz\u00f6vettani \u00e9s molekul\u00e1ris m\u00f3dszerekkel<\/td>\n<\/tr>\n<tr class=\"row-41\">\n\t<td class=\"column-1\"><\/td><td class=\"column-2\">Arteria carotis plakkok hisztopatol\u00f3giai anal\u00edzise, klinikai adatok \u00e9s \u00e1raml\u00e1stani m\u00e9r\u00e9sek t\u00fckr\u00e9ben<\/td>\n<\/tr>\n<tr class=\"row-42\">\n\t<td class=\"column-1\">Dr. Scheich B\u00e1lint<\/td><td class=\"column-2\">Meningeom\u00e1k komplex kliniko-patol\u00f3giai \u00e9s molekul\u00e1ris anal\u00edzise, \u00faj prognosztikus biomarkerek \u00e9s ter\u00e1pi\u00e1s c\u00e9lpontok azonos\u00edt\u00e1sa \u00e9s k\u00eds\u00e9rletes valid\u00e1l\u00e1sa c\u00e9lj\u00e1b\u00f3l<\/td>\n<\/tr>\n<tr class=\"row-43\">\n\t<td class=\"column-1\"><a href=\"http:\/\/scholar.semmelweis.hu\/sebestyena\/\">Dr. Sebesty\u00e9n Anna<\/a><\/td><td class=\"column-2\">Daganatok metabolikus heterogenit\u00e1s\u00e1nak szerepe a progresszi\u00f3ban<\/td>\n<\/tr>\n<tr class=\"row-44\">\n\t<td class=\"column-1\">T\u00e1rs-t\u00e9mavezet\u0151k: Dr. Moldvai Dorottya \u00e9s     Dr. Varga Vikt\u00f3ria<\/td><td class=\"column-2\">Daganatmodellek fejleszt\u00e9se alapkutat\u00e1sokhoz, preklinikai \u00e9s precizi\u00f3s gy\u00f3gyszerhat\u00f3anyag fejleszt\u00e9sekhez, tesztekhez<\/td>\n<\/tr>\n<tr class=\"row-45\">\n\t<td class=\"column-1\"><\/td><td class=\"column-2\">Immunmetabolikus v\u00e1ltoz\u00e1sok heterogenit\u00e1sa immun-check point inhibitor kezel\u00e9sekben<\/td>\n<\/tr>\n<tr class=\"row-46\">\n\t<td class=\"column-1\">Dr. Szal\u00f3ki G\u00e1bor<\/td><td class=\"column-2\">Gy\u00f3gyszerjel\u00f6lt vegy\u00fcletek tesztel\u00e9se FLT3 mut\u00e1ci\u00f3t hordoz\u00f3 primer AML sejtkult\u00far\u00e1kon<\/td>\n<\/tr>\n<tr class=\"row-47\">\n\t<td class=\"column-1\">Dr. Sz\u00e1ll\u00e1si \u00c1rp\u00e1d<\/td><td class=\"column-2\">\u00daj prognosztikus markerek hasny\u00e1lmirigy \u00e9s vastagb\u00e9l karcinom\u00e1ban<\/td>\n<\/tr>\n<tr class=\"row-48\">\n\t<td class=\"column-1\">Dr. T\u00e9gl\u00e1si Vanda<\/td><td class=\"column-2\">Mikrok\u00f6rnyezet vizsg\u00e1lata szolid tumorok agyi \u00e1tt\u00e9teiben<\/td>\n<\/tr>\n<tr class=\"row-49\">\n\t<td class=\"column-1\">Dr. Tolnai-Kriston Csilla<\/td><td class=\"column-2\">A venetoclax-obinutuzumab ter\u00e1pia hat\u00e9konys\u00e1g\u00e1nak \u00e9rt\u00e9kel\u00e9se \u00e1raml\u00e1si citometri\u00e1val kr\u00f3nikus limfocit\u00e1s leuk\u00e9mi\u00e1ban (CLL)<\/td>\n<\/tr>\n<\/tbody>\n<\/table>\n<!-- #tablepress-42 from cache -->\n<p>&nbsp;<\/p>\n<p>TDK felel\u0151s: Dr. Kiss Rich\u00e1rd<\/p>\n","protected":false},"excerpt":{"rendered":"<p>K\u00e9rj\u00fck a hallgat\u00f3kat, hogy az adott kutat\u00e1si t\u00e9m\u00e1r\u00f3l a t\u00e9mavezet\u0151kn\u00e9l \u00e9rdekl\u0151djenek.<br \/>\n&nbsp;<br \/>\n&nbsp;<\/p>\n<p>&nbsp;<br \/>\nTDK felel\u0151s: Dr. Kiss Rich\u00e1rd<\/p>\n","protected":false},"author":157,"featured_media":0,"parent":0,"menu_order":3,"comment_status":"open","ping_status":"open","template":"","meta":{"_acf_changed":false,"footnotes":""},"categories":[],"tags":[],"class_list":["post-989","page","type-page","status-publish","hentry"],"acf":[],"_links":{"self":[{"href":"https:\/\/semmelweis.hu\/patologia1\/wp-json\/wp\/v2\/pages\/989","targetHints":{"allow":["GET"]}}],"collection":[{"href":"https:\/\/semmelweis.hu\/patologia1\/wp-json\/wp\/v2\/pages"}],"about":[{"href":"https:\/\/semmelweis.hu\/patologia1\/wp-json\/wp\/v2\/types\/page"}],"author":[{"embeddable":true,"href":"https:\/\/semmelweis.hu\/patologia1\/wp-json\/wp\/v2\/users\/157"}],"replies":[{"embeddable":true,"href":"https:\/\/semmelweis.hu\/patologia1\/wp-json\/wp\/v2\/comments?post=989"}],"version-history":[{"count":13,"href":"https:\/\/semmelweis.hu\/patologia1\/wp-json\/wp\/v2\/pages\/989\/revisions"}],"predecessor-version":[{"id":8815,"href":"https:\/\/semmelweis.hu\/patologia1\/wp-json\/wp\/v2\/pages\/989\/revisions\/8815"}],"wp:attachment":[{"href":"https:\/\/semmelweis.hu\/patologia1\/wp-json\/wp\/v2\/media?parent=989"}],"wp:term":[{"taxonomy":"category","embeddable":true,"href":"https:\/\/semmelweis.hu\/patologia1\/wp-json\/wp\/v2\/categories?post=989"},{"taxonomy":"post_tag","embeddable":true,"href":"https:\/\/semmelweis.hu\/patologia1\/wp-json\/wp\/v2\/tags?post=989"}],"curies":[{"name":"wp","href":"https:\/\/api.w.org\/{rel}","templated":true}]}}