{"id":8986,"date":"2026-04-08T14:19:30","date_gmt":"2026-04-08T12:19:30","guid":{"rendered":"https:\/\/semmelweis.hu\/patologia1\/?page_id=8986"},"modified":"2026-04-09T12:02:58","modified_gmt":"2026-04-09T10:02:58","slug":"aspiracios-citologiai-rendeles","status":"publish","type":"page","link":"https:\/\/semmelweis.hu\/patologia1\/vizsgalatkeres\/aspiracios-citologiai-rendeles\/","title":{"rendered":"Aspir\u00e1ci\u00f3s citol\u00f3giai rendel\u00e9s"},"content":{"rendered":"<p><span data-contrast=\"auto\">Tisztelt Koll\u00e9gan\u0151!<\/span><span data-ccp-props=\"{&quot;134233117&quot;:false,&quot;134233118&quot;:false,&quot;201341983&quot;:0,&quot;335551550&quot;:1,&quot;335551620&quot;:1,&quot;335559685&quot;:0,&quot;335559737&quot;:0,&quot;335559738&quot;:0,&quot;335559739&quot;:160,&quot;335559740&quot;:259}\">\u00a0<br \/>\n<\/span><span data-contrast=\"auto\">Tisztelt Koll\u00e9ga!<\/span><span data-ccp-props=\"{&quot;134233117&quot;:false,&quot;134233118&quot;:false,&quot;201341983&quot;:0,&quot;335551550&quot;:1,&quot;335551620&quot;:1,&quot;335559685&quot;:0,&quot;335559737&quot;:0,&quot;335559738&quot;:0,&quot;335559739&quot;:160,&quot;335559740&quot;:259}\">\u00a0<\/span><\/p>\n<p><span data-ccp-props=\"{}\">\u00a0<\/span><\/p>\n<p><span data-contrast=\"auto\">A\u00a0Semmelweis Egyetem\u00a0Patol\u00f3giai \u00e9s K\u00eds\u00e9rleti R\u00e1kkutat\u00f3 Int\u00e9zet\u00a0aspir\u00e1ci\u00f3s\u00a0citol\u00f3giai rendel\u00e9s\u00e9t\u00a0a tov\u00e1bbiakban\u00a0az egyetem \u00e1ltal biztos\u00edtott online id\u0151pontfoglal\u00f3\u00a0rendszeren kereszt\u00fcl lehet ig\u00e9nybe venni\u00a02026.04.14-t\u0151l.<\/span><span data-ccp-props=\"{&quot;134233117&quot;:false,&quot;134233118&quot;:false,&quot;201341983&quot;:0,&quot;335551550&quot;:1,&quot;335551620&quot;:1,&quot;335559685&quot;:0,&quot;335559737&quot;:0,&quot;335559738&quot;:0,&quot;335559739&quot;:160,&quot;335559740&quot;:259}\">\u00a0<\/span><\/p>\n<p><span data-contrast=\"auto\">\u00a0<\/span><b><span data-contrast=\"auto\">Semmelweis Egyetemen dolgoz\u00f3\u00a0kezel\u0151orvos<\/span><\/b><span data-contrast=\"auto\">\u00a0eset\u00e9n a\u00a0medikai rendszeren kereszt\u00fcl (Medsol) az EP16-os oszt\u00e1lyon lehet id\u0151pontot kiv\u00e1lasztani, majd a vizsg\u00e1latk\u00e9r\u00e9st feladni.\u00a0<\/span><span data-ccp-props=\"{}\">\u00a0<\/span><\/p>\n<p><span data-ccp-props=\"{}\">\u00a0<\/span><b><span data-contrast=\"auto\">Nem Semmelweis Egyetemen dolgoz\u00f3\u00a0kezel\u0151orvos<\/span><\/b><span data-contrast=\"auto\">\u00a0eset\u00e9n\u00a0az\u00a0EESZT-n kereszt\u00fcl\u00a0lehet id\u0151pontot foglalni\u00a0(Aspir\u00e1ci\u00f3s<\/span><span data-contrast=\"none\">\u00a0citol\u00f3gia\u00a0el\u0151jegyz\u00e9s,\u00a0szakmak\u00f3d\u00a05403).<\/span><span data-contrast=\"auto\">\u00a0<\/span><span data-ccp-props=\"{}\">\u00a0<\/span><\/p>\n<p><span data-ccp-props=\"{}\">\u00a0<br \/>\n<\/span><b><span data-contrast=\"auto\">K\u00e9rj\u00fck a betegeket az al\u00e1bbiakr\u00f3l t\u00e1j\u00e9koztatni<\/span><\/b><span data-contrast=\"auto\">:\u00a0\u00a0<\/span><span data-ccp-props=\"{}\">\u00a0<\/span><\/p>\n<p><span data-contrast=\"auto\">K\u00e9rj\u00fck, hogy az aspir\u00e1ci\u00f3s citol\u00f3giai vizsg\u00e1latra minden esetben hozza mag\u00e1val a kor\u00e1bbi orvosi dokument\u00e1ci\u00f3j\u00e1t \u00e9s leleteit \u00edrott form\u00e1tumban, k\u00fcl\u00f6n\u00f6s tekintettel az el\u0151z\u0151 k\u00e9palkot\u00f3 vizsg\u00e1latok (CT, MR, ultrahang) eredm\u00e9nyeire. A vizsg\u00e1lat el\u0151tt\u00a0<\/span><span data-contrast=\"auto\">nem sz\u00fcks\u00e9ges \u00e9hgyomorra \u00e9rkezni.<\/span><span data-contrast=\"auto\">\u00a0<\/span><span data-ccp-props=\"{&quot;335559738&quot;:240,&quot;335559739&quot;:240}\">\u00a0<\/span><\/p>\n<p><span data-contrast=\"auto\">A rendszeresen szedett gy\u00f3gyszereit k\u00e9rj\u00fck minden esetben vegye be.\u00a0<\/span><b><span data-contrast=\"auto\">V\u00e9ralvad\u00e1sg\u00e1tl\u00f3 gy\u00f3gyszer\u00a0<\/span><\/b><span data-contrast=\"auto\">szed\u00e9se eset\u00e9n\u00a0k\u00e9rj\u00fck,\u00a0hogy\u00a0t\u00e1j\u00e9koztasson benn\u00fcnket\u00a0err\u0151l, azonban a k\u00e9sz\u00edtm\u00e9ny\u00a0<\/span><b><span data-contrast=\"auto\">szed\u00e9s\u00e9t nem kell a beavatkoz\u00e1s el\u0151tt megszak\u00edtani.\u00a0<\/span><\/b><span data-ccp-props=\"{&quot;134233117&quot;:false,&quot;134233118&quot;:false,&quot;201341983&quot;:0,&quot;335551550&quot;:1,&quot;335551620&quot;:1,&quot;335559685&quot;:0,&quot;335559737&quot;:0,&quot;335559738&quot;:240,&quot;335559739&quot;:240,&quot;335559740&quot;:259}\">\u00a0<\/span><\/p>\n<p><span data-contrast=\"auto\">Amennyiben\u00a0a\u00a0p\u00e1ciens\u00a0sz\u00e1m\u00e1ra\u00a0betegsz\u00e1ll\u00edt\u00e1s sz\u00fcks\u00e9ges,\u00a0k\u00e9rj\u00fck, hogy a p\u00e1ciens\u00a0a rendel\u00e9s\u00a0napj\u00e1n\u00a08,00 \u00e9s 10,00 \u00f3ra k\u00f6z\u00f6tt\u00a0<\/span><b><span data-contrast=\"auto\">mindenk\u00e9ppen<\/span><\/b><span data-contrast=\"auto\">\u00a0\u00e9rkezzen.\u00a0<\/span><span data-ccp-props=\"{&quot;335559738&quot;:240,&quot;335559739&quot;:240}\">\u00a0<\/span><\/p>\n<p><span data-ccp-props=\"{&quot;335559738&quot;:240,&quot;335559739&quot;:240}\">\u00a0<\/span><\/p>\n<p><span data-ccp-props=\"{&quot;335559738&quot;:240,&quot;335559739&quot;:240}\"> <img decoding=\"async\" src=\"https:\/\/semmelweis.hu\/patologia1\/files\/2026\/04\/bkt_bejarat.jpg\" \/><\/span><\/p>\n<p><span data-contrast=\"auto\">\u00a0\u00a0\u00a0<\/span><span data-ccp-props=\"{}\">\u00a0<\/span><\/p>\n","protected":false},"excerpt":{"rendered":"<p>Tisztelt Koll\u00e9gan\u0151!\u00a0 Tisztelt Koll\u00e9ga!\u00a0 \u00a0 A\u00a0Semmelweis Egyetem\u00a0Patol\u00f3giai \u00e9s K\u00eds\u00e9rleti R\u00e1kkutat\u00f3 Int\u00e9zet\u00a0aspir\u00e1ci\u00f3s\u00a0citol\u00f3giai rendel\u00e9s\u00e9t\u00a0a tov\u00e1bbiakban\u00a0az egyetem \u00e1ltal biztos\u00edtott online id\u0151pontfoglal\u00f3\u00a0rendszeren kereszt\u00fcl lehet ig\u00e9nybe venni\u00a02026.04.14-t\u0151l.\u00a0 \u00a0Semmelweis Egyetemen dolgoz\u00f3\u00a0kezel\u0151orvos\u00a0eset\u00e9n a\u00a0medikai rendszeren kereszt\u00fcl (Medsol) az EP16-os oszt\u00e1lyon lehet id\u0151pontot kiv\u00e1lasztani, majd a vizsg\u00e1latk\u00e9r\u00e9st feladni.\u00a0\u00a0 \u00a0Nem Semmelweis Egyetemen dolgoz\u00f3\u00a0kezel\u0151orvos\u00a0eset\u00e9n\u00a0az\u00a0EESZT-n kereszt\u00fcl\u00a0lehet id\u0151pontot foglalni\u00a0(Aspir\u00e1ci\u00f3s\u00a0citol\u00f3gia\u00a0el\u0151jegyz\u00e9s,\u00a0szakmak\u00f3d\u00a05403).\u00a0\u00a0 \u00a0 K\u00e9rj\u00fck a betegeket az al\u00e1bbiakr\u00f3l t\u00e1j\u00e9koztatni:\u00a0\u00a0\u00a0 K\u00e9rj\u00fck, hogy &hellip;<\/p>\n","protected":false},"author":157,"featured_media":0,"parent":299,"menu_order":0,"comment_status":"closed","ping_status":"closed","template":"","meta":{"_acf_changed":false,"footnotes":""},"categories":[],"tags":[],"class_list":["post-8986","page","type-page","status-publish","hentry"],"acf":[],"_links":{"self":[{"href":"https:\/\/semmelweis.hu\/patologia1\/wp-json\/wp\/v2\/pages\/8986","targetHints":{"allow":["GET"]}}],"collection":[{"href":"https:\/\/semmelweis.hu\/patologia1\/wp-json\/wp\/v2\/pages"}],"about":[{"href":"https:\/\/semmelweis.hu\/patologia1\/wp-json\/wp\/v2\/types\/page"}],"author":[{"embeddable":true,"href":"https:\/\/semmelweis.hu\/patologia1\/wp-json\/wp\/v2\/users\/157"}],"replies":[{"embeddable":true,"href":"https:\/\/semmelweis.hu\/patologia1\/wp-json\/wp\/v2\/comments?post=8986"}],"version-history":[{"count":4,"href":"https:\/\/semmelweis.hu\/patologia1\/wp-json\/wp\/v2\/pages\/8986\/revisions"}],"predecessor-version":[{"id":8995,"href":"https:\/\/semmelweis.hu\/patologia1\/wp-json\/wp\/v2\/pages\/8986\/revisions\/8995"}],"up":[{"embeddable":true,"href":"https:\/\/semmelweis.hu\/patologia1\/wp-json\/wp\/v2\/pages\/299"}],"wp:attachment":[{"href":"https:\/\/semmelweis.hu\/patologia1\/wp-json\/wp\/v2\/media?parent=8986"}],"wp:term":[{"taxonomy":"category","embeddable":true,"href":"https:\/\/semmelweis.hu\/patologia1\/wp-json\/wp\/v2\/categories?post=8986"},{"taxonomy":"post_tag","embeddable":true,"href":"https:\/\/semmelweis.hu\/patologia1\/wp-json\/wp\/v2\/tags?post=8986"}],"curies":[{"name":"wp","href":"https:\/\/api.w.org\/{rel}","templated":true}]}}