{"id":8916,"date":"2026-02-10T09:58:20","date_gmt":"2026-02-10T08:58:20","guid":{"rendered":"https:\/\/semmelweis.hu\/patologia1\/?page_id=8916"},"modified":"2026-02-10T09:59:22","modified_gmt":"2026-02-10T08:59:22","slug":"nogyogyaszati-citologia","status":"publish","type":"page","link":"https:\/\/semmelweis.hu\/patologia1\/diagnosztika-profilok\/nogyogyaszati-citologia\/","title":{"rendered":"N\u0151gy\u00f3gy\u00e1szati citol\u00f3gia"},"content":{"rendered":"<p>Az int\u00e9zetben 9 bek\u00fcld\u0151hely n\u0151gy\u00f3gy\u00e1szati citol\u00f3giai mint\u00e1it elemezz\u00fck, amelyek nagyobb r\u00e9szt folyad\u00e9kalap\u00fa (liquid-based) mintak\u00e9nt \u00e9rkeznek. 2026-ban c\u00e9ljaink k\u00f6z\u00f6tt szerepel a teljes m\u00e9rt\u00e9kben folyad\u00e9kalap\u00fa mint\u00e1kra val\u00f3 \u00e1t\u00e1ll\u00e1s, valamint a citol\u00f3giai mint\u00e1kon v\u00e9gzett HPV tesztel\u00e9s elind\u00edt\u00e1sa.<\/p>\n<div class=\"responsive-tabs\">\n<h2 class=\"tabtitle\">Munkat\u00e1rsak<\/h2>\n<div class=\"tabcontent\">\n\n<p>Dr. R\u00f3kusz Andr\u00e1s (egyetemi adjunktus)<\/p>\n<p>munkacsoport vezet\u0151<\/p>\n<p>Dr. F\u00f3nyad L\u00e1szl\u00f3 (egyetemi adjunktus)<\/p>\n<p>Zsoldos Enik\u0151 (analitikus)<\/p>\n<p>F\u00f6rh\u00e9cz Fl\u00f3ra (analitikus)<\/p>\n<p>&nbsp;<\/p>\n<p><a class=\"button\" href=\"http:\/\/193.6.208.214\/infoframe\/Page\/NoiCitologia\" target=\"_blank\" rel=\"noopener noreferrer\">N\u0150GY\u00d3GY\u00c1SZATI CYTOL\u00d3GIAI VIZSG\u00c1LATK\u00c9R\u00c9S<\/a><\/p>\n","protected":false},"excerpt":{"rendered":"<p>Az int\u00e9zetben 9 bek\u00fcld\u0151hely n\u0151gy\u00f3gy\u00e1szati citol\u00f3giai mint\u00e1it elemezz\u00fck, amelyek nagyobb r\u00e9szt folyad\u00e9kalap\u00fa (liquid-based) mintak\u00e9nt \u00e9rkeznek. 2026-ban c\u00e9ljaink k\u00f6z\u00f6tt szerepel a teljes m\u00e9rt\u00e9kben folyad\u00e9kalap\u00fa mint\u00e1kra val\u00f3 \u00e1t\u00e1ll\u00e1s, valamint a citol\u00f3giai mint\u00e1kon v\u00e9gzett HPV tesztel\u00e9s elind\u00edt\u00e1sa.<\/p>\n<p>Dr. R\u00f3kusz Andr\u00e1s (egyetemi adjunktus)<br \/>\nmunkacsoport vezet\u0151<br \/>\nDr. F\u00f3nyad L\u00e1szl\u00f3 (egyetemi adjunktus)<br \/>\nZsoldos Enik\u0151 (analitikus)<br \/>\nF\u00f6rh\u00e9cz Fl\u00f3ra (analitikus)<br \/>\n&nbsp;<br \/>\n<a class=\"button\" href=\"http:\/\/193.6.208.214\/infoframe\/Page\/NoiCitologia\" target=\"_blank\" rel=\"noopener noreferrer\">N\u0150GY\u00d3GY\u00c1SZATI CYTOL\u00d3GIAI VIZSG\u00c1LATK\u00c9R\u00c9S<\/a><\/p>\n","protected":false},"author":102587,"featured_media":0,"parent":35,"menu_order":0,"comment_status":"closed","ping_status":"closed","template":"","meta":{"_acf_changed":false,"footnotes":""},"categories":[],"tags":[],"class_list":["post-8916","page","type-page","status-publish","hentry"],"acf":[],"_links":{"self":[{"href":"https:\/\/semmelweis.hu\/patologia1\/wp-json\/wp\/v2\/pages\/8916","targetHints":{"allow":["GET"]}}],"collection":[{"href":"https:\/\/semmelweis.hu\/patologia1\/wp-json\/wp\/v2\/pages"}],"about":[{"href":"https:\/\/semmelweis.hu\/patologia1\/wp-json\/wp\/v2\/types\/page"}],"author":[{"embeddable":true,"href":"https:\/\/semmelweis.hu\/patologia1\/wp-json\/wp\/v2\/users\/102587"}],"replies":[{"embeddable":true,"href":"https:\/\/semmelweis.hu\/patologia1\/wp-json\/wp\/v2\/comments?post=8916"}],"version-history":[{"count":3,"href":"https:\/\/semmelweis.hu\/patologia1\/wp-json\/wp\/v2\/pages\/8916\/revisions"}],"predecessor-version":[{"id":8919,"href":"https:\/\/semmelweis.hu\/patologia1\/wp-json\/wp\/v2\/pages\/8916\/revisions\/8919"}],"up":[{"embeddable":true,"href":"https:\/\/semmelweis.hu\/patologia1\/wp-json\/wp\/v2\/pages\/35"}],"wp:attachment":[{"href":"https:\/\/semmelweis.hu\/patologia1\/wp-json\/wp\/v2\/media?parent=8916"}],"wp:term":[{"taxonomy":"category","embeddable":true,"href":"https:\/\/semmelweis.hu\/patologia1\/wp-json\/wp\/v2\/categories?post=8916"},{"taxonomy":"post_tag","embeddable":true,"href":"https:\/\/semmelweis.hu\/patologia1\/wp-json\/wp\/v2\/tags?post=8916"}],"curies":[{"name":"wp","href":"https:\/\/api.w.org\/{rel}","templated":true}]}}