{"id":8844,"date":"2025-12-07T14:49:27","date_gmt":"2025-12-07T13:49:27","guid":{"rendered":"https:\/\/semmelweis.hu\/patologia1\/?page_id=8844"},"modified":"2025-12-09T10:45:54","modified_gmt":"2025-12-09T09:45:54","slug":"szajsebeszeti-patologiai-munkacsoport","status":"publish","type":"page","link":"https:\/\/semmelweis.hu\/patologia1\/kutatas\/szajsebeszeti-patologiai-munkacsoport\/","title":{"rendered":"Sz\u00e1jseb\u00e9szeti patol\u00f3giai munkacsoport"},"content":{"rendered":"<p>A sz\u00e1jseb\u00e9szeti patol\u00f3giai munkacsoport f\u0151 tev\u00e9kenys\u00e9gi ter\u00fclete a sz\u00e1j\u00fcregi \u00e9s fej-nyaki r\u00e9gi\u00f3 k\u00f3rsz\u00f6vettani \u00e9s molekul\u00e1ris diagnosztik\u00e1ja, amely mag\u00e1ban foglalja a citol\u00f3giai- \u00e9s biopszi\u00e1s mint\u00e1k, valamint a m\u0171t\u00e9ti prepar\u00e1tumok komplex feldolgoz\u00e1s\u00e1t \u00e9s \u00e9rt\u00e9kel\u00e9s\u00e9t.<\/p>\n<p><strong>Kiemelt kutat\u00e1si f\u00f3kuszunk a recid\u00edv sz\u00e1j\u00fcregi laph\u00e1mr\u00e1kok progresszi\u00f3s, prognosztikai \u00e9s predikci\u00f3s biomarkereinek vizsg\u00e1lata.<\/strong> C\u00e9lunk olyan molekul\u00e1ris \u00e9s immunhisztok\u00e9miai jelz\u0151k azonos\u00edt\u00e1sa, amelyek seg\u00edtik a daganatok agresszivit\u00e1s\u00e1nak meg\u00edt\u00e9l\u00e9s\u00e9t, a ki\u00fajul\u00e1si kock\u00e1zat becsl\u00e9s\u00e9t, \u00e9s hozz\u00e1j\u00e1rulnak a szem\u00e9lyre szabott kezel\u00e9si d\u00f6nt\u00e9sekhez.<\/p>\n<p>Tov\u00e1bbi kutat\u00e1si kollabor\u00e1ci\u00f3ink:<br \/>\n\u2013 <strong>lichen planus \u00e9s lichenoid elv\u00e1ltoz\u00e1sok<\/strong> diagnosztik\u00e1ja \u00e9s malignus transzform\u00e1ci\u00f3s rizik\u00f3j\u00e1nak vizsg\u00e1lata;<br \/>\n\u2013 <strong>oralis leukoplakia<\/strong> progresszi\u00f3s markereinek azonos\u00edt\u00e1sa \u00e9s predikt\u00edv t\u00e9nyez\u0151inek felt\u00e9rk\u00e9pez\u00e9se;<br \/>\n\u2013 <strong>csontp\u00f3tl\u00f3 anyagok<\/strong> \u00e9s biomateri\u00e1lis implant\u00e1tumok vizsg\u00e1lata<\/p>\n<p>A munkacsoport kiemelt feladat\u00e1nak tekinti a klinikai \u00e9s patol\u00f3giai adatok integr\u00e1l\u00e1s\u00e1t, valamint a multidiszciplin\u00e1ris betegell\u00e1t\u00e1s t\u00e1mogat\u00e1s\u00e1t.<\/p>\n<p>&nbsp;<\/p>\n<p>Munkacsoport vezet\u0151:<\/p>\n<p>Dr. J\u00e1kob No\u00e9mi, klinikai szakorvos<\/p>\n<p>&nbsp;<\/p>\n<p>Publik\u00e1ci\u00f3k:<br \/>\nMajor, Martin ; Kivovics, M\u00e1rton ; Szab\u00f3, Bence Tam\u00e1s ; D\u00e9ri, Tam\u00e1s ; Poly\u00e1k, Melinda <strong><u>; J\u00e1kob, No\u00e9mi<\/u><\/strong> Piroska ; Csete, D\u00e1niel ; M\u00f3csai, Attila ; N\u00e9meth, Zsolt ; Szab\u00f3, Gy\u00f6rgy: Surgical Treatment of Multiple Bone Cysts Using a Platelet-Rich Fibrin and BoneAlbumin Composite Graft: A Case Report. REPORTS 7 : 1 Paper: 7 , 12 p. (2024)<\/p>\n<p>Kammerhofer, Gabor; Bogdan, Sandor ; Vegh, Daniel ; Ujpal, Marta ; Kiss, Dorottya ; <strong><u>Jakob, Noemi<\/u><\/strong> Piroska ; Fadgyas, Fanny ; Szabo, Gyorgy; Nemeth, Zsolt: Solitary ameloblastic fibroma with impacted teeth: A case report. JOURNAL OF CRANIO-MAXILLOFACIAL SURGERY 52 : 10 pp. 1055-1062. , 8 p. (2024)<\/p>\n<p>Bukovszky, Botond; Simonffy, L\u00e1szl\u00f3 ; Gyulai-Ga\u00e1l, Szabolcs ; <strong><u>J\u00e1kob, No\u00e9mi ;<\/u><\/strong> Dob\u00f3-Nagy, Csaba: Sz\u00e1j\u00fcregi leukoplaki\u00e1k el\u0151fordul\u00e1sa \u00e9s hisztopatol\u00f3giai vizsg\u00e1lata. FOGORVOSI SZEMLE 117 : 2 pp. 41-46. , 6 p. (2024)<\/p>\n<p><strong><u>J\u00e1kob, N.<\/u><\/strong> ; Pint\u00e9r, G.T. ; Kotmayer, L. ; <strong><u>Nagy, P. ; B\u00f6d\u00f6r, C. <\/u><\/strong>; Barab\u00e1s, P. ; B\u00e9cser, J. ; Szab\u00f3, G. ; Bogd\u00e1n, S.: A cherubismus el\u0151fordul\u00e1sa h\u00e1rom testv\u00e9rben. ORVOSI HETILAP 163 : 11 pp. 446-452. , 7 p. (2022)<\/p>\n<p>Trimmel, B\u00e1lint; Gyulai-Ga\u00e1l, Szabolcs ; Kivovics, M\u00e1rton ; <strong><u>J\u00e1kob, No\u00e9mi Piroska<\/u><\/strong> ; Heged\u0171s, Csaba ; Szab\u00f3, Bence Tam\u00e1s ; Dob\u00f3-Nagy, Csaba ; Szab\u00f3, Gy\u00f6rgy: Evaluation of the Histomorphometric and Micromorphometric Performance of a Serum Albumin-Coated Bone Allograft Combined with A-PRF for Early and Conventional Healing Protocols after Maxillary Sinus Augmentation: A Randomized Clinical Trial. MATERIALS 14 : 7 Paper: 1810 , 20 p. (2021)<\/p>\n<p>&nbsp;<\/p>\n<p>Kollabor\u00e1ci\u00f3k:<\/p>\n<p>Semmelweis Egyetem, Arc- \u00c1llcsont- Sz\u00e1jseb\u00e9szeti \u00e9s Fog\u00e1szati Klinika<\/p>\n<p>Semmelweis Egyetem, Or\u00e1lis Diagnosztikai Klinika<\/p>\n","protected":false},"excerpt":{"rendered":"<p>A sz\u00e1jseb\u00e9szeti patol\u00f3giai munkacsoport f\u0151 tev\u00e9kenys\u00e9gi ter\u00fclete a sz\u00e1j\u00fcregi \u00e9s fej-nyaki r\u00e9gi\u00f3 k\u00f3rsz\u00f6vettani \u00e9s molekul\u00e1ris diagnosztik\u00e1ja, amely mag\u00e1ban foglalja a citol\u00f3giai- \u00e9s biopszi\u00e1s mint\u00e1k, valamint a m\u0171t\u00e9ti prepar\u00e1tumok komplex feldolgoz\u00e1s\u00e1t \u00e9s \u00e9rt\u00e9kel\u00e9s\u00e9t. Kiemelt kutat\u00e1si f\u00f3kuszunk a recid\u00edv sz\u00e1j\u00fcregi laph\u00e1mr\u00e1kok progresszi\u00f3s, prognosztikai \u00e9s predikci\u00f3s biomarkereinek vizsg\u00e1lata. C\u00e9lunk olyan molekul\u00e1ris \u00e9s immunhisztok\u00e9miai jelz\u0151k azonos\u00edt\u00e1sa, amelyek seg\u00edtik a &hellip;<\/p>\n","protected":false},"author":102587,"featured_media":0,"parent":42,"menu_order":0,"comment_status":"closed","ping_status":"closed","template":"","meta":{"_acf_changed":false,"footnotes":""},"categories":[],"tags":[],"class_list":["post-8844","page","type-page","status-publish","hentry"],"acf":[],"_links":{"self":[{"href":"https:\/\/semmelweis.hu\/patologia1\/wp-json\/wp\/v2\/pages\/8844","targetHints":{"allow":["GET"]}}],"collection":[{"href":"https:\/\/semmelweis.hu\/patologia1\/wp-json\/wp\/v2\/pages"}],"about":[{"href":"https:\/\/semmelweis.hu\/patologia1\/wp-json\/wp\/v2\/types\/page"}],"author":[{"embeddable":true,"href":"https:\/\/semmelweis.hu\/patologia1\/wp-json\/wp\/v2\/users\/102587"}],"replies":[{"embeddable":true,"href":"https:\/\/semmelweis.hu\/patologia1\/wp-json\/wp\/v2\/comments?post=8844"}],"version-history":[{"count":3,"href":"https:\/\/semmelweis.hu\/patologia1\/wp-json\/wp\/v2\/pages\/8844\/revisions"}],"predecessor-version":[{"id":8853,"href":"https:\/\/semmelweis.hu\/patologia1\/wp-json\/wp\/v2\/pages\/8844\/revisions\/8853"}],"up":[{"embeddable":true,"href":"https:\/\/semmelweis.hu\/patologia1\/wp-json\/wp\/v2\/pages\/42"}],"wp:attachment":[{"href":"https:\/\/semmelweis.hu\/patologia1\/wp-json\/wp\/v2\/media?parent=8844"}],"wp:term":[{"taxonomy":"category","embeddable":true,"href":"https:\/\/semmelweis.hu\/patologia1\/wp-json\/wp\/v2\/categories?post=8844"},{"taxonomy":"post_tag","embeddable":true,"href":"https:\/\/semmelweis.hu\/patologia1\/wp-json\/wp\/v2\/tags?post=8844"}],"curies":[{"name":"wp","href":"https:\/\/api.w.org\/{rel}","templated":true}]}}