{"id":8649,"date":"2025-05-18T23:51:05","date_gmt":"2025-05-18T21:51:05","guid":{"rendered":"https:\/\/semmelweis.hu\/patologia1\/?page_id=8649"},"modified":"2025-05-19T10:29:24","modified_gmt":"2025-05-19T08:29:24","slug":"molekularis-gomba-meghatarozas","status":"publish","type":"page","link":"https:\/\/semmelweis.hu\/patologia1\/vizsgalatkeres\/molekularis-gomba-meghatarozas\/","title":{"rendered":"Molekul\u00e1ris Gomba meghat\u00e1roz\u00e1s"},"content":{"rendered":"<p>LET\u00d6LTHET\u0150 K\u00c9R\u0150LAP:\u00a0 <a href=\"https:\/\/semmelweis.hu\/patologia1\/files\/2025\/05\/MolGomba_Vizsgalatkero_SE_PAT_2025.pdf\">PDF FORM\u00c1TUM<\/a><\/p>\n<p>&nbsp;<\/p>\n<p>A modern mikrobiol\u00f3giai diagnosztika kutat\u00e1sok felismert\u00e9k, hogy patog\u00e9n gomb\u00e1k t\u00f6bbs\u00e9ge \u00f6r\u00f6k\u00edt\u0151anyagukban megtal\u00e1lhat\u00f3 \u00fan. barcode r\u00e9gi\u00f3k alapj\u00e1n gyorsan \u00e9s egy\u00e9rtelm\u0171en meghat\u00e1rozhat\u00f3.\u00a0 Ez\u00e9rt a DNS alap\u00fa identifik\u00e1ci\u00f3 imm\u00e1r a nemzetk\u00f6zi aj\u00e1nl\u00e1sok r\u00e9sz\u00e9t is k\u00e9pezi. A fentieken t\u00fal a m\u00f3dszer el\u0151nye, hogy olyan mint\u00e1kb\u00f3l (pl. m\u0171t\u00e9t kapcs\u00e1n elt\u00e1vol\u00edtott sz\u00f6vet) is lehet\u0151v\u00e9 teszi a gomba azonos\u00edt\u00e1s\u00e1t, amelyekb\u0151l teny\u00e9szt\u00e9s nem k\u00e9sz\u00fclt, vagy sikertelen volt. A k\u00f3rsz\u00f6vettani metszeteken \u00e9szlelt gombak\u00e9pletek mikroszk\u00f3pos megjelen\u00e9se utalhat a k\u00f3rokoz\u00f3 rendszertani hovatartoz\u00e1s\u00e1ra, a nemzets\u00e9g vagy faj szint\u0171 meghat\u00e1roz\u00e1s viszont ezen a m\u00f3don \u00a0bizonytalans\u00e1ggal terhelt. \u00a0A k\u00f3rokoz\u00f3 gomb\u00e1k elt\u00e9r\u0151 m\u00e9rt\u00e9kben \u00e9rz\u00e9kenyek a rendelkez\u00e9se \u00e1ll\u00f3 gombaellenes vegy\u00fcletekre, ez\u00e9rt a sz\u00f6vettani blokkokb\u00f3l elv\u00e9gzett molekul\u00e1ris gombavizsg\u00e1lat l\u00e9p\u00e9st jelenthet a s\u00falyos mik\u00f3zisban szenved\u0151 p\u00e1ciensek ter\u00e1pi\u00e1j\u00e1nak pontos megv\u00e1laszt\u00e1s\u00e1ban.<\/p>\n<p>&nbsp;<\/p>\n<p>Int\u00e9zet\u00fcnkben real-time PCR \u00e9s DNS-szekven\u00e1l\u00e1s alap\u00fa molekul\u00e1ris gombadiagnosztikai m\u00f3dszerek \u00e9rhet\u0151k el:<\/p>\n<p>&nbsp;<\/p>\n<ol>\n<li><strong>Vizsg\u00e1lat biopszi\u00e1s anyagb\u00f3l:<\/strong> a biopszi\u00e1s anyagok Int\u00e9zet\u00fcnkben el\u0151sz\u00f6r k\u00f3rsz\u00f6vettani vizsg\u00e1laton esnek \u00e1t. Amennyiben a sz\u00f6vettani vizsg\u00e1lat a sz\u00f6vetekben gombaelemeket azonos\u00edt, a sz\u00f6vettani blokkb\u00f3l molekul\u00e1ris vizsg\u00e1lat ind\u00edthat\u00f3 a k\u00f3rokoz\u00f3 gomba meghat\u00e1roz\u00e1sa c\u00e9lj\u00e1b\u00f3l. Amennyiben a k\u00f3rsz\u00f6vettani vizsg\u00e1lat eredm\u00e9nye nem utal gomba infekci\u00f3ra, molekul\u00e1ris vizsg\u00e1lat nem k\u00e9sz\u00fcl. A molekul\u00e1ris vizsg\u00e1lat c\u00e9lja teh\u00e1t nem a gomba infekci\u00f3 meg\u00e1llap\u00edt\u00e1sa, hanem a k\u00f3rokoz\u00f3 meghat\u00e1roz\u00e1sa. A sz\u00f6vettani blokkon v\u00e9gzett, gomba ir\u00e1ny\u00fa molekul\u00e1ris vizsg\u00e1latok kb. 75%-\u00e1ban sikeres a nemzets\u00e9g szint\u0171 meghat\u00e1roz\u00e1s, m\u00edg az esetek kb. 50%-\u00e1ban adhat\u00f3 meg faj vagy fajkomplex szint\u0171 meghat\u00e1roz\u00e1s. Bronchoalveolaris lavage-b\u00f3l \u00e9s liquorb\u00f3l is jelenleg kiz\u00e1r\u00f3lag abban az esetben \u00e1ll m\u00f3dunkban molekul\u00e1ris identifik\u00e1ci\u00f3t megk\u00eds\u00e9relni, amennyiben a mikroszk\u00f3pos vizsg\u00e1lat gombaelemeket mutat ki. V\u00e9rb\u0151l \u00e9s annak frakci\u00f3ib\u00f3l a vizsg\u00e1latot elv\u00e9gezni jelenleg nem \u00e1ll m\u00f3dunkban. A vizsg\u00e1lat lelet\u00e1tfordul\u00e1si ideje a pozit\u00edv k\u00f3rsz\u00f6vettani eredm\u00e9nyt\u0151l sz\u00e1m\u00edtva 3-5 munkanap.<\/li>\n<\/ol>\n<p>&nbsp;<\/p>\n<ol start=\"2\">\n<li><strong>Vizsg\u00e1lat teny\u00e9szetb\u0151l:<\/strong> a DNS alap\u00fa vizsg\u00e1lat lehet\u0151v\u00e9 teheti hagyom\u00e1nyos mikrobiol\u00f3giai m\u00f3dszerekkel \u00e9s esetenk\u00e9nt m\u00e9g MALDI-TOF vizsg\u00e1lattal sem megk\u00fcl\u00f6nb\u00f6ztethet\u0151 fajok meghat\u00e1roz\u00e1s\u00e1t, \u00edgy seg\u00edts\u00e9get ny\u00fajthat a problematikusan meghat\u00e1rozhat\u00f3 izol\u00e1tumok eset\u00e9n. A vizsg\u00e1latot els\u0151sorban olyan atipikus klinikai gombaizol\u00e1tumok eset\u00e9n aj\u00e1nljuk, melyek eset\u00e9n k\u00e9tely mer\u00fcl fel a meghat\u00e1roz\u00e1s sor\u00e1n, vagy lass\u00fa n\u00f6veked\u00e9s\u0171 teny\u00e9szet eset\u00e9n kiemelten fontos a meghat\u00e1roz\u00e1s idej\u00e9nek ler\u00f6vid\u00edt\u00e9se. A vizsg\u00e1lat v\u00e1rhat\u00f3 lelet\u00e1tfordul\u00e1si ideje 3-5 munkanap. A vizsg\u00e1lathoz DNS izol\u00e1tumot, molekul\u00e1ris biol\u00f3giai c\u00e9loknak megfelel\u0151 tisztas\u00e1g\u00fa 70%-os etanolban vagy laborat\u00f3riumunk \u00e1ltal biztos\u00edtott pufferben fix\u00e1lt gombaelemeket fogadunk.\u00a0 A fix\u00e1l\u00e1shoz k\u00e9r\u00e9sre protokollt \u00e9s puffert bocs\u00e1tunk rendelkez\u00e9sre.<\/li>\n<\/ol>\n<p>&nbsp;<\/p>\n<p><em>Inform\u00e1ci\u00f3: Zajta Erik (PhD), biol\u00f3gus, <\/em><\/p>\n<p><em>e-mail: <\/em><em>zajta.erik@semmelweis.hu<\/em><em>\u00a0<\/em><\/p>\n<p><em>tel.: +36 1 459 1500\/54406<\/em><\/p>\n<p>&nbsp;<\/p>\n<p>LET\u00d6LTHET\u0150 K\u00c9R\u0150LAP:\u00a0 <a href=\"https:\/\/semmelweis.hu\/patologia1\/files\/2025\/05\/MolGomba_Vizsgalatkero_SE_PAT_2025.pdf\">PDF FORM\u00c1TUM<\/a><\/p>\n","protected":false},"excerpt":{"rendered":"<p>LET\u00d6LTHET\u0150 K\u00c9R\u0150LAP:\u00a0 <a href=\"https:\/\/semmelweis.hu\/patologia1\/files\/2025\/05\/MolGomba_Vizsgalatkero_SE_PAT_2025.pdf\">PDF FORM\u00c1TUM<\/a> &nbsp; A modern mikrobiol\u00f3giai diagnosztika kutat\u00e1sok felismert\u00e9k, hogy patog\u00e9n gomb\u00e1k t\u00f6bbs\u00e9ge \u00f6r\u00f6k\u00edt\u0151anyagukban megtal\u00e1lhat\u00f3 \u00fan. barcode r\u00e9gi\u00f3k alapj\u00e1n gyorsan \u00e9s egy\u00e9rtelm\u0171en meghat\u00e1rozhat\u00f3.\u00a0 Ez\u00e9rt a DNS alap\u00fa identifik\u00e1ci\u00f3 imm\u00e1r a nemzetk\u00f6zi aj\u00e1nl\u00e1sok r\u00e9sz\u00e9t is k\u00e9pezi. A fentieken t\u00fal a m\u00f3dszer el\u0151nye, hogy olyan mint\u00e1kb\u00f3l (pl. m\u0171t\u00e9t kapcs\u00e1n elt\u00e1vol\u00edtott sz\u00f6vet) is lehet\u0151v\u00e9 teszi a gomba azonos\u00edt\u00e1s\u00e1t, &hellip;<\/p>\n","protected":false},"author":54,"featured_media":0,"parent":299,"menu_order":0,"comment_status":"closed","ping_status":"closed","template":"","meta":{"_acf_changed":false,"footnotes":""},"categories":[],"tags":[],"class_list":["post-8649","page","type-page","status-publish","hentry"],"acf":[],"_links":{"self":[{"href":"https:\/\/semmelweis.hu\/patologia1\/wp-json\/wp\/v2\/pages\/8649","targetHints":{"allow":["GET"]}}],"collection":[{"href":"https:\/\/semmelweis.hu\/patologia1\/wp-json\/wp\/v2\/pages"}],"about":[{"href":"https:\/\/semmelweis.hu\/patologia1\/wp-json\/wp\/v2\/types\/page"}],"author":[{"embeddable":true,"href":"https:\/\/semmelweis.hu\/patologia1\/wp-json\/wp\/v2\/users\/54"}],"replies":[{"embeddable":true,"href":"https:\/\/semmelweis.hu\/patologia1\/wp-json\/wp\/v2\/comments?post=8649"}],"version-history":[{"count":4,"href":"https:\/\/semmelweis.hu\/patologia1\/wp-json\/wp\/v2\/pages\/8649\/revisions"}],"predecessor-version":[{"id":8960,"href":"https:\/\/semmelweis.hu\/patologia1\/wp-json\/wp\/v2\/pages\/8649\/revisions\/8960"}],"up":[{"embeddable":true,"href":"https:\/\/semmelweis.hu\/patologia1\/wp-json\/wp\/v2\/pages\/299"}],"wp:attachment":[{"href":"https:\/\/semmelweis.hu\/patologia1\/wp-json\/wp\/v2\/media?parent=8649"}],"wp:term":[{"taxonomy":"category","embeddable":true,"href":"https:\/\/semmelweis.hu\/patologia1\/wp-json\/wp\/v2\/categories?post=8649"},{"taxonomy":"post_tag","embeddable":true,"href":"https:\/\/semmelweis.hu\/patologia1\/wp-json\/wp\/v2\/tags?post=8649"}],"curies":[{"name":"wp","href":"https:\/\/api.w.org\/{rel}","templated":true}]}}