{"id":8002,"date":"2023-05-21T09:27:44","date_gmt":"2023-05-21T07:27:44","guid":{"rendered":"https:\/\/semmelweis.hu\/patologia1\/?page_id=8002"},"modified":"2026-02-12T10:40:21","modified_gmt":"2026-02-12T09:40:21","slug":"kardiogenetikai-vizsgalatok","status":"publish","type":"page","link":"https:\/\/semmelweis.hu\/patologia1\/vizsgalatkeres\/kardiogenetikai-vizsgalatok\/","title":{"rendered":"Kardiogenetikai vizsg\u00e1latok"},"content":{"rendered":"<p style=\"text-align: justify\"><strong>Int\u00e9zet\u00fcnk<span style=\"color: #000000\"> Molekul\u00e1ris Diagnosztika r\u00e9szlege a legkorszer\u0171bb \u00fajgener\u00e1ci\u00f3s szekven\u00e1l\u00e1si technol\u00f3gi\u00e1t alkalmazva v\u00e9gez kardiogenetikai vizsg\u00e1latokat sz\u00e1mos \u00f6r\u00f6kl\u0151d\u0151 kardiovaszkul\u00e1ris megbeteged\u00e9s eset\u00e9ben, \u00f6sszesen 174 g\u00e9nt vizsg\u00e1lva.<\/span><\/strong><\/p>\n<p style=\"text-align: justify\"><span style=\"color: #000000\">A vizsg\u00e1lat indik\u00e1ci\u00f3ja klinikai genetikai tan\u00e1csad\u00e1s keret\u00e9n bel\u00fcl t\u00f6rt\u00e9nik. El\u0151jegyz\u00e9s az al\u00e1bbi email c\u00edmen k\u00e9rhet\u0151:\u00a0<\/span><\/p>\n<p>genetikapkri@semmelweis.hu<\/p>\n<p><span style=\"color: #000000\">A vizsg\u00e1lathoz felt\u00e9tlen\u00fcl sz\u00fcks\u00e9ges a beleegyez\u0151 nyilatkozat al\u00e1\u00edr\u00e1sa a beteg \u00e1ltal.<\/span><\/p>\n<p><strong><a href=\"https:\/\/semmelweis.hu\/patologia1\/files\/2023\/05\/Beleegyezo_cardiogenetikai_vizsgalathoz_jav-2021-07-22_2023-05-21.pdf\">Beleegyez\u0151 nyilatkozat<\/a><\/strong><\/p>\n<p>A vizsg\u00e1latot indik\u00e1l\u00f3 klinikus vagy klinikai genetikus \u00e1ltal az a<span style=\"color: #000000\">l\u00e1bbi vizsg\u00e1lati k\u00e9r\u0151lap kit\u00f6lt\u00e9<\/span>se sz\u00fcks\u00e9ges.<\/p>\n<p><strong><a href=\"https:\/\/semmelweis.hu\/patologia1\/files\/2021\/11\/2021-cardiogenetika-ver1-20210715.pdf\">Kardiogenetikai vizsg\u00e1lati k\u00e9r\u0151lap<\/a><\/strong><\/p>\n<p style=\"text-align: justify\">A vizsg\u00e1lat finansz\u00edroz\u00e1sa \u00fagyneve<span style=\"color: #000000\">zett egyedi m\u00e9lt\u00e1nyoss\u00e1gi k\u00e9relem (EMK) elj\u00e1r\u00e1s form\u00e1j\u00e1ban val\u00f3sul meg, amely sor\u00e1n a vizsg\u00e1lat finansz\u00edroz\u00e1s\u00e1t egyedileg sz\u00fcks\u00e9ges k\u00e9relmezni a Nemzeti<\/span> Eg\u00e9szs\u00e9gbiztos\u00edt\u00e1si Alapkezel\u0151n\u00e9l (NEAK). Az ehhez sz\u00fcks\u00e9ges dokument\u00e1ci\u00f3 \u00f6ssze\u00e1ll\u00edt\u00e1sa a klinikai genetikai tan\u00e1csad\u00e1s alkalm\u00e1val t\u00f6rt\u00e9nik meg. A vizsg\u00e1latot k\u00e9r\u0151 szakorvos \u00e9s a beteg is \u00e9rtes\u00edt\u00e9st kapnak a d\u00f6nt\u00e9sr\u0151l<\/p>\n<p>&nbsp;<\/p>\n<p>Elutas\u00edtott egyedi finansz\u00edroz\u00e1si k\u00e9relem eset\u00e9n a vizsg\u00e1lat mag\u00e1nfinansz\u00edroz\u00e1sban el\u00e9rhet\u0151 a <a href=\"https:\/\/semmelweiskft.hu\">Semmelweis Eg\u00e9szs\u00e9g\u00fcgyi kft<\/a> szolg\u00e1ltat\u00e1sak\u00e9nt.<\/p>\n<p>Tov\u00e1bbi inform\u00e1ci\u00f3 <span style=\"color: #000000\">az elojegyzes@semmelweiskft.hu c\u00edmen k\u00e9rhet\u0151.<\/span><\/p>\n<p>&nbsp;<\/p>\n<figure id=\"attachment_8007\" aria-describedby=\"caption-attachment-8007\" style=\"width: 753px\" class=\"wp-caption aligncenter\"><a href=\"https:\/\/semmelweis.hu\/patologia1\/?attachment_id=8007\"><img loading=\"lazy\" decoding=\"async\" class=\"wp-image-8007 size-large\" src=\"https:\/\/semmelweis.hu\/patologia1\/files\/2023\/05\/Kardiogenetika-ismerteto-1024x722.png\" alt=\"\" width=\"753\" height=\"531\" srcset=\"https:\/\/semmelweis.hu\/patologia1\/files\/2023\/05\/Kardiogenetika-ismerteto-1024x722.png 1024w, https:\/\/semmelweis.hu\/patologia1\/files\/2023\/05\/Kardiogenetika-ismerteto-400x282.png 400w, https:\/\/semmelweis.hu\/patologia1\/files\/2023\/05\/Kardiogenetika-ismerteto-768x542.png 768w, https:\/\/semmelweis.hu\/patologia1\/files\/2023\/05\/Kardiogenetika-ismerteto-1536x1084.png 1536w, https:\/\/semmelweis.hu\/patologia1\/files\/2023\/05\/Kardiogenetika-ismerteto-2048x1445.png 2048w, https:\/\/semmelweis.hu\/patologia1\/files\/2023\/05\/Kardiogenetika-ismerteto-753x531.png 753w\" sizes=\"auto, (max-width: 753px) 100vw, 753px\" \/><\/a><figcaption id=\"caption-attachment-8007\" class=\"wp-caption-text\">Ismertet\u0151 a Semmelweis Egyetem komplex kardiogenetikai vizsg\u00e1lat\u00e1r\u00f3l.<\/figcaption><\/figure>\n<p>&nbsp;<\/p>\n<p><strong>Irodalom:<\/strong><\/p>\n<p>\u00c1ttekint\u0151 <a href=\"https:\/\/semmelweis.hu\/patologia1\/files\/2023\/05\/CH_2022_1_nagy_beata2.pdf\">k\u00f6zlem\u00e9ny<\/a> a <a href=\"https:\/\/semmelweis.hu\/patologia1\/files\/2023\/05\/CH_2022_1_nagy_beata2.pdf\">kardiogenetikai<\/a> vizsg\u00e1latok jelent\u0151s\u00e9g\u00e9r\u0151l.<\/p>\n<p><a href=\"https:\/\/semmelweis.hu\/hirek\/2021\/09\/28\/kardiogenetikai-ambulancia-segit-az-oroklodo-betegsegek-felismereseben-a-semmelweis-egyetemen\/\">Ismertet\u0151<\/a> a Semmelweis Egyetem kardiogenetikai ambulanci\u00e1j\u00e1nak indul\u00e1s\u00e1r\u00f3l.<\/p>\n","protected":false},"excerpt":{"rendered":"<p>Int\u00e9zet\u00fcnk Molekul\u00e1ris Diagnosztika r\u00e9szlege a legkorszer\u0171bb \u00fajgener\u00e1ci\u00f3s szekven\u00e1l\u00e1si technol\u00f3gi\u00e1t alkalmazva v\u00e9gez kardiogenetikai vizsg\u00e1latokat sz\u00e1mos \u00f6r\u00f6kl\u0151d\u0151 kardiovaszkul\u00e1ris megbeteged\u00e9s eset\u00e9ben, \u00f6sszesen 174 g\u00e9nt vizsg\u00e1lva. A vizsg\u00e1lat indik\u00e1ci\u00f3ja klinikai genetikai tan\u00e1csad\u00e1s keret\u00e9n bel\u00fcl t\u00f6rt\u00e9nik. El\u0151jegyz\u00e9s az al\u00e1bbi email c\u00edmen k\u00e9rhet\u0151:\u00a0 genetikapkri@semmelweis.hu A vizsg\u00e1lathoz felt\u00e9tlen\u00fcl sz\u00fcks\u00e9ges a beleegyez\u0151 nyilatkozat al\u00e1\u00edr\u00e1sa a beteg \u00e1ltal. <a href=\"https:\/\/semmelweis.hu\/patologia1\/files\/2023\/05\/Beleegyezo_cardiogenetikai_vizsgalathoz_jav-2021-07-22_2023-05-21.pdf\">Beleegyez\u0151 nyilatkozat<\/a> A vizsg\u00e1latot indik\u00e1l\u00f3 klinikus vagy klinikai &hellip;<\/p>\n","protected":false},"author":101021,"featured_media":0,"parent":299,"menu_order":0,"comment_status":"closed","ping_status":"closed","template":"","meta":{"_acf_changed":false,"footnotes":""},"categories":[],"tags":[],"class_list":["post-8002","page","type-page","status-publish","hentry"],"acf":[],"_links":{"self":[{"href":"https:\/\/semmelweis.hu\/patologia1\/wp-json\/wp\/v2\/pages\/8002","targetHints":{"allow":["GET"]}}],"collection":[{"href":"https:\/\/semmelweis.hu\/patologia1\/wp-json\/wp\/v2\/pages"}],"about":[{"href":"https:\/\/semmelweis.hu\/patologia1\/wp-json\/wp\/v2\/types\/page"}],"author":[{"embeddable":true,"href":"https:\/\/semmelweis.hu\/patologia1\/wp-json\/wp\/v2\/users\/101021"}],"replies":[{"embeddable":true,"href":"https:\/\/semmelweis.hu\/patologia1\/wp-json\/wp\/v2\/comments?post=8002"}],"version-history":[{"count":10,"href":"https:\/\/semmelweis.hu\/patologia1\/wp-json\/wp\/v2\/pages\/8002\/revisions"}],"predecessor-version":[{"id":8961,"href":"https:\/\/semmelweis.hu\/patologia1\/wp-json\/wp\/v2\/pages\/8002\/revisions\/8961"}],"up":[{"embeddable":true,"href":"https:\/\/semmelweis.hu\/patologia1\/wp-json\/wp\/v2\/pages\/299"}],"wp:attachment":[{"href":"https:\/\/semmelweis.hu\/patologia1\/wp-json\/wp\/v2\/media?parent=8002"}],"wp:term":[{"taxonomy":"category","embeddable":true,"href":"https:\/\/semmelweis.hu\/patologia1\/wp-json\/wp\/v2\/categories?post=8002"},{"taxonomy":"post_tag","embeddable":true,"href":"https:\/\/semmelweis.hu\/patologia1\/wp-json\/wp\/v2\/tags?post=8002"}],"curies":[{"name":"wp","href":"https:\/\/api.w.org\/{rel}","templated":true}]}}