{"id":7824,"date":"2022-10-18T14:21:51","date_gmt":"2022-10-18T12:21:51","guid":{"rendered":"https:\/\/semmelweis.hu\/patologia1\/?page_id=7824"},"modified":"2022-10-24T14:16:47","modified_gmt":"2022-10-24T12:16:47","slug":"adatkezeles","status":"publish","type":"page","link":"https:\/\/semmelweis.hu\/patologia1\/diagnosztika-profilok\/adatkezeles\/","title":{"rendered":"Adatkezel\u00e9s"},"content":{"rendered":"<p>Adatkezel\u00e9ssel kapcsolatos inform\u00e1ci\u00f3k el\u00e9rhet\u0151s\u00e9ge<\/p>\n<ul>\n<li><a href=\"https:\/\/semmelweis.hu\/patologia1\/files\/2022\/10\/adatkezeles-tajekoztato.pdf\">Adatkezel\u00e9si t\u00e1j\u00e9koztat\u00f3 az adatkezel\u00e9sek \u00e1ltal \u00e9rintett szem\u00e9lyek r\u00e9sz\u00e9re<\/a><\/li>\n<li><a href=\"https:\/\/semmelweis.hu\/patologia1\/files\/2022\/10\/Adatkezeles-egeszsegugyi-szolgalati-tevekenyseg.pdf\">Az adatkezel\u0151 eg\u00e9szs\u00e9g\u00fcgyi szolg\u00e1ltat\u00e1si tev\u00e9kenys\u00e9g\u00e9vel \u00f6sszef\u00fcgg\u0151 adatkezel\u00e9sekkel kapcsolatos inform\u00e1ci\u00f3k el\u00e9rhet\u0151s\u00e9ge<\/a><\/li>\n<li><a href=\"https:\/\/semmelweis.hu\/patologia1\/files\/2022\/10\/Adatkezeles-oktatas.pdf\">Az adatkezel\u0151 fels\u0151oktat\u00e1si tev\u00e9kenys\u00e9g\u00e9vel \u00f6sszef\u00fcgg\u0151 adatkezel\u00e9sekkel kapcsolatos inform\u00e1ci\u00f3k el\u00e9rhet\u0151s\u00e9ge<\/a><\/li>\n<li><a href=\"https:\/\/semmelweis.hu\/patologia1\/files\/2022\/10\/adatkezeles-kutatas.pdf\">Az adatkezel\u0151 eg\u00e9szs\u00e9g\u00fcgyi tudom\u00e1nyos kutat\u00e1si tev\u00e9kenys\u00e9g\u00e9vel \u00f6sszef\u00fcgg\u0151 adatkezel\u00e9sekkel kapcsolatos inform\u00e1ci\u00f3k el\u00e9rhet\u0151s\u00e9ge<\/a><\/li>\n<li><a href=\"https:\/\/semmelweis.hu\/patologia1\/files\/2022\/10\/Adatkezeles-penzugy-1.pdf\">Az adatkezel\u0151 p\u00e9nz\u00fcgyi szolg\u00e1ltat\u00e1si tev\u00e9kenys\u00e9g\u00e9vel \u00f6sszef\u00fcgg\u0151 adatkezel\u00e9sekkel kapcsolatos inform\u00e1ci\u00f3k el\u00e9rhet\u0151s\u00e9ge<\/a><\/li>\n<\/ul>\n","protected":false},"excerpt":{"rendered":"<p>Adatkezel\u00e9ssel kapcsolatos inform\u00e1ci\u00f3k el\u00e9rhet\u0151s\u00e9ge<\/p>\n<p><a href=\"https:\/\/semmelweis.hu\/patologia1\/files\/2022\/10\/adatkezeles-tajekoztato.pdf\">Adatkezel\u00e9si t\u00e1j\u00e9koztat\u00f3 az adatkezel\u00e9sek \u00e1ltal \u00e9rintett szem\u00e9lyek r\u00e9sz\u00e9re<\/a><br \/>\n<a href=\"https:\/\/semmelweis.hu\/patologia1\/files\/2022\/10\/Adatkezeles-egeszsegugyi-szolgalati-tevekenyseg.pdf\">Az adatkezel\u0151 eg\u00e9szs\u00e9g\u00fcgyi szolg\u00e1ltat\u00e1si tev\u00e9kenys\u00e9g\u00e9vel \u00f6sszef\u00fcgg\u0151 adatkezel\u00e9sekkel kapcsolatos inform\u00e1ci\u00f3k el\u00e9rhet\u0151s\u00e9ge<\/a><br \/>\n<a href=\"https:\/\/semmelweis.hu\/patologia1\/files\/2022\/10\/Adatkezeles-oktatas.pdf\">Az adatkezel\u0151 fels\u0151oktat\u00e1si tev\u00e9kenys\u00e9g\u00e9vel \u00f6sszef\u00fcgg\u0151 adatkezel\u00e9sekkel kapcsolatos inform\u00e1ci\u00f3k el\u00e9rhet\u0151s\u00e9ge<\/a><br \/>\n<a href=\"https:\/\/semmelweis.hu\/patologia1\/files\/2022\/10\/adatkezeles-kutatas.pdf\">Az adatkezel\u0151 eg\u00e9szs\u00e9g\u00fcgyi tudom\u00e1nyos kutat\u00e1si tev\u00e9kenys\u00e9g\u00e9vel \u00f6sszef\u00fcgg\u0151 adatkezel\u00e9sekkel kapcsolatos inform\u00e1ci\u00f3k el\u00e9rhet\u0151s\u00e9ge<\/a><br \/>\n<a href=\"https:\/\/semmelweis.hu\/patologia1\/files\/2022\/10\/Adatkezeles-penzugy-1.pdf\">Az adatkezel\u0151 p\u00e9nz\u00fcgyi szolg\u00e1ltat\u00e1si tev\u00e9kenys\u00e9g\u00e9vel \u00f6sszef\u00fcgg\u0151 adatkezel\u00e9sekkel kapcsolatos inform\u00e1ci\u00f3k el\u00e9rhet\u0151s\u00e9ge<\/a><\/p>\n","protected":false},"author":157,"featured_media":0,"parent":35,"menu_order":4,"comment_status":"closed","ping_status":"closed","template":"","meta":{"_acf_changed":false,"footnotes":""},"categories":[],"tags":[],"class_list":["post-7824","page","type-page","status-publish","hentry"],"acf":[],"_links":{"self":[{"href":"https:\/\/semmelweis.hu\/patologia1\/wp-json\/wp\/v2\/pages\/7824","targetHints":{"allow":["GET"]}}],"collection":[{"href":"https:\/\/semmelweis.hu\/patologia1\/wp-json\/wp\/v2\/pages"}],"about":[{"href":"https:\/\/semmelweis.hu\/patologia1\/wp-json\/wp\/v2\/types\/page"}],"author":[{"embeddable":true,"href":"https:\/\/semmelweis.hu\/patologia1\/wp-json\/wp\/v2\/users\/157"}],"replies":[{"embeddable":true,"href":"https:\/\/semmelweis.hu\/patologia1\/wp-json\/wp\/v2\/comments?post=7824"}],"version-history":[{"count":10,"href":"https:\/\/semmelweis.hu\/patologia1\/wp-json\/wp\/v2\/pages\/7824\/revisions"}],"predecessor-version":[{"id":7860,"href":"https:\/\/semmelweis.hu\/patologia1\/wp-json\/wp\/v2\/pages\/7824\/revisions\/7860"}],"up":[{"embeddable":true,"href":"https:\/\/semmelweis.hu\/patologia1\/wp-json\/wp\/v2\/pages\/35"}],"wp:attachment":[{"href":"https:\/\/semmelweis.hu\/patologia1\/wp-json\/wp\/v2\/media?parent=7824"}],"wp:term":[{"taxonomy":"category","embeddable":true,"href":"https:\/\/semmelweis.hu\/patologia1\/wp-json\/wp\/v2\/categories?post=7824"},{"taxonomy":"post_tag","embeddable":true,"href":"https:\/\/semmelweis.hu\/patologia1\/wp-json\/wp\/v2\/tags?post=7824"}],"curies":[{"name":"wp","href":"https:\/\/api.w.org\/{rel}","templated":true}]}}