{"id":7551,"date":"2022-03-23T08:22:51","date_gmt":"2022-03-23T07:22:51","guid":{"rendered":"https:\/\/semmelweis.hu\/patologia1\/?page_id=7551"},"modified":"2022-03-23T08:22:51","modified_gmt":"2022-03-23T07:22:51","slug":"betegjogi-kepviselo","status":"publish","type":"page","link":"https:\/\/semmelweis.hu\/patologia1\/diagnosztika-profilok\/betegjogi-kepviselo\/","title":{"rendered":"Betegjogi k\u00e9pvisel\u0151"},"content":{"rendered":"<div>\n<p>A jogv\u00e9delmi k\u00e9pvisel\u0151 az integr\u00e1lt jogv\u00e9delmi szolg\u00e1lat (IJSZ) munkat\u00e1rsa.\u00a0 A jogv\u00e9delmi k\u00e9pvisel\u0151 az eg\u00e9szs\u00e9g\u00fcgyi int\u00e9zm\u00e9nyt\u0151l f\u00fcggetlen szem\u00e9ly.\u00a0<\/p>\n<\/div>\n<div><strong>A Patol\u00f3giai \u00e9s K\u00eds\u00e9rleti R\u00e1kkutat\u00f3 Int\u00e9zet betegjogi k\u00e9pvisel\u0151je:<\/strong><\/div>\n<div>Lengyel Ingrid<br \/>\nbetegjogi k\u00e9pvisel\u0151<br \/>\nTelefon: +36\/20\/4899-609<br \/>\ne-mail c\u00edm:\u00a0<a href=\"mailto:ingrid.lengyel@ijb.emmi.gov.hu\">ingrid.lengyel@ijb.emmi.gov.hu<\/a><\/div>\n","protected":false},"excerpt":{"rendered":"<p>A jogv\u00e9delmi k\u00e9pvisel\u0151 az integr\u00e1lt jogv\u00e9delmi szolg\u00e1lat (IJSZ) munkat\u00e1rsa.\u00a0 A jogv\u00e9delmi k\u00e9pvisel\u0151 az eg\u00e9szs\u00e9g\u00fcgyi int\u00e9zm\u00e9nyt\u0151l f\u00fcggetlen szem\u00e9ly.\u00a0<\/p>\n<p>A Patol\u00f3giai \u00e9s K\u00eds\u00e9rleti R\u00e1kkutat\u00f3 Int\u00e9zet betegjogi k\u00e9pvisel\u0151je:<br \/>\nLengyel Ingrid<br \/>\nbetegjogi k\u00e9pvisel\u0151<br \/>\nTelefon: +36\/20\/4899-609<br \/>\ne-mail c\u00edm:\u00a0<a href=\"mailto:ingrid.lengyel@ijb.emmi.gov.hu\">ingrid.lengyel@ijb.emmi.gov.hu<\/a><\/p>\n","protected":false},"author":54,"featured_media":0,"parent":35,"menu_order":2000,"comment_status":"closed","ping_status":"closed","template":"","meta":{"_acf_changed":false,"footnotes":""},"categories":[],"tags":[],"class_list":["post-7551","page","type-page","status-publish","hentry"],"acf":[],"_links":{"self":[{"href":"https:\/\/semmelweis.hu\/patologia1\/wp-json\/wp\/v2\/pages\/7551","targetHints":{"allow":["GET"]}}],"collection":[{"href":"https:\/\/semmelweis.hu\/patologia1\/wp-json\/wp\/v2\/pages"}],"about":[{"href":"https:\/\/semmelweis.hu\/patologia1\/wp-json\/wp\/v2\/types\/page"}],"author":[{"embeddable":true,"href":"https:\/\/semmelweis.hu\/patologia1\/wp-json\/wp\/v2\/users\/54"}],"replies":[{"embeddable":true,"href":"https:\/\/semmelweis.hu\/patologia1\/wp-json\/wp\/v2\/comments?post=7551"}],"version-history":[{"count":1,"href":"https:\/\/semmelweis.hu\/patologia1\/wp-json\/wp\/v2\/pages\/7551\/revisions"}],"predecessor-version":[{"id":7552,"href":"https:\/\/semmelweis.hu\/patologia1\/wp-json\/wp\/v2\/pages\/7551\/revisions\/7552"}],"up":[{"embeddable":true,"href":"https:\/\/semmelweis.hu\/patologia1\/wp-json\/wp\/v2\/pages\/35"}],"wp:attachment":[{"href":"https:\/\/semmelweis.hu\/patologia1\/wp-json\/wp\/v2\/media?parent=7551"}],"wp:term":[{"taxonomy":"category","embeddable":true,"href":"https:\/\/semmelweis.hu\/patologia1\/wp-json\/wp\/v2\/categories?post=7551"},{"taxonomy":"post_tag","embeddable":true,"href":"https:\/\/semmelweis.hu\/patologia1\/wp-json\/wp\/v2\/tags?post=7551"}],"curies":[{"name":"wp","href":"https:\/\/api.w.org\/{rel}","templated":true}]}}