{"id":7318,"date":"2021-12-14T10:17:43","date_gmt":"2021-12-14T09:17:43","guid":{"rendered":"https:\/\/semmelweis.hu\/patologia1\/?page_id=7318"},"modified":"2026-01-15T10:00:41","modified_gmt":"2026-01-15T09:00:41","slug":"hematopatologiai-vizsgalatok","status":"publish","type":"page","link":"https:\/\/semmelweis.hu\/patologia1\/vizsgalatkeres\/hematopatologiai-vizsgalatok\/","title":{"rendered":"Hematopatol\u00f3giai vizsg\u00e1latok"},"content":{"rendered":"<div style=\"text-align: center\"><span style=\"font-size: 16pt\"><strong>K\u00c9RJ\u00dcK, HOGY\u00a0 A\u00a0 VIZSG\u00c1LATI\u00a0 EREDM\u00c9NYEK\u00a0 ST\u00c1TUSZ\u00c1R\u00d3L\u00a0 AZ\u00a0 AL\u00c1BBI H\u00cdV\u00d3SZ\u00c1MON\u00a0 \u00c9RDEKL\u0150DJENEK:\u00a0\u00a0 <br \/>\n(06-1) 459-1550 \/ 54400<\/strong><\/span><\/div>\n<div>\u00a0<\/div>\n<p>K\u00e9rj\u00fck, hogy amennyiben az al\u00e1bbi vizsg\u00e1latokat rendeli meg int\u00e9zet\u00fcnkt\u0151l, a mell\u00e9kelt k\u00e9r\u0151lapot\/online k\u00e9r\u0151lapot is t\u00f6lts\u00e9k ki \u00e9s k\u00fcldj\u00e9k el a vizsg\u00e1lati anyaggal egy\u00fctt.<\/p>\n<div>\n<p>Egy adott szakter\u00fclet vizsg\u00e1latk\u00e9r\u00e9se eset\u00e9n, amennyiben m\u00e1r rendelkez\u00e9sre \u00e1ll (ld. al\u00e1bb) az online vizsg\u00e1latk\u00e9r\u0151 oldal a InfoFrame keretrendszer\u00fcnk\u00f6n bel\u00fcl, ott k\u00e9rj\u00fck az anyagokat ezen a fel\u00fcleten feladni.\u00a0<\/p>\n<p>Az InfoFrame elektronikus vizsg\u00e1latk\u00e9r\u0151 keretrendszer haszn\u00e1lata eset\u00e9n (online k\u00e9r\u0151lapok) k\u00e9rj\u00fck olvassa el az oldalon tal\u00e1lhat\u00f3 kit\u00f6lt\u00e9si \u00fatmutat\u00f3t (<a href=\"http:\/\/193.6.208.214\/infoFrame\/Content\/Forms\/info\/info.html\">Info<\/a>)<\/p>\n<\/div>\n<hr \/>\n<p><a href=\"https:\/\/semmelweis.hu\/patologia1\/files\/2021\/07\/2.-Adatkezel%C3%A9si-t%C3%A1j%C3%A9koztat%C3%B3.pdf\">Adatkezel\u00e9si t\u00e1j\u00e9koztat\u00f3<\/a><\/p>\n<div>\n<hr \/>\n<\/div>\n<p><strong>HEMATOPATOL\u00d3GIA \u00c1LTAL\u00c1NOS VIZSG\u00c1LATK\u00c9R\u0150<\/strong><\/p>\n<p style=\"text-align: justify\"><span style=\"color: #ff0000\">FIGYELEM: Az online kit\u00f6lthet\u0151 vizsg\u00e1latk\u00e9r\u0151 lap haszn\u00e1lata eset\u00e9n a k\u00e9r\u00e9s csak a <span style=\"text-decoration: underline\">minta be\u00e9rkez\u00e9sekor<\/span> v\u00e1lik l\u00e1that\u00f3v\u00e1 a laborat\u00f3rium r\u00e9sz\u00e9re. Ez\u00e9rt k\u00e9rj\u00fck kinyomtatva elk\u00fcldeni.<\/span><\/p>\n<p style=\"text-align: justify\"><span style=\"text-decoration: underline\"><span style=\"color: #ff0000;text-decoration: underline\">Amennyiben a vizsg\u00e1latk\u00e9r\u00e9s m\u00e1r az int\u00e9zet\u00fcnkben l\u00e9v\u0151 mint\u00e1b\u00f3l t\u00f6rt\u00e9nik, k\u00e9rj\u00fck haszn\u00e1lj\u00e1k a pdf k\u00e9r\u0151lapokat.<\/span><\/span><\/p>\n<ul>\n<li>Hematopatol\u00f3gia \u00c1LTAL\u00c1NOS <a href=\"http:\/\/193.6.208.214\/infoframe\/Page\/Hematologia_altalanos\" target=\"_blank\" rel=\"noopener noreferrer\">vizsg\u00e1latk\u00e9r\u0151 lap [online kit\u00f6lthet\u0151]<\/a>\n<ul>\n<li><span style=\"font-size: 12pt\">PDF form\u00e1tum (amennyiben az online aktu\u00e1lisan nem el\u00e9rhet\u0151) &#8211; <a href=\"https:\/\/semmelweis.hu\/patologia1\/files\/2019\/02\/SE1Path-2019-altalanos-kerolap-ver5-20190201.pdf\" download=\"\">PDF<\/a><\/span><\/li>\n<\/ul>\n<\/li>\n<\/ul>\n<p><strong>HEMATOPATOL\u00d3GIAI MOLEKUL\u00c1RIS VIZSG\u00c1LATK\u00c9R\u0150<\/strong><\/p>\n<ul>\n<li>CLL-hez molekul\u00e1ris vizsg\u00e1latk\u00e9r\u0151 lap\u00a0 &#8211; <a href=\"https:\/\/semmelweis.hu\/patologia1\/files\/2019\/02\/SE1Path-2019-molekularis-cll-kerolap-ver5-20190201.pdf\" download=\"\">PDF<\/a><\/li>\n<li><a href=\"https:\/\/semmelweis.hu\/patologia1\/diagnosztika-profilok\/vizsgalatkeres\/lymphoid-es-myeloid-ngs\/\">Myeloid \u00e9s lymphoid NGS k\u00e9r\u0151lap<\/a><\/li>\n<\/ul>\n","protected":false},"excerpt":{"rendered":"<p>K\u00c9RJ\u00dcK, HOGY\u00a0 A\u00a0 VIZSG\u00c1LATI\u00a0 EREDM\u00c9NYEK\u00a0 ST\u00c1TUSZ\u00c1R\u00d3L\u00a0 AZ\u00a0 AL\u00c1BBI H\u00cdV\u00d3SZ\u00c1MON\u00a0 \u00c9RDEKL\u0150DJENEK:\u00a0\u00a0 (06-1) 459-1550 \/ 54400 \u00a0 K\u00e9rj\u00fck, hogy amennyiben az al\u00e1bbi vizsg\u00e1latokat rendeli meg int\u00e9zet\u00fcnkt\u0151l, a mell\u00e9kelt k\u00e9r\u0151lapot\/online k\u00e9r\u0151lapot is t\u00f6lts\u00e9k ki \u00e9s k\u00fcldj\u00e9k el a vizsg\u00e1lati anyaggal egy\u00fctt. Egy adott szakter\u00fclet vizsg\u00e1latk\u00e9r\u00e9se eset\u00e9n, amennyiben m\u00e1r rendelkez\u00e9sre \u00e1ll (ld. al\u00e1bb) az online vizsg\u00e1latk\u00e9r\u0151 oldal a InfoFrame &hellip;<\/p>\n","protected":false},"author":54,"featured_media":0,"parent":299,"menu_order":0,"comment_status":"closed","ping_status":"closed","template":"","meta":{"_acf_changed":false,"footnotes":""},"categories":[],"tags":[],"class_list":["post-7318","page","type-page","status-publish","hentry"],"acf":[],"_links":{"self":[{"href":"https:\/\/semmelweis.hu\/patologia1\/wp-json\/wp\/v2\/pages\/7318","targetHints":{"allow":["GET"]}}],"collection":[{"href":"https:\/\/semmelweis.hu\/patologia1\/wp-json\/wp\/v2\/pages"}],"about":[{"href":"https:\/\/semmelweis.hu\/patologia1\/wp-json\/wp\/v2\/types\/page"}],"author":[{"embeddable":true,"href":"https:\/\/semmelweis.hu\/patologia1\/wp-json\/wp\/v2\/users\/54"}],"replies":[{"embeddable":true,"href":"https:\/\/semmelweis.hu\/patologia1\/wp-json\/wp\/v2\/comments?post=7318"}],"version-history":[{"count":2,"href":"https:\/\/semmelweis.hu\/patologia1\/wp-json\/wp\/v2\/pages\/7318\/revisions"}],"predecessor-version":[{"id":8899,"href":"https:\/\/semmelweis.hu\/patologia1\/wp-json\/wp\/v2\/pages\/7318\/revisions\/8899"}],"up":[{"embeddable":true,"href":"https:\/\/semmelweis.hu\/patologia1\/wp-json\/wp\/v2\/pages\/299"}],"wp:attachment":[{"href":"https:\/\/semmelweis.hu\/patologia1\/wp-json\/wp\/v2\/media?parent=7318"}],"wp:term":[{"taxonomy":"category","embeddable":true,"href":"https:\/\/semmelweis.hu\/patologia1\/wp-json\/wp\/v2\/categories?post=7318"},{"taxonomy":"post_tag","embeddable":true,"href":"https:\/\/semmelweis.hu\/patologia1\/wp-json\/wp\/v2\/tags?post=7318"}],"curies":[{"name":"wp","href":"https:\/\/api.w.org\/{rel}","templated":true}]}}