{"id":7295,"date":"2021-12-13T15:52:49","date_gmt":"2021-12-13T14:52:49","guid":{"rendered":"https:\/\/semmelweis.hu\/patologia1\/?page_id=7295"},"modified":"2023-05-20T22:05:20","modified_gmt":"2023-05-20T20:05:20","slug":"lymphoid-es-myeloid-ngs","status":"publish","type":"page","link":"https:\/\/semmelweis.hu\/patologia1\/vizsgalatkeres\/lymphoid-es-myeloid-ngs\/","title":{"rendered":"Lymphoid \u00e9s Myeloid NGS"},"content":{"rendered":"<p><strong><u>\u00daj-gener\u00e1ci\u00f3s szekven\u00e1l\u00e1s (NGS) vizsg\u00e1latok hematol\u00f3giai malignit\u00e1sokban<\/u><\/strong><\/p>\n<p>A hematol\u00f3giai malignit\u00e1sok genetikai h\u00e1tter\u00e9nek vizsg\u00e1lata sor\u00e1n jelenleg az al\u00e1bbi vizsg\u00e1latokat v\u00e9gezz\u00fck\u00a0<\/p>\n<p><a href=\"#QIAseqList\">QIAseq Lymphoid Targeted DNA Custom Panel<\/a><\/p>\n<p><a href=\"#QIAseqList\">QIAseq Myeloid Targeted DNA Custom Panel<\/a><\/p>\n<p><a href=\"#TrusightSeqList\">TruSight RNA Pan-Cancer Panel (lymphoid \u00e9s myeloid)<\/a><\/p>\n<p>&nbsp;<\/p>\n<p>A feljebb megnevezett kit\u00f6ltend\u0151 k\u00e9r\u0151lap:<\/p>\n<p><a href=\"https:\/\/semmelweis.hu\/patologia1\/files\/2019\/02\/2022-NGS-kerolap-ver3-20220119.pdf\">Myeloid Lymphoid NGS k\u00e9r\u0151lap<\/a><\/p>\n<p>&nbsp;<\/p>\n<p>&nbsp;<\/p>\n<p><a id=\"QIAseqList\" name=\"QIAseqList\"><\/a>VIZSG\u00c1LT G\u00c9NEK<\/p>\n<div class=\"responsive-tabs\">\n<h2 class=\"tabtitle\">QIAseq Lymphoid Targeted DNA Custom Panel<\/h2>\n<div class=\"tabcontent\">\n\n\n<table id=\"tablepress-111\" class=\"tablepress tablepress-id-111\">\n<thead>\n<tr class=\"row-1\">\n\t<th class=\"column-1\">G\u00e9nek<\/th><td class=\"column-2\"><\/td><td class=\"column-3\"><\/td>\n<\/tr>\n<\/thead>\n<tbody class=\"row-striping row-hover\">\n<tr class=\"row-2\">\n\t<td class=\"column-1\">ABL1<\/td><td class=\"column-2\">FBXW7<\/td><td class=\"column-3\">PAG1<\/td>\n<\/tr>\n<tr class=\"row-3\">\n\t<td class=\"column-1\">ABL2<\/td><td class=\"column-2\">FLT3<\/td><td class=\"column-3\">PAX5<\/td>\n<\/tr>\n<tr class=\"row-4\">\n\t<td class=\"column-1\">ARID1A<\/td><td class=\"column-2\">GATA1<\/td><td class=\"column-3\">PDGFRA<\/td>\n<\/tr>\n<tr class=\"row-5\">\n\t<td class=\"column-1\">ASMTL<\/td><td class=\"column-2\">GATA3<\/td><td class=\"column-3\">PHF6<\/td>\n<\/tr>\n<tr class=\"row-6\">\n\t<td class=\"column-1\">ASXL2<\/td><td class=\"column-2\">GNAO1<\/td><td class=\"column-3\">PIK3R1<\/td>\n<\/tr>\n<tr class=\"row-7\">\n\t<td class=\"column-1\">ASXL3<\/td><td class=\"column-2\">IDH1<\/td><td class=\"column-3\">PRPS1<\/td>\n<\/tr>\n<tr class=\"row-8\">\n\t<td class=\"column-1\">ATRX<\/td><td class=\"column-2\">IDH2<\/td><td class=\"column-3\">PTEN<\/td>\n<\/tr>\n<tr class=\"row-9\">\n\t<td class=\"column-1\">BCL11B<\/td><td class=\"column-2\">IKZF1<\/td><td class=\"column-3\">PTPN11<\/td>\n<\/tr>\n<tr class=\"row-10\">\n\t<td class=\"column-1\">BCL2<\/td><td class=\"column-2\">IKZF2<\/td><td class=\"column-3\">RB1<\/td>\n<\/tr>\n<tr class=\"row-11\">\n\t<td class=\"column-1\">BCL2A1<\/td><td class=\"column-2\">IKZF3<\/td><td class=\"column-3\">RPL10<\/td>\n<\/tr>\n<tr class=\"row-12\">\n\t<td class=\"column-1\">BCL2L2<\/td><td class=\"column-2\">IL7R<\/td><td class=\"column-3\">RPL22<\/td>\n<\/tr>\n<tr class=\"row-13\">\n\t<td class=\"column-1\">BCL6B<\/td><td class=\"column-2\">JAK1<\/td><td class=\"column-3\">RUNX1<\/td>\n<\/tr>\n<tr class=\"row-14\">\n\t<td class=\"column-1\">BCL9<\/td><td class=\"column-2\">JAK2<\/td><td class=\"column-3\">SETD2<\/td>\n<\/tr>\n<tr class=\"row-15\">\n\t<td class=\"column-1\">BCL9L<\/td><td class=\"column-2\">JAK3<\/td><td class=\"column-3\">SH2B3<\/td>\n<\/tr>\n<tr class=\"row-16\">\n\t<td class=\"column-1\">BCORL1<\/td><td class=\"column-2\">KDM6A<\/td><td class=\"column-3\">SMARCA4<\/td>\n<\/tr>\n<tr class=\"row-17\">\n\t<td class=\"column-1\">BRAF<\/td><td class=\"column-2\">KIT<\/td><td class=\"column-3\">SMARCC2<\/td>\n<\/tr>\n<tr class=\"row-18\">\n\t<td class=\"column-1\">BTK<\/td><td class=\"column-2\">KMT2A<\/td><td class=\"column-3\">STAT1<\/td>\n<\/tr>\n<tr class=\"row-19\">\n\t<td class=\"column-1\">CBL<\/td><td class=\"column-2\">KMT2C<\/td><td class=\"column-3\">STAT2<\/td>\n<\/tr>\n<tr class=\"row-20\">\n\t<td class=\"column-1\">CCND3<\/td><td class=\"column-2\">KMT2D<\/td><td class=\"column-3\">STAT3<\/td>\n<\/tr>\n<tr class=\"row-21\">\n\t<td class=\"column-1\">CDKN2A<\/td><td class=\"column-2\">KRAS<\/td><td class=\"column-3\">STAT5A<\/td>\n<\/tr>\n<tr class=\"row-22\">\n\t<td class=\"column-1\">CDKN2B<\/td><td class=\"column-2\">LEF1<\/td><td class=\"column-3\">STAT5B<\/td>\n<\/tr>\n<tr class=\"row-23\">\n\t<td class=\"column-1\">CREBBP<\/td><td class=\"column-2\">MPL<\/td><td class=\"column-3\">TBL1XR1<\/td>\n<\/tr>\n<tr class=\"row-24\">\n\t<td class=\"column-1\">CRLF2<\/td><td class=\"column-2\">MSH6<\/td><td class=\"column-3\">TCF3<\/td>\n<\/tr>\n<tr class=\"row-25\">\n\t<td class=\"column-1\">CTCF<\/td><td class=\"column-2\">MYC<\/td><td class=\"column-3\">TP53<\/td>\n<\/tr>\n<tr class=\"row-26\">\n\t<td class=\"column-1\">DDX3X<\/td><td class=\"column-2\">NCOR1<\/td><td class=\"column-3\">TUSC3<\/td>\n<\/tr>\n<tr class=\"row-27\">\n\t<td class=\"column-1\">DNM2<\/td><td class=\"column-2\">NF1<\/td><td class=\"column-3\">TYK2<\/td>\n<\/tr>\n<tr class=\"row-28\">\n\t<td class=\"column-1\">DNMT1<\/td><td class=\"column-2\">NOTCH1<\/td><td class=\"column-3\">U2AF1<\/td>\n<\/tr>\n<tr class=\"row-29\">\n\t<td class=\"column-1\">DNMT3A<\/td><td class=\"column-2\">NOTCH2<\/td><td class=\"column-3\">UBA2<\/td>\n<\/tr>\n<tr class=\"row-30\">\n\t<td class=\"column-1\">DOT1L<\/td><td class=\"column-2\">NOTCH3<\/td><td class=\"column-3\">USH2A<\/td>\n<\/tr>\n<tr class=\"row-31\">\n\t<td class=\"column-1\">EBF1<\/td><td class=\"column-2\">NR3C1<\/td><td class=\"column-3\">USP7<\/td>\n<\/tr>\n<tr class=\"row-32\">\n\t<td class=\"column-1\">EP300<\/td><td class=\"column-2\">NRAS<\/td><td class=\"column-3\">USP9X<\/td>\n<\/tr>\n<tr class=\"row-33\">\n\t<td class=\"column-1\">ETV6<\/td><td class=\"column-2\">NT5C2<\/td><td class=\"column-3\">VPREB1<\/td>\n<\/tr>\n<tr class=\"row-34\">\n\t<td class=\"column-1\">EZH2<\/td><td class=\"column-2\">NTRK3<\/td><td class=\"column-3\">WHSC1<\/td>\n<\/tr>\n<tr class=\"row-35\">\n\t<td class=\"column-1\"><\/td><td class=\"column-2\"><\/td><td class=\"column-3\">WT1<\/td>\n<\/tr>\n<tr class=\"row-36\">\n\t<td class=\"column-1\"><\/td><td class=\"column-2\"><\/td><td class=\"column-3\">ZEB2<\/td>\n<\/tr>\n<tr class=\"row-37\">\n\t<td class=\"column-1\"><\/td><td class=\"column-2\"><\/td><td class=\"column-3\">ZFP36L2<\/td>\n<\/tr>\n<\/tbody>\n<\/table>\n<!-- #tablepress-111 from cache -->\n\n<\/div><h2 class=\"tabtitle\">QIAseq Myeloid Panel<\/h2>\n<div class=\"tabcontent\">\n\n\n<table id=\"tablepress-112\" class=\"tablepress tablepress-id-112\">\n<thead>\n<tr class=\"row-1\">\n\t<th class=\"column-1\">G\u00e9nek<\/th><td class=\"column-2\"><\/td><td class=\"column-3\"><\/td><td class=\"column-4\"><\/td>\n<\/tr>\n<\/thead>\n<tbody class=\"row-striping row-hover\">\n<tr class=\"row-2\">\n\t<td class=\"column-1\">ABL1<\/td><td class=\"column-2\">FLT3<\/td><td class=\"column-3\">PDGFRA<\/td><td class=\"column-4\">TERC<\/td>\n<\/tr>\n<tr class=\"row-3\">\n\t<td class=\"column-1\">ACD<\/td><td class=\"column-2\">GATA1<\/td><td class=\"column-3\">PHF6<\/td><td class=\"column-4\">TERT<\/td>\n<\/tr>\n<tr class=\"row-4\">\n\t<td class=\"column-1\">ANKRD26<\/td><td class=\"column-2\">GATA2<\/td><td class=\"column-3\">PRPF8<\/td><td class=\"column-4\">TET2<\/td>\n<\/tr>\n<tr class=\"row-5\">\n\t<td class=\"column-1\">ASXL1<\/td><td class=\"column-2\">GNAS<\/td><td class=\"column-3\">PTPN11<\/td><td class=\"column-4\">TINF2<\/td>\n<\/tr>\n<tr class=\"row-6\">\n\t<td class=\"column-1\">BCOR<\/td><td class=\"column-2\">GNB1<\/td><td class=\"column-3\">RAD21<\/td><td class=\"column-4\">TP53<\/td>\n<\/tr>\n<tr class=\"row-7\">\n\t<td class=\"column-1\">BRAF<\/td><td class=\"column-2\">IDH1<\/td><td class=\"column-3\">RUNX1<\/td><td class=\"column-4\">U2AF1<\/td>\n<\/tr>\n<tr class=\"row-8\">\n\t<td class=\"column-1\">CALR<\/td><td class=\"column-2\">IDH2<\/td><td class=\"column-3\">SAMD9<\/td><td class=\"column-4\">WT1<\/td>\n<\/tr>\n<tr class=\"row-9\">\n\t<td class=\"column-1\">CBL<\/td><td class=\"column-2\">IKZF1<\/td><td class=\"column-3\">SAMD9L<\/td><td class=\"column-4\">ZRSR2<\/td>\n<\/tr>\n<tr class=\"row-10\">\n\t<td class=\"column-1\">CEBPA<\/td><td class=\"column-2\">JAK2<\/td><td class=\"column-3\">SETBP1<\/td><td class=\"column-4\"><\/td>\n<\/tr>\n<tr class=\"row-11\">\n\t<td class=\"column-1\">CUX1<\/td><td class=\"column-2\">KDM6A<\/td><td class=\"column-3\">SETD2<\/td><td class=\"column-4\"><\/td>\n<\/tr>\n<tr class=\"row-12\">\n\t<td class=\"column-1\">CSF3R<\/td><td class=\"column-2\">KIT<\/td><td class=\"column-3\">SF3B1<\/td><td class=\"column-4\"><\/td>\n<\/tr>\n<tr class=\"row-13\">\n\t<td class=\"column-1\">DDX41<\/td><td class=\"column-2\">KRAS<\/td><td class=\"column-3\">SH2B3<\/td><td class=\"column-4\"><\/td>\n<\/tr>\n<tr class=\"row-14\">\n\t<td class=\"column-1\">DNMT3A<\/td><td class=\"column-2\">MPL<\/td><td class=\"column-3\">SMC1A<\/td><td class=\"column-4\"><\/td>\n<\/tr>\n<tr class=\"row-15\">\n\t<td class=\"column-1\">ERCC6L2<\/td><td class=\"column-2\">MYC<\/td><td class=\"column-3\">SMC3<\/td><td class=\"column-4\"><\/td>\n<\/tr>\n<tr class=\"row-16\">\n\t<td class=\"column-1\">ETNK1<\/td><td class=\"column-2\">NF1<\/td><td class=\"column-3\">SRP72<\/td><td class=\"column-4\"><\/td>\n<\/tr>\n<tr class=\"row-17\">\n\t<td class=\"column-1\">ETV6<\/td><td class=\"column-2\">NPM1<\/td><td class=\"column-3\">SRSF2<\/td><td class=\"column-4\"><\/td>\n<\/tr>\n<tr class=\"row-18\">\n\t<td class=\"column-1\">EZH2<\/td><td class=\"column-2\">NRAS<\/td><td class=\"column-3\">STAG2<\/td><td class=\"column-4\"><\/td>\n<\/tr>\n<\/tbody>\n<\/table>\n<!-- #tablepress-112 from cache -->\n<\/div><\/div>\n<p><a id=\"TrusightSeqList\" name=\"TrusightSeqList\"><\/a>VIZSG\u00c1LT G\u00c9NEK<\/p>\n<div class=\"responsive-tabs\">\n<h2 class=\"tabtitle\">TruSight RNA Pan-Cancer Panel (lymphoid \u00e9s myeloid)<\/h2>\n<div class=\"tabcontent\">\n\n<\/div><\/div>\n","protected":false},"excerpt":{"rendered":"<p>\u00daj-gener\u00e1ci\u00f3s szekven\u00e1l\u00e1s (NGS) vizsg\u00e1latok hematol\u00f3giai malignit\u00e1sokban<br \/>\nA hematol\u00f3giai malignit\u00e1sok genetikai h\u00e1tter\u00e9nek vizsg\u00e1lata sor\u00e1n jelenleg az al\u00e1bbi vizsg\u00e1latokat v\u00e9gezz\u00fck\u00a0<br \/>\n<a href=\"#QIAseqList\">QIAseq Lymphoid Targeted DNA Custom Panel<\/a><br \/>\n<a href=\"#QIAseqList\">QIAseq Myeloid Targeted DNA Custom Panel<\/a><br \/>\n<a href=\"#TrusightSeqList\">TruSight RNA Pan-Cancer Panel (lymphoid \u00e9s myeloid)<\/a><br \/>\n&nbsp;<br \/>\nA feljebb megnevezett kit\u00f6ltend\u0151 k\u00e9r\u0151lap:<br \/>\n<a href=\"https:\/\/semmelweis.hu\/patologia1\/files\/2019\/02\/2022-NGS-kerolap-ver3-20220119.pdf\">Myeloid Lymphoid NGS k\u00e9r\u0151lap<\/a><br \/>\n&nbsp;<br \/>\n&nbsp;<br \/>\n<a id=\"QIAseqList\" name=\"QIAseqList\"><\/a>VIZSG\u00c1LT G\u00c9NEK<\/p>\n<p><a id=\"TrusightSeqList\" name=\"TrusightSeqList\"><\/a>VIZSG\u00c1LT G\u00c9NEK<\/p>\n","protected":false},"author":54,"featured_media":0,"parent":299,"menu_order":0,"comment_status":"closed","ping_status":"closed","template":"","meta":{"_acf_changed":false,"footnotes":""},"categories":[],"tags":[],"class_list":["post-7295","page","type-page","status-publish","hentry"],"acf":[],"_links":{"self":[{"href":"https:\/\/semmelweis.hu\/patologia1\/wp-json\/wp\/v2\/pages\/7295","targetHints":{"allow":["GET"]}}],"collection":[{"href":"https:\/\/semmelweis.hu\/patologia1\/wp-json\/wp\/v2\/pages"}],"about":[{"href":"https:\/\/semmelweis.hu\/patologia1\/wp-json\/wp\/v2\/types\/page"}],"author":[{"embeddable":true,"href":"https:\/\/semmelweis.hu\/patologia1\/wp-json\/wp\/v2\/users\/54"}],"replies":[{"embeddable":true,"href":"https:\/\/semmelweis.hu\/patologia1\/wp-json\/wp\/v2\/comments?post=7295"}],"version-history":[{"count":9,"href":"https:\/\/semmelweis.hu\/patologia1\/wp-json\/wp\/v2\/pages\/7295\/revisions"}],"predecessor-version":[{"id":8001,"href":"https:\/\/semmelweis.hu\/patologia1\/wp-json\/wp\/v2\/pages\/7295\/revisions\/8001"}],"up":[{"embeddable":true,"href":"https:\/\/semmelweis.hu\/patologia1\/wp-json\/wp\/v2\/pages\/299"}],"wp:attachment":[{"href":"https:\/\/semmelweis.hu\/patologia1\/wp-json\/wp\/v2\/media?parent=7295"}],"wp:term":[{"taxonomy":"category","embeddable":true,"href":"https:\/\/semmelweis.hu\/patologia1\/wp-json\/wp\/v2\/categories?post=7295"},{"taxonomy":"post_tag","embeddable":true,"href":"https:\/\/semmelweis.hu\/patologia1\/wp-json\/wp\/v2\/tags?post=7295"}],"curies":[{"name":"wp","href":"https:\/\/api.w.org\/{rel}","templated":true}]}}