{"id":5929,"date":"2020-07-06T13:14:11","date_gmt":"2020-07-06T11:14:11","guid":{"rendered":"https:\/\/semmelweis.hu\/patologia1\/?page_id=5929"},"modified":"2024-06-04T11:23:05","modified_gmt":"2024-06-04T09:23:05","slug":"demonstratori-palyazatok","status":"publish","type":"page","link":"https:\/\/semmelweis.hu\/patologia1\/gradualis-oktatas\/demonstratori-palyazatok\/","title":{"rendered":"Demonstr\u00e1tori p\u00e1ly\u00e1zatok"},"content":{"rendered":"<p style=\"text-align: left\"><a href=\"https:\/\/semmelweis.hu\/jogigfoig\/dokumentumtar\/szabalyzattar\/szervezeti-es-mukodesi-szabalyzat\/iii-konyv-hkr\/\"><strong>A SEMMELWEIS EGYETEM SZERVEZETI \u00c9S M\u0170K\u00d6D\u00c9SI SZAB\u00c1LYZATA, III. K\u00d6NYV\u00a0<\/strong><strong>\u00a0\u00a0 &#8211; \u00a0\u00a0 <em>HALLGAT\u00d3I K\u00d6VETELM\u00c9NYRENDSZER III.4. R\u00c9SZ<\/em> \u00a0\u00a0 &#8211;\u00a0\u00a0 <\/strong><strong>TANULM\u00c1NYI \u00c9S VIZSGASZAB\u00c1LYZAT<\/strong><\/a><\/p>\n<p>&nbsp;<\/p>\n<div class=\"lead\" style=\"padding-left: 40px\"><a href=\"https:\/\/semmelweis.hu\/patologia1\/files\/2020\/07\/SZMSZ-HKR_III_KONYV_III_2_RESZ_Tanulmanyi_es_Vizsgaszabalyzat_hatalyos_2020_03_25-tol.pdf\"><img loading=\"lazy\" decoding=\"async\" class=\"alignleft\" src=\"https:\/\/semmelweis.hu\/patologia1\/files\/2020\/07\/oktatas.png\" alt=\"Vizsga szab\u00e1lyzat\" width=\"249\" height=\"248\" \/><\/a><\/div>\n<div class=\"keretes\"><a href=\"https:\/\/semmelweis.hu\/patologia1\/files\/2024\/06\/DEMONSTARTORI-OSZTONDIJ-PALYAZAT-MAGYAR.pdf\"><strong>DEMONSTR\u00c1TORI P\u00c1LY\u00c1ZATI KI\u00cdR\u00c1S<\/strong><\/a><\/div>\n<div>\u00a0<\/div>\n<div class=\"keretes\"><a href=\"https:\/\/semmelweis.hu\/patologia1\/files\/2024\/06\/DEMONSTARTORI-OSZTONDIJ-PALYAZAT-URLAP.pdf\"><strong>DEMONSTR\u00c1TORI P\u00c1LY\u00c1ZATI \u0170RLAP<\/strong><\/a><\/div>\n<div>\u00a0<\/div>\n<div class=\"keretes\"><span style=\"color: #3a3a78\"><a href=\"https:\/\/semmelweis.hu\/patologia1\/files\/2020\/07\/demonstrator-teljesitesigazolas.pdf\"><strong><span style=\"color: #3a3a78\">DEMOSTR\u00c1TORI \u00d6SZT\u00d6ND\u00cdJ TELJES\u00cdT\u00c9SIGAZOL\u00c1S<\/span><\/strong><\/a><\/span><\/div>\n<div>\u00a0<\/div>\n<div>\u00a0<\/div>\n<div>\u00a0<\/div>\n<div>\u00a0<\/div>\n<div>\u00a0<\/div>\n<div class=\"keretes\"><a href=\"https:\/\/semmelweis.hu\/patologia1\/files\/2024\/06\/DEMONSTARTORI-OSZTONDIJ-PALYAZAT-ANGOL.pdf\"><strong><span style=\"color: #3a3a78\">APPLICATION FOR TEACHING ASSISTANT POSITION<\/span><\/strong><\/a><\/div>\n<p>&nbsp;<\/p>\n","protected":false},"excerpt":{"rendered":"<p><a href=\"https:\/\/semmelweis.hu\/jogigfoig\/dokumentumtar\/szabalyzattar\/szervezeti-es-mukodesi-szabalyzat\/iii-konyv-hkr\/\">A SEMMELWEIS EGYETEM SZERVEZETI \u00c9S M\u0170K\u00d6D\u00c9SI SZAB\u00c1LYZATA, III. K\u00d6NYV\u00a0\u00a0\u00a0 &#8211; \u00a0\u00a0 HALLGAT\u00d3I K\u00d6VETELM\u00c9NYRENDSZER III.4. R\u00c9SZ \u00a0\u00a0 &#8211;\u00a0\u00a0 TANULM\u00c1NYI \u00c9S VIZSGASZAB\u00c1LYZAT<\/a><br \/>\n&nbsp;<br \/>\n<a href=\"https:\/\/semmelweis.hu\/patologia1\/files\/2020\/07\/SZMSZ-HKR_III_KONYV_III_2_RESZ_Tanulmanyi_es_Vizsgaszabalyzat_hatalyos_2020_03_25-tol.pdf\"><\/a><br \/>\n<a href=\"https:\/\/semmelweis.hu\/patologia1\/files\/2024\/06\/DEMONSTARTORI-OSZTONDIJ-PALYAZAT-MAGYAR.pdf\">DEMONSTR\u00c1TORI P\u00c1LY\u00c1ZATI KI\u00cdR\u00c1S<\/a><br \/>\n\u00a0<br \/>\n<a href=\"https:\/\/semmelweis.hu\/patologia1\/files\/2024\/06\/DEMONSTARTORI-OSZTONDIJ-PALYAZAT-URLAP.pdf\">DEMONSTR\u00c1TORI P\u00c1LY\u00c1ZATI \u0170RLAP<\/a><br \/>\n\u00a0<br \/>\n<a href=\"https:\/\/semmelweis.hu\/patologia1\/files\/2020\/07\/demonstrator-teljesitesigazolas.pdf\">DEMOSTR\u00c1TORI \u00d6SZT\u00d6ND\u00cdJ TELJES\u00cdT\u00c9SIGAZOL\u00c1S<\/a><br \/>\n\u00a0<br \/>\n\u00a0<br \/>\n\u00a0<br \/>\n\u00a0<br \/>\n\u00a0<br \/>\n<a href=\"https:\/\/semmelweis.hu\/patologia1\/files\/2024\/06\/DEMONSTARTORI-OSZTONDIJ-PALYAZAT-ANGOL.pdf\">APPLICATION FOR TEACHING ASSISTANT POSITION<\/a><br \/>\n&nbsp;<\/p>\n","protected":false},"author":157,"featured_media":0,"parent":33,"menu_order":4,"comment_status":"closed","ping_status":"closed","template":"","meta":{"_acf_changed":false,"footnotes":""},"categories":[],"tags":[],"class_list":["post-5929","page","type-page","status-publish","hentry"],"acf":[],"_links":{"self":[{"href":"https:\/\/semmelweis.hu\/patologia1\/wp-json\/wp\/v2\/pages\/5929","targetHints":{"allow":["GET"]}}],"collection":[{"href":"https:\/\/semmelweis.hu\/patologia1\/wp-json\/wp\/v2\/pages"}],"about":[{"href":"https:\/\/semmelweis.hu\/patologia1\/wp-json\/wp\/v2\/types\/page"}],"author":[{"embeddable":true,"href":"https:\/\/semmelweis.hu\/patologia1\/wp-json\/wp\/v2\/users\/157"}],"replies":[{"embeddable":true,"href":"https:\/\/semmelweis.hu\/patologia1\/wp-json\/wp\/v2\/comments?post=5929"}],"version-history":[{"count":10,"href":"https:\/\/semmelweis.hu\/patologia1\/wp-json\/wp\/v2\/pages\/5929\/revisions"}],"predecessor-version":[{"id":8372,"href":"https:\/\/semmelweis.hu\/patologia1\/wp-json\/wp\/v2\/pages\/5929\/revisions\/8372"}],"up":[{"embeddable":true,"href":"https:\/\/semmelweis.hu\/patologia1\/wp-json\/wp\/v2\/pages\/33"}],"wp:attachment":[{"href":"https:\/\/semmelweis.hu\/patologia1\/wp-json\/wp\/v2\/media?parent=5929"}],"wp:term":[{"taxonomy":"category","embeddable":true,"href":"https:\/\/semmelweis.hu\/patologia1\/wp-json\/wp\/v2\/categories?post=5929"},{"taxonomy":"post_tag","embeddable":true,"href":"https:\/\/semmelweis.hu\/patologia1\/wp-json\/wp\/v2\/tags?post=5929"}],"curies":[{"name":"wp","href":"https:\/\/api.w.org\/{rel}","templated":true}]}}