{"id":5873,"date":"2020-06-22T12:36:32","date_gmt":"2020-06-22T10:36:32","guid":{"rendered":"https:\/\/semmelweis.hu\/patologia1\/?page_id=5873"},"modified":"2026-03-09T10:13:47","modified_gmt":"2026-03-09T09:13:47","slug":"korbonctan","status":"publish","type":"page","link":"https:\/\/semmelweis.hu\/patologia1\/diagnosztika-profilok\/korbonctan\/","title":{"rendered":"K\u00f3rbonctan"},"content":{"rendered":"<p><a href=\"https:\/\/semmelweis.hu\/patologia1\/files\/2020\/07\/SOTE_ikonok_expand-11.jpg\"><img loading=\"lazy\" decoding=\"async\" class=\"alignleft wp-image-5994\" src=\"https:\/\/semmelweis.hu\/patologia1\/files\/2020\/07\/SOTE_ikonok_expand-11-150x150.jpg\" alt=\"\" width=\"250\" height=\"250\" srcset=\"https:\/\/semmelweis.hu\/patologia1\/files\/2020\/07\/SOTE_ikonok_expand-11-150x150.jpg 150w, https:\/\/semmelweis.hu\/patologia1\/files\/2020\/07\/SOTE_ikonok_expand-11-400x400.jpg 400w, https:\/\/semmelweis.hu\/patologia1\/files\/2020\/07\/SOTE_ikonok_expand-11-1024x1024.jpg 1024w, https:\/\/semmelweis.hu\/patologia1\/files\/2020\/07\/SOTE_ikonok_expand-11-768x768.jpg 768w, https:\/\/semmelweis.hu\/patologia1\/files\/2020\/07\/SOTE_ikonok_expand-11-753x753.jpg 753w, https:\/\/semmelweis.hu\/patologia1\/files\/2020\/07\/SOTE_ikonok_expand-11.jpg 1167w\" sizes=\"auto, (max-width: 250px) 100vw, 250px\" \/><\/a><\/p>\n<p>&nbsp;<\/p>\n<div class=\"responsive-tabs\">\n<h2 class=\"tabtitle\">\u00c1ltal\u00e1nos t\u00e1j\u00e9koztat\u00f3<\/h2>\n<div class=\"tabcontent\">\n\n<p><strong>Tisztelt Hozz\u00e1tartoz\u00f3!<\/strong><\/p>\n<p>Az \u00d6n\u00f6k szerette v\u00e1ratlanul, vagy az orvos koll\u00e9g\u00e1k minden er\u0151fesz\u00edt\u00e9se ellen\u00e9re elhunyt. Ez\u00e9rt k\u00e9rj\u00fck, fogadja \u0151szinte r\u00e9szv\u00e9t\u00fcnket! A beteg hal\u00e1la a hozz\u00e1tartoz\u00f3 sz\u00e1m\u00e1ra gyakran \u00e9rthetetlen, \u00e9s nem ritk\u00e1n elfogadhatatlan. Ezekben a neh\u00e9z \u00f3r\u00e1kban azzal szeretn\u00e9nk a seg\u00edts\u00e9g\u00fckre lenni, hogy t\u00e1j\u00e9koztatjuk \u00d6n\u00f6ket a hivatalos teend\u0151kr\u0151l:<\/p>\n<p><strong>Hivatalos int\u00e9zked\u00e9s az elhunyt tov\u00e1bbi ell\u00e1t\u00e1s\u00e1val kapcsolatban:<br \/>\n<\/strong><u><\/u><\/p>\n<p><u>Helye:<\/u> Semmelweis Egyetem, Patol\u00f3giai \u00e9s K\u00eds\u00e9rleti R\u00e1kkutat\u00f3 Int\u00e9zet, Kegyeleti Iroda, f\u00f6ldszint. Okkers\u00e1rga sz\u00edn\u0171, m\u0171eml\u00e9k \u00e9p\u00fclet.<\/p>\n<p><em><u>C\u00edm:<\/u><\/em> Bels\u0151 Klinikai T\u00f6mb, 1085 Budapest, \u00dcll\u0151i \u00fat 26.<\/p>\n<p><em><u>Gyalogos bej\u00e1rat:<\/u><\/em> Baross utca fel\u0151l, az \u00e9p\u00fclet h\u00e1ts\u00f3 sark\u00e1n\u00e1l, t\u00e1bla mutatja<\/p>\n<p><em><u>Parkol\u00e1si lehet\u0151s\u00e9g:<\/u><\/em> a k\u00f6rnyez\u0151 utc\u00e1kban, a klinikai t\u00f6mb ter\u00fclet\u00e9re behajtani csak k\u00fcl\u00f6n enged\u00e9llyel lehet.<\/p>\n<p><em><u>\u00dcgyint\u00e9z\u00e9s:<\/u><\/em>\u00a0 Telefonon egyeztetett id\u0151pont alapj\u00e1n a helysz\u00ednen.<\/p>\n<p><em>F\u00e9lfogad\u00e1s:<\/em> munkanapokon: <strong>8:00 \u00f3r\u00e1t\u00f3l &#8211; 11:00 \u00f3r\u00e1ig<\/strong><\/p>\n<p><em><u>Kegyeleti \u00fcgyint\u00e9z\u0151:<\/u><\/em> K\u00e1d\u00e1r Attila<br \/>\n<em><u>Telefon:<\/u><\/em>\u00a0 \u00a0+36 30 720 8513\u00a0 \u00a0 vagy\u00a0 +36 20 825 0149\u00a0 \u00a0H\u00edvhat\u00f3 8-11 \u00f3r\u00e1ig, minden munkanap.\u00a0<\/p>\n<p style=\"margin: 0cm;margin-bottom: .0001pt;text-align: center\" align=\"center\"><b><span lang=\"HU\" style=\"font-size: 14.5pt;color: black\">A megadott sz\u00e1mot k\u00e9rj\u00fck 1x egy telefonsz\u00e1mr\u00f3l h\u00edvj\u00e1k!!!<\/span><\/b><\/p>\n<p align=\"center\">\u00a0<\/p>\n<p>Amennyiben nem siker\u00fcl a kapcsolatfelv\u00e9tel a fenti el\u00e9rhet\u0151s\u00e9geken, <u>k\u00fcldje el k\u00e9rem <strong>sms-ben az elhunyt nev\u00e9t <\/strong><\/u>a +36 30\u00a0720 8513-telefonsz\u00e1mra \u00e9s a munkat\u00e1rsunk hamarosan visszah\u00edvja \u00d6nt!<\/p>\n<p>Sikertelen kapcsolat felv\u00e9tel eset\u00e9n semmik\u00e9pp ne f\u00e1radjanak a patol\u00f3gi\u00e1hoz, v\u00e1rj\u00e1k meg m\u00e9g koll\u00e9g\u00e1nk visszah\u00edvja \u00f6n\u00f6ket aznap vagy legk\u00e9s\u0151bb k\u00f6vetkez\u0151 munkanap.<\/p>\n<p><strong><u>Elhunyt megtekint\u00e9s:<\/u><\/strong> helyileg a Patol\u00f3giai \u00e9s K\u00eds\u00e9rleti R\u00e1kkutat\u00f3 Int\u00e9zet \u00e9p\u00fclet\u00e9ben van erre lehet\u0151s\u00e9g, kiz\u00e1r\u00f3lag el\u0151zetes id\u0151pontot egyeztet\u00e9s ut\u00e1n. A fent el\u00e9rhet\u0151s\u00e9geken tudj\u00e1k sz\u00e1nd\u00e9kukat jelezni a Kegyeleti Iroda fel\u00e9 \u00e9s itt tudj\u00e1k a kond\u00edci\u00f3kat is egyeztetni.<\/p>\n<p><em><u>Boncteremvezet\u0151 orvos:<\/u> <\/em>Dr. R\u00e1cz Gergely egyetemi docens<\/p>\n<p><em><u>Telefon:<\/u><\/em> 06-1-459-15-00 \/ 54471 k\u00f6zponti sz\u00e1mon. H\u00edvhat\u00f3 munkanap: 9-15 \u00f3r\u00e1ig<\/p>\n<p><u><em>Email:<\/em> <\/u>\u00a0 \u00a0<strong> autopszia@semmelweis.hu<\/strong>\u00a0 munkaid\u0151 ut\u00e1n, vagy amennyiben telefonon nem \u00e9ri el int\u00e9zm\u00e9ny\u00fcnket, illetve ha tov\u00e1bbi k\u00e9rd\u00e9se van. Erre az email-c\u00edmre lehet elk\u00fcldeni a sz\u00fcks\u00e9ges, hi\u00e1nyz\u00f3 z\u00e1r\u00f3jelent\u00e9seket, dokumentumokat.<\/p>\n<p><strong>K\u00e9rj\u00fck, els\u0151 l\u00e9p\u00e9sk\u00e9nt vegy\u00e9k fel a kapcsolatot telefonon, munkaid\u0151ben az int\u00e9zet <u>kegyeleti \u00fcgyint\u00e9z\u0151vel a fent megadott el\u00e9rhet\u0151s\u00e9geken<\/u>, vagy email-en a boncterem vezet\u0151 orvossal, akik mindenre kiterjed\u0151, r\u00e9szletes t\u00e1j\u00e9koztat\u00e1st adnak a Halottvizsg\u00e1lati Bizony\u00edtv\u00e1ny okirat kit\u00f6lt\u00e9s\u00e9nek v\u00e1rhat\u00f3 id\u0151pontj\u00e1r\u00f3l \u00e9s tov\u00e1bbi hivatalos teend\u0151kr\u0151l!\u00a0<\/strong><\/p>\n<p>&nbsp;<\/p>\n<hr \/>\n<table class=\"x_x_MsoNormalTable\" style=\"width: 98.0083%;height: 10px\" border=\"0\" cellspacing=\"0\" cellpadding=\"0\">\n<tbody>\n<tr style=\"height: 10px\">\n<td style=\"width: 27.3443%;height: 10px\" valign=\"top\">\n<h6 class=\"x_x_MsoNormal\" style=\"text-align: left\"><span style=\"font-size: 12pt\"><b>Budapest F\u0151v\u00e1ros VIII. ker\u00fclet<\/b><\/span><br \/>\n<span style=\"font-size: 12pt\"><b>J\u00f3zsefv\u00e1rosi Polg\u00e1rmesteri Hivatal<\/b><\/span><br \/>\n<span style=\"font-size: 12pt\">Hat\u00f3s\u00e1gi \u00dcgyoszt\u00e1ly Anyak\u00f6nyvi Iroda<\/span><\/h6>\n<\/td>\n<td style=\"width: 235.898%;height: 10px\" valign=\"top\">\n<p class=\"x_x_MsoNormal\" style=\"text-align: center\">A mai napt\u00f3l (2023. j\u00fanius 19.) a Budapest VIII. ker\u00fclet\u00e9ben t\u00f6rt\u00e9nt hal\u00e1lesetek bejelent\u00e9s\u00e9re\u00a0a VIII. ker\u00fcleti Anyak\u00f6nyvi Irod\u00e1n\u00a0h\u00e9tf\u0151t\u0151l-cs\u00fct\u00f6rt\u00f6kig 8.15-10.00 \u00f3r\u00e1ig a\u00a01082 Budapest, Baross utca 66-68.\u00a0sz\u00e1m alatti \u00dcgyf\u00e9lszolg\u00e1lati Irod\u00e1n van lehet\u0151s\u00e9g.<\/p>\n<\/td>\n<\/tr>\n<\/tbody>\n<\/table>\n<p>&nbsp;<\/p>\n<hr \/>\n<p><strong>Mi a k\u00f3rboncol\u00e1s?<\/strong><\/p>\n<p>A boncol\u00e1s a hal\u00e1l be\u00e1llta ut\u00e1n elv\u00e9gzett vizsg\u00e1lat, seb\u00e9szi m\u00f3dszerekkel \u00e9s eszk\u00f6z\u00f6kkel. A boncol\u00e1st patol\u00f3gus orvos v\u00e9gzi, akinek speci\u00e1lis ismeretei lehet\u0151v\u00e9 teszik a k\u00f3ros \u00e1llapotok felismer\u00e9s\u00e9t a holttesten \u00e9s a szervekben. A boncol\u00e1s lehet\u0151s\u00e9get ad sz\u00f6vettani vizsg\u00e1latokhoz is, \u00edgy a daganatok, fert\u0151z\u0151 betegs\u00e9gek \u00e9s egy\u00e9b k\u00f3ros \u00e1llapotok k\u00f3rism\u00e9je pontos\u00edthat\u00f3. A boncol\u00e1s eredm\u00e9nyeit r\u00e9szletes jegyz\u0151k\u00f6nyv foglalja \u00f6ssze, melynek tartalma archiv\u00e1l\u00e1sra ker\u00fcl \u00e9s k\u00f6zvetlen hozz\u00e1tartoz\u00f3 sz\u00e1m\u00e1ra megismerhet\u0151. illetve kik\u00e9r\u00e9s eset\u00e9n a kezel\u0151orvosnak megk\u00fcldj\u00fck. A boncjegyz\u0151k\u00f6nyv \u00edgy a klinikus, \u00e9s \u00e1ltala a csal\u00e1d sz\u00e1m\u00e1ra hozz\u00e1f\u00e9rhet\u0151 dokumentum, a benne le\u00edrtak a h\u00e1ziorvossal is megbesz\u00e9lhet\u0151k.<\/p>\n<p><strong>Mi\u00e9rt sz\u00fcks\u00e9ges a k\u00f3rboncol\u00e1s?<\/strong><\/p>\n<p>Az \u00d6n hozz\u00e1tartoz\u00f3j\u00e1nak betegs\u00e9ge \u00e9s hal\u00e1la tapasztalatokkal szolg\u00e1lhat a magyar k\u00f6zeg\u00e9szs\u00e9g\u00fcgyben, az egyetemi szakemberek sz\u00e1m\u00e1ra \u00e9s az orvosk\u00e9pz\u00e9sben. \u00cdgy olyan k\u00e9rd\u00e9sekre kaphatunk v\u00e1laszt, amelyek sem a h\u00e1ziorvosban, sem a csal\u00e1dban nem tiszt\u00e1z\u00f3dtak egy\u00e9rtelm\u0171en a beteg \u00e9let\u00e9ben. A boncol\u00e1s felt\u00e1rhat fert\u0151z\u0151, vagy \u00f6r\u00f6kletes betegs\u00e9geket, melyek a hozz\u00e1tartoz\u00f3kat is \u00e9rinthetik, vagy foglalkoz\u00e1si betegs\u00e9get is tiszt\u00e1zhat, ami k\u00e1rt\u00e9r\u00edt\u00e9si k\u00f6telezetts\u00e9ggel j\u00e1r a hozz\u00e1tartoz\u00f3k fel\u00e9. Mindaz, amit egy k\u00f3rboncol\u00e1s sor\u00e1n meg\u00e1llap\u00edtunk, seg\u00edthet m\u00e1s, hasonl\u00f3 b\u00e1ntalomban szenved\u0151 betegek kezel\u00e9s\u00e9ben. Ez\u00e9rt k\u00e9rj\u00fck, ne kifog\u00e1solja az utols\u00f3, esetleg fontos tanuls\u00e1gokhoz vezet\u0151 orvosi vizsg\u00e1latot, a k\u00f3rboncol\u00e1st! Indokolt esetben m\u00f3d van r\u00e9szleges vizsg\u00e1latra, mely sor\u00e1n a vizsg\u00e1lat hal\u00e1loki diagn\u00f3zisra korl\u00e1toz\u00f3dik. A fenti inform\u00e1ci\u00f3kon t\u00fal a vizsg\u00e1lat az\u00e9rt is seg\u00edts\u00e9g a hozz\u00e1tartoz\u00f3knak, mert ez\u00e1ltal a Halottvizsg\u00e1lati Bizony\u00edtv\u00e1ny okirat orvosi kit\u00f6lt\u00e9s\u00e9vel lehet\u0151s\u00e9g ny\u00edlik a temet\u00e9s azonnali tov\u00e1bbi int\u00e9z\u00e9s\u00e9re, a hamvaszt\u00e1shoz pedig nem sz\u00fcks\u00e9ges a tov\u00e1bbiakban v\u00e1rni sem a korm\u00e1nyhivatal n\u00e9peg\u00e9szs\u00e9g\u00fcgyi feladatk\u00f6r\u00e9ben elj\u00e1r\u00f3 f\u0151v\u00e1rosi ker\u00fcleti hivatal\u00e1nak enged\u00e9ly\u00e9re, sem pedig a h\u00e1ziorvos hozz\u00e1j\u00e1rul\u00f3 nyilatkozat\u00e1ra, mivel az enged\u00e9ly\u00e9t a Semmelweis Egyetem I.sz. Patol\u00f3giai \u00e9s K\u00eds\u00e9rleti R\u00e1kkutat\u00f3 Int\u00e9zete \u00e1ll\u00edtja ki.<\/p>\n<p><strong>\u00a0<\/strong><strong>Befoly\u00e1solja-e a boncol\u00e1s a temet\u00e9si szertart\u00e1st?<\/strong><\/p>\n<p>A k\u00f3rboncol\u00e1s sor\u00e1n a kegyeleti szempontokat messzemen\u0151en figyelembe vessz\u00fck, b\u00e1rmilyen okb\u00f3l is t\u00f6rt\u00e9nik a boncol\u00e1s. A boncol\u00e1st k\u00f6vet\u0151en a holttestet szakszer\u0171en rekonstru\u00e1lj\u00e1k, majd az elhunyt megfelel\u0151 halottkezel\u00e9si szolg\u00e1ltat\u00e1sban r\u00e9szes\u00fcl, \u00e9s \u00edgy az elv\u00e9gzett boncol\u00e1s m\u00e9g a nyitott kopors\u00f3s temet\u00e9si szertart\u00e1st sem befoly\u00e1solja. Az int\u00e9zm\u00e9nyi halottkezel\u00e9s lehet\u0151s\u00e9geir\u0151l a Kegyeleti Iroda ad r\u00e9szletes t\u00e1j\u00e9koztat\u00e1st.<\/p>\n<p>&nbsp;<\/p>\n<hr \/>\n<p><strong>Tisztelt Hozz\u00e1tartoz\u00f3!<\/strong><\/p>\n<p>A Semmelweis Egyetem Szervezeti \u00e9s M\u0171k\u0151d\u00e9si Szab\u00e1lyzat alapj\u00e1n k\u00f3rbonctani jegyz\u0151k\u00f6nyvet a Semmelweis Egyetem Jogi \u00e9s Igazgat\u00e1si F\u0151igazgat\u00f3s\u00e1g\u00e1n kereszt\u00fcl lehet ig\u00e9nyelni. A kik\u00e9r\u00e9s m\u00f3dj\u00e1r\u00f3l az al\u00e1bbi linken t\u00e1j\u00e9koz\u00f3dhat, valamint az ehhez sz\u00fcks\u00e9ges formanyomtatv\u00e1ny is innen t\u00f6lthet\u0151 le:<\/p>\n<p>\n<a href=\"https:\/\/semmelweis.hu\/jogigfoig\/adatvedelem-betegjog\/betegdokumentacio-masolatanak-kikerese\/\">semmelweis.hu\/jogigfoig\/adatvedelem-betegjog\/betegdokumentacio-masolatanak-kikerese\/<\/a><\/p>\n<p><a href=\"https:\/\/semmelweis.hu\/patologia1\/files\/2021\/07\/2.-Adatkezel%C3%A9si-t%C3%A1j%C3%A9koztat%C3%B3.pdf\">Adatkezel\u00e9si t\u00e1j\u00e9koztat\u00f3<\/a><\/p>\n<p>Esetleges tov\u00e1bbi inform\u00e1ci\u00f3: Szab\u00f3 Szilvia, irodavezet\u0151\u00a0 tel.: 061 459-1500\/54459<\/p>\n<p>Prof. Dr. Matolcsy Andr\u00e1s<br \/>\negyetemi tan\u00e1r<br \/>\nigazgat\u00f3<\/p>\n\n<\/div><h2 class=\"tabtitle\">Vizsg\u00e1latok<\/h2>\n<div class=\"tabcontent\">\n\n<p><strong>Tisztelt Hozz\u00e1tartoz\u00f3!<\/strong><\/p>\n<p><strong>A Semmelweis Egyetem Szervezeti \u00e9s M\u0171k\u0151d\u00e9si Szab\u00e1lyzat alapj\u00e1n k\u00f3rbonctani jegyz\u0151k\u00f6nyvet a Semmelweis Egyetem Jogi \u00e9s Igazgat\u00e1si F\u0151igazgat\u00f3s\u00e1g\u00e1n kereszt\u00fcl lehet ig\u00e9nyelni. A kik\u00e9r\u00e9s m\u00f3dj\u00e1r\u00f3l az al\u00e1bbi linken t\u00e1j\u00e9koz\u00f3dhat, valamint az ehhez sz\u00fcks\u00e9ges formanyomtatv\u00e1ny is innen t\u00f6lthet\u0151 le: <br \/>\n<\/strong><strong><a href=\"https:\/\/semmelweis.hu\/jogigfoig\/adatvedelem-betegjog\/betegdokumentacio-masolatanak-kikerese\/\">semmelweis.hu\/jogigfoig\/adatvedelem-betegjog\/betegdokumentacio-masolatanak-kikerese\/<\/a><\/strong><\/p>\n<p><strong>Esetleges tov\u00e1bbi inform\u00e1ci\u00f3: 061 459-1500\/54459<\/strong><\/p>\n<p>Prof. Dr. Matolcsy Andr\u00e1s<br \/>\negyetemi tan\u00e1r<br \/>\nigazgat\u00f3<\/p>\n<\/div><\/div>\n","protected":false},"excerpt":{"rendered":"<p><a href=\"https:\/\/semmelweis.hu\/patologia1\/files\/2020\/07\/SOTE_ikonok_expand-11.jpg\"><\/a> &nbsp; Tisztelt Hozz\u00e1tartoz\u00f3! Az \u00d6n\u00f6k szerette v\u00e1ratlanul, vagy az orvos koll\u00e9g\u00e1k minden er\u0151fesz\u00edt\u00e9se ellen\u00e9re elhunyt. Ez\u00e9rt k\u00e9rj\u00fck, fogadja \u0151szinte r\u00e9szv\u00e9t\u00fcnket! A beteg hal\u00e1la a hozz\u00e1tartoz\u00f3 sz\u00e1m\u00e1ra gyakran \u00e9rthetetlen, \u00e9s nem ritk\u00e1n elfogadhatatlan. Ezekben a neh\u00e9z \u00f3r\u00e1kban azzal szeretn\u00e9nk a seg\u00edts\u00e9g\u00fckre lenni, hogy t\u00e1j\u00e9koztatjuk \u00d6n\u00f6ket a hivatalos teend\u0151kr\u0151l: Hivatalos int\u00e9zked\u00e9s az elhunyt tov\u00e1bbi ell\u00e1t\u00e1s\u00e1val kapcsolatban: Helye: &hellip;<\/p>\n","protected":false},"author":101745,"featured_media":0,"parent":35,"menu_order":0,"comment_status":"closed","ping_status":"closed","template":"","meta":{"_acf_changed":false,"footnotes":""},"categories":[],"tags":[],"class_list":["post-5873","page","type-page","status-publish","hentry"],"acf":[],"_links":{"self":[{"href":"https:\/\/semmelweis.hu\/patologia1\/wp-json\/wp\/v2\/pages\/5873","targetHints":{"allow":["GET"]}}],"collection":[{"href":"https:\/\/semmelweis.hu\/patologia1\/wp-json\/wp\/v2\/pages"}],"about":[{"href":"https:\/\/semmelweis.hu\/patologia1\/wp-json\/wp\/v2\/types\/page"}],"author":[{"embeddable":true,"href":"https:\/\/semmelweis.hu\/patologia1\/wp-json\/wp\/v2\/users\/101745"}],"replies":[{"embeddable":true,"href":"https:\/\/semmelweis.hu\/patologia1\/wp-json\/wp\/v2\/comments?post=5873"}],"version-history":[{"count":11,"href":"https:\/\/semmelweis.hu\/patologia1\/wp-json\/wp\/v2\/pages\/5873\/revisions"}],"predecessor-version":[{"id":8971,"href":"https:\/\/semmelweis.hu\/patologia1\/wp-json\/wp\/v2\/pages\/5873\/revisions\/8971"}],"up":[{"embeddable":true,"href":"https:\/\/semmelweis.hu\/patologia1\/wp-json\/wp\/v2\/pages\/35"}],"wp:attachment":[{"href":"https:\/\/semmelweis.hu\/patologia1\/wp-json\/wp\/v2\/media?parent=5873"}],"wp:term":[{"taxonomy":"category","embeddable":true,"href":"https:\/\/semmelweis.hu\/patologia1\/wp-json\/wp\/v2\/categories?post=5873"},{"taxonomy":"post_tag","embeddable":true,"href":"https:\/\/semmelweis.hu\/patologia1\/wp-json\/wp\/v2\/tags?post=5873"}],"curies":[{"name":"wp","href":"https:\/\/api.w.org\/{rel}","templated":true}]}}