{"id":5867,"date":"2020-06-22T12:35:30","date_gmt":"2020-06-22T10:35:30","guid":{"rendered":"https:\/\/semmelweis.hu\/patologia1\/?page_id=5867"},"modified":"2026-02-10T10:19:05","modified_gmt":"2026-02-10T09:19:05","slug":"altalanos-patologia-nem-kategorizalt-teruletek","status":"publish","type":"page","link":"https:\/\/semmelweis.hu\/patologia1\/diagnosztika-profilok\/altalanos-patologia-nem-kategorizalt-teruletek\/","title":{"rendered":"\u00c1ltal\u00e1nos patol\u00f3gia &#8211; nem kategoriz\u00e1lt ter\u00fcletek"},"content":{"rendered":"<p style=\"text-align: justify\"><a href=\"https:\/\/semmelweis.hu\/patologia1\/files\/2020\/07\/SOTE_ikonok_expand-09.jpg\"><img loading=\"lazy\" decoding=\"async\" class=\"alignleft wp-image-5992\" src=\"https:\/\/semmelweis.hu\/patologia1\/files\/2020\/07\/SOTE_ikonok_expand-09-400x400.jpg\" alt=\"\" width=\"250\" height=\"250\" srcset=\"https:\/\/semmelweis.hu\/patologia1\/files\/2020\/07\/SOTE_ikonok_expand-09-400x400.jpg 400w, https:\/\/semmelweis.hu\/patologia1\/files\/2020\/07\/SOTE_ikonok_expand-09-1024x1024.jpg 1024w, https:\/\/semmelweis.hu\/patologia1\/files\/2020\/07\/SOTE_ikonok_expand-09-150x150.jpg 150w, https:\/\/semmelweis.hu\/patologia1\/files\/2020\/07\/SOTE_ikonok_expand-09-768x768.jpg 768w, https:\/\/semmelweis.hu\/patologia1\/files\/2020\/07\/SOTE_ikonok_expand-09-753x753.jpg 753w, https:\/\/semmelweis.hu\/patologia1\/files\/2020\/07\/SOTE_ikonok_expand-09.jpg 1167w\" sizes=\"auto, (max-width: 250px) 100vw, 250px\" \/><\/a>Int\u00e9zet\u00fcnk nagy hagyom\u00e1nyokkal rendelkezik a fenti kateg\u00f3ri\u00e1kba nem sorolhat\u00f3 elv\u00e1ltoz\u00e1sok pl. ismeretlen kiindul\u00e1si hely\u0171 daganatok, sziszt\u00e9m\u00e1s betegs\u00e9gek vizsg\u00e1lat\u00e1val. A rendelkez\u00e9sre \u00e1ll\u00f3 technikai h\u00e1tt\u00e9r (immunhisztok\u00e9mia, molekul\u00e1ris diagnosztika) seg\u00edts\u00e9g\u00e9vel, k\u00fcl\u00f6nb\u00f6z\u0151 specialit\u00e1s\u00fa szakemberek konzult\u00e1ci\u00f3j\u00e1val a probl\u00e9m\u00e1s esetek t\u00f6bbs\u00e9g\u00e9t siker\u00fcl megoldanunk.<\/p>\n<p>&nbsp;<\/p>\n<div class=\"responsive-tabs\">\n<h2 class=\"tabtitle\">Munkat\u00e1rsak<\/h2>\n<div class=\"tabcontent\">\n\n<p><a href=\"https:\/\/semmelweis.hu\/patologia1\/files\/2020\/06\/pic-frame.jpg\"><img loading=\"lazy\" decoding=\"async\" class=\"alignleft\" src=\"https:\/\/semmelweis.hu\/patologia1\/files\/2020\/06\/pic-frame.jpg\" alt=\"\" width=\"121\" height=\"130\" \/><\/a>Dr. Nagy P\u00e9ter<br \/>\nmunkacsoport vezet\u0151<br \/>\n<a href=\"https:\/\/semmelweis.hu\/telefonkonyv\/?emp_id=5344\">El\u00e9rhet\u0151s\u00e9g <\/a><a href=\"pdrnagy@gmail.com\"> e-mail<\/a><\/p>\n<p>&nbsp;<\/p>\n<p>&nbsp;<\/p>\n<p><a href=\"https:\/\/semmelweis.hu\/patologia1\/files\/2020\/06\/pic-frame.jpg\"><img loading=\"lazy\" decoding=\"async\" class=\"alignleft\" src=\"https:\/\/semmelweis.hu\/patologia1\/files\/2020\/06\/pic-frame.jpg\" alt=\"\" width=\"121\" height=\"130\" \/><\/a>Dr. S\u00e1pi Zolt\u00e1n<\/p>\n<p>&nbsp;<\/p>\n<p>&nbsp;<\/p>\n<p>&nbsp;<\/p>\n<p><a href=\"https:\/\/semmelweis.hu\/patologia1\/files\/2020\/06\/pic-frame.jpg\"><img loading=\"lazy\" decoding=\"async\" class=\"alignleft\" src=\"https:\/\/semmelweis.hu\/patologia1\/files\/2020\/06\/pic-frame.jpg\" alt=\"\" width=\"121\" height=\"130\" \/><\/a>Dr. Zalatnai Attila<\/p>\n<p>&nbsp;<\/p>\n<p>&nbsp;<\/p>\n<p>&nbsp;<\/p>\n<p><a href=\"https:\/\/semmelweis.hu\/patologia1\/files\/2020\/06\/pic-frame.jpg\"><img loading=\"lazy\" decoding=\"async\" class=\"alignleft\" src=\"https:\/\/semmelweis.hu\/patologia1\/files\/2020\/06\/pic-frame.jpg\" alt=\"\" width=\"121\" height=\"130\" \/><\/a>Dr. Dezs\u0151 Katalin<\/p>\n<p>&nbsp;<\/p>\n<p>&nbsp;<\/p>\n<p>&nbsp;<\/p>\n<p><a href=\"https:\/\/semmelweis.hu\/patologia1\/files\/2020\/06\/pic-frame.jpg\"><img loading=\"lazy\" decoding=\"async\" class=\"alignleft\" src=\"https:\/\/semmelweis.hu\/patologia1\/files\/2020\/06\/pic-frame.jpg\" alt=\"\" width=\"121\" height=\"130\" \/><\/a>Dr. P\u00e1pay Judit<\/p>\n<p>&nbsp;<\/p>\n<p>&nbsp;<\/p>\n<p>&nbsp;<\/p>\n<p><a href=\"https:\/\/semmelweis.hu\/patologia1\/files\/2020\/06\/pic-frame.jpg\"><img loading=\"lazy\" decoding=\"async\" class=\"alignleft\" src=\"https:\/\/semmelweis.hu\/patologia1\/files\/2020\/06\/pic-frame.jpg\" alt=\"\" width=\"121\" height=\"130\" \/><\/a>Dr. Arat\u00f3 Gabriella<\/p>\n<p>&nbsp;<\/p>\n<p>&nbsp;<\/p>\n<p>&nbsp;<\/p>\n<p><a href=\"https:\/\/semmelweis.hu\/patologia1\/files\/2020\/06\/pic-frame.jpg\"><img loading=\"lazy\" decoding=\"async\" class=\"alignleft\" src=\"https:\/\/semmelweis.hu\/patologia1\/files\/2020\/06\/pic-frame.jpg\" alt=\"\" width=\"121\" height=\"130\" \/><\/a>Dr. F\u00f3nyad L\u00e1szl\u00f3<\/p>\n<p>&nbsp;<\/p>\n<p>&nbsp;<\/p>\n<p>&nbsp;<\/p>\n<\/div><\/div>\n","protected":false},"excerpt":{"rendered":"<p><a href=\"https:\/\/semmelweis.hu\/patologia1\/files\/2020\/07\/SOTE_ikonok_expand-09.jpg\"><\/a> Int\u00e9zet\u00fcnk nagy hagyom\u00e1nyokkal rendelkezik a fenti kateg\u00f3ri\u00e1kba nem sorolhat\u00f3 elv\u00e1ltoz\u00e1sok pl. ismeretlen kiindul\u00e1si hely\u0171 daganatok, sziszt\u00e9m\u00e1s betegs\u00e9gek vizsg\u00e1lat\u00e1val. A rendelkez\u00e9sre \u00e1ll\u00f3 technikai h\u00e1tt\u00e9r (immunhisztok\u00e9mia, molekul\u00e1ris diagnosztika) seg\u00edts\u00e9g\u00e9vel, k\u00fcl\u00f6nb\u00f6z\u0151 specialit\u00e1s\u00fa szakemberek konzult\u00e1ci\u00f3j\u00e1val a probl\u00e9m\u00e1s esetek t\u00f6bbs\u00e9g\u00e9t siker\u00fcl megoldanunk. &nbsp; <a href=\"https:\/\/semmelweis.hu\/patologia1\/files\/2020\/06\/pic-frame.jpg\"><\/a> Dr. Nagy P\u00e9ter munkacsoport vezet\u0151 <a href=\"https:\/\/semmelweis.hu\/telefonkonyv\/?emp_id=5344\">El\u00e9rhet\u0151s\u00e9g <\/a> <a href=\"pdrnagy@gmail.com\"> e-mail<\/a> &nbsp; &nbsp; <a href=\"https:\/\/semmelweis.hu\/patologia1\/files\/2020\/06\/pic-frame.jpg\"><\/a> Dr. S\u00e1pi Zolt\u00e1n &nbsp; &nbsp; &nbsp; <a href=\"https:\/\/semmelweis.hu\/patologia1\/files\/2020\/06\/pic-frame.jpg\"><\/a> Dr. Zalatnai Attila &nbsp; &hellip;<\/p>\n","protected":false},"author":101745,"featured_media":0,"parent":35,"menu_order":0,"comment_status":"closed","ping_status":"closed","template":"","meta":{"_acf_changed":false,"footnotes":""},"categories":[],"tags":[],"class_list":["post-5867","page","type-page","status-publish","hentry"],"acf":[],"_links":{"self":[{"href":"https:\/\/semmelweis.hu\/patologia1\/wp-json\/wp\/v2\/pages\/5867","targetHints":{"allow":["GET"]}}],"collection":[{"href":"https:\/\/semmelweis.hu\/patologia1\/wp-json\/wp\/v2\/pages"}],"about":[{"href":"https:\/\/semmelweis.hu\/patologia1\/wp-json\/wp\/v2\/types\/page"}],"author":[{"embeddable":true,"href":"https:\/\/semmelweis.hu\/patologia1\/wp-json\/wp\/v2\/users\/101745"}],"replies":[{"embeddable":true,"href":"https:\/\/semmelweis.hu\/patologia1\/wp-json\/wp\/v2\/comments?post=5867"}],"version-history":[{"count":10,"href":"https:\/\/semmelweis.hu\/patologia1\/wp-json\/wp\/v2\/pages\/5867\/revisions"}],"predecessor-version":[{"id":8927,"href":"https:\/\/semmelweis.hu\/patologia1\/wp-json\/wp\/v2\/pages\/5867\/revisions\/8927"}],"up":[{"embeddable":true,"href":"https:\/\/semmelweis.hu\/patologia1\/wp-json\/wp\/v2\/pages\/35"}],"wp:attachment":[{"href":"https:\/\/semmelweis.hu\/patologia1\/wp-json\/wp\/v2\/media?parent=5867"}],"wp:term":[{"taxonomy":"category","embeddable":true,"href":"https:\/\/semmelweis.hu\/patologia1\/wp-json\/wp\/v2\/categories?post=5867"},{"taxonomy":"post_tag","embeddable":true,"href":"https:\/\/semmelweis.hu\/patologia1\/wp-json\/wp\/v2\/tags?post=5867"}],"curies":[{"name":"wp","href":"https:\/\/api.w.org\/{rel}","templated":true}]}}