{"id":5865,"date":"2020-06-22T12:35:08","date_gmt":"2020-06-22T10:35:08","guid":{"rendered":"https:\/\/semmelweis.hu\/patologia1\/?page_id=5865"},"modified":"2026-02-23T17:56:06","modified_gmt":"2026-02-23T16:56:06","slug":"tudopatologia-es-tudocitologia","status":"publish","type":"page","link":"https:\/\/semmelweis.hu\/patologia1\/diagnosztika-profilok\/tudopatologia-es-tudocitologia\/","title":{"rendered":"T\u00fcd\u0151patol\u00f3gia \u00e9s t\u00fcd\u0151citol\u00f3gia"},"content":{"rendered":"<p><img loading=\"lazy\" decoding=\"async\" class=\"wp-image-5996 alignleft\" src=\"https:\/\/semmelweis.hu\/patologia1\/files\/2020\/07\/SOTE_ikonok_expand-13-400x400.jpg\" alt=\"\" width=\"250\" height=\"250\" srcset=\"https:\/\/semmelweis.hu\/patologia1\/files\/2020\/07\/SOTE_ikonok_expand-13-400x400.jpg 400w, https:\/\/semmelweis.hu\/patologia1\/files\/2020\/07\/SOTE_ikonok_expand-13-1024x1024.jpg 1024w, https:\/\/semmelweis.hu\/patologia1\/files\/2020\/07\/SOTE_ikonok_expand-13-150x150.jpg 150w, https:\/\/semmelweis.hu\/patologia1\/files\/2020\/07\/SOTE_ikonok_expand-13-768x768.jpg 768w, https:\/\/semmelweis.hu\/patologia1\/files\/2020\/07\/SOTE_ikonok_expand-13-753x753.jpg 753w, https:\/\/semmelweis.hu\/patologia1\/files\/2020\/07\/SOTE_ikonok_expand-13.jpg 1167w\" sizes=\"auto, (max-width: 250px) 100vw, 250px\" \/><\/p>\n<p>Int\u00e9zet\u00fcnkben 2002. \u00f3ta foglalkozunk t\u00fcd\u0151patol\u00f3giai esetek feldolgoz\u00e1s\u00e1val, melynek keretein bel\u00fcl\u00a0 vizsg\u00e1ljuk a SE Pulmonol\u00f3giai Klinika \u00e9s a Reform\u00e1rus Pulmonol\u00f3giai Centrum (kor\u00e1bban t\u00f6r\u00f6kb\u00e1linti T\u00fcd\u0151gy\u00f3gyint\u00e9zet) betegeinek hisztol\u00f3giai \u00e9s citol\u00f3giai mint\u00e1it. Ez ut\u00f3bbi, \u00fan. kisbiopszi\u00e1s anyagok k\u00e9pezik mind a patol\u00f3giai lelet, mind a ter\u00e1pi\u00e1s d\u00f6nt\u00e9sek alapj\u00e1t. Ut\u00f3bbi sz\u00e9lesk\u00f6r\u0171 molekul\u00e1ris patol\u00f3giai vizsg\u00e1latokkal eg\u00e9sz\u00fcl ki, melyeket szint\u00e9n int\u00e9zet\u00fcnk molekul\u00e1ris diagnosztikai laborat\u00f3rium\u00e1ban v\u00e9geznek el.<\/p>\n<p>A sz\u00f6vetmint\u00e1k d\u00f6nt\u0151 t\u00f6bbs\u00e9ge daganatos betegek elv\u00e1ltoz\u00e1saib\u00f3l sz\u00e1rmazik, de vizsg\u00e1ljuk az \u00fan interstici\u00e1lis t\u00fcd\u0151betegek, valamint a t\u00fcd\u0151 transzplant\u00e1ci\u00f3n \u00e1tesett betegek hisztol\u00f3giai \u00e9s citol\u00f3giai anyagait is. K\u00fcl\u00f6n\u00f6s jelent\u0151s\u00e9g\u00fck az\u00e9rt is fontos, mert a malignus t\u00fcd\u0151daganatok jelent\u0151s h\u00e1nyada\u00a0 felismer\u00e9s\u00fck id\u0151pontj\u00e1ban m\u00e1r el\u0151rehaladott, inoper\u00e1blis st\u00e1diumban van.<\/p>\n<p>&nbsp;<\/p>\n<div class=\"responsive-tabs\">\n<h2 class=\"tabtitle\">Munkat\u00e1rsak<\/h2>\n<div class=\"tabcontent\">\n\n<p><a href=\"https:\/\/semmelweis.hu\/patologia1\/files\/2020\/06\/pic-frame.jpg\"><img loading=\"lazy\" decoding=\"async\" class=\"alignleft\" src=\"https:\/\/semmelweis.hu\/patologia1\/files\/2020\/06\/pic-frame.jpg\" alt=\"Fintha Attila\" width=\"121\" height=\"130\" \/><\/a>Dr. P\u00e1pay Judit (egyetemi docens)<br \/>\n<a href=\"https:\/\/semmelweis.hu\/telefonkonyv\/?emp_id=5352\">el\u00e9rhet\u0151s\u00e9g<\/a><\/p>\n<p>&nbsp;<\/p>\n<p>&nbsp;<\/p>\n<p><a href=\"https:\/\/semmelweis.hu\/patologia1\/files\/2020\/06\/pic-frame.jpg\"><img loading=\"lazy\" decoding=\"async\" class=\"alignleft\" src=\"https:\/\/semmelweis.hu\/patologia1\/files\/2020\/06\/pic-frame.jpg\" alt=\"\" width=\"121\" height=\"130\" \/><\/a>Dr. Timk\u00f3n\u00e9 Dr. Reg\u0151s Eszter (egyetemi tan\u00e1rseg\u00e9d)<br \/>\n<a href=\"https:\/\/semmelweis.hu\/telefonkonyv\/?emp_id=11091\">el\u00e9rhet\u0151s\u00e9g<\/a><\/p>\n<p>&nbsp;<\/p>\n<p>&nbsp;<\/p>\n<p><a href=\"https:\/\/semmelweis.hu\/patologia1\/files\/2020\/06\/pic-frame.jpg\"><img loading=\"lazy\" decoding=\"async\" class=\"alignleft\" src=\"https:\/\/semmelweis.hu\/patologia1\/files\/2020\/06\/pic-frame.jpg\" alt=\"\" width=\"121\" height=\"130\" \/><\/a>Dr. Krencz Ildik\u00f3 (szakorvos)<br \/>\n<a href=\"https:\/\/semmelweis.hu\/telefonkonyv\/?emp_id=6185\">el\u00e9rhet\u0151s\u00e9g<\/a><\/p>\n<p>&nbsp;<\/p>\n<p>&nbsp;<\/p>\n<p><a href=\"https:\/\/semmelweis.hu\/patologia1\/files\/2020\/06\/pic-frame.jpg\"><img loading=\"lazy\" decoding=\"async\" class=\"alignleft\" src=\"https:\/\/semmelweis.hu\/patologia1\/files\/2020\/06\/pic-frame.jpg\" alt=\"\" width=\"121\" height=\"130\" \/><\/a>Dr. S\u00e1ghi M\u00e1rton (szakorvos)<br \/>\n<a href=\"https:\/\/semmelweis.hu\/telefonkonyv\/?emp_id=6185\">el\u00e9rhet\u0151s\u00e9g<\/a><\/p>\n<p>&nbsp;<\/p>\n<p>&nbsp;<\/p>\n<p><a href=\"https:\/\/semmelweis.hu\/patologia1\/files\/2020\/06\/pic-frame.jpg\"><img loading=\"lazy\" decoding=\"async\" class=\"alignleft\" src=\"https:\/\/semmelweis.hu\/patologia1\/files\/2020\/06\/pic-frame.jpg\" alt=\"\" width=\"121\" height=\"130\" \/><\/a>Dr. Nagy Be\u00e1ta (szakorvos)<br \/>\n<a href=\"https:\/\/semmelweis.hu\/telefonkonyv\/?emp_id=6185\">el\u00e9rhet\u0151s\u00e9g<\/a><\/p>\n<p>&nbsp;<\/p>\n<p>&nbsp;<\/p>\n\n<\/div><h2 class=\"tabtitle\">Vizsg\u00e1latok<\/h2>\n<div class=\"tabcontent\">\n\n<table style=\"border-collapse: collapse;width: 100%\">\n<tbody>\n<tr>\n<td style=\"width: 50%\">Immunhisztok\u00e9miai vizsg\u00e1latok, diagn\u00f3zist\u00f3l f\u00fcgg\u0151en reflex-immunvizsg\u00e1lat, amely a klinikus k\u00e9r\u00e9se n\u00e9lk\u00fcl elk\u00e9sz\u00fcl.\u00a0<\/td>\n<\/tr>\n<tr>\n<td style=\"width: 50%\">A tov\u00e1bbi molekul\u00e1ris diagnosztikai vizsg\u00e1latok a klinikus\/onkol\u00f3gus k\u00e9r\u00e9se alapj\u00e1n: EGFR, K-Ras, BRAF, PDL-1<\/td>\n<\/tr>\n<\/tbody>\n<\/table>\n<\/div><\/div>\n","protected":false},"excerpt":{"rendered":"<p>Int\u00e9zet\u00fcnkben 2002. \u00f3ta foglalkozunk t\u00fcd\u0151patol\u00f3giai esetek feldolgoz\u00e1s\u00e1val, melynek keretein bel\u00fcl\u00a0 vizsg\u00e1ljuk a SE Pulmonol\u00f3giai Klinika \u00e9s a Reform\u00e1rus Pulmonol\u00f3giai Centrum (kor\u00e1bban t\u00f6r\u00f6kb\u00e1linti T\u00fcd\u0151gy\u00f3gyint\u00e9zet) betegeinek hisztol\u00f3giai \u00e9s citol\u00f3giai mint\u00e1it. Ez ut\u00f3bbi, \u00fan. kisbiopszi\u00e1s anyagok k\u00e9pezik mind a patol\u00f3giai lelet, mind a ter\u00e1pi\u00e1s d\u00f6nt\u00e9sek alapj\u00e1t. Ut\u00f3bbi sz\u00e9lesk\u00f6r\u0171 molekul\u00e1ris patol\u00f3giai vizsg\u00e1latokkal eg\u00e9sz\u00fcl ki, melyeket szint\u00e9n int\u00e9zet\u00fcnk molekul\u00e1ris diagnosztikai &hellip;<\/p>\n","protected":false},"author":101745,"featured_media":0,"parent":35,"menu_order":0,"comment_status":"closed","ping_status":"closed","template":"","meta":{"_acf_changed":false,"footnotes":""},"categories":[],"tags":[],"class_list":["post-5865","page","type-page","status-publish","hentry"],"acf":[],"_links":{"self":[{"href":"https:\/\/semmelweis.hu\/patologia1\/wp-json\/wp\/v2\/pages\/5865","targetHints":{"allow":["GET"]}}],"collection":[{"href":"https:\/\/semmelweis.hu\/patologia1\/wp-json\/wp\/v2\/pages"}],"about":[{"href":"https:\/\/semmelweis.hu\/patologia1\/wp-json\/wp\/v2\/types\/page"}],"author":[{"embeddable":true,"href":"https:\/\/semmelweis.hu\/patologia1\/wp-json\/wp\/v2\/users\/101745"}],"replies":[{"embeddable":true,"href":"https:\/\/semmelweis.hu\/patologia1\/wp-json\/wp\/v2\/comments?post=5865"}],"version-history":[{"count":9,"href":"https:\/\/semmelweis.hu\/patologia1\/wp-json\/wp\/v2\/pages\/5865\/revisions"}],"predecessor-version":[{"id":8968,"href":"https:\/\/semmelweis.hu\/patologia1\/wp-json\/wp\/v2\/pages\/5865\/revisions\/8968"}],"up":[{"embeddable":true,"href":"https:\/\/semmelweis.hu\/patologia1\/wp-json\/wp\/v2\/pages\/35"}],"wp:attachment":[{"href":"https:\/\/semmelweis.hu\/patologia1\/wp-json\/wp\/v2\/media?parent=5865"}],"wp:term":[{"taxonomy":"category","embeddable":true,"href":"https:\/\/semmelweis.hu\/patologia1\/wp-json\/wp\/v2\/categories?post=5865"},{"taxonomy":"post_tag","embeddable":true,"href":"https:\/\/semmelweis.hu\/patologia1\/wp-json\/wp\/v2\/tags?post=5865"}],"curies":[{"name":"wp","href":"https:\/\/api.w.org\/{rel}","templated":true}]}}