{"id":5863,"date":"2020-06-22T12:34:47","date_gmt":"2020-06-22T10:34:47","guid":{"rendered":"https:\/\/semmelweis.hu\/patologia1\/?page_id=5863"},"modified":"2026-02-10T10:18:32","modified_gmt":"2026-02-10T09:18:32","slug":"sziv-errendszeri-patologia","status":"publish","type":"page","link":"https:\/\/semmelweis.hu\/patologia1\/diagnosztika-profilok\/sziv-errendszeri-patologia\/","title":{"rendered":"Sz\u00edv- \u00e9rrendszeri patol\u00f3gia"},"content":{"rendered":"<p><img loading=\"lazy\" decoding=\"async\" class=\"wp-image-5990 alignleft\" src=\"https:\/\/semmelweis.hu\/patologia1\/files\/2020\/07\/SOTE_ikonok_expand-07-400x400.jpg\" alt=\"\" width=\"250\" height=\"250\" srcset=\"https:\/\/semmelweis.hu\/patologia1\/files\/2020\/07\/SOTE_ikonok_expand-07-400x400.jpg 400w, https:\/\/semmelweis.hu\/patologia1\/files\/2020\/07\/SOTE_ikonok_expand-07-1024x1024.jpg 1024w, https:\/\/semmelweis.hu\/patologia1\/files\/2020\/07\/SOTE_ikonok_expand-07-150x150.jpg 150w, https:\/\/semmelweis.hu\/patologia1\/files\/2020\/07\/SOTE_ikonok_expand-07-768x768.jpg 768w, https:\/\/semmelweis.hu\/patologia1\/files\/2020\/07\/SOTE_ikonok_expand-07-753x753.jpg 753w, https:\/\/semmelweis.hu\/patologia1\/files\/2020\/07\/SOTE_ikonok_expand-07.jpg 1167w\" sizes=\"auto, (max-width: 250px) 100vw, 250px\" \/><\/p>\n<p>&nbsp;<\/p>\n<p>Munkacsoportunk diagnosztikai tev\u00e9kenys\u00e9ge sor\u00e1n a feln\u0151ttkori \u00e9s gyermekkori akut \u00e9s kr\u00f3nikus sz\u00edvel\u00e9gtelens\u00e9g teljes spektruma mellett kiemelt ter\u00fcletk\u00e9nt kezelj\u00fck a gyermekkori, illetve velesz\u00fcletett sz\u00edvhib\u00e1k vizsg\u00e1lat\u00e1t is. \u00a0A magyar feln\u0151tt \u00e9s gyermek sz\u00edvtranszplant\u00e1ci\u00f3s program patol\u00f3giai referensek\u00e9nt v\u00e9gezz\u00fck a sz\u00edv\u00e1t\u00fcltet\u00e9s folyam\u00e1n elt\u00e1vol\u00edtott sz\u00edv elemz\u00e9s\u00e9t, \u00e9s a sz\u00edvtranszplant\u00e1lt p\u00e1ciens gondoz\u00e1sa sor\u00e1n sz\u00fcks\u00e9ges vizsg\u00e1latok r\u00e9szek\u00e9nt a be\u00fcltetett sz\u00edvb\u0151l sz\u00e1rmaz\u00f3 sz\u00f6vetmint\u00e1k anal\u00edzis\u00e9t. Foglalkozunk tov\u00e1bb\u00e1 gyullad\u00e1sos \u00e9s degenerat\u00edv eredet\u0171 megbeteged\u00e9sek k\u00f6vetkezt\u00e9ben elt\u00e1vol\u00edtott sz\u00edv- \u00e9s \u00e9rseb\u00e9szeti mint\u00e1k (sz\u00edvbillenty\u0171k, erek, sz\u00edvizomr\u00e9szlet) patol\u00f3giai feldolgoz\u00e1s\u00e1val. Csal\u00e1di halmoz\u00f3d\u00e1st mutat\u00f3 sz\u00edvbetegs\u00e9gek eset\u00e9n klinikai genetikus k\u00e9r\u00e9s\u00e9re komplex molekul\u00e1ris biol\u00f3giai elemz\u00e9st v\u00e9gz\u00fcnk. A sz\u00edv-, \u00e9rrendszeri patol\u00f3gia term\u00e9szet\u00e9b\u0151l ad\u00f3d\u00f3an akt\u00edv kliniko-patol\u00f3giai kapcsolatot k\u00edv\u00e1n, \u00edgy a sz\u00edv-, \u00e9rrendszeri orvoscsoportokkal szorosan egy\u00fcttm\u0171k\u00f6d\u00fcnk.\u00a0<\/p>\n<p>&nbsp;<\/p>\n<div class=\"responsive-tabs\">\n<h2 class=\"tabtitle\">Munkat\u00e1rsak<\/h2>\n<div class=\"tabcontent\">\n\n<p><a href=\"https:\/\/semmelweis.hu\/patologia1\/files\/2020\/06\/pic-frame.jpg\"><img loading=\"lazy\" decoding=\"async\" class=\"alignleft\" src=\"https:\/\/semmelweis.hu\/patologia1\/files\/2020\/06\/pic-frame.jpg\" alt=\"Fintha Attila\" width=\"121\" height=\"130\" \/><\/a>Dr. Fintha Attila (klinikai szakorvos)<br \/>\nMunkacsoport vezet\u0151<br \/>\n<a href=\"https:\/\/semmelweis.hu\/telefonkonyv\/?emp_id=15647\">el\u00e9rhet\u0151s\u00e9g<\/a><\/p>\n<p>&nbsp;<\/p>\n<p>&nbsp;<\/p>\n<p><a href=\"https:\/\/semmelweis.hu\/patologia1\/files\/2020\/06\/pic-frame.jpg\"><img loading=\"lazy\" decoding=\"async\" class=\"alignleft\" src=\"https:\/\/semmelweis.hu\/patologia1\/files\/2020\/06\/pic-frame.jpg\" alt=\"\" width=\"121\" height=\"130\" \/><\/a>Dr. Nagy Be\u00e1ta (klinikai szakorvos)<br \/>\n<a href=\"https:\/\/semmelweis.hu\/telefonkonyv\/?emp_id=11085\">el\u00e9rhet\u0151s\u00e9g<\/a><\/p>\n<p>&nbsp;<\/p>\n<p>&nbsp;<\/p>\n<p>&nbsp;<\/p>\n<p><a href=\"https:\/\/semmelweis.hu\/patologia1\/files\/2020\/06\/pic-frame.jpg\"><img loading=\"lazy\" decoding=\"async\" class=\"alignleft\" src=\"https:\/\/semmelweis.hu\/patologia1\/files\/2020\/06\/pic-frame.jpg\" alt=\"\" width=\"121\" height=\"130\" \/><\/a>Dr. S\u00e1ghi M\u00e1rton (klinikai szakorvos)<br \/>\n<a href=\"https:\/\/semmelweis.hu\/telefonkonyv\/?emp_id=20427\">el\u00e9rhet\u0151s\u00e9g<\/a><\/p>\n<p>&nbsp;<\/p>\n<p>&nbsp;<\/p>\n\n<\/div><h2 class=\"tabtitle\">Vizsg\u00e1latok<\/h2>\n<div class=\"tabcontent\">\n\n<table style=\"border-collapse: collapse;width: 100%\">\n<tbody>\n<tr>\n<td style=\"width: 28.7203%\" width=\"258\" data-sheets-value=\"{&quot;1&quot;:2,&quot;2&quot;:&quot;K\u00f3rsz\u00f6vettani vizsg\u00e1lat&quot;}\">K\u00f3rsz\u00f6vettani vizsg\u00e1lat<\/td>\n<td style=\"width: 71.2797%\" width=\"849\" data-sheets-value=\"{&quot;1&quot;:2,&quot;2&quot;:&quot;Sz\u00f6vettani labor teljes palett\u00e1ja (gyakori vizsg\u00e1latok: H&amp;E, Masson-f\u00e9le trikr\u00f3m, Kong\u00f3v\u00f6r\u00f6s, PAS, Alci\u00e1nk\u00e9k-PAS)&quot;}\">Sz\u00f6vettani labor teljes palett\u00e1ja (gyakori vizsg\u00e1latok: H&amp;E, Masson-f\u00e9le trikr\u00f3m, Kong\u00f3v\u00f6r\u00f6s, PAS, Alci\u00e1nk\u00e9k-PAS)<\/td>\n<\/tr>\n<tr>\n<td style=\"width: 28.7203%\" data-sheets-value=\"{&quot;1&quot;:2,&quot;2&quot;:&quot;Immunhisztok\u00e9miai vizsg\u00e1latok&quot;}\">Immunhisztok\u00e9miai vizsg\u00e1latok<\/td>\n<td style=\"width: 71.2797%\" width=\"849\" data-sheets-value=\"{&quot;1&quot;:2,&quot;2&quot;:&quot;Immunlabor teljes palett\u00e1ja (gyakori vizsg\u00e1latok: CD3, CD20, CD68, CD31, C4d, IgG4, Kappa k\u00f6nny\u0171l\u00e1nc, Lambda k\u00f6nny\u0171l\u00e1nc, transztiretin)&quot;}\">Immunlabor teljes palett\u00e1ja (gyakori vizsg\u00e1latok: CD3, CD20, CD68, CD31, C4d, IgG4, Kappa k\u00f6nny\u0171l\u00e1nc, Lambda k\u00f6nny\u0171l\u00e1nc, Transztiretin, Serum Amiloid A, Lect2)<\/td>\n<\/tr>\n<tr>\n<td style=\"width: 28.7203%\" data-sheets-value=\"{&quot;1&quot;:2,&quot;2&quot;:&quot;Immunfluorescens vizsg\u00e1latok&quot;}\">Immunfluorescens vizsg\u00e1latok<\/td>\n<td style=\"width: 71.2797%\">FISH labor teljes palett\u00e1ja (gyakori vizsg\u00e1latok: Kappa k\u00f6nny\u0171l\u00e1nc, Lambda k\u00f6nny\u0171l\u00e1nc, Fibrinog\u00e9n)<\/td>\n<\/tr>\n<tr>\n<td style=\"width: 28.7203%\" data-sheets-value=\"{&quot;1&quot;:2,&quot;2&quot;:&quot;Elektronmikroszk\u00f3pos vizsg\u00e1lat&quot;}\">Elektronmikroszk\u00f3pos vizsg\u00e1lat<\/td>\n<td style=\"width: 71.2797%\" width=\"849\" data-sheets-value=\"{&quot;1&quot;:2,&quot;2&quot;:&quot;Immunlabor teljes palett\u00e1ja (gyakori vizsg\u00e1latok: CD3, CD20, CD68, CD31, C4d, IgG4, Kappa k\u00f6nny\u0171l\u00e1nc, Lambda k\u00f6nny\u0171l\u00e1nc, transztiretin)&quot;}\">\u00a0<\/td>\n<\/tr>\n<tr>\n<td style=\"width: 28.7203%\" data-sheets-value=\"{&quot;1&quot;:2,&quot;2&quot;:&quot;Molekul\u00e1ris\/Genetikai vizsg\u00e1lat&quot;}\">Molekul\u00e1ris\/Genetikai vizsg\u00e1lat<\/td>\n<td style=\"width: 71.2797%\" width=\"849\" data-sheets-value=\"{&quot;1&quot;:2,&quot;2&quot;:&quot;Molekul\u00e1ris \u00e9s FISH labor teljes palett\u00e1ja, valamint Illumina TruSight Cardio Sequencing Kit&quot;}\">Molekul\u00e1ris \u00e9s FISH labor teljes palett\u00e1ja, valamint Illumina TruSight Cardio Sequencing Kit<\/td>\n<\/tr>\n<\/tbody>\n<\/table>\n<\/div><\/div>\n","protected":false},"excerpt":{"rendered":"<p>&nbsp; Munkacsoportunk diagnosztikai tev\u00e9kenys\u00e9ge sor\u00e1n a feln\u0151ttkori \u00e9s gyermekkori akut \u00e9s kr\u00f3nikus sz\u00edvel\u00e9gtelens\u00e9g teljes spektruma mellett kiemelt ter\u00fcletk\u00e9nt kezelj\u00fck a gyermekkori, illetve velesz\u00fcletett sz\u00edvhib\u00e1k vizsg\u00e1lat\u00e1t is. \u00a0A magyar feln\u0151tt \u00e9s gyermek sz\u00edvtranszplant\u00e1ci\u00f3s program patol\u00f3giai referensek\u00e9nt v\u00e9gezz\u00fck a sz\u00edv\u00e1t\u00fcltet\u00e9s folyam\u00e1n elt\u00e1vol\u00edtott sz\u00edv elemz\u00e9s\u00e9t, \u00e9s a sz\u00edvtranszplant\u00e1lt p\u00e1ciens gondoz\u00e1sa sor\u00e1n sz\u00fcks\u00e9ges vizsg\u00e1latok r\u00e9szek\u00e9nt a be\u00fcltetett sz\u00edvb\u0151l sz\u00e1rmaz\u00f3 &hellip;<\/p>\n","protected":false},"author":101745,"featured_media":0,"parent":35,"menu_order":0,"comment_status":"closed","ping_status":"closed","template":"","meta":{"_acf_changed":false,"footnotes":""},"categories":[],"tags":[],"class_list":["post-5863","page","type-page","status-publish","hentry"],"acf":[],"_links":{"self":[{"href":"https:\/\/semmelweis.hu\/patologia1\/wp-json\/wp\/v2\/pages\/5863","targetHints":{"allow":["GET"]}}],"collection":[{"href":"https:\/\/semmelweis.hu\/patologia1\/wp-json\/wp\/v2\/pages"}],"about":[{"href":"https:\/\/semmelweis.hu\/patologia1\/wp-json\/wp\/v2\/types\/page"}],"author":[{"embeddable":true,"href":"https:\/\/semmelweis.hu\/patologia1\/wp-json\/wp\/v2\/users\/101745"}],"replies":[{"embeddable":true,"href":"https:\/\/semmelweis.hu\/patologia1\/wp-json\/wp\/v2\/comments?post=5863"}],"version-history":[{"count":10,"href":"https:\/\/semmelweis.hu\/patologia1\/wp-json\/wp\/v2\/pages\/5863\/revisions"}],"predecessor-version":[{"id":8925,"href":"https:\/\/semmelweis.hu\/patologia1\/wp-json\/wp\/v2\/pages\/5863\/revisions\/8925"}],"up":[{"embeddable":true,"href":"https:\/\/semmelweis.hu\/patologia1\/wp-json\/wp\/v2\/pages\/35"}],"wp:attachment":[{"href":"https:\/\/semmelweis.hu\/patologia1\/wp-json\/wp\/v2\/media?parent=5863"}],"wp:term":[{"taxonomy":"category","embeddable":true,"href":"https:\/\/semmelweis.hu\/patologia1\/wp-json\/wp\/v2\/categories?post=5863"},{"taxonomy":"post_tag","embeddable":true,"href":"https:\/\/semmelweis.hu\/patologia1\/wp-json\/wp\/v2\/tags?post=5863"}],"curies":[{"name":"wp","href":"https:\/\/api.w.org\/{rel}","templated":true}]}}