{"id":5856,"date":"2020-06-22T12:33:10","date_gmt":"2020-06-22T10:33:10","guid":{"rendered":"https:\/\/semmelweis.hu\/patologia1\/?page_id=5856"},"modified":"2026-02-10T10:23:49","modified_gmt":"2026-02-10T09:23:49","slug":"nogyogyaszati-patologia-es-nogyogyaszati-citologia","status":"publish","type":"page","link":"https:\/\/semmelweis.hu\/patologia1\/diagnosztika-profilok\/nogyogyaszati-patologia-es-nogyogyaszati-citologia\/","title":{"rendered":"N\u0151gy\u00f3gy\u00e1szati patol\u00f3gia"},"content":{"rendered":"<p><a href=\"https:\/\/semmelweis.hu\/patologia1\/files\/2020\/07\/SOTE_ikonok_expand-06.jpg\"><img loading=\"lazy\" decoding=\"async\" class=\"alignleft wp-image-5989\" src=\"https:\/\/semmelweis.hu\/patologia1\/files\/2020\/07\/SOTE_ikonok_expand-06-400x400.jpg\" alt=\"\" width=\"250\" height=\"250\" srcset=\"https:\/\/semmelweis.hu\/patologia1\/files\/2020\/07\/SOTE_ikonok_expand-06-400x400.jpg 400w, https:\/\/semmelweis.hu\/patologia1\/files\/2020\/07\/SOTE_ikonok_expand-06-1024x1024.jpg 1024w, https:\/\/semmelweis.hu\/patologia1\/files\/2020\/07\/SOTE_ikonok_expand-06-150x150.jpg 150w, https:\/\/semmelweis.hu\/patologia1\/files\/2020\/07\/SOTE_ikonok_expand-06-768x768.jpg 768w, https:\/\/semmelweis.hu\/patologia1\/files\/2020\/07\/SOTE_ikonok_expand-06-753x753.jpg 753w, https:\/\/semmelweis.hu\/patologia1\/files\/2020\/07\/SOTE_ikonok_expand-06.jpg 1167w\" sizes=\"auto, (max-width: 250px) 100vw, 250px\" \/><\/a><\/p>\n<p>Int\u00e9zet\u00fcnkben az SE Sz\u00fcl\u00e9szeti \u00e9s N\u0151gy\u00f3gy\u00e1szati Klinika Baross utcai r\u00e9szleg\u00e9b\u0151l, a Maternity Mag\u00e1nklinik\u00e1r\u00f3l \u00e9s k\u00fcl\u00f6nb\u00f6z\u0151 szakrendel\u0151kb\u0151l (Szentendre, Sz\u00e1zhalombatta, Dabas) \u00e9rkez\u0151 n\u0151gy\u00f3gy\u00e1szati patol\u00f3giai sz\u00f6vettani mint\u00e1k vizsg\u00e1lata zajlik. A mint\u00e1k a daganatos \u00e9s nem daganatos n\u0151gy\u00f3gy\u00e1szati patol\u00f3gia teljes spektrum\u00e1t lefedik, \u00edgy a munkacsoport nagy tapasztalattal rendelkezik mind a gyakori, mind a ritk\u00e1bb daganatos \u00e9s nem daganatos elv\u00e1ltoz\u00e1sok diagnosztiz\u00e1l\u00e1s\u00e1ban. A munkacsoport tagjai az SE Sz\u00fcl\u00e9szeti \u00e9s N\u0151gy\u00f3gy\u00e1szati Klinika onkol\u00f3giai bizotts\u00e1g\u00e1nak fontos r\u00e9szvev\u0151i. Int\u00e9zet\u00fcnkben a k\u00fcl\u00f6nb\u00f6z\u0151 n\u0151gy\u00f3gy\u00e1szati daganatt\u00edpusokban alkalmazott diagnosztikus, predikt\u00edv \u00e9s prognosztikus markerek sz\u00e9les t\u00e1rh\u00e1z\u00e1t alkalmazzuk rutinszer\u0171en, ezek k\u00f6z\u00fcl sz\u00e1mos vizsg\u00e1lat az orsz\u00e1gban csak kev\u00e9s helyen \u00e9rhet\u0151 el.<\/p>\n<p>&nbsp;<\/p>\n<p>&nbsp;<\/p>\n<div class=\"responsive-tabs\">\n<h2 class=\"tabtitle\">Munkat\u00e1rsak<\/h2>\n<div class=\"tabcontent\">\n\n<p>Dr. R\u00f3kusz Andr\u00e1s (egyetmi adjunktus)<\/p>\n<p>munkacsoport vezet\u0151<\/p>\n<p>Dr. Nagy \u00c1gnes (klinikai szakorvos)<\/p>\n<p>Dr. P\u00e1los Kata (klinikai szakorvos)<\/p>\n<p>Dr. Scheich B\u00e1lint (egyetemi adjunktus)<\/p>\n<p>Dr. M\u00f3zes R\u00e9ka (egyetemi tan\u00e1rseg\u00e9d)<\/p>\n<p>Dr. Jenei Alex (klinikai szakorvos)<\/p>\n<p>Dr. Mics\u00edk Tam\u00e1s (egyetmi adjunktus)<\/p>\n<p>&nbsp;<\/p>\n\n<\/div><h2 class=\"tabtitle\">Vizsg\u00e1latok<\/h2>\n<div class=\"tabcontent\">\n\n<p>Sz\u00e9les immunhisztok\u00e9miai \u00e9s FISH paletta mind h\u00e1m eredet\u0171, mind mesenchymalis daganatok diagnosztik\u00e1j\u00e1hoz<\/p>\n<p>Endometrium carcinom\u00e1k molekul\u00e1ris klasszifik\u00e1ci\u00f3ja (POLE mut\u00e1ci\u00f3anal\u00edzis)<\/p>\n<p>Ovarium carcinom\u00e1k: BRCA mut\u00e1ci\u00f3anal\u00edzis, HRD, FOLR1 st\u00e1tusz meghat\u00e1roz\u00e1s<\/p>\n<p>PD-L1, HER2, MMR st\u00e1tusz meghat\u00e1roz\u00e1sa<\/p>\n<\/div><\/div>\n","protected":false},"excerpt":{"rendered":"<p><a href=\"https:\/\/semmelweis.hu\/patologia1\/files\/2020\/07\/SOTE_ikonok_expand-06.jpg\"><\/a> Int\u00e9zet\u00fcnkben az SE Sz\u00fcl\u00e9szeti \u00e9s N\u0151gy\u00f3gy\u00e1szati Klinika Baross utcai r\u00e9szleg\u00e9b\u0151l, a Maternity Mag\u00e1nklinik\u00e1r\u00f3l \u00e9s k\u00fcl\u00f6nb\u00f6z\u0151 szakrendel\u0151kb\u0151l (Szentendre, Sz\u00e1zhalombatta, Dabas) \u00e9rkez\u0151 n\u0151gy\u00f3gy\u00e1szati patol\u00f3giai sz\u00f6vettani mint\u00e1k vizsg\u00e1lata zajlik. A mint\u00e1k a daganatos \u00e9s nem daganatos n\u0151gy\u00f3gy\u00e1szati patol\u00f3gia teljes spektrum\u00e1t lefedik, \u00edgy a munkacsoport nagy tapasztalattal rendelkezik mind a gyakori, mind a ritk\u00e1bb daganatos \u00e9s nem daganatos elv\u00e1ltoz\u00e1sok &hellip;<\/p>\n","protected":false},"author":101745,"featured_media":0,"parent":35,"menu_order":0,"comment_status":"closed","ping_status":"closed","template":"","meta":{"_acf_changed":false,"footnotes":""},"categories":[],"tags":[],"class_list":["post-5856","page","type-page","status-publish","hentry"],"acf":[],"_links":{"self":[{"href":"https:\/\/semmelweis.hu\/patologia1\/wp-json\/wp\/v2\/pages\/5856","targetHints":{"allow":["GET"]}}],"collection":[{"href":"https:\/\/semmelweis.hu\/patologia1\/wp-json\/wp\/v2\/pages"}],"about":[{"href":"https:\/\/semmelweis.hu\/patologia1\/wp-json\/wp\/v2\/types\/page"}],"author":[{"embeddable":true,"href":"https:\/\/semmelweis.hu\/patologia1\/wp-json\/wp\/v2\/users\/101745"}],"replies":[{"embeddable":true,"href":"https:\/\/semmelweis.hu\/patologia1\/wp-json\/wp\/v2\/comments?post=5856"}],"version-history":[{"count":9,"href":"https:\/\/semmelweis.hu\/patologia1\/wp-json\/wp\/v2\/pages\/5856\/revisions"}],"predecessor-version":[{"id":8935,"href":"https:\/\/semmelweis.hu\/patologia1\/wp-json\/wp\/v2\/pages\/5856\/revisions\/8935"}],"up":[{"embeddable":true,"href":"https:\/\/semmelweis.hu\/patologia1\/wp-json\/wp\/v2\/pages\/35"}],"wp:attachment":[{"href":"https:\/\/semmelweis.hu\/patologia1\/wp-json\/wp\/v2\/media?parent=5856"}],"wp:term":[{"taxonomy":"category","embeddable":true,"href":"https:\/\/semmelweis.hu\/patologia1\/wp-json\/wp\/v2\/categories?post=5856"},{"taxonomy":"post_tag","embeddable":true,"href":"https:\/\/semmelweis.hu\/patologia1\/wp-json\/wp\/v2\/tags?post=5856"}],"curies":[{"name":"wp","href":"https:\/\/api.w.org\/{rel}","templated":true}]}}