{"id":5787,"date":"2020-06-19T12:30:19","date_gmt":"2020-06-19T10:30:19","guid":{"rendered":"https:\/\/semmelweis.hu\/patologia1\/?page_id=5787"},"modified":"2022-12-02T15:53:31","modified_gmt":"2022-12-02T14:53:31","slug":"tripla-negativ-emlocarcinoma-specialis-vizsgalata","status":"publish","type":"page","link":"https:\/\/semmelweis.hu\/patologia1\/diagnosztika-profilok\/emlopatologia\/tripla-negativ-emlocarcinoma-specialis-vizsgalata\/","title":{"rendered":"Tripla-negat\u00edv eml\u0151carcinoma speci\u00e1lis vizsg\u00e1lata"},"content":{"rendered":"<p><img loading=\"lazy\" decoding=\"async\" class=\" wp-image-5952 alignright\" src=\"https:\/\/semmelweis.hu\/patologia1\/files\/2020\/07\/shutterstock_83018986-400x310.jpg\" alt=\"\" width=\"268\" height=\"208\" srcset=\"https:\/\/semmelweis.hu\/patologia1\/files\/2020\/07\/shutterstock_83018986-400x310.jpg 400w, https:\/\/semmelweis.hu\/patologia1\/files\/2020\/07\/shutterstock_83018986-1024x793.jpg 1024w, https:\/\/semmelweis.hu\/patologia1\/files\/2020\/07\/shutterstock_83018986-768x595.jpg 768w, https:\/\/semmelweis.hu\/patologia1\/files\/2020\/07\/shutterstock_83018986-1536x1190.jpg 1536w, https:\/\/semmelweis.hu\/patologia1\/files\/2020\/07\/shutterstock_83018986-2048x1587.jpg 2048w, https:\/\/semmelweis.hu\/patologia1\/files\/2020\/07\/shutterstock_83018986-753x583.jpg 753w\" sizes=\"auto, (max-width: 268px) 100vw, 268px\" \/><\/p>\n<h1 style=\"text-align: center;\"><em>Mert minden perc sz\u00e1m\u00edt!<\/em><\/h1>\n<p style=\"text-align: center;\"><a class=\"button\" href=\"http:\/\/193.6.208.214\/infoframe\/Page\/TNBC\" target=\"_blank\" rel=\"noopener noreferrer\">VIZSG\u00c1LATK\u00c9R\u00c9S<\/a><\/p>\n<hr style=\"height: 1px; border-width: 0; color: white; background-color: white;\" \/>\n<p>Hossz\u00fa kutat\u00e1si \u00e9s tesztel\u00e9si folyamatok ut\u00e1n, az Egyes\u00fclt \u00c1llamokban 2019. M\u00e1rcius\u00e1ban enged\u00e9lyezt\u00e9k el\u0151rehaladott TNBC-k eset\u00e9ben az immunter\u00e1pia egy fajt\u00e1j\u00e1t. A ter\u00e1pia m\u00e1r Magyarorsz\u00e1gon is el\u00e9rhet\u0151! A kezel\u00e9s megkezd\u00e9s\u00e9nek felt\u00e9tele, hogy patol\u00f3giai m\u00f3dszerekkel, kimutassuk, hogy az immunter\u00e1pia egyik c\u00e9lpont feh\u00e9rj\u00e9je kifejez\u0151dik e a tumorsejteken, illetve a tumorsejtek mellett m\u00e1s egy\u00e9b immunsejteken, k\u00f6t\u0151sz\u00f6veti sejteken.<\/p>\n<div class=\"exp-col-content-holder\"><a class=\"expand-cnt-link\" href=\"#\">TRIPLA-NEGAT\u00cdV EML\u0150CARCINOMA<\/a><\/p>\n<div class=\"hidden-content\">\n<p><span style=\"font-size: 1rem;\">A hagyom\u00e1nyos klinikopatol\u00f3giai megk\u00f6zel\u00edt\u00e9s a rosszindulat\u00fa eml\u0151tumorokat a tumor sz\u00f6vettani t\u00edpusa, aggresszivit\u00e1sa (grade) \u00e9s kiterjedts\u00e9ge (st\u00e1dium) szerint csoportos\u00edtja. Fentiek mellett, a mai patol\u00f3giai diagnosztika \u00fan. predikt\u00edv anal\u00edzist is v\u00e9gez, mely sor\u00e1n meghat\u00e1rozzuk a tumorsejtekben k\u00fcl\u00f6nb\u00f6z\u0151 feh\u00e9rj\u00e9k kifejez\u0151d\u00e9s\u00e9t. \u00c1ltal\u00e1noss\u00e1gban k\u00e9t hormonreceptor, az estrogen \u00e9s a progesteron, illetve egy n\u00f6veked\u00e9si faktor receptor, a HER2 kifejez\u0151d\u00e9s\u00e9t vizsg\u00e1ljuk immunhisztok\u00e9mia \u00e9s bizonyos esetekben in situ hybridisatios m\u00f3dszerekkel.\u00a0<\/span><\/p>\n<p>Triplanegat\u00edv eml\u0151carcinom\u00e1k (TNBC) eset\u00e9ben sem a hormonreceptorok, sem a HER2 n\u00f6veked\u00e9si faktor receptor k\u00f3ros kifejez\u0151d\u00e9se nem mutathat\u00f3 ki. Sokszor ezek a tumorok fiatalabb korban alakulnak ki \u00e9s aggressz\u00edvebb lefoly\u00e1st is mutatnak a t\u00f6bbi eml\u0151tumorhoz viszony\u00edtva.<\/p>\n<p>Az ut\u00f3bbi id\u0151ben egyre t\u00f6bb tanulm\u00e1ny sz\u00fcletik arr\u00f3l, hogy val\u00f3j\u00e1ban a TNBC egy heterog\u00e9n betegs\u00e9gcsoport \u00e9s t\u00f6bb alt\u00edpust lehet elk\u00fcl\u00f6n\u00edteni. Az egyes alt\u00edpusok m\u00e1s progn\u00f3zist mutatnak \u00e9s m\u00e1s kezel\u00e9si form\u00e1kra lehetnek \u00e9rz\u00e9kenyek. (pl. immunter\u00e1pia, androg\u00e9n receptor ellenes kezel\u00e9s, mTOR g\u00e1tl\u00f3 kezel\u00e9s, PARP g\u00e1tl\u00f3 kezel\u00e9s, stb.) Ezek a tumor t\u00edpus beoszt\u00e1sok \u00e9s az egyes tumorok felt\u00e9telezett ter\u00e1pia \u00e9rz\u00e9kenys\u00e9ge ma is intenz\u00edv kutat\u00e1s t\u00e1rgya.\u200b<\/p>\n<\/div>\n<\/div>\n<div class=\"exp-col-content-holder\"><a class=\"expand-cnt-link\" href=\"#\">PD-L1 MEGHAT\u00c1ROZ\u00c1S<\/a><\/p>\n<div class=\"hidden-content\">\n<p class=\"hiddenContentp\">A triplanegat\u00edv eml\u0151carcinom\u00e1k egyes eseteiben, a hagyom\u00e1nyos kemoter\u00e1pi\u00e1s kezel\u00e9sek mellett, immunter\u00e1pia v\u00e1lhat sz\u00fcks\u00e9gess\u00e9. Az immunter\u00e1pia megkezd\u00e9s\u00e9nek felt\u00e9tele, hogy a PD-L1 feh\u00e9rje kifejez\u0151d\u00e9s\u00e9t a tumorban kimutassuk.<\/p>\n<p class=\"hiddenContentp\">Mivel a TNBCk aggressz\u00edv, gyors lefoly\u00e1s\u00fa betegs\u00e9gek, a megfelel\u0151 kezel\u00e9s mihamarabbi elkezd\u00e9se kulcsfontoss\u00e1g\u00fa feladat, \u00edgy a kezel\u00e9s felt\u00e9tel\u00e9\u00fcl szabott diagnosztika elv\u00e9gz\u00e9se sem k\u00e9slekedhet.\u00a0<\/p>\n<p class=\"hiddenContentp\">A VIZSG\u00c1LATK\u00c9R\u00c9S SZAKORVOSI FELADAT! AMENNYIBEN \u00d6N BETEG VAGY BETEG HOZZ\u00c1TARTOZ\u00d3JA, K\u00c9RJ\u00dcK, KONZULT\u00c1LJON A KEZEL\u0150ORVOSSAL!<\/p>\n<\/div>\n<\/div>\n","protected":false},"excerpt":{"rendered":"<p>Mert minden perc sz\u00e1m\u00edt! <a class=\"button\" href=\"http:\/\/193.6.208.214\/infoframe\/Page\/TNBC\" target=\"_blank\" rel=\"noopener noreferrer\">VIZSG\u00c1LATK\u00c9R\u00c9S<\/a> Hossz\u00fa kutat\u00e1si \u00e9s tesztel\u00e9si folyamatok ut\u00e1n, az Egyes\u00fclt \u00c1llamokban 2019. M\u00e1rcius\u00e1ban enged\u00e9lyezt\u00e9k el\u0151rehaladott TNBC-k eset\u00e9ben az immunter\u00e1pia egy fajt\u00e1j\u00e1t. A ter\u00e1pia m\u00e1r Magyarorsz\u00e1gon is el\u00e9rhet\u0151! A kezel\u00e9s megkezd\u00e9s\u00e9nek felt\u00e9tele, hogy patol\u00f3giai m\u00f3dszerekkel, kimutassuk, hogy az immunter\u00e1pia egyik c\u00e9lpont feh\u00e9rj\u00e9je kifejez\u0151dik e a tumorsejteken, illetve a tumorsejtek mellett m\u00e1s egy\u00e9b immunsejteken, k\u00f6t\u0151sz\u00f6veti &hellip;<\/p>\n","protected":false},"author":101745,"featured_media":0,"parent":5682,"menu_order":0,"comment_status":"closed","ping_status":"closed","template":"","meta":{"_acf_changed":false,"footnotes":""},"categories":[],"tags":[],"class_list":["post-5787","page","type-page","status-publish","hentry"],"acf":[],"_links":{"self":[{"href":"https:\/\/semmelweis.hu\/patologia1\/wp-json\/wp\/v2\/pages\/5787","targetHints":{"allow":["GET"]}}],"collection":[{"href":"https:\/\/semmelweis.hu\/patologia1\/wp-json\/wp\/v2\/pages"}],"about":[{"href":"https:\/\/semmelweis.hu\/patologia1\/wp-json\/wp\/v2\/types\/page"}],"author":[{"embeddable":true,"href":"https:\/\/semmelweis.hu\/patologia1\/wp-json\/wp\/v2\/users\/101745"}],"replies":[{"embeddable":true,"href":"https:\/\/semmelweis.hu\/patologia1\/wp-json\/wp\/v2\/comments?post=5787"}],"version-history":[{"count":11,"href":"https:\/\/semmelweis.hu\/patologia1\/wp-json\/wp\/v2\/pages\/5787\/revisions"}],"predecessor-version":[{"id":7866,"href":"https:\/\/semmelweis.hu\/patologia1\/wp-json\/wp\/v2\/pages\/5787\/revisions\/7866"}],"up":[{"embeddable":true,"href":"https:\/\/semmelweis.hu\/patologia1\/wp-json\/wp\/v2\/pages\/5682"}],"wp:attachment":[{"href":"https:\/\/semmelweis.hu\/patologia1\/wp-json\/wp\/v2\/media?parent=5787"}],"wp:term":[{"taxonomy":"category","embeddable":true,"href":"https:\/\/semmelweis.hu\/patologia1\/wp-json\/wp\/v2\/categories?post=5787"},{"taxonomy":"post_tag","embeddable":true,"href":"https:\/\/semmelweis.hu\/patologia1\/wp-json\/wp\/v2\/tags?post=5787"}],"curies":[{"name":"wp","href":"https:\/\/api.w.org\/{rel}","templated":true}]}}