{"id":5779,"date":"2020-06-19T12:08:27","date_gmt":"2020-06-19T10:08:27","guid":{"rendered":"https:\/\/semmelweis.hu\/patologia1\/?page_id=5779"},"modified":"2026-02-10T10:26:24","modified_gmt":"2026-02-10T09:26:24","slug":"vesepatologia","status":"publish","type":"page","link":"https:\/\/semmelweis.hu\/patologia1\/diagnosztika-profilok\/vesepatologia\/","title":{"rendered":"Vesepatol\u00f3gia"},"content":{"rendered":"<p><a href=\"https:\/\/semmelweis.hu\/patologia1\/files\/2020\/06\/RS44185_KA-20160203-IMG_3941-scr.jpg\"><img loading=\"lazy\" decoding=\"async\" class=\"wp-image-5998 alignleft\" src=\"https:\/\/semmelweis.hu\/patologia1\/files\/2020\/07\/SOTE_ikonok_expand-15-400x400.jpg\" alt=\"\" width=\"250\" height=\"250\" srcset=\"https:\/\/semmelweis.hu\/patologia1\/files\/2020\/07\/SOTE_ikonok_expand-15-400x400.jpg 400w, https:\/\/semmelweis.hu\/patologia1\/files\/2020\/07\/SOTE_ikonok_expand-15-1024x1024.jpg 1024w, https:\/\/semmelweis.hu\/patologia1\/files\/2020\/07\/SOTE_ikonok_expand-15-150x150.jpg 150w, https:\/\/semmelweis.hu\/patologia1\/files\/2020\/07\/SOTE_ikonok_expand-15-768x768.jpg 768w, https:\/\/semmelweis.hu\/patologia1\/files\/2020\/07\/SOTE_ikonok_expand-15-753x753.jpg 753w, https:\/\/semmelweis.hu\/patologia1\/files\/2020\/07\/SOTE_ikonok_expand-15.jpg 1167w\" sizes=\"auto, (max-width: 250px) 100vw, 250px\" \/><\/a>Munkacsoportunk diagnosztikai tev\u00e9kenys\u00e9g\u00e9nek f\u0151 f\u00f3kusza a Semmelweis Egyetem vesetranszplant\u00e1ci\u00f3s program patol\u00f3giai referensek\u00e9nt a vese\u00e1t\u00fcltet\u00e9st k\u00f6vet\u0151en a p\u00e1ciens gondoz\u00e1sa sor\u00e1n sz\u00fcks\u00e9ges vizsg\u00e1latok r\u00e9szek\u00e9nt a be\u00fcltetett ves\u00e9b\u0151l sz\u00e1rmaz\u00f3 sz\u00f6vetmint\u00e1k anal\u00edzise. Tov\u00e1bb\u00e1 heveny vagy id\u00fclt veseel\u00e9gtelens\u00e9g kialakul\u00e1sakor a kezel\u00e9si terv pontos\u00edt\u00e1sa \u00e9rdek\u00e9ben a sz\u00f6vettani, immunmorfol\u00f3giai \u00e9s elektronmikroszk\u00f3pos vizsg\u00e1latot elv\u00e9gezz\u00fck. Munk\u00e1nk sor\u00e1n a p\u00e1ciensek ell\u00e1t\u00e1s\u00e1t\u00e9rt felel\u0151s nefrol\u00f3gusokkal szoros egy\u00fcttm\u0171k\u00f6d\u00e9sben vagyunk.<\/p>\n<p>&nbsp;<\/p>\n<p>&nbsp;<\/p>\n<div class=\"responsive-tabs\">\n<h2 class=\"tabtitle\">Munkat\u00e1rsak<\/h2>\n<div class=\"tabcontent\">\n\n<p>&nbsp;<\/p>\n<p>Dr. Fintha Attila (egyetemi adjunktus)<br \/>\nmunkacsoport vezet\u0151<br \/>\n<a href=\"https:\/\/semmelweis.hu\/telefonkonyv\/?emp_id=15647\">el\u00e9rhet\u0151s\u00e9g<\/a><\/p>\n<p>Dr. Jenei Alex (klinikai szakorvos)<br \/>\n<a href=\"https:\/\/semmelweis.hu\/telefonkonyv\/?emp_id=17609\">el\u00e9rhet\u0151s\u00e9g<\/a><\/p>\n<p>&nbsp;<\/p>\n<p>&nbsp;<\/p>\n<p>&nbsp;<\/p>\n<p>&nbsp;<\/p>\n\n<\/div><h2 class=\"tabtitle\">Speci\u00e1lis\/biomarker vizsg\u00e1latok<\/h2>\n<div class=\"tabcontent\">\n\n<table style=\"width: 100%\" border=\"1\" cellspacing=\"0\" cellpadding=\"0\">\n<tbody>\n<tr>\n<td style=\"width: 19.8546%\">K\u00f3rsz\u00f6vettani vizsg\u00e1lat<\/td>\n<td style=\"width: 80.0727%\">Sz\u00f6vettani labor teljes palett\u00e1ja (gyakori vizsg\u00e1latok: H&amp;E, PAS, Masson-f\u00e9le trikr\u00f3m, Crossmon-f\u00e9le trikr\u00f3m, Jones-f\u00e9le ez\u00fcst\u00fcz\u00e9s, Kong\u00f3v\u00f6r\u00f6s, Hart van Gieson-f\u00e9le esztatikus fest\u00e9s)<\/td>\n<\/tr>\n<tr>\n<td style=\"width: 19.8546%\">Immunhisztok\u00e9miai vizsg\u00e1latok<\/td>\n<td style=\"width: 80.0727%\">Immunlabor teljes palett\u00e1ja (gyakori vizsg\u00e1latok: C4d, SV40, CD3, CD20, CD68, CD31, IgG4, Kappa k\u00f6nny\u0171l\u00e1nc, Lambda k\u00f6nny\u0171l\u00e1nc)<\/td>\n<\/tr>\n<tr>\n<td style=\"width: 19.8546%\">Immunfluorescens vizsg\u00e1latok<\/td>\n<td style=\"width: 80.0727%\">Immunfluorescens vizsg\u00e1latok: IgG, IgA, IgM, C4c, C3c, C1q, Kappa k\u00f6nny\u0171l\u00e1nc, Lambda k\u00f6nny\u0171l\u00e1nc, fibrinog\u00e9n, Alport-kit (Collag\u00e9nIV alfa3 \u00e9s alfa5 l\u00e1nc)<\/td>\n<\/tr>\n<tr>\n<td style=\"width: 19.8546%\">Elektronmikroszk\u00f3pos vizsg\u00e1lat<\/td>\n<td style=\"width: 80.0727%\">\u00a0<\/td>\n<\/tr>\n<\/tbody>\n<\/table>\n<\/div><\/div>\n","protected":false},"excerpt":{"rendered":"<p><a href=\"https:\/\/semmelweis.hu\/patologia1\/files\/2020\/06\/RS44185_KA-20160203-IMG_3941-scr.jpg\"><\/a> Munkacsoportunk diagnosztikai tev\u00e9kenys\u00e9g\u00e9nek f\u0151 f\u00f3kusza a Semmelweis Egyetem vesetranszplant\u00e1ci\u00f3s program patol\u00f3giai referensek\u00e9nt a vese\u00e1t\u00fcltet\u00e9st k\u00f6vet\u0151en a p\u00e1ciens gondoz\u00e1sa sor\u00e1n sz\u00fcks\u00e9ges vizsg\u00e1latok r\u00e9szek\u00e9nt a be\u00fcltetett ves\u00e9b\u0151l sz\u00e1rmaz\u00f3 sz\u00f6vetmint\u00e1k anal\u00edzise. Tov\u00e1bb\u00e1 heveny vagy id\u00fclt veseel\u00e9gtelens\u00e9g kialakul\u00e1sakor a kezel\u00e9si terv pontos\u00edt\u00e1sa \u00e9rdek\u00e9ben a sz\u00f6vettani, immunmorfol\u00f3giai \u00e9s elektronmikroszk\u00f3pos vizsg\u00e1latot elv\u00e9gezz\u00fck. Munk\u00e1nk sor\u00e1n a p\u00e1ciensek ell\u00e1t\u00e1s\u00e1t\u00e9rt felel\u0151s nefrol\u00f3gusokkal szoros egy\u00fcttm\u0171k\u00f6d\u00e9sben &hellip;<\/p>\n","protected":false},"author":101745,"featured_media":0,"parent":35,"menu_order":0,"comment_status":"closed","ping_status":"closed","template":"","meta":{"_acf_changed":false,"footnotes":""},"categories":[],"tags":[],"class_list":["post-5779","page","type-page","status-publish","hentry"],"acf":[],"_links":{"self":[{"href":"https:\/\/semmelweis.hu\/patologia1\/wp-json\/wp\/v2\/pages\/5779","targetHints":{"allow":["GET"]}}],"collection":[{"href":"https:\/\/semmelweis.hu\/patologia1\/wp-json\/wp\/v2\/pages"}],"about":[{"href":"https:\/\/semmelweis.hu\/patologia1\/wp-json\/wp\/v2\/types\/page"}],"author":[{"embeddable":true,"href":"https:\/\/semmelweis.hu\/patologia1\/wp-json\/wp\/v2\/users\/101745"}],"replies":[{"embeddable":true,"href":"https:\/\/semmelweis.hu\/patologia1\/wp-json\/wp\/v2\/comments?post=5779"}],"version-history":[{"count":9,"href":"https:\/\/semmelweis.hu\/patologia1\/wp-json\/wp\/v2\/pages\/5779\/revisions"}],"predecessor-version":[{"id":8939,"href":"https:\/\/semmelweis.hu\/patologia1\/wp-json\/wp\/v2\/pages\/5779\/revisions\/8939"}],"up":[{"embeddable":true,"href":"https:\/\/semmelweis.hu\/patologia1\/wp-json\/wp\/v2\/pages\/35"}],"wp:attachment":[{"href":"https:\/\/semmelweis.hu\/patologia1\/wp-json\/wp\/v2\/media?parent=5779"}],"wp:term":[{"taxonomy":"category","embeddable":true,"href":"https:\/\/semmelweis.hu\/patologia1\/wp-json\/wp\/v2\/categories?post=5779"},{"taxonomy":"post_tag","embeddable":true,"href":"https:\/\/semmelweis.hu\/patologia1\/wp-json\/wp\/v2\/tags?post=5779"}],"curies":[{"name":"wp","href":"https:\/\/api.w.org\/{rel}","templated":true}]}}