{"id":5765,"date":"2020-06-18T15:54:21","date_gmt":"2020-06-18T13:54:21","guid":{"rendered":"https:\/\/semmelweis.hu\/patologia1\/?page_id=5765"},"modified":"2025-12-12T13:38:11","modified_gmt":"2025-12-12T12:38:11","slug":"perinatalis-patologia","status":"publish","type":"page","link":"https:\/\/semmelweis.hu\/patologia1\/diagnosztika-profilok\/perinatalis-patologia\/","title":{"rendered":"Perinat\u00e1lis patol\u00f3gia"},"content":{"rendered":"<p><a href=\"https:\/\/semmelweis.hu\/patologia1\/files\/2020\/06\/RS44185_KA-20160203-IMG_3941-scr.jpg\"><img loading=\"lazy\" decoding=\"async\" class=\" wp-image-5715 alignleft\" src=\"https:\/\/semmelweis.hu\/patologia1\/files\/2020\/06\/RS44185_KA-20160203-IMG_3941-scr-400x267.jpg\" alt=\"\" width=\"240\" height=\"160\" srcset=\"https:\/\/semmelweis.hu\/patologia1\/files\/2020\/06\/RS44185_KA-20160203-IMG_3941-scr-400x267.jpg 400w, https:\/\/semmelweis.hu\/patologia1\/files\/2020\/06\/RS44185_KA-20160203-IMG_3941-scr-768x512.jpg 768w, https:\/\/semmelweis.hu\/patologia1\/files\/2020\/06\/RS44185_KA-20160203-IMG_3941-scr-753x502.jpg 753w, https:\/\/semmelweis.hu\/patologia1\/files\/2020\/06\/RS44185_KA-20160203-IMG_3941-scr-203x135.jpg 203w, https:\/\/semmelweis.hu\/patologia1\/files\/2020\/06\/RS44185_KA-20160203-IMG_3941-scr.jpg 950w\" sizes=\"auto, (max-width: 240px) 100vw, 240px\" \/><\/a>A perinatalis patolol\u00f3giai munkacsoport a v\u00e1rand\u00f3ss\u00e1g \u00e9s sz\u00fcl\u00e9s sor\u00e1n felmer\u00fcl\u0151 sz\u00f6v\u0151dm\u00e9nyek sz\u00f6vettannal vizsg\u00e1lhat\u00f3 elt\u00e9r\u00e9seit t\u00e1rja fel, \u00e9s elemzi az eredm\u00e9nyeket a klinikai adatokat is integr\u00e1l\u00f3 komplex szeml\u00e9letm\u00f3ddal. K\u00fcl\u00f6n\u00f6sen nagy hangs\u00falyt fektet\u00fcnk az ism\u00e9tl\u0151d\u0151, immunol\u00f3giai okokkal magyar\u00e1zhat\u00f3 k\u00f3rk\u00e9pekre. A sz\u00f6v\u0151dm\u00e9nyes terhess\u00e9gekb\u0151l sz\u00e1rmaz\u00f3 sz\u00f6vetmint\u00e1kat, a m\u00e9hlep\u00e9nyt vagy magzatot a nemzetk\u00f6zi standardoknak megfelel\u0151en vizsg\u00e1ljuk. A v\u00e1rand\u00f3ss\u00e1g 9 h\u00f3napos esem\u00e9nyeinek lenyomata a m\u00e9hlep\u00e9nyben vizsg\u00e1lhat\u00f3 marad, \u00e9s ennek elemz\u00e9s\u00e9t az anya-m\u00e9hlep\u00e9ny-magzat h\u00e1rmas\u00e1nak egys\u00e9g\u00e9t szem el\u0151tt tartva v\u00e9gezz\u00fck. A magyar perinatalis pathologiai munkacsoportokkal szoros kapcsolatot tartunk.<\/p>\n<div class=\"responsive-tabs\">\n<h2 class=\"tabtitle\">Munkat\u00e1rsak<\/h2>\n<div class=\"tabcontent\">\n\n<p><strong>Orvosok<\/strong><\/p>\n<p>Dr. Fintha Attila (egyetemi adjunktus)<br \/>\nMunkacsoport vezet\u0151<br \/>\n<a href=\"https:\/\/semmelweis.hu\/telefonkonyv\/?emp_id=15647\">el\u00e9rhet\u0151s\u00e9g<\/a><\/p>\n<p>Timk\u00f3n\u00e9 Dr. Reg\u0151s Eszter (egyetemi tan\u00e1rseg\u00e9d)<br \/>\n<a href=\"https:\/\/semmelweis.hu\/telefonkonyv\/?emp_id=11091\">el\u00e9rhet\u0151s\u00e9g<\/a><\/p>\n<p>Dr. J\u00e1kob No\u00e9mi (klinikai szakorvos)<br \/>\n<a href=\"https:\/\/semmelweis.hu\/telefonkonyv\/?emp_id=10145\">el\u00e9rhet\u0151s\u00e9g<\/a><\/p>\n<p>Dr. Marton Tam\u00e1s Gyula (egyetemi docens)<br \/>\n<a href=\"https:\/\/semmelweis.hu\/telefonkonyv\/?emp_id=22023\">el\u00e9rhet\u0151s\u00e9g<\/a><\/p>\n<p>Dr. Hargitai Be\u00e1ta (egyetemi docens)<br \/>\n<a href=\"https:\/\/semmelweis.hu\/telefonkonyv\/?emp_id=22022\">el\u00e9rhet\u0151s\u00e9g<\/a><\/p>\n<p>&nbsp;<\/p>\n<p><strong>Asszisztens\/analitikus:<\/strong><\/p>\n<p>G\u00e1licz Krisztina<br \/>\nFekete Yvette<br \/>\nN\u00e9meth Andrea<\/p>\n<p>&nbsp;<\/p>\n<p>&nbsp;<\/p>\n<p>&nbsp;<\/p>\n<p>&nbsp;<\/p>\n\n<\/div><h2 class=\"tabtitle\">Speci\u00e1lis\/biomarker vizsg\u00e1latok<\/h2>\n<div class=\"tabcontent\">\n\n<table width=\"100%\">\n<tbody>\n<tr>\n<td>Sz\u00f6vettani labor teljes palett\u00e1ja (gyakori vizsg\u00e1latok: H&amp;E, Kossa, PAS, Masson-f\u00e9le trikr\u00f3m, Gram, Grocott)<\/td>\n<\/tr>\n<tr>\n<td>Immunlabor teljes palett\u00e1ja (gyakori vizsg\u00e1latok: CD3, CD16, CD20, CD56, CD68, CD138)<\/td>\n<\/tr>\n<tr>\n<td>Molekul\u00e1ris\/genetikai vizsg\u00e1lat: Molekul\u00e1ris \u00e9s FISH labor teljes palett\u00e1ja<\/td>\n<\/tr>\n<tr>\n<td>Elektronmikroszk\u00f3pos vizsg\u00e1lat<\/td>\n<\/tr>\n<\/tbody>\n<\/table>\n<\/div><\/div>\n","protected":false},"excerpt":{"rendered":"<p><a href=\"https:\/\/semmelweis.hu\/patologia1\/files\/2020\/06\/RS44185_KA-20160203-IMG_3941-scr.jpg\"><\/a> A perinatalis patolol\u00f3giai munkacsoport a v\u00e1rand\u00f3ss\u00e1g \u00e9s sz\u00fcl\u00e9s sor\u00e1n felmer\u00fcl\u0151 sz\u00f6v\u0151dm\u00e9nyek sz\u00f6vettannal vizsg\u00e1lhat\u00f3 elt\u00e9r\u00e9seit t\u00e1rja fel, \u00e9s elemzi az eredm\u00e9nyeket a klinikai adatokat is integr\u00e1l\u00f3 komplex szeml\u00e9letm\u00f3ddal. K\u00fcl\u00f6n\u00f6sen nagy hangs\u00falyt fektet\u00fcnk az ism\u00e9tl\u0151d\u0151, immunol\u00f3giai okokkal magyar\u00e1zhat\u00f3 k\u00f3rk\u00e9pekre. A sz\u00f6v\u0151dm\u00e9nyes terhess\u00e9gekb\u0151l sz\u00e1rmaz\u00f3 sz\u00f6vetmint\u00e1kat, a m\u00e9hlep\u00e9nyt vagy magzatot a nemzetk\u00f6zi standardoknak megfelel\u0151en vizsg\u00e1ljuk. A v\u00e1rand\u00f3ss\u00e1g 9 h\u00f3napos &hellip;<\/p>\n","protected":false},"author":54,"featured_media":0,"parent":35,"menu_order":0,"comment_status":"closed","ping_status":"closed","template":"","meta":{"_acf_changed":false,"footnotes":""},"categories":[],"tags":[],"class_list":["post-5765","page","type-page","status-publish","hentry"],"acf":[],"_links":{"self":[{"href":"https:\/\/semmelweis.hu\/patologia1\/wp-json\/wp\/v2\/pages\/5765","targetHints":{"allow":["GET"]}}],"collection":[{"href":"https:\/\/semmelweis.hu\/patologia1\/wp-json\/wp\/v2\/pages"}],"about":[{"href":"https:\/\/semmelweis.hu\/patologia1\/wp-json\/wp\/v2\/types\/page"}],"author":[{"embeddable":true,"href":"https:\/\/semmelweis.hu\/patologia1\/wp-json\/wp\/v2\/users\/54"}],"replies":[{"embeddable":true,"href":"https:\/\/semmelweis.hu\/patologia1\/wp-json\/wp\/v2\/comments?post=5765"}],"version-history":[{"count":11,"href":"https:\/\/semmelweis.hu\/patologia1\/wp-json\/wp\/v2\/pages\/5765\/revisions"}],"predecessor-version":[{"id":8888,"href":"https:\/\/semmelweis.hu\/patologia1\/wp-json\/wp\/v2\/pages\/5765\/revisions\/8888"}],"up":[{"embeddable":true,"href":"https:\/\/semmelweis.hu\/patologia1\/wp-json\/wp\/v2\/pages\/35"}],"wp:attachment":[{"href":"https:\/\/semmelweis.hu\/patologia1\/wp-json\/wp\/v2\/media?parent=5765"}],"wp:term":[{"taxonomy":"category","embeddable":true,"href":"https:\/\/semmelweis.hu\/patologia1\/wp-json\/wp\/v2\/categories?post=5765"},{"taxonomy":"post_tag","embeddable":true,"href":"https:\/\/semmelweis.hu\/patologia1\/wp-json\/wp\/v2\/tags?post=5765"}],"curies":[{"name":"wp","href":"https:\/\/api.w.org\/{rel}","templated":true}]}}