{"id":5701,"date":"2020-06-18T10:35:28","date_gmt":"2020-06-18T08:35:28","guid":{"rendered":"https:\/\/semmelweis.hu\/patologia1\/?page_id=5701"},"modified":"2020-06-18T12:40:22","modified_gmt":"2020-06-18T10:40:22","slug":"laboregysegek","status":"publish","type":"page","link":"https:\/\/semmelweis.hu\/patologia1\/laboregysegek\/","title":{"rendered":"Laboregys\u00e9gek"},"content":{"rendered":"<p><a href=\"https:\/\/semmelweis.hu\/patologia1\/files\/2020\/06\/RS25538_KA-20141127-IMG_7989-bodor-csaba-interju-scaled.jpg\"><img loading=\"lazy\" decoding=\"async\" class=\"size-medium wp-image-5509 alignleft\" src=\"https:\/\/semmelweis.hu\/patologia1\/files\/2020\/06\/RS25538_KA-20141127-IMG_7989-bodor-csaba-interju-300x200.jpg\" alt=\"\" width=\"300\" height=\"200\" srcset=\"https:\/\/semmelweis.hu\/patologia1\/files\/2020\/06\/RS25538_KA-20141127-IMG_7989-bodor-csaba-interju-300x200.jpg 300w, https:\/\/semmelweis.hu\/patologia1\/files\/2020\/06\/RS25538_KA-20141127-IMG_7989-bodor-csaba-interju-1024x683.jpg 1024w, https:\/\/semmelweis.hu\/patologia1\/files\/2020\/06\/RS25538_KA-20141127-IMG_7989-bodor-csaba-interju-768x512.jpg 768w, https:\/\/semmelweis.hu\/patologia1\/files\/2020\/06\/RS25538_KA-20141127-IMG_7989-bodor-csaba-interju-450x300.jpg 450w, https:\/\/semmelweis.hu\/patologia1\/files\/2020\/06\/RS25538_KA-20141127-IMG_7989-bodor-csaba-interju-1536x1024.jpg 1536w, https:\/\/semmelweis.hu\/patologia1\/files\/2020\/06\/RS25538_KA-20141127-IMG_7989-bodor-csaba-interju-2048x1365.jpg 2048w\" sizes=\"auto, (max-width: 300px) 100vw, 300px\" \/><\/a>Int\u00e9zet\u00fcnk sz\u00e9lesk\u00f6r\u0171 diagnosztikus tev\u00e9kenys\u00e9get folytat a legmagasabb sz\u00ednvonal\u00fa szem\u00e9lyi \u00e9s technikai h\u00e1tt\u00e9rrel. Az \u00e1ltal\u00e1nos patol\u00f3giai tev\u00e9kenys\u00e9g mellett egyre nagyobb teret nyer a 21. sz\u00e1zad k\u00f6vetelm\u00e9nyeinek megfelel\u0151 szubspecializ\u00e1ci\u00f3.<\/p>\n<p>&nbsp;<\/p>\n<table style=\"border-collapse: collapse;width: 50%\">\n<tbody>\n<tr>\n<td><strong>Diagnosztikai laborok<\/strong><\/td>\n<\/tr>\n<tr>\n<td style=\"vertical-align: top\">\n<p>Rutin hisztopatol\u00f3giai labor<br \/>\nDigit\u00e1lis patol\u00f3giai labor<br \/>\nImmunhisztok\u00e9miai labor<br \/>\nMolekul\u00e1ris diagnosztika<br \/>\n&#8211; FISH labor<br \/>\n&#8211; Citogenetika labor<br \/>\n&#8211; Molekul\u00e1ris labor<br \/>\n\u00c1raml\u00e1scitometria labor<\/p>\n<\/td>\n<\/tr>\n<\/tbody>\n<\/table>\n","protected":false},"excerpt":{"rendered":"<p><a href=\"https:\/\/semmelweis.hu\/patologia1\/files\/2020\/06\/RS25538_KA-20141127-IMG_7989-bodor-csaba-interju-scaled.jpg\"><\/a>Int\u00e9zet\u00fcnk sz\u00e9lesk\u00f6r\u0171 diagnosztikus tev\u00e9kenys\u00e9get folytat a legmagasabb sz\u00ednvonal\u00fa szem\u00e9lyi \u00e9s technikai h\u00e1tt\u00e9rrel. Az \u00e1ltal\u00e1nos patol\u00f3giai tev\u00e9kenys\u00e9g mellett egyre nagyobb teret nyer a 21. sz\u00e1zad k\u00f6vetelm\u00e9nyeinek megfelel\u0151 szubspecializ\u00e1ci\u00f3.<br \/>\n&nbsp;<\/p>\n<p>Diagnosztikai laborok<\/p>\n<p>Rutin hisztopatol\u00f3giai labor<br \/>\nDigit\u00e1lis patol\u00f3giai labor<br \/>\nImmunhisztok\u00e9miai labor<br \/>\nMolekul\u00e1ris diagnosztika<br \/>\n&#8211; FISH labor<br \/>\n&#8211; Citogenetika labor<br \/>\n&#8211; Molekul\u00e1ris labor<br \/>\n\u00c1raml\u00e1scitometria labor<\/p>\n","protected":false},"author":54,"featured_media":0,"parent":0,"menu_order":250,"comment_status":"closed","ping_status":"closed","template":"","meta":{"_acf_changed":false,"footnotes":""},"categories":[],"tags":[],"class_list":["post-5701","page","type-page","status-publish","hentry"],"acf":[],"_links":{"self":[{"href":"https:\/\/semmelweis.hu\/patologia1\/wp-json\/wp\/v2\/pages\/5701","targetHints":{"allow":["GET"]}}],"collection":[{"href":"https:\/\/semmelweis.hu\/patologia1\/wp-json\/wp\/v2\/pages"}],"about":[{"href":"https:\/\/semmelweis.hu\/patologia1\/wp-json\/wp\/v2\/types\/page"}],"author":[{"embeddable":true,"href":"https:\/\/semmelweis.hu\/patologia1\/wp-json\/wp\/v2\/users\/54"}],"replies":[{"embeddable":true,"href":"https:\/\/semmelweis.hu\/patologia1\/wp-json\/wp\/v2\/comments?post=5701"}],"version-history":[{"count":6,"href":"https:\/\/semmelweis.hu\/patologia1\/wp-json\/wp\/v2\/pages\/5701\/revisions"}],"predecessor-version":[{"id":5733,"href":"https:\/\/semmelweis.hu\/patologia1\/wp-json\/wp\/v2\/pages\/5701\/revisions\/5733"}],"wp:attachment":[{"href":"https:\/\/semmelweis.hu\/patologia1\/wp-json\/wp\/v2\/media?parent=5701"}],"wp:term":[{"taxonomy":"category","embeddable":true,"href":"https:\/\/semmelweis.hu\/patologia1\/wp-json\/wp\/v2\/categories?post=5701"},{"taxonomy":"post_tag","embeddable":true,"href":"https:\/\/semmelweis.hu\/patologia1\/wp-json\/wp\/v2\/tags?post=5701"}],"curies":[{"name":"wp","href":"https:\/\/api.w.org\/{rel}","templated":true}]}}