{"id":5682,"date":"2020-06-18T09:53:39","date_gmt":"2020-06-18T07:53:39","guid":{"rendered":"https:\/\/semmelweis.hu\/patologia1\/?page_id=5682"},"modified":"2026-02-10T10:21:58","modified_gmt":"2026-02-10T09:21:58","slug":"emlopatologia","status":"publish","type":"page","link":"https:\/\/semmelweis.hu\/patologia1\/diagnosztika-profilok\/emlopatologia\/","title":{"rendered":"Eml\u0151patol\u00f3gia"},"content":{"rendered":"<p><a href=\"https:\/\/semmelweis.hu\/patologia1\/files\/2020\/07\/SOTE_ikonok_expand-03.jpg\"><img loading=\"lazy\" decoding=\"async\" class=\"alignleft wp-image-5986\" src=\"https:\/\/semmelweis.hu\/patologia1\/files\/2020\/07\/SOTE_ikonok_expand-03.jpg\" alt=\"Eml\u0151patol\u00f3gia\" width=\"250\" height=\"250\" srcset=\"https:\/\/semmelweis.hu\/patologia1\/files\/2020\/07\/SOTE_ikonok_expand-03.jpg 1167w, https:\/\/semmelweis.hu\/patologia1\/files\/2020\/07\/SOTE_ikonok_expand-03-400x400.jpg 400w, https:\/\/semmelweis.hu\/patologia1\/files\/2020\/07\/SOTE_ikonok_expand-03-1024x1024.jpg 1024w, https:\/\/semmelweis.hu\/patologia1\/files\/2020\/07\/SOTE_ikonok_expand-03-150x150.jpg 150w, https:\/\/semmelweis.hu\/patologia1\/files\/2020\/07\/SOTE_ikonok_expand-03-768x768.jpg 768w, https:\/\/semmelweis.hu\/patologia1\/files\/2020\/07\/SOTE_ikonok_expand-03-753x753.jpg 753w\" sizes=\"auto, (max-width: 250px) 100vw, 250px\" \/><\/a><\/p>\n<p><span data-olk-copy-source=\"MessageBody\">Munkacsoportunk v\u00e9gzi az int\u00e9zet\u00fcnkbe \u00e9rkez\u0151 eml\u0151 vastagt\u0171 (core) biopszi\u00e1s mint\u00e1k, excisio-k \u00e9s m\u0171t\u00e9ti reszek\u00e1tumok sz\u00f6vettani feldolgoz\u00e1s\u00e1t. Eml\u0151r\u00e1kok eset\u00e9n ma m\u00e1r a rutin diagnosztika elengedhetetlen\u00fcl fontos r\u00e9sz\u00e9t k\u00e9pezi a receptorst\u00e1tusz (ER, PR, HER2) pontos meghat\u00e1roz\u00e1sa, melyek fontos predikt\u00edv markerek m\u00e1r nem csak az adjuv\u00e1ns, hanem a neoadjuv\u00e1ns ter\u00e1pi\u00e1ban is.\u00a0<\/span><\/p>\n<p>&nbsp;<\/p>\n<div class=\"responsive-tabs\">\n<h2 class=\"tabtitle\">Munkat\u00e1rsak<\/h2>\n<div class=\"tabcontent\">\n\n<div data-olk-copy-source=\"MessageBody\">Dr. Szentkereszty M\u00e1rton (egyetemi tan\u00e1rseg\u00e9d)<\/div>\n<div data-olk-copy-source=\"MessageBody\">\u00a0<\/div>\n<div>Dr. Szatm\u00e1ri Eszter (klinikai szakorvos)<\/div>\n<p>&nbsp;<\/p>\n<p>&nbsp;<\/p>\n<p>&nbsp;<\/p>\n\n<\/div><h2 class=\"tabtitle\">Speci\u00e1lis\/biomarker vizsg\u00e1latok<\/h2>\n<div class=\"tabcontent\">\n\n<p><a class=\"btn btn-secondary\" href=\"https:\/\/semmelweis.hu\/patologia1\/diagnosztika-profilok\/emlopatologia\/tripla-negativ-emlocarcinoma-specialis-vizsgalata\/\">Tripla negat\u00edv eml\u0151carcinoma speci\u00e1lis vizsg\u00e1lata<\/a><\/p>\n<table width=\"100%\">\n<tbody>\n<tr>\n<td>HER-2 k\u00f3piasz\u00e1m meghat\u00e1roz\u00e1sa FISH vizsg\u00e1lattal<\/td>\n<\/tr>\n<tr>\n<td>BRCA1\/2 g\u00e9n mut\u00e1ci\u00f3anal\u00edzise<\/td>\n<\/tr>\n<tr>\n<td>PD-L1 (Ventana SP142) immunhisztok\u00e9mia<\/td>\n<\/tr>\n<\/tbody>\n<\/table>\n<\/div><\/div>\n","protected":false},"excerpt":{"rendered":"<p><a href=\"https:\/\/semmelweis.hu\/patologia1\/files\/2020\/07\/SOTE_ikonok_expand-03.jpg\"><\/a> Munkacsoportunk v\u00e9gzi az int\u00e9zet\u00fcnkbe \u00e9rkez\u0151 eml\u0151 vastagt\u0171 (core) biopszi\u00e1s mint\u00e1k, excisio-k \u00e9s m\u0171t\u00e9ti reszek\u00e1tumok sz\u00f6vettani feldolgoz\u00e1s\u00e1t. Eml\u0151r\u00e1kok eset\u00e9n ma m\u00e1r a rutin diagnosztika elengedhetetlen\u00fcl fontos r\u00e9sz\u00e9t k\u00e9pezi a receptorst\u00e1tusz (ER, PR, HER2) pontos meghat\u00e1roz\u00e1sa, melyek fontos predikt\u00edv markerek m\u00e1r nem csak az adjuv\u00e1ns, hanem a neoadjuv\u00e1ns ter\u00e1pi\u00e1ban is.\u00a0 &nbsp; Dr. Szentkereszty M\u00e1rton (egyetemi tan\u00e1rseg\u00e9d) \u00a0 &hellip;<\/p>\n","protected":false},"author":54,"featured_media":0,"parent":35,"menu_order":0,"comment_status":"closed","ping_status":"closed","template":"","meta":{"_acf_changed":false,"footnotes":""},"categories":[],"tags":[],"class_list":["post-5682","page","type-page","status-publish","hentry"],"acf":[],"_links":{"self":[{"href":"https:\/\/semmelweis.hu\/patologia1\/wp-json\/wp\/v2\/pages\/5682","targetHints":{"allow":["GET"]}}],"collection":[{"href":"https:\/\/semmelweis.hu\/patologia1\/wp-json\/wp\/v2\/pages"}],"about":[{"href":"https:\/\/semmelweis.hu\/patologia1\/wp-json\/wp\/v2\/types\/page"}],"author":[{"embeddable":true,"href":"https:\/\/semmelweis.hu\/patologia1\/wp-json\/wp\/v2\/users\/54"}],"replies":[{"embeddable":true,"href":"https:\/\/semmelweis.hu\/patologia1\/wp-json\/wp\/v2\/comments?post=5682"}],"version-history":[{"count":11,"href":"https:\/\/semmelweis.hu\/patologia1\/wp-json\/wp\/v2\/pages\/5682\/revisions"}],"predecessor-version":[{"id":8930,"href":"https:\/\/semmelweis.hu\/patologia1\/wp-json\/wp\/v2\/pages\/5682\/revisions\/8930"}],"up":[{"embeddable":true,"href":"https:\/\/semmelweis.hu\/patologia1\/wp-json\/wp\/v2\/pages\/35"}],"wp:attachment":[{"href":"https:\/\/semmelweis.hu\/patologia1\/wp-json\/wp\/v2\/media?parent=5682"}],"wp:term":[{"taxonomy":"category","embeddable":true,"href":"https:\/\/semmelweis.hu\/patologia1\/wp-json\/wp\/v2\/categories?post=5682"},{"taxonomy":"post_tag","embeddable":true,"href":"https:\/\/semmelweis.hu\/patologia1\/wp-json\/wp\/v2\/tags?post=5682"}],"curies":[{"name":"wp","href":"https:\/\/api.w.org\/{rel}","templated":true}]}}