{"id":5393,"date":"2020-06-05T09:09:35","date_gmt":"2020-06-05T07:09:35","guid":{"rendered":"https:\/\/semmelweis.hu\/patologia1\/?page_id=5393"},"modified":"2025-12-07T14:07:36","modified_gmt":"2025-12-07T13:07:36","slug":"bemutatkozas","status":"publish","type":"page","link":"https:\/\/semmelweis.hu\/patologia1\/bemutatkozas\/","title":{"rendered":"Int\u00e9zet\u00fcnk bemutat\u00e1sa"},"content":{"rendered":"<div class=\"lead\" style=\"text-align: justify\">A Patol\u00f3giai \u00e9s K\u00eds\u00e9rleti R\u00e1kkutat\u00f3 Int\u00e9zet a Semmelweis Egyetem r\u00e9szek\u00e9nt, a legmagasabb szint\u0171 diagnosztikai, kutat\u00e1si \u00e9s oktat\u00e1si tev\u00e9kenys\u00e9gben vesz r\u00e9szt. Int\u00e9zet\u00fcnk trad\u00edci\u00f3kon alapul\u00f3\u00a0 innovat\u00edv tev\u00e9kenys\u00e9g\u00e9t eur\u00f3pai szinten is sz\u00e9les k\u00f6rben elismerik.\u00a0<\/div>\n<p style=\"text-align: justify\"><a href=\"https:\/\/semmelweis.hu\/patologia1\/files\/2020\/06\/RS20702__ZZS0602-scaled.jpg\"><img loading=\"lazy\" decoding=\"async\" class=\"alignright wp-image-5425\" src=\"https:\/\/semmelweis.hu\/patologia1\/files\/2020\/06\/RS20702__ZZS0602-1024x913.jpg\" alt=\"\" width=\"355\" height=\"317\" srcset=\"https:\/\/semmelweis.hu\/patologia1\/files\/2020\/06\/RS20702__ZZS0602-1024x913.jpg 1024w, https:\/\/semmelweis.hu\/patologia1\/files\/2020\/06\/RS20702__ZZS0602-300x267.jpg 300w, https:\/\/semmelweis.hu\/patologia1\/files\/2020\/06\/RS20702__ZZS0602-768x684.jpg 768w, https:\/\/semmelweis.hu\/patologia1\/files\/2020\/06\/RS20702__ZZS0602-337x300.jpg 337w, https:\/\/semmelweis.hu\/patologia1\/files\/2020\/06\/RS20702__ZZS0602-1536x1369.jpg 1536w, https:\/\/semmelweis.hu\/patologia1\/files\/2020\/06\/RS20702__ZZS0602-2048x1825.jpg 2048w\" sizes=\"auto, (max-width: 355px) 100vw, 355px\" \/><\/a>Az Int\u00e9zet akt\u00edvan r\u00e9szt vesz a gradu\u00e1lis\u00a0 orvosk\u00e9pz\u00e9sben, amely 3 nyelven folyik (magyar, angol, n\u00e9met). Az oktat\u00e1s els\u0151rend\u0171 c\u00e9lja a klinikopatol\u00f3giai szeml\u00e9let megalapoz\u00e1sa \u00e9s a patol\u00f3gia diagnosztikai lehet\u0151s\u00e9geinek bemutat\u00e1sa. Az int\u00e9zetben kiemelked\u0151 jelent\u0151s\u00e9ggel b\u00edrnak a posztgradu\u00e1lis k\u00e9pz\u00e9s k\u00fcl\u00f6nb\u00f6z\u0151 form\u00e1i is.\u00a0<\/p>\n<p style=\"text-align: justify\">A legmagasabb szint\u0171 diagnosztikai, kutat\u00e1si tev\u00e9kenys\u00e9g\u00fcnkkel az eredm\u00e9nyes, magas sz\u00ednvonal\u00fa betegell\u00e1t\u00e1shoz \u00e9s az orvostudom\u00e1ny fejl\u0151d\u00e9s\u00e9hez k\u00edv\u00e1nunk hozz\u00e1j\u00e1rulni. Mi, a Semmelweis Egyetem, Patol\u00f3giai \u00e9s K\u00eds\u00e9rleti R\u00e1kkutat\u00f3 Int\u00e9zet munkat\u00e1rsai, elhivatottak vagyunk, hogy minden tud\u00e1sunkkal \u00e9s lehet\u0151s\u00e9g\u00fcnkkel a hozz\u00e1nk fordul\u00f3 betegek \u00e9s betegeik probl\u00e9m\u00e1ival hozz\u00e1nk fordul\u00f3 orvosok jav\u00e1t szolg\u00e1ljuk.<\/p>\n<p style=\"text-align: justify\">Alapelv\u00fcnk, hogy minden olyan vizsg\u00e1latot el kell v\u00e9gezni, aminek a szakma szab\u00e1lyai szerint relevanci\u00e1ja van \u00e9s bizony\u00edt\u00e9k-alap\u00fa \u00e9s semmit, aminek az adott beteg \u00e9s betegs\u00e9g szempontj\u00e1b\u00f3l nincs relevanci\u00e1ja \u00e9s nem bizony\u00edt\u00e9k-alap\u00fa, tilos elv\u00e9gezni.\u00a0<\/p>\n<figure id=\"attachment_5422\" aria-describedby=\"caption-attachment-5422\" style=\"width: 431px\" class=\"wp-caption alignleft\"><a href=\"https:\/\/semmelweis.hu\/patologia1\/files\/2020\/06\/RS27623_20120118-IMG_7378-scaled.jpg\"><img loading=\"lazy\" decoding=\"async\" class=\" wp-image-5422\" src=\"https:\/\/semmelweis.hu\/patologia1\/files\/2020\/06\/RS27623_20120118-IMG_7378-1024x683.jpg\" alt=\"\" width=\"431\" height=\"287\" srcset=\"https:\/\/semmelweis.hu\/patologia1\/files\/2020\/06\/RS27623_20120118-IMG_7378-1024x683.jpg 1024w, https:\/\/semmelweis.hu\/patologia1\/files\/2020\/06\/RS27623_20120118-IMG_7378-300x200.jpg 300w, https:\/\/semmelweis.hu\/patologia1\/files\/2020\/06\/RS27623_20120118-IMG_7378-768x512.jpg 768w, https:\/\/semmelweis.hu\/patologia1\/files\/2020\/06\/RS27623_20120118-IMG_7378-450x300.jpg 450w, https:\/\/semmelweis.hu\/patologia1\/files\/2020\/06\/RS27623_20120118-IMG_7378-1536x1024.jpg 1536w, https:\/\/semmelweis.hu\/patologia1\/files\/2020\/06\/RS27623_20120118-IMG_7378-2048x1365.jpg 2048w\" sizes=\"auto, (max-width: 431px) 100vw, 431px\" \/><\/a><figcaption id=\"caption-attachment-5422\" class=\"wp-caption-text\">I. sz Patol\u00f3giai \u00e9s K\u00eds\u00e9rleti R\u00e1kkutat\u00f3 Int\u00e9zet<\/figcaption><\/figure>\n<p style=\"text-align: justify\">Int\u00e9zet\u00fcnk sz\u00e9lesk\u00f6r\u0171 diagnosztikus tev\u00e9kenys\u00e9get folytat. A patol\u00f3giai oszt\u00e1lyokon leggyakrabban vizsg\u00e1lt sz\u00f6vetmint\u00e1kon k\u00edv\u00fcl, haz\u00e1nkban mi dolgozzuk fel a legt\u00f6bb hematol\u00f3giai \u00e9s k\u00f6zponti idegrendszer eredet\u0171, valamint csontokb\u00f3l \u00e9s l\u00e1gyr\u00e9szekb\u0151l sz\u00e1rmaz\u00f3 daganatos elv\u00e1ltoz\u00e1st.<\/p>\n<p style=\"text-align: justify\">Az alkalmazott metodik\u00e1k az alapvet\u0151 sz\u00f6vettani technik\u00e1kt\u00f3l a legmodernebb molekul\u00e1ris biol\u00f3giai m\u00f3dszerekig terjednek. A nagysz\u00e1m\u00fa minta gyors, standardiz\u00e1lt feldolgoz\u00e1s\u00e1t az automatiz\u00e1lt, modern hisztotechnikai laborat\u00f3rium teszi lehet\u0151v\u00e9. Az immunhisztok\u00e9miai reakci\u00f3kat szint\u00e9n automat\u00e1k seg\u00edts\u00e9g\u00e9vel v\u00e9gezz\u00fck.<\/p>\n<p style=\"text-align: justify\">A sz\u00f6vettani mint\u00e1kon k\u00edv\u00fcl nagy sz\u00e1mban dolgozunk fel cytol\u00f3giai prepar\u00e1tumokat is, melyek r\u00e9szben k\u00fcls\u0151 int\u00e9zetekb\u0151l, r\u00e9szben a n\u00e1lunk m\u0171k\u00f6d\u0151 aspir\u00e1ci\u00f3s cytol\u00f3giai ambulanci\u00e1r\u00f3l sz\u00e1rmaznak.<\/p>\n<p style=\"text-align: justify\">Molekul\u00e1ris diagnosztikai aktivit\u00e1sunk f\u0151 ir\u00e1ny\u00e1t a k\u00fcl\u00f6nb\u00f6z\u0151 daganatok (eml\u0151r\u00e1k, vastagb\u00e9lr\u00e1k, t\u00fcd\u0151r\u00e1k, melanoma, onkohematol\u00f3giai, k\u00f6zponti idegrendszeri, n\u0151gy\u00f3gy\u00e1szati \u00e9s gyermekkori k\u00f3rk\u00e9pek) c\u00e9lzott kezel\u00e9s\u00e9hez \u00e9s nyomonk\u00f6vet\u00e9s\u00e9hez kapcsol\u00f3d\u00f3 mut\u00e1ci\u00f3-anal\u00edzisek jelentik. Int\u00e9zet\u00fcnkben valamennyi olyan mut\u00e1ci\u00f3-anal\u00edzis, amely ter\u00e1pi\u00e1s k\u00f6vetkezm\u00e9nnyel j\u00e1r OEP-finansz\u00edrozott form\u00e1ban el\u00e9rhet\u0151 a betegek sz\u00e1m\u00e1ra.<\/p>\n<p style=\"text-align: justify\">Nagy sz\u00e1mban v\u00e9gz\u00fcnk tov\u00e1bb\u00e1 polimer\u00e1z l\u00e1ncreakci\u00f3n alapul\u00f3 (PCR) v\u00edrus diagnosztikai vizsg\u00e1latokat.\u00a0<\/p>\n<p style=\"text-align: justify\">A g\u00e9nexpresszi\u00f3 feh\u00e9rje szint\u0171 vizsg\u00e1lata k\u00fcl\u00f6n flow cytometriai laborat\u00f3riumban t\u00f6rt\u00e9nik, t\u00f6bbnyire hematol\u00f3giai eredet\u0171 sejtszuszpenzi\u00f3kon.<\/p>\n","protected":false},"excerpt":{"rendered":"<p>A Patol\u00f3giai \u00e9s K\u00eds\u00e9rleti R\u00e1kkutat\u00f3 Int\u00e9zet a Semmelweis Egyetem r\u00e9szek\u00e9nt, a legmagasabb szint\u0171 diagnosztikai, kutat\u00e1si \u00e9s oktat\u00e1si tev\u00e9kenys\u00e9gben vesz r\u00e9szt. Int\u00e9zet\u00fcnk trad\u00edci\u00f3kon alapul\u00f3\u00a0 innovat\u00edv tev\u00e9kenys\u00e9g\u00e9t eur\u00f3pai szinten is sz\u00e9les k\u00f6rben elismerik.\u00a0 <a href=\"https:\/\/semmelweis.hu\/patologia1\/files\/2020\/06\/RS20702__ZZS0602-scaled.jpg\"><\/a> Az Int\u00e9zet akt\u00edvan r\u00e9szt vesz a gradu\u00e1lis\u00a0 orvosk\u00e9pz\u00e9sben, amely 3 nyelven folyik (magyar, angol, n\u00e9met). Az oktat\u00e1s els\u0151rend\u0171 c\u00e9lja a klinikopatol\u00f3giai szeml\u00e9let megalapoz\u00e1sa \u00e9s &hellip;<\/p>\n","protected":false},"author":54,"featured_media":5425,"parent":0,"menu_order":0,"comment_status":"closed","ping_status":"closed","template":"","meta":{"_acf_changed":false,"footnotes":""},"categories":[],"tags":[],"class_list":["post-5393","page","type-page","status-publish","has-post-thumbnail","hentry"],"acf":[],"_links":{"self":[{"href":"https:\/\/semmelweis.hu\/patologia1\/wp-json\/wp\/v2\/pages\/5393","targetHints":{"allow":["GET"]}}],"collection":[{"href":"https:\/\/semmelweis.hu\/patologia1\/wp-json\/wp\/v2\/pages"}],"about":[{"href":"https:\/\/semmelweis.hu\/patologia1\/wp-json\/wp\/v2\/types\/page"}],"author":[{"embeddable":true,"href":"https:\/\/semmelweis.hu\/patologia1\/wp-json\/wp\/v2\/users\/54"}],"replies":[{"embeddable":true,"href":"https:\/\/semmelweis.hu\/patologia1\/wp-json\/wp\/v2\/comments?post=5393"}],"version-history":[{"count":10,"href":"https:\/\/semmelweis.hu\/patologia1\/wp-json\/wp\/v2\/pages\/5393\/revisions"}],"predecessor-version":[{"id":8834,"href":"https:\/\/semmelweis.hu\/patologia1\/wp-json\/wp\/v2\/pages\/5393\/revisions\/8834"}],"wp:featuredmedia":[{"embeddable":true,"href":"https:\/\/semmelweis.hu\/patologia1\/wp-json\/wp\/v2\/media\/5425"}],"wp:attachment":[{"href":"https:\/\/semmelweis.hu\/patologia1\/wp-json\/wp\/v2\/media?parent=5393"}],"wp:term":[{"taxonomy":"category","embeddable":true,"href":"https:\/\/semmelweis.hu\/patologia1\/wp-json\/wp\/v2\/categories?post=5393"},{"taxonomy":"post_tag","embeddable":true,"href":"https:\/\/semmelweis.hu\/patologia1\/wp-json\/wp\/v2\/tags?post=5393"}],"curies":[{"name":"wp","href":"https:\/\/api.w.org\/{rel}","templated":true}]}}