{"id":527,"date":"2013-09-20T16:09:33","date_gmt":"2013-09-20T14:09:33","guid":{"rendered":"http:\/\/semmelweis-egyetem.hu\/patologia1\/?page_id=527"},"modified":"2025-12-07T07:44:59","modified_gmt":"2025-12-07T06:44:59","slug":"rektori-palyazat","status":"publish","type":"page","link":"https:\/\/semmelweis.hu\/patologia1\/gradualis-oktatas\/rektori-palyazat\/","title":{"rendered":"Rektori p\u00e1ly\u00e1zatok \u00e9s Szakdolgozati t\u00e9m\u00e1k"},"content":{"rendered":"<p><b>Patol\u00f3giai \u00e9s K\u00eds\u00e9rleti R\u00e1kkutat\u00f3 Int\u00e9zet &#8211; Rektori P\u00e1lyat\u00e9telek \u00e9s Szakdolgozati t\u00e9m\u00e1k<\/b><\/p>\n<p>&nbsp;<\/p>\n\n<table id=\"tablepress-17\" class=\"tablepress tablepress-id-17\">\n<thead>\n<tr class=\"row-1\">\n\t<th class=\"column-1\">T\u00e9mavezet\u0151<\/th><th class=\"column-2\">C\u00edm<\/th>\n<\/tr>\n<\/thead>\n<tbody class=\"row-striping\">\n<tr class=\"row-2\">\n\t<td class=\"column-1\">Dr. Alp\u00e1r Don\u00e1t\t<\/td><td class=\"column-2\">Gyermekkori leuk\u00e9mi\u00e1k genomikai anal\u00edzise<\/td>\n<\/tr>\n<tr class=\"row-3\">\n\t<td class=\"column-1\">Dr. Baghy Korn\u00e9lia<\/td><td class=\"column-2\">A SPOCK1 proteoglik\u00e1n szerepe a daganatok kialakul\u00e1s\u00e1ban \u00e9s progresszi\u00f3j\u00e1ban.<\/td>\n<\/tr>\n<tr class=\"row-4\">\n\t<td class=\"column-1\">Dr. Barna G\u00e1bor<\/td><td class=\"column-2\">Myeloma multiplex MRD m\u00e9r\u00e9se \u00faj gener\u00e1ci\u00f3s \u00e1raml\u00e1si citometri\u00e1val<\/td>\n<\/tr>\n<tr class=\"row-5\">\n\t<td class=\"column-1\">Dr. Barna G\u00e1bor<\/td><td class=\"column-2\">CD180 expresszi\u00f3 vizsg\u00e1lata akut leuk\u00e9mi\u00e1kban<\/td>\n<\/tr>\n<tr class=\"row-6\">\n\t<td class=\"column-1\">Dr. Barna G\u00e1bor<\/td><td class=\"column-2\">T-sejt alpopul\u00e1ci\u00f3k v\u00e1ltoz\u00e1sa mezigdomiddal kezelt myeloma multiplexes betegekben<\/td>\n<\/tr>\n<tr class=\"row-7\">\n\t<td class=\"column-1\">Dr. B\u00f6d\u00f6r Csaba<\/td><td class=\"column-2\">Onkohematol\u00f3giai k\u00f3rk\u00e9pek komplex genetikai jellemz\u00e9se<\/td>\n<\/tr>\n<tr class=\"row-8\">\n\t<td class=\"column-1\">Dr. B\u00f6d\u00f6r Csaba \/ Dr. Bedics G\u00e1bor<\/td><td class=\"column-2\">Gyermekkori tumorok komprehenz\u00edv genomikai profiloz\u00e1sa<\/td>\n<\/tr>\n<tr class=\"row-9\">\n\t<td class=\"column-1\">Dr B\u00f6d\u00f6r Csaba \/ Dr.Csonka Katalin<\/td><td class=\"column-2\">\u00d6r\u00f6kl\u0151d\u0151 kardiovaszkul\u00e1ris k\u00f3rk\u00e9pek genetikai h\u00e1tter\u00e9nek vizsg\u00e1lata<\/td>\n<\/tr>\n<tr class=\"row-10\">\n\t<td class=\"column-1\">Dr. B\u00f6d\u00f6r Csaba \/ Dr. B\u00e1tai Bence<\/td><td class=\"column-2\">EZH2 mut\u00e1ci\u00f3k prognosztikus szerep\u00e9nek vizsg\u00e1lata follikul\u00e1ris limf\u00f3m\u00e1ban<\/td>\n<\/tr>\n<tr class=\"row-11\">\n\t<td class=\"column-1\">Dr. B\u00f6d\u00f6r Csaba\/ Dr. L\u00e1szl\u00f3 Tam\u00e1s<\/td><td class=\"column-2\">K\u00f6penysejtes limf\u00f3ma c\u00e9lzott kezel\u00e9se sor\u00e1n kialakult molekul\u00e1ris \u00e9s genetikai v\u00e1ltoz\u00e1sok vizsg\u00e1lata<\/td>\n<\/tr>\n<tr class=\"row-12\">\n\t<td class=\"column-1\">Dr. Dezs\u0151 Katalin<\/td><td class=\"column-2\">A genetikai diverzit\u00e1s jelent\u0151s\u00e9ge a hum\u00e1n m\u00e1j regener\u00e1ci\u00f3ja sor\u00e1n \u00e9s kr\u00f3nikus m\u00e1jbetegs\u00e9gekben<\/td>\n<\/tr>\n<tr class=\"row-13\">\n\t<td class=\"column-1\">Dr. Fintha Attila<\/td><td class=\"column-2\">Sz\u00edvtranszplant\u00e1ci\u00f3s patol\u00f3giai vizsg\u00e1latok<br \/>\n<\/td>\n<\/tr>\n<tr class=\"row-14\">\n\t<td class=\"column-1\">Dr. Fintha Attila<\/td><td class=\"column-2\">M\u00e9hlep\u00e9ny erek sz\u00f6vettani vizsg\u00e1lata digit\u00e1lis patol\u00f3giai m\u00f3dszerekkel<br \/>\n<\/td>\n<\/tr>\n<tr class=\"row-15\">\n\t<td class=\"column-1\">Dr. F\u00f3nyad L\u00e1szl\u00f3<\/td><td class=\"column-2\">Micro-CT alkalmaz\u00e1si lehet\u0151s\u00e9gei a patol\u00f3giai diagnosztik\u00e1ban<\/td>\n<\/tr>\n<tr class=\"row-16\">\n\t<td class=\"column-1\">Dr. Hargitai Be\u00e1ta<\/td><td class=\"column-2\">A placenta patol\u00f3gi\u00e1s elv\u00e1ltoz\u00e1sainak vizsg\u00e1lata els\u0151 trimeszterbeli vet\u00e9l\u00e9sekben<\/td>\n<\/tr>\n<tr class=\"row-17\">\n\t<td class=\"column-1\">Dr. Hargitai Be\u00e1ta<\/td><td class=\"column-2\">Placenta patol\u00f3gia a magzati n\u00f6veked\u00e9s zavaraival sz\u00f6v\u0151d\u00f6tt terhess\u00e9gben<\/td>\n<\/tr>\n<tr class=\"row-18\">\n\t<td class=\"column-1\">Dr. Hargitai Be\u00e1ta<\/td><td class=\"column-2\">A placenta gyullad\u00e1sos \u00e1llapotai a sz\u00f6v\u0151dm\u00e9nyes terhess\u00e9gben<\/td>\n<\/tr>\n<tr class=\"row-19\">\n\t<td class=\"column-1\">Dr. Hargitai Be\u00e1ta<\/td><td class=\"column-2\">A placenta boholy\u00e9r\u00e9si zavarok digit\u00e1lis morfometriai vizsg\u00e1lata \u00e9s MI alkalmaz\u00e1s\u00e1nak lehet\u0151s\u00e9gei<\/td>\n<\/tr>\n<tr class=\"row-20\">\n\t<td class=\"column-1\">Dr. Kiss Rich\u00e1rd<\/td><td class=\"column-2\">Gyermekkori sarcom\u00e1k korszer\u0171 patol\u00f3giai \u00e9s genetikai diagnosztik\u00e1ja<\/td>\n<\/tr>\n<tr class=\"row-21\">\n\t<td class=\"column-1\">Dr. Kren\u00e1cs Tibor<\/td><td class=\"column-2\">Digit\u00e1lis k\u00e9panal\u00edzis m\u00f3dszer kidolgoz\u00e1sa L-NGFR\/CD271 expresszi\u00f3 in situ elemz\u00e9se a myelofibr\u00f3zis progresszi\u00f3j\u00e1nak meg\u00edt\u00e9l\u00e9s\u00e9re<\/td>\n<\/tr>\n<tr class=\"row-22\">\n\t<td class=\"column-1\">Dr. Kren\u00e1cs Tibor<\/td><td class=\"column-2\">Immunsejt infiltr\u00e1ci\u00f3 tanulm\u00e1nyoz\u00e1sa digit\u00e1lis k\u00e9panal\u00edzissel nemkissejtes t\u00fcd\u0151r\u00e1kban (NSCLC), kapcsolata a dagant progn\u00f3zis\u00e1val<\/td>\n<\/tr>\n<tr class=\"row-23\">\n\t<td class=\"column-1\">Dr. Krencz Ildik\u00f3<\/td><td class=\"column-2\">C\u00e9lzott ter\u00e1pi\u00e1s lehet\u0151s\u00e9gek vizsg\u00e1lata kissejtes t\u00fcd\u0151carcinom\u00e1kban<\/td>\n<\/tr>\n<tr class=\"row-24\">\n\t<td class=\"column-1\">Dr. M\u00e1rk \u00c1gnes<\/td><td class=\"column-2\">CD49f izoform\u00e1k vizsg\u00e1lata B-sejtes akut lymphoblasztos leuk\u00e9mi\u00e1ban<\/td>\n<\/tr>\n<tr class=\"row-25\">\n\t<td class=\"column-1\">Dr. Micsik Tam\u00e1s<\/td><td class=\"column-2\">Colorectalis daganatok klinikopatologiaja, k\u00fcl\u00f6n\u00f6s tekintettel a mikrok\u00f6rnyezetre<\/td>\n<\/tr>\n<tr class=\"row-26\">\n\t<td class=\"column-1\">Dr. Micsik Tam\u00e1s<\/td><td class=\"column-2\">Mell\u00e9kvesek\u00e9reg daganatok klinikopatol\u00f3gi\u00e1ja<\/td>\n<\/tr>\n<tr class=\"row-27\">\n\t<td class=\"column-1\">Dr. Nagy Be\u00e1ta<\/td><td class=\"column-2\">Kardiogenetikai vizsg\u00e1latok jelent\u0151s\u00e9ge a sz\u00edvbetegs\u00e9gek komplex diagnosztik\u00e1j\u00e1ban<br \/>\n<\/td>\n<\/tr>\n<tr class=\"row-28\">\n\t<td class=\"column-1\">Dr. Nagy P\u00e9ter<\/td><td class=\"column-2\">A m\u00e1j \u0151ssejtek szerepe a m\u00e1j patol\u00f3gi\u00e1s folyamataiban<\/td>\n<\/tr>\n<tr class=\"row-29\">\n\t<td class=\"column-1\">Dr. P\u00e1pay Judit<\/td><td class=\"column-2\">Ritka t\u00fcd\u0151daganatok klinikopatol\u00f3gi\u00e1ja \u00e9s anyagcsere jellegzetess\u00e9gei<\/td>\n<\/tr>\n<tr class=\"row-30\">\n\t<td class=\"column-1\">Dr. Papp Gerg\u0151<\/td><td class=\"column-2\">Nem-kissejtes t\u00fcd\u0151 adenocarcinoma molekul\u00e1ris diagnosztikai vizsg\u00e1lata \u00faj gener\u00e1ci\u00f3s szekven\u00e1l\u00e1s m\u00f3dszerrel<\/td>\n<\/tr>\n<tr class=\"row-31\">\n\t<td class=\"column-1\">Dr. Papp Gerg\u0151<\/td><td class=\"column-2\">EGFR mut\u00e1ns nem-kissejtes t\u00fcd\u0151 adenocarcinom\u00e1ban szenved\u0151 betegek folyad\u00e9k biopszi\u00e1s k\u00f6vet\u00e9se digit\u00e1lis droplet PCR m\u00f3dszerrel<\/td>\n<\/tr>\n<tr class=\"row-32\">\n\t<td class=\"column-1\">Dr. R\u00e1cz Gergely<\/td><td class=\"column-2\">COVID-19-ben elhunyt betegek k\u00f3rbonctani vizsg\u00e1lat\u00e1nak \u00f6sszehasonl\u00edt\u00f3 elemz\u00e9se<\/td>\n<\/tr>\n<tr class=\"row-33\">\n\t<td class=\"column-1\">Dr. R\u00e1cz Gergely<\/td><td class=\"column-2\">Halottkonzerv\u00e1l\u00e1si technik\u00e1k\u00a0<\/td>\n<\/tr>\n<tr class=\"row-34\">\n\t<td class=\"column-1\">Dr. Reg\u0151s Eszter<\/td><td class=\"column-2\">Korai vet\u00e9l\u00e9sekb\u0151l sz\u00e1rmaz\u00f3 mint\u00e1k korszer\u0171 patol\u00f3giai feldolgoz\u00e1sa\u00a0<\/td>\n<\/tr>\n<tr class=\"row-35\">\n\t<td class=\"column-1\">Dr. Reg\u0151s Eszter<\/td><td class=\"column-2\">Anyai betegs\u00e9gek okozta sz\u00f6vettani elv\u00e1ltoz\u00e1sok vizsg\u00e1lata a m\u00e9hlep\u00e9nyben<\/td>\n<\/tr>\n<tr class=\"row-36\">\n\t<td class=\"column-1\">Dr. Reg\u0151s Eszter\t<br \/>\n<\/td><td class=\"column-2\">Korai vet\u00e9l\u00e9shez vezet\u0151 gyullad\u00e1s patol\u00f3giai vizsg\u00e1lata<\/td>\n<\/tr>\n<tr class=\"row-37\">\n\t<td class=\"column-1\">Dr. Rajnai Hajnalka<\/td><td class=\"column-2\">Gyermekkori k\u00f6zponti idegrendszeri tumorok modern patol\u00f3giai diagnosztik\u00e1ja<br \/>\n<\/td>\n<\/tr>\n<tr class=\"row-38\">\n\t<td class=\"column-1\">Dr. Rajnai Hajnalka<\/td><td class=\"column-2\">K\u00f6zponti idegrendszeri limf\u00f3m\u00e1k patol\u00f3giai jellemz\u00e9se<\/td>\n<\/tr>\n<tr class=\"row-39\">\n\t<td class=\"column-1\">Dr. R\u00f3kusz Andr\u00e1s<\/td><td class=\"column-2\">N\u0151gy\u00f3gy\u00e1szati daganatok korszer\u0171 patal\u00f3giai \u00e9s genetikai jellemz\u00e9se<\/td>\n<\/tr>\n<tr class=\"row-40\">\n\t<td class=\"column-1\">Dr. R\u00f3kusz Andr\u00e1s<\/td><td class=\"column-2\">Komprehenz\u00edv genomikai profiloz\u00e1s jelent\u0151s\u00e9ge n\u0151gy\u00f3gy\u00e1szati daganatokban<\/td>\n<\/tr>\n<tr class=\"row-41\">\n\t<td class=\"column-1\">Dr. S\u00e1ghi M\u00e1rton<\/td><td class=\"column-2\">A sz\u00edvizomgyullad\u00e1sok patol\u00f3giai vizsg\u00e1lata<\/td>\n<\/tr>\n<tr class=\"row-42\">\n\t<td class=\"column-1\">Dr. S\u00e1ghi M\u00e1rton<\/td><td class=\"column-2\">Transzplant\u00e1ci\u00f3 sor\u00e1n explant\u00e1lt sz\u00edvek patol\u00f3giai vizsg\u00e1lata<\/td>\n<\/tr>\n<tr class=\"row-43\">\n\t<td class=\"column-1\">Dr. S\u00e1pi Zolt\u00e1n<\/td><td class=\"column-2\">L\u00e1gyr\u00e9sztumorok korszer\u0171 patol\u00f3giai \u00e9s genetikai jellemz\u00e9se<\/td>\n<\/tr>\n<tr class=\"row-44\">\n\t<td class=\"column-1\">Hunyadyn\u00e9 Dr. Sebesty\u00e9n Anna<\/td><td class=\"column-2\">3D bionyomtat\u00e1s szerepe a biomedicin\u00e1ban, daganatbiol\u00f3giai, preklinikai vizsg\u00e1latokban<\/td>\n<\/tr>\n<tr class=\"row-45\">\n\t<td class=\"column-1\">Hunyadyn\u00e9 Dr. Sebesty\u00e9n Anna<\/td><td class=\"column-2\">Immun-elker\u00fcl\u0151 \u00e9s metabolikus adapt\u00e1ci\u00f3s folyamatok sz\u00f6veti heterogenit\u00e1s\u00e1nak szerepe a daganatok progresszi\u00f3j\u00e1ban \u00e9s ter\u00e1pi\u00e1s \u00e9rz\u00e9kenys\u00e9g\u00e9ben<\/td>\n<\/tr>\n<tr class=\"row-46\">\n\t<td class=\"column-1\">Dr. Scheich B\u00e1lint<\/td><td class=\"column-2\">Famili\u00e1ris tumor szindr\u00f3m\u00e1k \u00e9s cs\u00edrasejtes mut\u00e1ci\u00f3k szerepe a k\u00f6zponti idegrendszeri tumorok kialakul\u00e1s\u00e1ban.<\/td>\n<\/tr>\n<tr class=\"row-47\">\n\t<td class=\"column-1\">Dr. Scheich B\u00e1lint<\/td><td class=\"column-2\">Feln\u0151ttkori high-grade gliom\u00e1k komplex genomi anal\u00edzise<\/td>\n<\/tr>\n<tr class=\"row-48\">\n\t<td class=\"column-1\">Dr. Sz\u00e1ll\u00e1si \u00c1rp\u00e1d<\/td><td class=\"column-2\">A vanilloid receptor TRPV1 expresszi\u00f3ja malignus tumorokban: diagnosztika, prognosztika, ter\u00e1pia<\/td>\n<\/tr>\n<tr class=\"row-49\">\n\t<td class=\"column-1\">Dr. Sz\u00e1ll\u00e1si \u00c1rp\u00e1d<\/td><td class=\"column-2\">A neurog\u00e9n gyullad\u00e1s szerepe a 2-es t\u00edpus\u00fa cukorbetegs\u00e9gben: \u00faj ter\u00e1pi\u00e1s c\u00e9lpont?<\/td>\n<\/tr>\n<tr class=\"row-50\">\n\t<td class=\"column-1\">Dr. Szal\u00f3ki G\u00e1bor<\/td><td class=\"column-2\">Gy\u00f3gyszerjel\u00f6lt vegy\u00fcletek tesztel\u00e9se FLT3 mut\u00e1ci\u00f3t hordoz\u00f3 primer AML sejtkult\u00far\u00e1kon<\/td>\n<\/tr>\n<tr class=\"row-51\">\n\t<td class=\"column-1\">Dr. Tim\u00e1r Botond<\/td><td class=\"column-2\">A citogenetikai vizsg\u00e1latok diagnosztikai, prognosztikai \u00e9s ter\u00e1pi\u00e1s jelent\u0151s\u00e9ge neoplasztikus hematol\u00f3giai megbeteged\u00e9sek eset\u00e9n<\/td>\n<\/tr>\n<tr class=\"row-52\">\n\t<td class=\"column-1\">Dr. Tim\u00e1r Botond<\/td><td class=\"column-2\">Alacsony malignit\u00e1s\u00fa B-sejtes lymphom\u00e1k differenci\u00e1ldiagnosztik\u00e1ja \u00e9s neh\u00e9zs\u00e9gei<\/td>\n<\/tr>\n<tr class=\"row-53\">\n\t<td class=\"column-1\">Dr. T\u00e9gl\u00e1si Vanda<\/td><td class=\"column-2\">Mikrok\u00f6rnyezet vizsg\u00e1lata szolid tumorok agyi \u00e1tt\u00e9teiben<\/td>\n<\/tr>\n<tr class=\"row-54\">\n\t<td class=\"column-1\">Dr. Tolnai-Kriston Csilla<\/td><td class=\"column-2\">A venetoclax-obinutuzumab ter\u00e1pia hat\u00e9konys\u00e1g\u00e1nak \u00e9rt\u00e9kel\u00e9se \u00e1raml\u00e1si citometri\u00e1val kr\u00f3nikus limfocit\u00e1s leuk\u00e9mi\u00e1ban (CLL)<\/td>\n<\/tr>\n<tr class=\"row-55\">\n\t<td class=\"column-1\">Dr. Zalatnai Attila<\/td><td class=\"column-2\">FOK - A Sj\u00f6gren-szindr\u00f3ma klinikopatol\u00f3giai elemz\u00e9se<\/td>\n<\/tr>\n<\/tbody>\n<\/table>\n<!-- #tablepress-17 from cache -->\n<p>&nbsp;<\/p>\n","protected":false},"excerpt":{"rendered":"<p>Patol\u00f3giai \u00e9s K\u00eds\u00e9rleti R\u00e1kkutat\u00f3 Int\u00e9zet &#8211; Rektori P\u00e1lyat\u00e9telek \u00e9s Szakdolgozati t\u00e9m\u00e1k<br \/>\n&nbsp;<\/p>\n<p>&nbsp;<\/p>\n","protected":false},"author":157,"featured_media":0,"parent":33,"menu_order":4,"comment_status":"open","ping_status":"open","template":"","meta":{"_acf_changed":false,"footnotes":""},"categories":[],"tags":[],"class_list":["post-527","page","type-page","status-publish","hentry"],"acf":[],"_links":{"self":[{"href":"https:\/\/semmelweis.hu\/patologia1\/wp-json\/wp\/v2\/pages\/527","targetHints":{"allow":["GET"]}}],"collection":[{"href":"https:\/\/semmelweis.hu\/patologia1\/wp-json\/wp\/v2\/pages"}],"about":[{"href":"https:\/\/semmelweis.hu\/patologia1\/wp-json\/wp\/v2\/types\/page"}],"author":[{"embeddable":true,"href":"https:\/\/semmelweis.hu\/patologia1\/wp-json\/wp\/v2\/users\/157"}],"replies":[{"embeddable":true,"href":"https:\/\/semmelweis.hu\/patologia1\/wp-json\/wp\/v2\/comments?post=527"}],"version-history":[{"count":10,"href":"https:\/\/semmelweis.hu\/patologia1\/wp-json\/wp\/v2\/pages\/527\/revisions"}],"predecessor-version":[{"id":8831,"href":"https:\/\/semmelweis.hu\/patologia1\/wp-json\/wp\/v2\/pages\/527\/revisions\/8831"}],"up":[{"embeddable":true,"href":"https:\/\/semmelweis.hu\/patologia1\/wp-json\/wp\/v2\/pages\/33"}],"wp:attachment":[{"href":"https:\/\/semmelweis.hu\/patologia1\/wp-json\/wp\/v2\/media?parent=527"}],"wp:term":[{"taxonomy":"category","embeddable":true,"href":"https:\/\/semmelweis.hu\/patologia1\/wp-json\/wp\/v2\/categories?post=527"},{"taxonomy":"post_tag","embeddable":true,"href":"https:\/\/semmelweis.hu\/patologia1\/wp-json\/wp\/v2\/tags?post=527"}],"curies":[{"name":"wp","href":"https:\/\/api.w.org\/{rel}","templated":true}]}}