{"id":495,"date":"2013-09-16T13:37:36","date_gmt":"2013-09-16T11:37:36","guid":{"rendered":"http:\/\/semmelweis-egyetem.hu\/patologia1\/?page_id=495"},"modified":"2026-04-09T13:50:19","modified_gmt":"2026-04-09T11:50:19","slug":"tudomanyos-ulesek","status":"publish","type":"page","link":"https:\/\/semmelweis.hu\/patologia1\/posztgradualis-oktatas\/tudomanyos-ulesek\/","title":{"rendered":"Int\u00e9zeti tudom\u00e1nyos \u00fcl\u00e9sek"},"content":{"rendered":"<h5><strong>\u00a0\u00a0\u00a0\u00a0\u00a0\u00a0\u00a0\u00a0\u00a0\u00a0\u00a0\u00a0\u00a0\u00a0\u00a0\u00a0\u00a0\u00a0 INT\u00c9ZETI TUDOM\u00c1NYOS \u00dcL\u00c9SEK 2026<\/strong><\/h5>\n<p>&nbsp;<\/p>\n<p>\n<table id=\"tablepress-122\" class=\"tablepress tablepress-id-122\">\n<thead>\n<tr class=\"row-1\">\n\t<td class=\"column-1\"><\/td><td class=\"column-2\"><\/td><td class=\"column-3\"><\/td>\n<\/tr>\n<\/thead>\n<tbody>\n<tr class=\"row-2\">\n\t<td class=\"column-1\">febru\u00e1r 05.<\/td><td class=\"column-2\"><\/td><td class=\"column-3\">TDK f\u0151pr\u00f3ba<\/td>\n<\/tr>\n<tr class=\"row-3\">\n\t<td class=\"column-1\">febru\u00e1r 12.<\/td><td class=\"column-2\"><\/td><td class=\"column-3\">TDK konferencia, nincs refer\u00e1l\u00f3<\/td>\n<\/tr>\n<tr class=\"row-4\">\n\t<td class=\"column-1\">febru\u00e1r 19.<\/td><td class=\"column-2\">\u00c1rvai Krist\u00f3f<\/td><td class=\"column-3\">\u00dajgener\u00e1ci\u00f3s szekven\u00e1l\u00e1s alapjai, elm\u00e9leti \u00e9s gyakorlati szempontok<\/td>\n<\/tr>\n<tr class=\"row-5\">\n\t<td class=\"column-1\">febru\u00e1r 26.<\/td><td class=\"column-2\">Burghardt B\u00e9la \u00e9s Bernd M\u00fcller<br \/>\nZ\u00fclow - Milt\u00e9nyi c\u00e9ges el\u0151ad\u00e1s (Frank Diagnosztika)<\/td><td class=\"column-3\">Empowering spatial biology research \u2014 Miltenyi biotec Macsima platform<\/td>\n<\/tr>\n<tr class=\"row-6\">\n\t<td class=\"column-1\">m\u00e1rcius 5.<\/td><td class=\"column-2\">Jenei Alex<\/td><td class=\"column-3\">\u00c9rdekes esetek bemutat\u00e1sa<\/td>\n<\/tr>\n<tr class=\"row-7\">\n\t<td class=\"column-1\">m\u00e1rcius 12.<\/td><td class=\"column-2\">B\u00f6d\u00f6r Csaba<\/td><td class=\"column-3\">Alap\u00edtv\u00e1nyi besz\u00e1mol\u00f3<\/td>\n<\/tr>\n<tr class=\"row-8\">\n\t<td class=\"column-1\">m\u00e1rcius 19.<\/td><td class=\"column-2\">Nagy P\u00e9ter<\/td><td class=\"column-3\">Evol\u00faci\u00f3s medicina bemutat\u00e1sa<\/td>\n<\/tr>\n<tr class=\"row-9\">\n\t<td class=\"column-1\">m\u00e1rcius 26.<\/td><td class=\"column-2\">Teng\u00f6lics Roland (Szegedi biol\u00f3giai Kutat\u00f3 - Metabolomika Labor vezet\u0151je)<\/td><td class=\"column-3\">\"From Molecules to Mechanisms: Comprehensive Metabolomics Support from HUN-REN BRC\"<\/td>\n<\/tr>\n<\/tbody>\n<\/table>\n<!-- #tablepress-122 from cache --><br \/>\n<span class=\"screen-reader-text\"> (megnyit\u00e1s \u00faj f\u00fcl\u00f6n<\/span><\/p>\n","protected":false},"excerpt":{"rendered":"<p>\u00a0\u00a0\u00a0\u00a0\u00a0\u00a0\u00a0\u00a0\u00a0\u00a0\u00a0\u00a0\u00a0\u00a0\u00a0\u00a0\u00a0\u00a0 INT\u00c9ZETI TUDOM\u00c1NYOS \u00dcL\u00c9SEK 2026<br \/>\n&nbsp;<\/p>\n<p> (megnyit\u00e1s \u00faj f\u00fcl\u00f6n<\/p>\n","protected":false},"author":157,"featured_media":0,"parent":34,"menu_order":1,"comment_status":"open","ping_status":"open","template":"","meta":{"_acf_changed":false,"footnotes":""},"categories":[],"tags":[],"class_list":["post-495","page","type-page","status-publish","hentry"],"acf":[],"_links":{"self":[{"href":"https:\/\/semmelweis.hu\/patologia1\/wp-json\/wp\/v2\/pages\/495","targetHints":{"allow":["GET"]}}],"collection":[{"href":"https:\/\/semmelweis.hu\/patologia1\/wp-json\/wp\/v2\/pages"}],"about":[{"href":"https:\/\/semmelweis.hu\/patologia1\/wp-json\/wp\/v2\/types\/page"}],"author":[{"embeddable":true,"href":"https:\/\/semmelweis.hu\/patologia1\/wp-json\/wp\/v2\/users\/157"}],"replies":[{"embeddable":true,"href":"https:\/\/semmelweis.hu\/patologia1\/wp-json\/wp\/v2\/comments?post=495"}],"version-history":[{"count":11,"href":"https:\/\/semmelweis.hu\/patologia1\/wp-json\/wp\/v2\/pages\/495\/revisions"}],"predecessor-version":[{"id":8996,"href":"https:\/\/semmelweis.hu\/patologia1\/wp-json\/wp\/v2\/pages\/495\/revisions\/8996"}],"up":[{"embeddable":true,"href":"https:\/\/semmelweis.hu\/patologia1\/wp-json\/wp\/v2\/pages\/34"}],"wp:attachment":[{"href":"https:\/\/semmelweis.hu\/patologia1\/wp-json\/wp\/v2\/media?parent=495"}],"wp:term":[{"taxonomy":"category","embeddable":true,"href":"https:\/\/semmelweis.hu\/patologia1\/wp-json\/wp\/v2\/categories?post=495"},{"taxonomy":"post_tag","embeddable":true,"href":"https:\/\/semmelweis.hu\/patologia1\/wp-json\/wp\/v2\/tags?post=495"}],"curies":[{"name":"wp","href":"https:\/\/api.w.org\/{rel}","templated":true}]}}