{"id":47,"date":"2013-08-29T12:00:00","date_gmt":"2013-08-29T10:00:00","guid":{"rendered":"http:\/\/semmelweis-egyetem.hu\/patologia1\/?page_id=47"},"modified":"2024-12-11T13:33:02","modified_gmt":"2024-12-11T12:33:02","slug":"fok","status":"publish","type":"page","link":"https:\/\/semmelweis.hu\/patologia1\/gradualis-oktatas\/fok\/","title":{"rendered":"Patol\u00f3gia &#8211; Fogorvostudom\u00e1nyi Kar"},"content":{"rendered":"<ul>\n<li>K\u00f6vetelm\u00e9nyrendszer<\/li>\n<li><a href=\"https:\/\/semmelweis.hu\/patologia1\/files\/2024\/12\/FOK_eloadasok_2024-2025_1-felev.pdf\">Tantermi el\u0151ad\u00e1sok<\/a><\/li>\n<li><a href=\"https:\/\/semmelweis.hu\/patologia1\/files\/2024\/12\/hu-FOKOPTK352_1M-2023_24_2-subject-2.pdf\">Oktat\u00f3i munka hallgat\u00f3i v\u00e9lem\u00e9nyez\u00e9se<\/a><\/li>\n<\/ul>\n<div>\u00a0<\/div>\n<div>\u00a0<\/div>\n<div>\n<p>Az oktat\u00e1ssal kapcsolatos inform\u00e1ci\u00f3k az egyetemi E-learningben (Moodle) tal\u00e1lhat\u00f3k.\u00a0<\/p>\n<p><a href=\"https:\/\/itc.semmelweis.hu\/moodle\/login\/index.php\"><img loading=\"lazy\" decoding=\"async\" class=\"alignnone size-medium wp-image-7712\" src=\"https:\/\/semmelweis.hu\/patologia1\/files\/2022\/08\/moodle-400x312.jpg\" alt=\"\" width=\"400\" height=\"312\" srcset=\"https:\/\/semmelweis.hu\/patologia1\/files\/2022\/08\/moodle-400x312.jpg 400w, https:\/\/semmelweis.hu\/patologia1\/files\/2022\/08\/moodle.jpg 425w\" sizes=\"auto, (max-width: 400px) 100vw, 400px\" \/><\/a><\/p>\n<\/div>\n<p>&nbsp;<\/p>\n<p>&nbsp;<\/p>\n","protected":false},"excerpt":{"rendered":"<p>K\u00f6vetelm\u00e9nyrendszer<br \/>\n<a href=\"https:\/\/semmelweis.hu\/patologia1\/files\/2024\/12\/FOK_eloadasok_2024-2025_1-felev.pdf\">Tantermi el\u0151ad\u00e1sok<\/a><br \/>\n<a href=\"https:\/\/semmelweis.hu\/patologia1\/files\/2024\/12\/hu-FOKOPTK352_1M-2023_24_2-subject-2.pdf\">Oktat\u00f3i munka hallgat\u00f3i v\u00e9lem\u00e9nyez\u00e9se<\/a><\/p>\n<p>\u00a0<br \/>\n\u00a0<\/p>\n<p>Az oktat\u00e1ssal kapcsolatos inform\u00e1ci\u00f3k az egyetemi E-learningben (Moodle) tal\u00e1lhat\u00f3k.\u00a0<br \/>\n<a href=\"https:\/\/itc.semmelweis.hu\/moodle\/login\/index.php\"><\/a><\/p>\n<p>&nbsp;<br \/>\n&nbsp;<\/p>\n","protected":false},"author":54,"featured_media":0,"parent":33,"menu_order":2,"comment_status":"closed","ping_status":"closed","template":"","meta":{"_acf_changed":false,"footnotes":""},"categories":[],"tags":[],"class_list":["post-47","page","type-page","status-publish","hentry"],"acf":[],"_links":{"self":[{"href":"https:\/\/semmelweis.hu\/patologia1\/wp-json\/wp\/v2\/pages\/47","targetHints":{"allow":["GET"]}}],"collection":[{"href":"https:\/\/semmelweis.hu\/patologia1\/wp-json\/wp\/v2\/pages"}],"about":[{"href":"https:\/\/semmelweis.hu\/patologia1\/wp-json\/wp\/v2\/types\/page"}],"author":[{"embeddable":true,"href":"https:\/\/semmelweis.hu\/patologia1\/wp-json\/wp\/v2\/users\/54"}],"replies":[{"embeddable":true,"href":"https:\/\/semmelweis.hu\/patologia1\/wp-json\/wp\/v2\/comments?post=47"}],"version-history":[{"count":11,"href":"https:\/\/semmelweis.hu\/patologia1\/wp-json\/wp\/v2\/pages\/47\/revisions"}],"predecessor-version":[{"id":8579,"href":"https:\/\/semmelweis.hu\/patologia1\/wp-json\/wp\/v2\/pages\/47\/revisions\/8579"}],"up":[{"embeddable":true,"href":"https:\/\/semmelweis.hu\/patologia1\/wp-json\/wp\/v2\/pages\/33"}],"wp:attachment":[{"href":"https:\/\/semmelweis.hu\/patologia1\/wp-json\/wp\/v2\/media?parent=47"}],"wp:term":[{"taxonomy":"category","embeddable":true,"href":"https:\/\/semmelweis.hu\/patologia1\/wp-json\/wp\/v2\/categories?post=47"},{"taxonomy":"post_tag","embeddable":true,"href":"https:\/\/semmelweis.hu\/patologia1\/wp-json\/wp\/v2\/tags?post=47"}],"curies":[{"name":"wp","href":"https:\/\/api.w.org\/{rel}","templated":true}]}}