{"id":4048,"date":"2018-12-06T10:14:08","date_gmt":"2018-12-06T09:14:08","guid":{"rendered":"http:\/\/semmelweis.hu\/patologia1\/?page_id=4048"},"modified":"2020-06-18T13:07:25","modified_gmt":"2020-06-18T11:07:25","slug":"jarobetegeknek","status":"publish","type":"page","link":"https:\/\/semmelweis.hu\/patologia1\/jarobetegeknek\/","title":{"rendered":"J\u00e1r\u00f3beteg t\u00e1j\u00e9koztat\u00f3"},"content":{"rendered":"<p><a href=\"https:\/\/semmelweis.hu\/patologia1\/files\/2018\/12\/jarobeteg-tajekoztato-2018-.pdf\" target=\"_blank\" rel=\"noopener noreferrer\">A SE I. Patol\u00f3giai \u00e9s K\u00eds\u00e9rleti R\u00e1kkutat\u00f3 Int\u00e9zet j\u00e1r\u00f3beteg t\u00e1j\u00e9koztat\u00f3-h\u00e1zirendje (pdf)<\/a><\/p>\n","protected":false},"excerpt":{"rendered":"<p><a href=\"https:\/\/semmelweis.hu\/patologia1\/files\/2018\/12\/jarobeteg-tajekoztato-2018-.pdf\" target=\"_blank\" rel=\"noopener noreferrer\">A SE I. Patol\u00f3giai \u00e9s K\u00eds\u00e9rleti R\u00e1kkutat\u00f3 Int\u00e9zet j\u00e1r\u00f3beteg t\u00e1j\u00e9koztat\u00f3-h\u00e1zirendje (pdf)<\/a><\/p>\n","protected":false},"author":157,"featured_media":0,"parent":0,"menu_order":275,"comment_status":"closed","ping_status":"closed","template":"","meta":{"_acf_changed":false,"footnotes":""},"categories":[],"tags":[],"class_list":["post-4048","page","type-page","status-publish","hentry"],"acf":[],"_links":{"self":[{"href":"https:\/\/semmelweis.hu\/patologia1\/wp-json\/wp\/v2\/pages\/4048","targetHints":{"allow":["GET"]}}],"collection":[{"href":"https:\/\/semmelweis.hu\/patologia1\/wp-json\/wp\/v2\/pages"}],"about":[{"href":"https:\/\/semmelweis.hu\/patologia1\/wp-json\/wp\/v2\/types\/page"}],"author":[{"embeddable":true,"href":"https:\/\/semmelweis.hu\/patologia1\/wp-json\/wp\/v2\/users\/157"}],"replies":[{"embeddable":true,"href":"https:\/\/semmelweis.hu\/patologia1\/wp-json\/wp\/v2\/comments?post=4048"}],"version-history":[{"count":4,"href":"https:\/\/semmelweis.hu\/patologia1\/wp-json\/wp\/v2\/pages\/4048\/revisions"}],"predecessor-version":[{"id":5697,"href":"https:\/\/semmelweis.hu\/patologia1\/wp-json\/wp\/v2\/pages\/4048\/revisions\/5697"}],"wp:attachment":[{"href":"https:\/\/semmelweis.hu\/patologia1\/wp-json\/wp\/v2\/media?parent=4048"}],"wp:term":[{"taxonomy":"category","embeddable":true,"href":"https:\/\/semmelweis.hu\/patologia1\/wp-json\/wp\/v2\/categories?post=4048"},{"taxonomy":"post_tag","embeddable":true,"href":"https:\/\/semmelweis.hu\/patologia1\/wp-json\/wp\/v2\/tags?post=4048"}],"curies":[{"name":"wp","href":"https:\/\/api.w.org\/{rel}","templated":true}]}}