{"id":35,"date":"2013-04-22T15:43:49","date_gmt":"2013-04-22T13:43:49","guid":{"rendered":"http:\/\/semmelweis-egyetem.hu\/patologia1\/?page_id=35"},"modified":"2026-02-10T10:39:18","modified_gmt":"2026-02-10T09:39:18","slug":"diagnosztika-profilok","status":"publish","type":"page","link":"https:\/\/semmelweis.hu\/patologia1\/diagnosztika-profilok\/","title":{"rendered":"Diagnosztikai profilok"},"content":{"rendered":"<p><a href=\"https:\/\/semmelweis.hu\/patologia1\/files\/2020\/06\/RS25538_KA-20141127-IMG_7989-bodor-csaba-interju-scaled.jpg\"><img loading=\"lazy\" decoding=\"async\" class=\"size-medium wp-image-5509 alignright\" src=\"https:\/\/semmelweis.hu\/patologia1\/files\/2020\/06\/RS25538_KA-20141127-IMG_7989-bodor-csaba-interju-300x200.jpg\" alt=\"\" width=\"300\" height=\"200\" srcset=\"https:\/\/semmelweis.hu\/patologia1\/files\/2020\/06\/RS25538_KA-20141127-IMG_7989-bodor-csaba-interju-300x200.jpg 300w, https:\/\/semmelweis.hu\/patologia1\/files\/2020\/06\/RS25538_KA-20141127-IMG_7989-bodor-csaba-interju-1024x683.jpg 1024w, https:\/\/semmelweis.hu\/patologia1\/files\/2020\/06\/RS25538_KA-20141127-IMG_7989-bodor-csaba-interju-768x512.jpg 768w, https:\/\/semmelweis.hu\/patologia1\/files\/2020\/06\/RS25538_KA-20141127-IMG_7989-bodor-csaba-interju-450x300.jpg 450w, https:\/\/semmelweis.hu\/patologia1\/files\/2020\/06\/RS25538_KA-20141127-IMG_7989-bodor-csaba-interju-1536x1024.jpg 1536w, https:\/\/semmelweis.hu\/patologia1\/files\/2020\/06\/RS25538_KA-20141127-IMG_7989-bodor-csaba-interju-2048x1365.jpg 2048w\" sizes=\"auto, (max-width: 300px) 100vw, 300px\" \/><\/a>Int\u00e9zet\u00fcnk sz\u00e9lesk\u00f6r\u0171 diagnosztikus tev\u00e9kenys\u00e9get folytat a legmagasabb sz\u00ednvonal\u00fa szem\u00e9lyi \u00e9s technikai h\u00e1tt\u00e9rrel. Az \u00e1ltal\u00e1nos patol\u00f3giai tev\u00e9kenys\u00e9g mellett egyre nagyobb teret nyer a 21. sz\u00e1zad k\u00f6vetelm\u00e9nyeinek megfelel\u0151 szubspecializ\u00e1ci\u00f3.<\/p>\n<div>\u00a0<\/div>\n<div>\u00a0<\/div>\n<div>\u00a0<\/div>\n<div>\u00a0<\/div>\n<p style=\"text-align: center\"><a class=\"button\" href=\"https:\/\/semmelweis.hu\/patologia1\/diagnosztika\/vizsgalatkeres\">VIZSG\u00c1LATK\u00c9R\u00c9S<\/a><\/p>\n<h2>Szakter\u00fcletek<\/h2>\n<ul>\n<li>B\u0151rpatol\u00f3gia<\/li>\n<li>Csont- \u00e9s l\u00e1gyr\u00e9szpatol\u00f3gia<\/li>\n<li>Eml\u0151patol\u00f3gia<\/li>\n<li>Gyerekgy\u00f3gy\u00e1szati patol\u00f3gia<\/li>\n<li>Hematopatol\u00f3gia<\/li>\n<li>Neuropatol\u00f3gia<\/li>\n<li>N\u0151gy\u00f3gy\u00e1szati citol\u00f3gia<\/li>\n<li>N\u0151gy\u00f3gy\u00e1szati patol\u00f3gia<\/li>\n<li>Perinat\u00e1lis patol\u00f3gia<\/li>\n<li>Sz\u00e1jseb\u00e9szeti patol\u00f3gia<\/li>\n<li>Sz\u00edv- \u00e9rrendszeri patol\u00f3gia<\/li>\n<li>T\u00fcd\u0151patol\u00f3gia \u00e9s t\u00fcd\u0151citol\u00f3gia<\/li>\n<li>Vesepatol\u00f3gia<\/li>\n<\/ul>\n<h2>\u00c1ltal\u00e1nos patol\u00f3gia &#8211; nem kategoriz\u00e1lt ter\u00fcletek<\/h2>\n<ul>\n<li>\u00c1ltal\u00e1nos citol\u00f3gia<\/li>\n<li>Molekul\u00e1ris onkol\u00f3gia<\/li>\n<li>K\u00f3rbonctan<\/li>\n<\/ul>\n","protected":false},"excerpt":{"rendered":"<p>Int\u00e9zet\u00fcnk sz\u00e9lesk\u00f6r\u0171 diagnosztikus tev\u00e9kenys\u00e9get folytat a legmagasabb sz\u00ednvonal\u00fa szem\u00e9lyi \u00e9s technikai h\u00e1tt\u00e9rrel. Az \u00e1ltal\u00e1nos patol\u00f3giai tev\u00e9kenys\u00e9g mellett egyre nagyobb teret nyer a 21. sz\u00e1zad k\u00f6vetelm\u00e9nyeinek megfelel\u0151 szubspecializ\u00e1ci\u00f3.<\/p>\n","protected":false},"author":54,"featured_media":5509,"parent":0,"menu_order":200,"comment_status":"open","ping_status":"closed","template":"","meta":{"_acf_changed":false,"footnotes":""},"categories":[],"tags":[],"class_list":["post-35","page","type-page","status-publish","has-post-thumbnail","hentry"],"acf":[],"_links":{"self":[{"href":"https:\/\/semmelweis.hu\/patologia1\/wp-json\/wp\/v2\/pages\/35","targetHints":{"allow":["GET"]}}],"collection":[{"href":"https:\/\/semmelweis.hu\/patologia1\/wp-json\/wp\/v2\/pages"}],"about":[{"href":"https:\/\/semmelweis.hu\/patologia1\/wp-json\/wp\/v2\/types\/page"}],"author":[{"embeddable":true,"href":"https:\/\/semmelweis.hu\/patologia1\/wp-json\/wp\/v2\/users\/54"}],"replies":[{"embeddable":true,"href":"https:\/\/semmelweis.hu\/patologia1\/wp-json\/wp\/v2\/comments?post=35"}],"version-history":[{"count":12,"href":"https:\/\/semmelweis.hu\/patologia1\/wp-json\/wp\/v2\/pages\/35\/revisions"}],"predecessor-version":[{"id":8943,"href":"https:\/\/semmelweis.hu\/patologia1\/wp-json\/wp\/v2\/pages\/35\/revisions\/8943"}],"wp:featuredmedia":[{"embeddable":true,"href":"https:\/\/semmelweis.hu\/patologia1\/wp-json\/wp\/v2\/media\/5509"}],"wp:attachment":[{"href":"https:\/\/semmelweis.hu\/patologia1\/wp-json\/wp\/v2\/media?parent=35"}],"wp:term":[{"taxonomy":"category","embeddable":true,"href":"https:\/\/semmelweis.hu\/patologia1\/wp-json\/wp\/v2\/categories?post=35"},{"taxonomy":"post_tag","embeddable":true,"href":"https:\/\/semmelweis.hu\/patologia1\/wp-json\/wp\/v2\/tags?post=35"}],"curies":[{"name":"wp","href":"https:\/\/api.w.org\/{rel}","templated":true}]}}