{"id":34,"date":"2013-04-22T15:57:35","date_gmt":"2013-04-22T13:57:35","guid":{"rendered":"http:\/\/semmelweis-egyetem.hu\/patologia1\/?page_id=34"},"modified":"2020-06-18T14:38:22","modified_gmt":"2020-06-18T12:38:22","slug":"posztgradualis-oktatas","status":"publish","type":"page","link":"https:\/\/semmelweis.hu\/patologia1\/posztgradualis-oktatas\/","title":{"rendered":"Tov\u00e1bbk\u00e9pz\u00e9sek"},"content":{"rendered":"<ul>\n<li><a href=\"https:\/\/semmelweis.hu\/patologia1\/posztgradualis-oktatas\/szakvizsga-tanfolyam-daganatok-patomorfologiai-diagnosztikaja\/\">Szakvizsga tanfolyam &#8211; daganatok patomorfol\u00f3giai diagnosztik\u00e1ja \u2192<\/a><\/li>\n<\/ul>\n<h2>\u00a0<\/h2>\n<h2 style=\"text-align: left\">Posztrgradu\u00e1lis k\u00e9pz\u00e9s &#8211; szakmai tov\u00e1bbk\u00e9pz\u00e9s<\/h2>\n<p style=\"text-align: left\">A postgradu\u00e1lis k\u00e9pz\u00e9s, ahogy a neve is jelzi, mag\u00e1ba foglalja az egyetem elv\u00e9gz\u00e9se ut\u00e1ni szakmai tov\u00e1bbk\u00e9pz\u00e9st. Ez alapvet\u0151en k\u00e9t r\u00e9szre oszthat\u00f3:<\/p>\n<ol style=\"list-style-type: lower-alpha\">\n<li style=\"text-align: left\">mindazon k\u00e9pz\u00e9sekre mely a szakvizsg\u00e1ra val\u00f3 felk\u00e9sz\u00fcl\u00e9st el\u0151seg\u00edti (rezidens k\u00e9pz\u00e9s,<br \/>\nszakorvos jel\u00f6ltek sz\u00e1m\u00e1ra tanfolyam)<\/li>\n<li style=\"text-align: left\">a szakorvosok tov\u00e1bbk\u00e9pz\u00e9s\u00e9t, melynek sz\u00e1mos form\u00e1ja lehet<\/li>\n<\/ol>\n<p style=\"text-align: left\">A postgradu\u00e1lis k\u00e9pz\u00e9s m\u00faltj\u00e1t illet\u0151en 2004-ig az E\u00dc miniszt\u00e9rium \u00e1ltal k\u00f6zpontilag szervezett helyen \u00e9s m\u00f3don t\u00f6rt\u00e9nt az oktat\u00e1s mely l\u00e9nyeg\u00e9ben a Haynal Imre Eg\u00e9szs\u00e9gtudom\u00e1nyi Egyetem volt, t\u00f6bb kihelyezett tansz\u00e9kkel. Az onkopathologiai tov\u00e1bbk\u00e9pz\u00e9sek mint Onkopathologiai \u00e9s Citodiagnosztikai Tansz\u00e9k (2004-ben megsz\u0171nt), prof. Bod\u00f3 Mikl\u00f3s (tansz\u00e9kvezet\u0151) \u00e9s prof S\u00e1pi Zolt\u00e1n (egyetemi tan\u00e1r) vezet\u00e9s\u00e9vel 1986-1992-ig az Orsz\u00e1gos Onkol\u00f3giai Int\u00e9zet Pathologiai Oszt\u00e1ly\u00e1n majd 1993-t\u00f3l a Szent J\u00e1nos K\u00f3rh\u00e1z Pathologiai Oszt\u00e1ly\u00e1n t\u00f6rt\u00e9ntek illetve 2001-t\u0151l a Tansz\u00e9k mint Tansz\u00e9ki csoport az I.sz\u00e1m\u00fa Patol\u00f3giai \u00e9s K\u00eds\u00e9rleti R\u00e1kkutat\u00f3 Int\u00e9zethez csatol\u00f3dott.<\/p>\n<p style=\"text-align: left\">Kiemelt jelent\u0151s\u00e9g\u0171 a szakorvosjel\u00f6ltek sz\u00e1m\u00e1ra \u00e9venk\u00e9nt megtartott 3 hetes tanfolyam mely az Onkopathologia t\u00e9m\u00e1ban 2007-t\u0151l az int\u00e9zetben t\u00f6rt\u00e9nik, az Eg\u00e9szs\u00e9g\u00fcgyi K\u00f6zl\u00f6nyben el\u0151re meghirdetett id\u0151pontban.<\/p>\n<p style=\"text-align: left\">A szakorvosok sz\u00e1m\u00e1ra az Int\u00e9zet rendszeres tov\u00e1bbk\u00e9pz\u00e9st tart esetkonzult\u00e1ci\u00f3s form\u00e1ban minden h\u00f3nap m\u00e1sodik cs\u00fct\u00f6rt\u00f6kj\u00e9n du. 3 \u00f3rai kezdettel a sz\u00f6vettani gyakorl\u00f3 teremben. A tov\u00e1bbk\u00e9pz\u00e9s neve HIBA k\u00f6r (Hisztol\u00f3gusok Bar\u00e1ti k\u00f6re), melyre b\u00e1rki hozhat probl\u00e9m\u00e1s vagy \u00e9rdekes eseteket, k\u00f6z\u00f6s megbesz\u00e9l\u00e9s, tov\u00e1bbk\u00e9pz\u00e9s c\u00e9lj\u00e1b\u00f3l.<\/p>\n<p style=\"text-align: left\">A rezidens k\u00e9pz\u00e9s egyik f\u0151 pill\u00e9re a 10 fej\u0171 diszkusszi\u00f3s mikroszk\u00f3p melletti sziszt\u00e9m\u00e1s t\u00e9ma szerinti oktat\u00e1s, valamint a napi probl\u00e9m\u00e1s esetek megbesz\u00e9l\u00e9se. Ez minden nap du. 1-2 \u00f3r\u00e1ig tart, helye a konzult\u00e1ci\u00f3s terem.<\/p>\n<p style=\"text-align: left\">Az int\u00e9zetben rendelkez\u00e9sre \u00e1ll egy 15-20 f\u0151t befogad\u00f3 posztgradu\u00e1lis oktat\u00f3 terem, ahol a 3 hetes tanfolyam mellett \u00e9vi rendszeress\u00e9ggel szeren\u00e9nk szervezni cytol\u00f3giai tov\u00e1bbk\u00e9pz\u0151 tanfolyamot (1 hetes) valamint r\u00f6videbb 2 napos t\u00e9ma szerinti speci\u00e1lis tov\u00e1bbk\u00e9z\u00e9seket (pl. l\u00e1gyr\u00e9sztumorok klinikopathologi\u00e1ja, lymphoma diagnosztika stb.)<\/p>\n<p style=\"text-align: left\">A Semmelweis Egyetem, II. Patol\u00f3giai Int\u00e9zettel k\u00f6z\u00f6sen szervezve tervez\u00fcnk egy \u00e1tfog\u00f3 sziszt\u00e9m\u00e1s rezidens k\u00e9pz\u00e9si tematik\u00e1t (mindk\u00e9t int\u00e9zet rezidensei \u00e9rintettek), melyben a rezidensek mindk\u00e9t int\u00e9zet speci\u00e1lis anyagait megismerhetik mind a rutin diagnosztika tekintet\u00e9ben mind az elm\u00e9leti h\u00e1tteret illet\u0151en (el\u0151ad\u00e1sok).<\/p>\n<p style=\"text-align: left\">Szint\u00e9n a II. Patol\u00f3giai Int\u00e9zettel k\u00f6z\u00f6sen tervezz\u00fck, hogy a HIBA k\u00f6r mint\u00e1j\u00e1ra a cytol\u00f3gus szakorvosok is kaphassanak konzult\u00e1ci\u00f3s \u00e9s tov\u00e1bbk\u00e9pz\u00e9si lehet\u0151s\u00e9get szint\u00e9n havi rendszeress\u00e9ggel (CYBA k\u00f6r).<\/p>\n<p style=\"text-align: left\">Vezet\u0151: Dr. S\u00e1pi Zolt\u00e1n egyetemi tan\u00e1r<\/p>\n","protected":false},"excerpt":{"rendered":"<p><a href=\"https:\/\/semmelweis.hu\/patologia1\/posztgradualis-oktatas\/szakvizsga-tanfolyam-daganatok-patomorfologiai-diagnosztikaja\/\">Szakvizsga tanfolyam &#8211; daganatok patomorfol\u00f3giai diagnosztik\u00e1ja \u2192<\/a> \u00a0 Posztrgradu\u00e1lis k\u00e9pz\u00e9s &#8211; szakmai tov\u00e1bbk\u00e9pz\u00e9s A postgradu\u00e1lis k\u00e9pz\u00e9s, ahogy a neve is jelzi, mag\u00e1ba foglalja az egyetem elv\u00e9gz\u00e9se ut\u00e1ni szakmai tov\u00e1bbk\u00e9pz\u00e9st. Ez alapvet\u0151en k\u00e9t r\u00e9szre oszthat\u00f3: mindazon k\u00e9pz\u00e9sekre mely a szakvizsg\u00e1ra val\u00f3 felk\u00e9sz\u00fcl\u00e9st el\u0151seg\u00edti (rezidens k\u00e9pz\u00e9s, szakorvos jel\u00f6ltek sz\u00e1m\u00e1ra tanfolyam) a szakorvosok tov\u00e1bbk\u00e9pz\u00e9s\u00e9t, melynek sz\u00e1mos form\u00e1ja lehet A postgradu\u00e1lis k\u00e9pz\u00e9s m\u00faltj\u00e1t illet\u0151en 2004-ig az &hellip;<\/p>\n","protected":false},"author":54,"featured_media":0,"parent":0,"menu_order":3,"comment_status":"open","ping_status":"closed","template":"","meta":{"_acf_changed":false,"footnotes":""},"categories":[],"tags":[],"class_list":["post-34","page","type-page","status-publish","hentry"],"acf":[],"_links":{"self":[{"href":"https:\/\/semmelweis.hu\/patologia1\/wp-json\/wp\/v2\/pages\/34","targetHints":{"allow":["GET"]}}],"collection":[{"href":"https:\/\/semmelweis.hu\/patologia1\/wp-json\/wp\/v2\/pages"}],"about":[{"href":"https:\/\/semmelweis.hu\/patologia1\/wp-json\/wp\/v2\/types\/page"}],"author":[{"embeddable":true,"href":"https:\/\/semmelweis.hu\/patologia1\/wp-json\/wp\/v2\/users\/54"}],"replies":[{"embeddable":true,"href":"https:\/\/semmelweis.hu\/patologia1\/wp-json\/wp\/v2\/comments?post=34"}],"version-history":[{"count":10,"href":"https:\/\/semmelweis.hu\/patologia1\/wp-json\/wp\/v2\/pages\/34\/revisions"}],"predecessor-version":[{"id":5754,"href":"https:\/\/semmelweis.hu\/patologia1\/wp-json\/wp\/v2\/pages\/34\/revisions\/5754"}],"wp:attachment":[{"href":"https:\/\/semmelweis.hu\/patologia1\/wp-json\/wp\/v2\/media?parent=34"}],"wp:term":[{"taxonomy":"category","embeddable":true,"href":"https:\/\/semmelweis.hu\/patologia1\/wp-json\/wp\/v2\/categories?post=34"},{"taxonomy":"post_tag","embeddable":true,"href":"https:\/\/semmelweis.hu\/patologia1\/wp-json\/wp\/v2\/tags?post=34"}],"curies":[{"name":"wp","href":"https:\/\/api.w.org\/{rel}","templated":true}]}}