{"id":299,"date":"2013-05-06T13:53:54","date_gmt":"2013-05-06T11:53:54","guid":{"rendered":"http:\/\/semmelweis-egyetem.hu\/patologia1\/?page_id=299"},"modified":"2026-04-09T12:01:00","modified_gmt":"2026-04-09T10:01:00","slug":"vizsgalatkeres","status":"publish","type":"page","link":"https:\/\/semmelweis.hu\/patologia1\/vizsgalatkeres\/","title":{"rendered":"Vizsg\u00e1latk\u00e9r\u00e9s"},"content":{"rendered":"<hr \/>\n<div style=\"text-align: center\"><span style=\"font-size: 16pt\"><strong>K\u00c9RJ\u00dcK, HOGY\u00a0 A\u00a0 VIZSG\u00c1LATI\u00a0 EREDM\u00c9NYEK\u00a0 ST\u00c1TUSZ\u00c1R\u00d3L\u00a0 AZ\u00a0 AL\u00c1BBI H\u00cdV\u00d3SZ\u00c1MON\u00a0 \u00c9RDEKL\u0150DJENEK:\u00a0\u00a0 <br \/>\n(06-1) 459-1550 \/ 54400<\/strong><\/span><\/div>\n<div>\u00a0<\/div>\n<p>K\u00e9rj\u00fck, hogy amennyiben az al\u00e1bbi vizsg\u00e1latokat rendeli meg int\u00e9zet\u00fcnkt\u0151l, a mell\u00e9kelt k\u00e9r\u0151lapot\/online k\u00e9r\u0151lapot is t\u00f6lts\u00e9k ki \u00e9s k\u00fcldj\u00e9k el a vizsg\u00e1lati anyaggal egy\u00fctt.<\/p>\n<div>\n<p>Egy adott szakter\u00fclet vizsg\u00e1latk\u00e9r\u00e9se eset\u00e9n, amennyiben m\u00e1r rendelkez\u00e9sre \u00e1ll (ld. al\u00e1bb) az online vizsg\u00e1latk\u00e9r\u0151 oldal a InfoFrame keretrendszer\u00fcnk\u00f6n bel\u00fcl, ott k\u00e9rj\u00fck az anyagokat ezen a fel\u00fcleten feladni.\u00a0<\/p>\n<p>Az InfoFrame elektronikus vizsg\u00e1latk\u00e9r\u0151 keretrendszer haszn\u00e1lata eset\u00e9n (online k\u00e9r\u0151lapok) k\u00e9rj\u00fck olvassa el az oldalon tal\u00e1lhat\u00f3 kit\u00f6lt\u00e9si \u00fatmutat\u00f3t (<a href=\"http:\/\/193.6.208.214\/infoFrame\/Content\/Forms\/info\/info.html\">Info<\/a>)<\/p>\n<\/div>\n<hr \/>\n<p><a href=\"https:\/\/semmelweis.hu\/patologia1\/files\/2021\/07\/2.-Adatkezel%C3%A9si-t%C3%A1j%C3%A9koztat%C3%B3.pdf\">Adatkezel\u00e9si t\u00e1j\u00e9koztat\u00f3<\/a><\/p>\n<div>\n<p><strong>SPECI\u00c1LIS VIZSG\u00c1LATK\u00c9R\u00c9SEK<\/strong><\/p>\n<p>Az itt nem szerepl\u0151 speci\u00e1lis vizsg\u00e1latk\u00e9r\u00e9seknek saj\u00e1t men\u00fcpontja van. L\u00e1sd bal oldali men\u00fcv\u00e1laszt\u00f3t az \u00e1ltal\u00e1nos vizsg\u00e1latk\u00e9r\u0151k alatt.<\/p>\n<hr \/>\n<\/div>\n<p><strong>N\u0150GY\u00d3GY\u00c1SZATI CYTOLOGIA<\/strong><\/p>\n<p style=\"text-align: justify\"><span style=\"color: #ff0000\">FIGYELEM: Az online kit\u00f6lthet\u0151 vizsg\u00e1latk\u00e9r\u0151 lap haszn\u00e1lata eset\u00e9n a k\u00e9r\u00e9s csak a <span style=\"text-decoration: underline\">minta be\u00e9rkez\u00e9sekor<\/span> v\u00e1lik l\u00e1that\u00f3v\u00e1 a laborat\u00f3rium r\u00e9sz\u00e9re. Ez\u00e9rt k\u00e9rj\u00fck kinyomtatva elk\u00fcldeni.<\/span><\/p>\n<p style=\"text-align: justify\"><span style=\"text-decoration: underline\"><span style=\"color: #ff0000;text-decoration: underline\">Amennyiben a vizsg\u00e1latk\u00e9r\u00e9s m\u00e1r az int\u00e9zet\u00fcnkben l\u00e9v\u0151 mint\u00e1b\u00f3l t\u00f6rt\u00e9nik, k\u00e9rj\u00fck haszn\u00e1lj\u00e1k a pdf k\u00e9r\u0151lapokat.<\/span><\/span><\/p>\n<p>&nbsp;<\/p>\n<ul>\n<li><a href=\"http:\/\/193.6.208.214\/infoframe\/Page\/NoiCitologia\" target=\"_blank\" rel=\"noopener noreferrer\">Vizsg\u00e1latk\u00e9r\u0151 lap [Online k\u00e9r\u0151lap]<\/a>\u00a0<\/li>\n<\/ul>\n<hr \/>\n<p><strong>EML\u0150 (TNBC)<\/strong><\/p>\n<p style=\"text-align: justify\"><span style=\"color: #ff0000\">FIGYELEM: Az online kit\u00f6lthet\u0151 vizsg\u00e1latk\u00e9r\u0151 lap haszn\u00e1lata eset\u00e9n a k\u00e9r\u00e9s csak a <span style=\"text-decoration: underline\">minta be\u00e9rkez\u00e9sekor<\/span> v\u00e1lik l\u00e1that\u00f3v\u00e1 a laborat\u00f3rium r\u00e9sz\u00e9re. Ez\u00e9rt k\u00e9rj\u00fck kinyomtatva elk\u00fcldeni.<\/span><\/p>\n<p style=\"text-align: justify\"><span style=\"text-decoration: underline\"><span style=\"color: #ff0000;text-decoration: underline\">Amennyiben a vizsg\u00e1latk\u00e9r\u00e9s m\u00e1r az int\u00e9zet\u00fcnkben l\u00e9v\u0151 mint\u00e1b\u00f3l t\u00f6rt\u00e9nik, k\u00e9rj\u00fck haszn\u00e1lj\u00e1k a pdf k\u00e9r\u0151lapokat.<\/span><\/span><\/p>\n<ul>\n<li><a href=\"http:\/\/193.6.208.214\/infoframe\/Page\/TNBC\" target=\"_blank\" rel=\"noopener noreferrer\">Vizsg\u00e1latk\u00e9r\u0151 lap [Online kit\u00f6lthet\u0151]<\/a><\/li>\n<\/ul>\n<p>&nbsp;<\/p>\n<p style=\"text-align: justify\">\u00a0<\/p>\n<hr \/>\n<div>\n<p><strong>EGY\u00c9B<\/strong><\/p>\n<p>&nbsp;<\/p>\n<p style=\"text-align: justify\"><span style=\"color: #ff0000\">FIGYELEM: Az online kit\u00f6lthet\u0151 vizsg\u00e1latk\u00e9r\u0151 lap haszn\u00e1lata eset\u00e9n a k\u00e9r\u00e9s csak a <span style=\"text-decoration: underline\">minta be\u00e9rkez\u00e9sekor<\/span> v\u00e1lik l\u00e1that\u00f3v\u00e1 a laborat\u00f3rium r\u00e9sz\u00e9re. Ez\u00e9rt k\u00e9rj\u00fck kinyomtatva elk\u00fcldeni.<\/span><\/p>\n<p style=\"text-align: justify\"><span style=\"text-decoration: underline\"><span style=\"color: #ff0000;text-decoration: underline\">Amennyiben a vizsg\u00e1latk\u00e9r\u00e9s m\u00e1r az int\u00e9zet\u00fcnkben l\u00e9v\u0151 mint\u00e1b\u00f3l t\u00f6rt\u00e9nik, k\u00e9rj\u00fck haszn\u00e1lj\u00e1k a pdf k\u00e9r\u0151lapokat.<\/span><\/span><\/p>\n<ul>\n<li>\u00c1ltal\u00e1nos patol\u00f3giai (sz\u00f6vettani) <a href=\"http:\/\/193.6.208.214\/infoframe\/Page\/Altalanos_szovettan\" target=\"_blank\" rel=\"noopener noreferrer\">vizsg\u00e1latk\u00e9r\u0151 lap [online kit\u00f6lthet\u0151]<\/a>\n<ul>\n<li><span style=\"font-size: 10pt\">r\u00e9gi form\u00e1tum (amennyiben az online aktu\u00e1lisan nem el\u00e9rhet\u0151) &#8211; <a href=\"https:\/\/semmelweis.hu\/patologia1\/files\/2017\/06\/se-korb1-path-bek0117.doc\">Word <\/a><a href=\"https:\/\/semmelweis.hu\/patologia1\/files\/2017\/06\/se-korb1-path-bek0117.pdf\">PDF<\/a><\/span><\/li>\n<\/ul>\n<\/li>\n<li>Ortop\u00e9diai anyagokhoz <a href=\"http:\/\/193.6.208.214\/infoframe\/Page\/Ortopedia\" target=\"_blank\" rel=\"noopener noreferrer\">vizsg\u00e1latk\u00e9r\u0151 lap [online kit\u00f6lthet\u0151]<\/a><\/li>\n<li>K\u00e9r\u0151lap m\u00e1jbiopszi\u00e1s vizsg\u00e1lathoz &#8211; <a href=\"https:\/\/semmelweis.hu\/patologia1\/files\/2013\/05\/se-korb1-majbiopszia-bek.doc\">Word <\/a><a href=\"https:\/\/semmelweis.hu\/patologia1\/files\/2013\/05\/se-korb1-majbiopszia-bek.pdf\">PDF<\/a><\/li>\n<li>K\u00e9r\u0151lap neuropatol\u00f3giai vizsg\u00e1lathoz &#8211; <a href=\"https:\/\/semmelweis.hu\/patologia1\/files\/2013\/05\/se-korb1-neuropath-bek0809.doc\">Word <\/a><a href=\"https:\/\/semmelweis.hu\/patologia1\/files\/2013\/05\/se-korb1-neuropath-bek0809.pdf\">PDF<\/a><\/li>\n<li>K\u00e9r\u0151lap vesebiopszi\u00e1s vizsg\u00e1lathoz &#8211; <a href=\"https:\/\/semmelweis.hu\/patologia1\/files\/2013\/05\/se-korb1-vesebiopszia-bek.doc\">Word <\/a><a href=\"https:\/\/semmelweis.hu\/patologia1\/files\/2013\/05\/se-korb1-vesebiopszia-bek.pdf\">PDF<\/a><\/li>\n<\/ul>\n<\/div>\n<p>&nbsp;<\/p>\n<p>&nbsp;<\/p>\n<div>\n<hr \/>\n<\/div>\n<div>\u00a0<\/div>\n<div><strong>ASPIR\u00c1CI\u00d3S CITOL\u00d3GIAI VIZSG\u00c1LAT<\/strong><\/div>\n<div>\u00a0<\/div>\n<div>\n<p><span data-contrast=\"auto\">Tisztelt Koll\u00e9gan\u0151!<\/span><span data-ccp-props=\"{&quot;134233117&quot;:false,&quot;134233118&quot;:false,&quot;201341983&quot;:0,&quot;335551550&quot;:1,&quot;335551620&quot;:1,&quot;335559685&quot;:0,&quot;335559737&quot;:0,&quot;335559738&quot;:0,&quot;335559739&quot;:160,&quot;335559740&quot;:259}\"><br \/>\n<\/span><span data-contrast=\"auto\">Tisztelt Koll\u00e9ga!<\/span><\/p>\n<p><span data-contrast=\"auto\">A\u00a0Semmelweis Egyetem\u00a0Patol\u00f3giai \u00e9s K\u00eds\u00e9rleti R\u00e1kkutat\u00f3 Int\u00e9zet\u00a0aspir\u00e1ci\u00f3s\u00a0citol\u00f3giai rendel\u00e9s\u00e9t\u00a0a tov\u00e1bbiakban\u00a0az egyetem \u00e1ltal biztos\u00edtott online id\u0151pontfoglal\u00f3\u00a0rendszeren kereszt\u00fcl lehet ig\u00e9nybe venni\u00a0<strong>2026.04.14-t\u0151l.<\/strong><\/span><\/p>\n<p><b><span data-contrast=\"auto\">Semmelweis Egyetemen dolgoz\u00f3\u00a0kezel\u0151orvos<\/span><\/b><span data-contrast=\"auto\">\u00a0eset\u00e9n a\u00a0medikai rendszeren kereszt\u00fcl (Medsol) az EP16-os oszt\u00e1lyon lehet id\u0151pontot kiv\u00e1lasztani, majd a vizsg\u00e1latk\u00e9r\u00e9st feladni.\u00a0<\/span><\/p>\n<p><b><span data-contrast=\"auto\">Nem Semmelweis Egyetemen dolgoz\u00f3\u00a0kezel\u0151orvos<\/span><\/b><span data-contrast=\"auto\"> eset\u00e9n az EESZT-n kereszt\u00fcl lehet id\u0151pontot foglalni (Aspir\u00e1ci\u00f3s<\/span><span data-contrast=\"none\">\u00a0citol\u00f3gia\u00a0el\u0151jegyz\u00e9s,\u00a0szakmak\u00f3d\u00a05403).<\/span><\/p>\n<p><b><span data-contrast=\"auto\">K\u00e9rj\u00fck a betegeket az al\u00e1bbiakr\u00f3l t\u00e1j\u00e9koztatni<\/span><\/b><span data-contrast=\"auto\">:\u00a0\u00a0<\/span><\/p>\n<p><span data-contrast=\"auto\">K\u00e9rj\u00fck, hogy az aspir\u00e1ci\u00f3s citol\u00f3giai vizsg\u00e1latra minden esetben hozza mag\u00e1val a kor\u00e1bbi orvosi dokument\u00e1ci\u00f3j\u00e1t \u00e9s leleteit \u00edrott form\u00e1tumban, k\u00fcl\u00f6n\u00f6s tekintettel az el\u0151z\u0151 k\u00e9palkot\u00f3 vizsg\u00e1latok (CT, MR, ultrahang) eredm\u00e9nyeire. A vizsg\u00e1lat el\u0151tt\u00a0<\/span><span data-contrast=\"auto\">nem sz\u00fcks\u00e9ges \u00e9hgyomorra \u00e9rkezni.<\/span><\/p>\n<p><span data-contrast=\"auto\">A rendszeresen szedett gy\u00f3gyszereit k\u00e9rj\u00fck minden esetben vegye be.\u00a0<\/span><b><span data-contrast=\"auto\">V\u00e9ralvad\u00e1sg\u00e1tl\u00f3 gy\u00f3gyszer\u00a0<\/span><\/b><span data-contrast=\"auto\">szed\u00e9se eset\u00e9n\u00a0k\u00e9rj\u00fck,\u00a0hogy\u00a0t\u00e1j\u00e9koztasson benn\u00fcnket\u00a0err\u0151l, azonban a k\u00e9sz\u00edtm\u00e9ny\u00a0<\/span><b><span data-contrast=\"auto\">szed\u00e9s\u00e9t nem kell a beavatkoz\u00e1s el\u0151tt megszak\u00edtani.\u00a0<\/span><\/b><\/p>\n<p><span data-contrast=\"auto\">Amennyiben\u00a0a\u00a0p\u00e1ciens\u00a0sz\u00e1m\u00e1ra\u00a0betegsz\u00e1ll\u00edt\u00e1s sz\u00fcks\u00e9ges,\u00a0k\u00e9rj\u00fck, hogy a p\u00e1ciens\u00a0a rendel\u00e9s\u00a0napj\u00e1n\u00a08,00 \u00e9s 10,00 \u00f3ra k\u00f6z\u00f6tt\u00a0<\/span><b><span data-contrast=\"auto\">mindenk\u00e9ppen<\/span><\/b><span data-contrast=\"auto\">\u00a0\u00e9rkezzen.\u00a0<\/span><\/p>\n<\/div>\n<p><img decoding=\"async\" src=\"https:\/\/semmelweis.hu\/patologia1\/files\/2026\/04\/bkt_bejarat.jpg\" \/><\/p>\n","protected":false},"excerpt":{"rendered":"<p>K\u00c9RJ\u00dcK, HOGY\u00a0 A\u00a0 VIZSG\u00c1LATI\u00a0 EREDM\u00c9NYEK\u00a0 ST\u00c1TUSZ\u00c1R\u00d3L\u00a0 AZ\u00a0 AL\u00c1BBI H\u00cdV\u00d3SZ\u00c1MON\u00a0 \u00c9RDEKL\u0150DJENEK:\u00a0\u00a0 (06-1) 459-1550 \/ 54400 \u00a0 K\u00e9rj\u00fck, hogy amennyiben az al\u00e1bbi vizsg\u00e1latokat rendeli meg int\u00e9zet\u00fcnkt\u0151l, a mell\u00e9kelt k\u00e9r\u0151lapot\/online k\u00e9r\u0151lapot is t\u00f6lts\u00e9k ki \u00e9s k\u00fcldj\u00e9k el a vizsg\u00e1lati anyaggal egy\u00fctt. Egy adott szakter\u00fclet vizsg\u00e1latk\u00e9r\u00e9se eset\u00e9n, amennyiben m\u00e1r rendelkez\u00e9sre \u00e1ll (ld. al\u00e1bb) az online vizsg\u00e1latk\u00e9r\u0151 oldal a InfoFrame &hellip;<\/p>\n","protected":false},"author":54,"featured_media":0,"parent":0,"menu_order":0,"comment_status":"closed","ping_status":"closed","template":"","meta":{"_acf_changed":false,"footnotes":""},"categories":[],"tags":[],"class_list":["post-299","page","type-page","status-publish","hentry"],"acf":[],"_links":{"self":[{"href":"https:\/\/semmelweis.hu\/patologia1\/wp-json\/wp\/v2\/pages\/299","targetHints":{"allow":["GET"]}}],"collection":[{"href":"https:\/\/semmelweis.hu\/patologia1\/wp-json\/wp\/v2\/pages"}],"about":[{"href":"https:\/\/semmelweis.hu\/patologia1\/wp-json\/wp\/v2\/types\/page"}],"author":[{"embeddable":true,"href":"https:\/\/semmelweis.hu\/patologia1\/wp-json\/wp\/v2\/users\/54"}],"replies":[{"embeddable":true,"href":"https:\/\/semmelweis.hu\/patologia1\/wp-json\/wp\/v2\/comments?post=299"}],"version-history":[{"count":11,"href":"https:\/\/semmelweis.hu\/patologia1\/wp-json\/wp\/v2\/pages\/299\/revisions"}],"predecessor-version":[{"id":8994,"href":"https:\/\/semmelweis.hu\/patologia1\/wp-json\/wp\/v2\/pages\/299\/revisions\/8994"}],"wp:attachment":[{"href":"https:\/\/semmelweis.hu\/patologia1\/wp-json\/wp\/v2\/media?parent=299"}],"wp:term":[{"taxonomy":"category","embeddable":true,"href":"https:\/\/semmelweis.hu\/patologia1\/wp-json\/wp\/v2\/categories?post=299"},{"taxonomy":"post_tag","embeddable":true,"href":"https:\/\/semmelweis.hu\/patologia1\/wp-json\/wp\/v2\/tags?post=299"}],"curies":[{"name":"wp","href":"https:\/\/api.w.org\/{rel}","templated":true}]}}