{"id":1732,"date":"2015-09-17T22:09:24","date_gmt":"2015-09-17T20:09:24","guid":{"rendered":"http:\/\/semmelweis.hu\/patologia1\/?page_id=1732"},"modified":"2025-07-29T12:06:30","modified_gmt":"2025-07-29T10:06:30","slug":"kapcsolat","status":"publish","type":"page","link":"https:\/\/semmelweis.hu\/patologia1\/kapcsolat\/","title":{"rendered":"Kapcsolat"},"content":{"rendered":"<p>Hivatalos \u00fcgyekben k\u00e9rj\u00fck \u00e9rdekl\u0151dj\u00f6n az al\u00e1bbi telefonsz\u00e1mok \u00e9s titk\u00e1rs\u00e1gi e-mail valamelyik\u00e9n:<strong>\u00a0<\/strong><\/p>\n<p><strong>Porta:<br \/>\n<\/strong>06-1-459-1500\/54400, 54419<strong>\u00a0<\/strong><\/p>\n<p><strong>Igazgat\u00f3i Titk\u00e1rs\u00e1g:<br \/>\n<\/strong>\u00a006-1-317-1074<br \/>\n06-1-459-1500\/54455, 54431<br \/>\ntitkarsag.1path@semmelweis.hu<\/p>\n<p><strong>Oktat\u00e1si Titk\u00e1rs\u00e1g:<br \/>\n<\/strong>06-1-459-1500\/54459<\/p>\n<p><strong>Leletez\u0151 Iroda:<br \/>\n<\/strong>06-1-459-1500\/54441, 54439<\/p>\n<p><strong>Gazdas\u00e1gi Iroda:<br \/>\n<\/strong>gazdas\u00e1gi vezet\u0151 06-1459-1500\/55209<br \/>\n06-1-459-1500\/54434<\/p>\n<p><strong>Kegyeleti Iroda:<br \/>\n<\/strong>06-1-459-1500\/54416<\/p>\n<p><strong>K\u00f6nyvt\u00e1r\/PhD \u00fcgyek:<br \/>\n<\/strong>06-1-459-1500\/54437<\/p>\n<p><strong>Elhunytakkal kapcsolatos \u00fcgyint\u00e9z\u00e9s:<br \/>\n<\/strong><a href=\"https:\/\/semmelweis.hu\/patologia1\/diagnosztika-profilok\/korbonctan\/\">\u00dcgyint\u00e9z\u00e9ssel kapcsolatos inform\u00e1ci\u00f3k!<\/a><\/p>\n<p>06-20-825-4416, 06-30-720-8513<br \/>\nautopszia@semmelweis.hu<\/p>\n<p><strong>\u00a0<\/strong><\/p>\n<p>&nbsp;<\/p>\n","protected":false},"excerpt":{"rendered":"<p>Hivatalos \u00fcgyekben k\u00e9rj\u00fck \u00e9rdekl\u0151dj\u00f6n az al\u00e1bbi telefonsz\u00e1mok \u00e9s titk\u00e1rs\u00e1gi e-mail valamelyik\u00e9n:\u00a0<br \/>\nPorta:<br \/>\n06-1-459-1500\/54400, 54419\u00a0<br \/>\nIgazgat\u00f3i Titk\u00e1rs\u00e1g:<br \/>\n\u00a006-1-317-1074<br \/>\n06-1-459-1500\/54455, 54431<br \/>\ntitkarsag.1path@semmelweis.hu<br \/>\nOktat\u00e1si Titk\u00e1rs\u00e1g:<br \/>\n06-1-459-1500\/54459<br \/>\nLeletez\u0151 Iroda:<br \/>\n06-1-459-1500\/54441, 54439<br \/>\nGazdas\u00e1gi Iroda:<br \/>\ngazdas\u00e1gi vezet\u0151 06-1459-1500\/55209<br \/>\n06-1-459-1500\/54434<br \/>\nKegyeleti Iroda:<br \/>\n06-1-459-1500\/54416<br \/>\nK\u00f6nyvt\u00e1r\/PhD \u00fcgyek:<br \/>\n06-1-459-1500\/54437<br \/>\nElhunytakkal kapcsolatos \u00fcgyint\u00e9z\u00e9s:<br \/>\n<a href=\"https:\/\/semmelweis.hu\/patologia1\/diagnosztika-profilok\/korbonctan\/\">\u00dcgyint\u00e9z\u00e9ssel kapcsolatos inform\u00e1ci\u00f3k!<\/a><br \/>\n06-20-825-4416, 06-30-720-8513<br \/>\nautopszia@semmelweis.hu<br \/>\n\u00a0<br \/>\n&nbsp;<\/p>\n","protected":false},"author":54,"featured_media":0,"parent":0,"menu_order":300,"comment_status":"closed","ping_status":"closed","template":"","meta":{"_acf_changed":false,"footnotes":""},"categories":[],"tags":[],"class_list":["post-1732","page","type-page","status-publish","hentry"],"acf":[],"_links":{"self":[{"href":"https:\/\/semmelweis.hu\/patologia1\/wp-json\/wp\/v2\/pages\/1732","targetHints":{"allow":["GET"]}}],"collection":[{"href":"https:\/\/semmelweis.hu\/patologia1\/wp-json\/wp\/v2\/pages"}],"about":[{"href":"https:\/\/semmelweis.hu\/patologia1\/wp-json\/wp\/v2\/types\/page"}],"author":[{"embeddable":true,"href":"https:\/\/semmelweis.hu\/patologia1\/wp-json\/wp\/v2\/users\/54"}],"replies":[{"embeddable":true,"href":"https:\/\/semmelweis.hu\/patologia1\/wp-json\/wp\/v2\/comments?post=1732"}],"version-history":[{"count":11,"href":"https:\/\/semmelweis.hu\/patologia1\/wp-json\/wp\/v2\/pages\/1732\/revisions"}],"predecessor-version":[{"id":8718,"href":"https:\/\/semmelweis.hu\/patologia1\/wp-json\/wp\/v2\/pages\/1732\/revisions\/8718"}],"wp:attachment":[{"href":"https:\/\/semmelweis.hu\/patologia1\/wp-json\/wp\/v2\/media?parent=1732"}],"wp:term":[{"taxonomy":"category","embeddable":true,"href":"https:\/\/semmelweis.hu\/patologia1\/wp-json\/wp\/v2\/categories?post=1732"},{"taxonomy":"post_tag","embeddable":true,"href":"https:\/\/semmelweis.hu\/patologia1\/wp-json\/wp\/v2\/tags?post=1732"}],"curies":[{"name":"wp","href":"https:\/\/api.w.org\/{rel}","templated":true}]}}