{"id":1494,"date":"2015-08-28T22:44:01","date_gmt":"2015-08-28T20:44:01","guid":{"rendered":"http:\/\/semmelweis.hu\/patologia1\/?page_id=1494"},"modified":"2015-09-16T14:54:00","modified_gmt":"2015-09-16T12:54:00","slug":"szakorvosjeloltek-es-rezidensek","status":"publish","type":"page","link":"https:\/\/semmelweis.hu\/patologia1\/bemutatkozas\/munkatarsak\/szakorvosjeloltek-es-rezidensek\/","title":{"rendered":"Szakorvosjel\u00f6ltek \u00e9s rezidensek"},"content":{"rendered":"\n<table id=\"tablepress-55\" class=\"tablepress tablepress-id-55\">\n<thead>\n<tr class=\"row-1\">\n\t<td class=\"column-1\"><\/td><td class=\"column-2\"><\/td><td class=\"column-3\"><\/td><td class=\"column-4\"><\/td>\n<\/tr>\n<\/thead>\n<tbody class=\"row-striping row-hover\">\n<tr class=\"row-2\">\n\t<td class=\"column-1\">N\u00e9v<\/td><td class=\"column-2\">Beoszt\u00e1s<\/td><td class=\"column-3\">Mell\u00e9k <\/td><td class=\"column-4\">E-mail c\u00edm<\/td>\n<\/tr>\n<tr class=\"row-3\">\n\t<td class=\"column-1\">Dr. Bedics G\u00e1bor<\/td><td class=\"column-2\">rezidens<\/td><td class=\"column-3\">54465<\/td><td class=\"column-4\">bedics.gabor@semmelweis.hu<\/td>\n<\/tr>\n<tr class=\"row-4\">\n\t<td class=\"column-1\">Dr. Szatm\u00e1ri Eszter<br \/>\n<\/td><td class=\"column-2\">rezidens<\/td><td class=\"column-3\">54465<\/td><td class=\"column-4\">szatmari.eszter@semmelweis.hu<\/td>\n<\/tr>\n<tr class=\"row-5\">\n\t<td class=\"column-1\">Dr. P\u00e9terffy Borb\u00e1la<\/td><td class=\"column-2\">rezidens<\/td><td class=\"column-3\">54465<\/td><td class=\"column-4\">peterffy.borbala@semmelweis.hu<\/td>\n<\/tr>\n<tr class=\"row-6\">\n\t<td class=\"column-1\">Dr. Szilveszter Kata<\/td><td class=\"column-2\">rezidens<\/td><td class=\"column-3\">54465<\/td><td class=\"column-4\">szilveszter.kata@semmelweis.hu<\/td>\n<\/tr>\n<tr class=\"row-7\">\n\t<td class=\"column-1\">Dr. Jakab \u00c1kos<\/td><td class=\"column-2\">rezidens<\/td><td class=\"column-3\">54465<\/td><td class=\"column-4\">jakab.akos2@semmelweis.hu<\/td>\n<\/tr>\n<tr class=\"row-8\">\n\t<td class=\"column-1\">Dr. L\u00e1szl\u00f3 Tam\u00e1s<\/td><td class=\"column-2\">rezidens<\/td><td class=\"column-3\">54465<\/td><td class=\"column-4\">laszlo.tamas@semmelweis.hu<\/td>\n<\/tr>\n<\/tbody>\n<\/table>\n<!-- #tablepress-55 from cache -->\n","protected":false},"excerpt":{"rendered":"","protected":false},"author":54,"featured_media":0,"parent":36,"menu_order":1,"comment_status":"closed","ping_status":"closed","template":"","meta":{"_acf_changed":false,"footnotes":""},"categories":[],"tags":[],"class_list":["post-1494","page","type-page","status-publish","hentry"],"acf":[],"_links":{"self":[{"href":"https:\/\/semmelweis.hu\/patologia1\/wp-json\/wp\/v2\/pages\/1494","targetHints":{"allow":["GET"]}}],"collection":[{"href":"https:\/\/semmelweis.hu\/patologia1\/wp-json\/wp\/v2\/pages"}],"about":[{"href":"https:\/\/semmelweis.hu\/patologia1\/wp-json\/wp\/v2\/types\/page"}],"author":[{"embeddable":true,"href":"https:\/\/semmelweis.hu\/patologia1\/wp-json\/wp\/v2\/users\/54"}],"replies":[{"embeddable":true,"href":"https:\/\/semmelweis.hu\/patologia1\/wp-json\/wp\/v2\/comments?post=1494"}],"version-history":[{"count":10,"href":"https:\/\/semmelweis.hu\/patologia1\/wp-json\/wp\/v2\/pages\/1494\/revisions"}],"predecessor-version":[{"id":1726,"href":"https:\/\/semmelweis.hu\/patologia1\/wp-json\/wp\/v2\/pages\/1494\/revisions\/1726"}],"up":[{"embeddable":true,"href":"https:\/\/semmelweis.hu\/patologia1\/wp-json\/wp\/v2\/pages\/36"}],"wp:attachment":[{"href":"https:\/\/semmelweis.hu\/patologia1\/wp-json\/wp\/v2\/media?parent=1494"}],"wp:term":[{"taxonomy":"category","embeddable":true,"href":"https:\/\/semmelweis.hu\/patologia1\/wp-json\/wp\/v2\/categories?post=1494"},{"taxonomy":"post_tag","embeddable":true,"href":"https:\/\/semmelweis.hu\/patologia1\/wp-json\/wp\/v2\/tags?post=1494"}],"curies":[{"name":"wp","href":"https:\/\/api.w.org\/{rel}","templated":true}]}}