{"id":7,"date":"2012-02-04T15:30:37","date_gmt":"2012-02-04T14:30:37","guid":{"rendered":"http:\/\/semmelweis-egyetem.hu\/parodontologia\/?page_id=7"},"modified":"2021-01-30T19:29:20","modified_gmt":"2021-01-30T18:29:20","slug":"altalanos-informaciok","status":"publish","type":"page","link":"https:\/\/semmelweis.hu\/parodontologia\/a-klinikarol\/altalanos-informaciok\/","title":{"rendered":"\u00c1ltal\u00e1nos inform\u00e1ci\u00f3k"},"content":{"rendered":"<p style=\"text-align: justify\">\u00dcdv\u00f6z\u00f6lj\u00fck a Parodontol\u00f3giai Klinika honlapj\u00e1n.<\/p>\n<p style=\"text-align: justify\"><a href=\"https:\/\/semmelweis.hu\/parodontologia\/files\/2017\/06\/pacienseknek1.jpg\"><img loading=\"lazy\" decoding=\"async\" class=\" wp-image-1256 alignleft\" src=\"https:\/\/semmelweis.hu\/parodontologia\/files\/2017\/06\/pacienseknek1-300x202.jpg\" alt=\"\" width=\"268\" height=\"180\" srcset=\"https:\/\/semmelweis.hu\/parodontologia\/files\/2017\/06\/pacienseknek1-300x202.jpg 300w, https:\/\/semmelweis.hu\/parodontologia\/files\/2017\/06\/pacienseknek1-768x516.jpg 768w, https:\/\/semmelweis.hu\/parodontologia\/files\/2017\/06\/pacienseknek1.jpg 1024w, https:\/\/semmelweis.hu\/parodontologia\/files\/2017\/06\/pacienseknek1-447x300.jpg 447w\" sizes=\"auto, (max-width: 268px) 100vw, 268px\" \/><\/a>A Semmelweis Egyetem Parodontol\u00f3giai Klinik\u00e1ja Magyarorsz\u00e1gon egyed\u00fcl\u00e1ll\u00f3 m\u00f3don m\u0171k\u00f6dik \u00f6n\u00e1ll\u00f3 klinikak\u00e9nt. Az int\u00e9zm\u00e9nyben az \u00e9vi t\u00f6bb ezer beteg ell\u00e1t\u00e1sa mellett magas sz\u00ednvonal\u00fa oktat\u00f3 tev\u00e9kenys\u00e9g \u00e9s kutat\u00f3munka folyik, a szakter\u00fclet egyre t\u00f6bb fiatalt \u00e9rdekel. Ennek az\u00e9rt is van nagy jelent\u0151s\u00e9ge, mert m\u00edg 20-30 \u00e9ve a szuvasod\u00e1s volt a leggyakoribb panasz a magyar lakoss\u00e1g k\u00f6r\u00e9ben, addig ma m\u00e1r <a href=\"https:\/\/semmelweis.hu\/parodontologia\/2015\/02\/14\/a-fogagybetegseg-nepbetegseg-ami-fogatlansaghoz-vezet\/\" target=\"_blank\" rel=\"noopener noreferrer\"><strong>a fog\u00e1gybetegs\u00e9gek<\/strong> jelentik az els\u0151 sz\u00e1m\u00fa probl\u00e9m\u00e1t<\/a>.<\/p>\n<p style=\"text-align: justify\">B\u0151vebben a fog\u00e1gybetegs\u00e9gekr\u0151l <a href=\"https:\/\/semmelweis.hu\/parodontologia\/jarobeteg-szakrendelesek-ambulanciak\/a-fogagybetegsegrol-pacienseknek\/\" target=\"_blank\" rel=\"noopener noreferrer\">p\u00e1cienseinknek<\/a> \u00e9s <a href=\"https:\/\/semmelweis.hu\/parodontologia\/jarobeteg-szakrendelesek-ambulanciak\/fogorvos-kollegaknak\/\" target=\"_blank\" rel=\"noopener noreferrer\">fogorvos koll\u00e9g\u00e1inknak<\/a>.<\/p>\n<figure id=\"attachment_1469\" aria-describedby=\"caption-attachment-1469\" style=\"width: 280px\" class=\"wp-caption alignleft\"><a href=\"https:\/\/semmelweis.hu\/parodontologia\/files\/2017\/12\/oc-epulet.jpg\"><img loading=\"lazy\" decoding=\"async\" class=\"wp-image-1469\" src=\"https:\/\/semmelweis.hu\/parodontologia\/files\/2017\/12\/oc-epulet-300x225.jpg\" alt=\"\" width=\"280\" height=\"210\" srcset=\"https:\/\/semmelweis.hu\/parodontologia\/files\/2017\/12\/oc-epulet-300x225.jpg 300w, https:\/\/semmelweis.hu\/parodontologia\/files\/2017\/12\/oc-epulet-768x576.jpg 768w, https:\/\/semmelweis.hu\/parodontologia\/files\/2017\/12\/oc-epulet-400x300.jpg 400w, https:\/\/semmelweis.hu\/parodontologia\/files\/2017\/12\/oc-epulet.jpg 800w\" sizes=\"auto, (max-width: 280px) 100vw, 280px\" \/><\/a><figcaption id=\"caption-attachment-1469\" class=\"wp-caption-text\">Az Oktat\u00e1si Centrum \u00e9p\u00fclete<\/figcaption><\/figure>\n<p style=\"text-align: justify\">A parodontol\u00f3gi\u00e1t \u00e9s or\u00e1lis medicin\u00e1t a Fogorvostudom\u00e1nyi Kar megalak\u00edt\u00e1s\u00e1t\u00f3l kezdve oktatj\u00e1k az egyetemen. Kezdetben az oktat\u00e1si egys\u00e9g a Sz\u00e1jseb\u00e9szeti \u00e9s Fog\u00e1szati Klinika egyik oszt\u00e1lyak\u00e9nt m\u0171k\u00f6d\u00f6tt, majd 1997-ben \u2013 az orsz\u00e1gban egyed\u00fcl\u00e1ll\u00f3 m\u00f3don \u2013 megalakult az \u00f6n\u00e1ll\u00f3 Parodontol\u00f3giai Klinika. A klinika a Fogorvostudom\u00e1nyi Kar Oktat\u00e1si Centrum\u00e1ban kapott helyet: \u00faj felt\u00e9telek \u00e9s infrastrukt\u00fara mellett teljes kapacit\u00e1ssal vesz r\u00e9szt a parodontol\u00f3giai szakorvosk\u00e9pz\u00e9sben. <span style=\"font-size: 1rem\">M\u00e1ra a klinika rendelkezik eur\u00f3pai szinten az egyik legnagyobb rezidensprogrammal ezen a\u00a0 szakter\u00fcleten. <\/span><span style=\"font-size: 1rem\">A klinika r\u00e9szt vesz a kar PhD-programj\u00e1ban, a klinika vezet\u0151 oktat\u00f3inak mindegyike tudom\u00e1nyos min\u0151s\u00edt\u00e9ssel rendelkezik.<\/span><\/p>\n<p>&nbsp;<\/p>\n<figure id=\"attachment_1470\" aria-describedby=\"caption-attachment-1470\" style=\"width: 268px\" class=\"wp-caption alignleft\"><a href=\"https:\/\/semmelweis.hu\/parodontologia\/files\/2017\/12\/tankonyvek.jpg\"><img loading=\"lazy\" decoding=\"async\" class=\"wp-image-1470\" src=\"https:\/\/semmelweis.hu\/parodontologia\/files\/2017\/12\/tankonyvek-300x198.jpg\" alt=\"\" width=\"268\" height=\"177\" srcset=\"https:\/\/semmelweis.hu\/parodontologia\/files\/2017\/12\/tankonyvek-300x198.jpg 300w, https:\/\/semmelweis.hu\/parodontologia\/files\/2017\/12\/tankonyvek-455x300.jpg 455w, https:\/\/semmelweis.hu\/parodontologia\/files\/2017\/12\/tankonyvek.jpg 458w\" sizes=\"auto, (max-width: 268px) 100vw, 268px\" \/><\/a><figcaption id=\"caption-attachment-1470\" class=\"wp-caption-text\">Az Or\u00e1lis medicina \u00e9s a Parodontol\u00f3gia egyetemi tank\u00f6nyvek<\/figcaption><\/figure>\n<p style=\"text-align: justify\">A fogorvostanhallgat\u00f3k sz\u00e1m\u00e1ra az o<span style=\"font-size: 1rem\">r\u00e1lis medicina tant\u00e1rgyat eg\u00e9szen 2017-ig oktatta a Klinika, dr. K\u00f6vesi Gy\u00f6rgy nyugugalmazott egy. docens \u00e9s Prof. Gera Istv\u00e1n szerkeszt\u00e9s\u00e9ben jelent meg a hi\u00e1nyp\u00f3tl\u00f3 <em>Or\u00e1lis medicina, sz\u00e1jbetegs\u00e9gek<\/em>\u00a0tank\u00f6nyv 2016-ban. 2017 \u00f3ta a <\/span><span style=\"font-size: 1rem\">parodontol\u00f3gia tant\u00e1rgyat oktatj\u00e1k a klinika munkat\u00e1rsai magyar, n\u00e9met \u00e9s angol nyelven, n\u00e9gy f\u00e9l\u00e9ven \u00e1t, szigorlatos z\u00e1r\u00e1ssal. 2017-ig Klinik\u00e1nk l\u00e1tta el a sz\u00e1jny\u00e1lkah\u00e1rtya-betegeket is, ez a profil a tant\u00e1rgy \u00e1tad\u00e1s\u00e1val ker\u00fclt \u00e1t az Or\u00e1lis Diagnosztika tansz\u00e9khez.<\/span><\/p>\n<p>&nbsp;<\/p>\n<p style=\"text-align: justify\"><a href=\"https:\/\/semmelweis.hu\/parodontologia\/files\/2017\/12\/IMG_1133.jpg\"><img loading=\"lazy\" decoding=\"async\" class=\" wp-image-1465 alignleft\" src=\"https:\/\/semmelweis.hu\/parodontologia\/files\/2017\/12\/IMG_1133-300x225.jpg\" alt=\"\" width=\"269\" height=\"202\" srcset=\"https:\/\/semmelweis.hu\/parodontologia\/files\/2017\/12\/IMG_1133-300x225.jpg 300w, https:\/\/semmelweis.hu\/parodontologia\/files\/2017\/12\/IMG_1133-400x300.jpg 400w, https:\/\/semmelweis.hu\/parodontologia\/files\/2017\/12\/IMG_1133.jpg 640w\" sizes=\"auto, (max-width: 269px) 100vw, 269px\" \/><\/a>Az oktat\u00f3k \u00e9s a hallgat\u00f3k \u00e9vente k\u00f6zel 18-20 ezer esetet l\u00e1tnak el. Az int\u00e9zm\u00e9ny <strong>szakmai profiljai<\/strong> k\u00f6z\u00e9 tartozik jelenleg a fog\u00e1gybetegs\u00e9gek ell\u00e1t\u00e1sa, valamint a parodont\u00e1lis implantol\u00f3giai kezel\u00e9sek.<\/p>\n<p style=\"text-align: justify\">A klinika a betegell\u00e1t\u00e1s \u00e9s az oktat\u00e1s mellett a kutat\u00e1sban is el\u0151kel\u0151 helyet foglal el, a k\u00fclf\u00f6ldi k\u00f6zlem\u00e9nyek sz\u00e1m\u00e1t tekintve hossz\u00fa \u00e9vek \u00f3ta kiemelked\u0151 eredm\u00e9nyeket \u00e9rnek el a karon bel\u00fcl, ami r\u00e9szben a klinik\u00e1n v\u00e9gzett munk\u00e1nak, r\u00e9szben pedig a nemzetk\u00f6zi egy\u00fcttm\u0171k\u00f6d\u00e9seknek k\u00f6sz\u00f6nhet\u0151. A <strong>kutat\u00e1si ter\u00fcletek<\/strong> k\u00f6zt eml\u00edtend\u0151 az ir\u00e1ny\u00edtott parodont\u00e1lis sz\u00f6vetregener\u00e1ci\u00f3 hossz\u00fa t\u00e1v\u00fa eredm\u00e9nyeinek vizsg\u00e1lata, a biol\u00f3giai medi\u00e1torok (inger\u00fclet\u00e1tviv\u0151 anyagok) alkalmaz\u00e1sa a parodontol\u00f3gi\u00e1ban, a mucogingiv\u00e1lis seb\u00e9szet, a parodont\u00e1lis epidemiol\u00f3gia, a sz\u00e1j\u00fcregi r\u00e1kot megel\u0151z\u0151 \u00e1llapotok (praecancerosisok), valamint a parodont\u00e1lis morfol\u00f3giai vizsg\u00e1latok. Err\u0151l b\u0151vebben a <a href=\"https:\/\/semmelweis.hu\/parodontologia\/kutatas\/kutatas\/\" target=\"_blank\" rel=\"noopener noreferrer\">Kutat\u00e1s men\u00fcben<\/a> olvashatnak.<\/p>\n<figure id=\"attachment_1456\" aria-describedby=\"caption-attachment-1456\" style=\"width: 598px\" class=\"wp-caption alignnone\"><a href=\"https:\/\/semmelweis.hu\/parodontologia\/files\/2017\/12\/j-k\u00e9p.jpg\"><img loading=\"lazy\" decoding=\"async\" class=\"wp-image-1456\" src=\"https:\/\/semmelweis.hu\/parodontologia\/files\/2017\/12\/j-k\u00e9p-300x191.jpg\" alt=\"\" width=\"598\" height=\"380\" srcset=\"https:\/\/semmelweis.hu\/parodontologia\/files\/2017\/12\/j-k\u00e9p-300x191.jpg 300w, https:\/\/semmelweis.hu\/parodontologia\/files\/2017\/12\/j-k\u00e9p-768x488.jpg 768w, https:\/\/semmelweis.hu\/parodontologia\/files\/2017\/12\/j-k\u00e9p-1024x651.jpg 1024w, https:\/\/semmelweis.hu\/parodontologia\/files\/2017\/12\/j-k\u00e9p-472x300.jpg 472w, https:\/\/semmelweis.hu\/parodontologia\/files\/2017\/12\/j-k\u00e9p.jpg 1940w\" sizes=\"auto, (max-width: 598px) 100vw, 598px\" \/><\/a><figcaption id=\"caption-attachment-1456\" class=\"wp-caption-text\">A Parodontol\u00f3giai Klinika orvos munkat\u00e1rsai (2017)<\/figcaption><\/figure>\n<hr \/>\n<p style=\"text-align: justify\">\n<!-- iframe plugin v.4.9 wordpress.org\/plugins\/iframe\/ -->\n<iframe loading=\"lazy\" src=\"https:\/\/www.youtube.com\/embed\/zIoY3fLOUTE\" width=\"560\" 0=\"height=&quot;315\" height=\"500\" scrolling=\"yes\" class=\"iframe-class\" frameborder=\"0\"><\/iframe>\n<\/p>\n<div class=\"exp-col-content-holder\" style=\"text-align: justify\"><a class=\"expand-cnt-link\" href=\"#\">A Parodontol\u00f3gia Klinika (\u00e9s szakmai el\u0151djeinek) k\u00fclf\u00f6ldi kollabor\u00e1ci\u00f3s kapcsolatai:<\/a><\/p>\n<div class=\"hidden-content\">\n<ul>\n<li>University of Winnipeg, Canada, J.R.Trott<\/li>\n<li>University of Copenhagen, Copenhagen, D\u00e1nia,\u00a0Jens J. Pindborg<\/li>\n<li>World Health Organization, Copenhagen,\u00a0Jens J. Pindborg<\/li>\n<li>Karolinska Institute, Stockholm, Sv\u00e9dorsz\u00e1g, Lars Frithiof<\/li>\n<li>Erfurti Egyetem, N\u00e9metorsz\u00e1g, Walter K\u00fcnzel<\/li>\n<li>University of Connecticut USA Lawrence Raisz<\/li>\n<li>University of Connecticut USA k\u00e9s\u0151bb Tufts University, Boston USA Janet M. Hock<\/li>\n<li>University of Connecticut USA Klaus Nuki<\/li>\n<li>Pennsylvania University, Philadelphia USA Novotny Anthony<\/li>\n<li>University of Homburg, k\u00e9s\u0151bb University Mainz, N\u00e9metorsz\u00e1g Anton Sculean<\/li>\n<li>Aarhus-i Egyetem, Aarhus, D\u00e1nia Thorkild Karring<\/li>\n<li>Belgium\/N\u00e9metorsz\u00e1g, Michel Brecx<\/li>\n<\/ul>\n<\/div>\n<\/div>\n<p><a href=\"https:\/\/semmelweis.hu\/parodontologia\/elerhetosegek\/\"><strong>Jelenlegi orvosaink<\/strong><\/a><\/p>\n<p><a href=\"https:\/\/semmelweis.hu\/parodontologia\/jarobeteg-szakrendelesek-ambulanciak\/\"><strong>Inform\u00e1ci\u00f3k a j\u00e1r\u00f3beteg-rendel\u00e9sr\u0151l<\/strong><\/a><\/p>\n<p>&nbsp;<\/p>\n","protected":false},"excerpt":{"rendered":"<p>A Semmelweis Egyetem Parodontol\u00f3giai Klinik\u00e1ja Magyarorsz\u00e1gon egyed\u00fcl\u00e1ll\u00f3 m\u00f3don m\u0171k\u00f6dik \u00f6n\u00e1ll\u00f3 klinikak\u00e9nt. Az int\u00e9zm\u00e9nyben az \u00e9vi t\u00f6bb ezer beteg ell\u00e1t\u00e1sa mellett magas sz\u00ednvonal\u00fa oktat\u00f3 tev\u00e9kenys\u00e9g \u00e9s kutat\u00f3munka folyik, a szakter\u00fclet egyre t\u00f6bb fiatalt \u00e9rdekel. Ennek az\u00e9rt is van nagy jelent\u0151s\u00e9ge, mert m\u00edg 20-30 \u00e9ve a szuvasod\u00e1s volt a leggyakoribb panasz a magyar lakoss\u00e1g k\u00f6r\u00e9ben, addig ma m\u00e1r a fog\u00e1gybetegs\u00e9gek jelentik az els\u0151 sz\u00e1m\u00fa probl\u00e9m\u00e1t.<\/p>\n","protected":false},"author":101509,"featured_media":2343,"parent":2408,"menu_order":1,"comment_status":"closed","ping_status":"closed","template":"","meta":{"_acf_changed":false,"footnotes":""},"categories":[],"tags":[],"class_list":["post-7","page","type-page","status-publish","has-post-thumbnail","hentry"],"acf":[],"_links":{"self":[{"href":"https:\/\/semmelweis.hu\/parodontologia\/wp-json\/wp\/v2\/pages\/7","targetHints":{"allow":["GET"]}}],"collection":[{"href":"https:\/\/semmelweis.hu\/parodontologia\/wp-json\/wp\/v2\/pages"}],"about":[{"href":"https:\/\/semmelweis.hu\/parodontologia\/wp-json\/wp\/v2\/types\/page"}],"author":[{"embeddable":true,"href":"https:\/\/semmelweis.hu\/parodontologia\/wp-json\/wp\/v2\/users\/101509"}],"replies":[{"embeddable":true,"href":"https:\/\/semmelweis.hu\/parodontologia\/wp-json\/wp\/v2\/comments?post=7"}],"version-history":[{"count":11,"href":"https:\/\/semmelweis.hu\/parodontologia\/wp-json\/wp\/v2\/pages\/7\/revisions"}],"predecessor-version":[{"id":3529,"href":"https:\/\/semmelweis.hu\/parodontologia\/wp-json\/wp\/v2\/pages\/7\/revisions\/3529"}],"up":[{"embeddable":true,"href":"https:\/\/semmelweis.hu\/parodontologia\/wp-json\/wp\/v2\/pages\/2408"}],"wp:featuredmedia":[{"embeddable":true,"href":"https:\/\/semmelweis.hu\/parodontologia\/wp-json\/wp\/v2\/media\/2343"}],"wp:attachment":[{"href":"https:\/\/semmelweis.hu\/parodontologia\/wp-json\/wp\/v2\/media?parent=7"}],"wp:term":[{"taxonomy":"category","embeddable":true,"href":"https:\/\/semmelweis.hu\/parodontologia\/wp-json\/wp\/v2\/categories?post=7"},{"taxonomy":"post_tag","embeddable":true,"href":"https:\/\/semmelweis.hu\/parodontologia\/wp-json\/wp\/v2\/tags?post=7"}],"curies":[{"name":"wp","href":"https:\/\/api.w.org\/{rel}","templated":true}]}}