{"id":680,"date":"2016-03-03T15:07:10","date_gmt":"2016-03-03T14:07:10","guid":{"rendered":"http:\/\/semmelweis.hu\/parodontologia\/?page_id=680"},"modified":"2025-03-07T10:39:40","modified_gmt":"2025-03-07T09:39:40","slug":"vedes-defence","status":"publish","type":"page","link":"https:\/\/semmelweis.hu\/parodontologia\/oktatas\/szakdolgozat-diploma-work\/vedes-defence\/","title":{"rendered":"Szakdolgozat v\u00e9d\u00e9s"},"content":{"rendered":"<p>&nbsp;<\/p>\n<p style=\"text-align: center\"><strong><span style=\"font-size: 18pt\">2025. \u00e1prilis 03. (<\/span><span style=\"font-size: 18pt;color: #000000\"><span style=\"font-size: 14pt\">8:00 \u00f3ra<\/span><\/span><span style=\"font-size: 18pt\">)<\/span><\/strong><\/p>\n<p style=\"text-align: center\">Helysz\u00edn: OC 4. emelet Sallay-terem (426. szoba)\u00a0<\/p>\n<table class=\" aligncenter\" style=\"width: 54.27%;height: 265px\" width=\"43.3652%\">\n<tbody>\n<tr style=\"height: 65px\">\n<td style=\"width: 44.0201%;height: 65px\"><span style=\"color: #000000\">\u00a0 \u00a0 \u00a0 \u00a0 \u00a0 \u00a0 \u00a0 \u00a0 \u00a0 \u00a0 \u00a0n\u00e9v<\/span><\/td>\n<td style=\"width: 33.5889%;height: 65px\">\u00a0 \u00a0 \u00a0 \u00a0 \u00a0 \u00a0 \u00a0 konzulens<\/td>\n<\/tr>\n<tr style=\"height: 33px\">\n<td style=\"width: 44.0201%;height: 33px\" width=\"139\">Csete R\u00e9ka Korn\u00e9lia<\/td>\n<td style=\"width: 33.5889%;height: 33px\" width=\"116\">Dr. Nagy P\u00e1l<\/td>\n<\/tr>\n<tr style=\"height: 33px\">\n<td style=\"width: 44.0201%;height: 33px\">Ellay Gutmacher<\/td>\n<td style=\"width: 33.5889%;height: 33px\">Prof. Dr. Windisch P\u00e9ter<\/td>\n<\/tr>\n<tr style=\"height: 33px\">\n<td style=\"width: 44.0201%;height: 33px\">Hsuan- Er Lo<\/td>\n<td style=\"width: 33.5889%;height: 33px\">Dr. Moln\u00e1r B\u00e1lint<\/td>\n<\/tr>\n<tr style=\"height: 33px\">\n<td style=\"width: 44.0201%;height: 33px\">Kazella Eszter Anna<\/td>\n<td style=\"width: 33.5889%;height: 33px\">Dr. Dobos Andrea<\/td>\n<\/tr>\n<tr style=\"height: 33px\">\n<td style=\"width: 44.0201%;height: 27px\">Perj\u00e1s Petra<\/td>\n<td style=\"width: 33.5889%;height: 27px\">Dr. Horv\u00e1th Attila<\/td>\n<\/tr>\n<tr style=\"height: 33px\">\n<td style=\"width: 44.0201%;height: 33px\">Sass- Sutka Anita<\/td>\n<td style=\"width: 33.5889%;height: 33px\">Dr. Palkovics D\u00e1niel<\/td>\n<\/tr>\n<\/tbody>\n<\/table>\n<p>&nbsp;<\/p>\n<p>&nbsp;<\/p>\n<p style=\"text-align: center\"><strong>Rektori p\u00e1lyamunk\u00e1j\u00e1t prezent\u00e1lja:\u00a0<\/strong><br \/>\nEsze Petra Gerda (konzulens: Dr. S\u00f3lyom Eleon\u00f3ra)<br \/>\nHegyi Alexandra (konzulens: Dr. Palkovics D\u00e1niel)<\/p>\n<p>&nbsp;<\/p>\n<p style=\"text-align: center\"><strong><span style=\"font-size: 18pt\">2025. \u00e1prilis 10. (<\/span><span style=\"font-size: 18pt;color: #000000\"><span style=\"font-size: 14pt\">8:00 \u00f3ra<\/span><\/span><span style=\"font-size: 18pt\">)<\/span><\/strong><\/p>\n<p style=\"text-align: center\">Helysz\u00edn: OC 4. emelet Sallay-terem (426. szoba)\u00a0<\/p>\n<table class=\" aligncenter\" style=\"width: 54.27%;height: 289px\" width=\"43.3652%\">\n<tbody>\n<tr style=\"height: 65px\">\n<td style=\"width: 46.0202%;height: 65px\"><span style=\"color: #000000\">\u00a0 \u00a0 \u00a0 \u00a0 \u00a0 \u00a0 \u00a0 \u00a0 \u00a0 \u00a0 \u00a0n\u00e9v<\/span><\/td>\n<td style=\"width: 31.5888%;height: 65px\">\u00a0 \u00a0 \u00a0 \u00a0 \u00a0 \u00a0 \u00a0 konzulens<\/td>\n<\/tr>\n<tr style=\"height: 33px\">\n<td style=\"width: 46.0202%;height: 33px\" width=\"139\">Shahar Yohan<\/td>\n<td style=\"width: 31.5888%;height: 33px\" width=\"116\">Dr. Horv\u00e1th Attila<\/td>\n<\/tr>\n<tr style=\"height: 33px\">\n<td style=\"width: 46.0202%;height: 33px\">Elihoo Hoffmann<\/td>\n<td style=\"width: 31.5888%;height: 33px\">Dr. Palkovics D\u00e1niel<\/td>\n<\/tr>\n<tr style=\"height: 33px\">\n<td style=\"width: 46.0202%;height: 33px\">Gu Xukai<\/td>\n<td style=\"width: 31.5888%;height: 33px\">Dr. S\u00f3lyom Eleon\u00f3ra<\/td>\n<\/tr>\n<tr style=\"height: 33px\">\n<td style=\"width: 46.0202%;height: 33px\">Lachmann M\u00f3nika \u00c9va<\/td>\n<td style=\"width: 31.5888%;height: 33px\">Dr. Moln\u00e1r B\u00e1lint\u00a0<\/td>\n<\/tr>\n<tr style=\"height: 33px\">\n<td style=\"width: 46.0202%;height: 27px\">Nov\u00e1k Fruzsina<\/td>\n<td style=\"width: 31.5888%;height: 27px\">Prof. Dr. Windisch P\u00e9ter<\/td>\n<\/tr>\n<tr style=\"height: 33px\">\n<td style=\"width: 46.0202%;height: 33px\">Iness Smith<\/td>\n<td style=\"width: 31.5888%;height: 33px\">Prof. Dr. Gera Istv\u00e1n<\/td>\n<\/tr>\n<tr style=\"height: 32px\">\n<td style=\"width: 46.0202%;height: 32px\">Pint\u00e9r Ad\u00e9l<\/td>\n<td style=\"width: 31.5888%;height: 32px\">Dr. Nagy P\u00e1l<\/td>\n<\/tr>\n<\/tbody>\n<\/table>\n<p>&nbsp;<\/p>\n<p>&nbsp;<\/p>\n<p style=\"text-align: center\"><strong>Rektori p\u00e1lyamunk\u00e1j\u00e1t prezent\u00e1lja:\u00a0<\/strong><br \/>\nHuang Yuanjia (konzulens: Prof. Dr. D\u0151ri Ferenc)<br \/>\nL\u00e1ng Cec\u00edlia (konzulens: Prof. Dr. Windisch P\u00e9ter, Dr. Palkovics D\u00e1niel)<\/p>\n<hr \/>\n<p>&nbsp;<\/p>\n<p style=\"text-align: center\"><strong><span style=\"font-size: 18pt\">2024. \u00e1prilis 03. (<\/span><span style=\"font-size: 18pt;color: #000000\"><span style=\"font-size: 14pt\">8:00 \u00f3ra<\/span><\/span><span style=\"font-size: 18pt\">)<\/span><\/strong><\/p>\n<p style=\"text-align: center\">Helysz\u00edn: OC 4. emelet Sallay-terem (426. szoba)\u00a0<\/p>\n<table class=\" aligncenter\" style=\"width: 54.27%;height: 265px\" width=\"43.3652%\">\n<tbody>\n<tr style=\"height: 65px\">\n<td style=\"width: 39.2509%;height: 65px\"><span style=\"color: #000000\">\u00a0 \u00a0 \u00a0 \u00a0 \u00a0 \u00a0 \u00a0 \u00a0 \u00a0 \u00a0 \u00a0n\u00e9v<\/span><\/td>\n<td style=\"width: 38.3581%;height: 65px\">\u00a0 \u00a0 \u00a0 \u00a0 \u00a0 \u00a0 \u00a0 konzulens<\/td>\n<\/tr>\n<tr style=\"height: 33px\">\n<td style=\"width: 39.2509%;height: 33px\" width=\"139\">Kiss Luca Blanka<\/td>\n<td style=\"width: 38.3581%;height: 33px\" width=\"116\">Dr. Nagy P\u00e1l<\/td>\n<\/tr>\n<tr style=\"height: 33px\">\n<td style=\"width: 39.2509%;height: 33px\">K\u0151r\u00f6ssy D\u00e1niel Tam\u00e1s<\/td>\n<td style=\"width: 38.3581%;height: 33px\">Dr. S\u00f3lyom Eleon\u00f3ra<\/td>\n<\/tr>\n<tr style=\"height: 33px\">\n<td style=\"width: 39.2509%;height: 33px\">Minya Szaffi<\/td>\n<td style=\"width: 38.3581%;height: 33px\">Dr. Horv\u00e1th Attila<\/td>\n<\/tr>\n<tr style=\"height: 33px\">\n<td style=\"width: 39.2509%;height: 33px\">Abed Alhafiz Darawshi<\/td>\n<td style=\"width: 38.3581%;height: 33px\">Prof. D\u0151ri Ferenc<\/td>\n<\/tr>\n<tr style=\"height: 33px\">\n<td style=\"width: 39.2509%;height: 27px\">Shipanga Taambelago Vicky<\/td>\n<td style=\"width: 38.3581%;height: 27px\">Dr. Moln\u00e1r B\u00e1lint<\/td>\n<\/tr>\n<tr style=\"height: 33px\">\n<td style=\"width: 39.2509%;height: 33px\">Tzu Chi Tsai<\/td>\n<td style=\"width: 38.3581%;height: 33px\">Dr. Horv\u00e1th Attila<\/td>\n<\/tr>\n<\/tbody>\n<\/table>\n<p>&nbsp;<\/p>\n<p style=\"text-align: center\"><strong><span style=\"font-size: 18pt\">2024. \u00e1prilis 04. (<\/span><span style=\"font-size: 18pt;color: #000000\"><span style=\"font-size: 14pt\">8:00 \u00f3ra<\/span><\/span><span style=\"font-size: 18pt\">)<\/span><\/strong><\/p>\n<p style=\"text-align: center\">Helysz\u00edn: OC 4. emelet Sallay-terem (426. szoba)\u00a0<\/p>\n<table class=\" aligncenter\" style=\"width: 54.0551%;height: 235px\" width=\"43.3652%\">\n<tbody>\n<tr style=\"height: 65px\">\n<td style=\"width: 39.2509%;height: 65px\"><span style=\"color: #000000\">\u00a0 \u00a0 \u00a0 \u00a0 \u00a0 \u00a0 \u00a0 \u00a0 \u00a0 \u00a0 \u00a0n\u00e9v<\/span><\/td>\n<td style=\"width: 38.3581%;height: 65px\">\u00a0 \u00a0 \u00a0 \u00a0 \u00a0 \u00a0 \u00a0 konzulens<\/td>\n<\/tr>\n<tr style=\"height: 33px\">\n<td style=\"width: 39.2509%;height: 33px\" width=\"139\">Krisnamurthy Art\u00far<\/td>\n<td style=\"width: 38.3581%;height: 33px\" width=\"116\">Dr. Moln\u00e1r B\u00e1lint<\/td>\n<\/tr>\n<tr style=\"height: 33px\">\n<td style=\"width: 39.2509%;height: 33px\">Bartal Eszter<\/td>\n<td style=\"width: 38.3581%;height: 33px\">Prof. Windisch P\u00e9ter<\/td>\n<\/tr>\n<tr style=\"height: 33px\">\n<td style=\"width: 39.2509%;height: 33px\">Kiarash Kalantar<\/td>\n<td style=\"width: 38.3581%;height: 33px\">Dr. Shahbazi Irani Arvin<\/td>\n<\/tr>\n<tr style=\"height: 33px\">\n<td style=\"width: 39.2509%;height: 33px\">Stephan Merminod<\/td>\n<td style=\"width: 38.3581%;height: 33px\">Dr. S\u00f3lyom Eleon\u00f3ra<\/td>\n<\/tr>\n<tr style=\"height: 33px\">\n<td style=\"width: 39.2509%;height: 27px\">Karimi Vajargahy Reza<\/td>\n<td style=\"width: 38.3581%;height: 27px\">Dr. Nagy P\u00e1l<\/td>\n<\/tr>\n<\/tbody>\n<\/table>\n<p>&nbsp;<\/p>\n<p style=\"text-align: center\"><strong><span style=\"font-size: 18pt\">2023. \u00e1prilis 13. (<\/span><span style=\"font-size: 18pt;color: #000000\"><span style=\"font-size: 14pt\">8:00 \u00f3ra<\/span><\/span><span style=\"font-size: 18pt\">)<\/span><\/strong><\/p>\n<p style=\"text-align: center\">Helysz\u00edn: OC 4. emelet Sallay-terem (426. szoba)\u00a0<\/p>\n<table class=\" aligncenter\" style=\"width: 54.0449%;height: 268px\" width=\"43.3652%\">\n<tbody>\n<tr style=\"height: 65px\">\n<td style=\"width: 39.2509%;height: 65px\"><span style=\"color: #000000\">\u00a0 \u00a0 \u00a0 \u00a0 \u00a0 \u00a0 \u00a0 \u00a0 \u00a0 \u00a0 \u00a0n\u00e9v<\/span><\/td>\n<td style=\"width: 38.3581%;height: 65px\">\u00a0 \u00a0 \u00a0 \u00a0 \u00a0 \u00a0 \u00a0 konzulens<\/td>\n<\/tr>\n<tr style=\"height: 33px\">\n<td style=\"width: 39.2509%;height: 33px\" width=\"139\">Claudio Elias<\/td>\n<td style=\"width: 38.3581%;height: 33px\" width=\"116\">Prof. Gera Istv\u00e1n<\/td>\n<\/tr>\n<tr style=\"height: 33px\">\n<td style=\"width: 39.2509%;height: 33px\">Anders Vatland<\/td>\n<td style=\"width: 38.3581%;height: 33px\">Prof. Windisch P\u00e9ter<\/td>\n<\/tr>\n<tr style=\"height: 33px\">\n<td style=\"width: 39.2509%;height: 33px\">Bazs\u00f3 Bertold<\/td>\n<td style=\"width: 38.3581%;height: 33px\">Dr. Orb\u00e1n Krist\u00f3f<\/td>\n<\/tr>\n<tr style=\"height: 33px\">\n<td style=\"width: 39.2509%;height: 33px\">Sz\u00e9kely Anna Franciska<\/td>\n<td style=\"width: 38.3581%;height: 33px\">Prof. Gera Istv\u00e1n<\/td>\n<\/tr>\n<tr style=\"height: 33px\">\n<td style=\"width: 39.2509%;height: 27px\">Varga Dominik<\/td>\n<td style=\"width: 38.3581%;height: 27px\">Dr. Nagy P\u00e1l Gy\u00f6rgy<\/td>\n<\/tr>\n<tr style=\"height: 33px\">\n<td style=\"width: 39.2509%;height: 33px\">Varga Sabrina<\/td>\n<td style=\"width: 38.3581%;height: 33px\">Dr. Moln\u00e1r B\u00e1lint<\/td>\n<\/tr>\n<\/tbody>\n<\/table>\n<p>&nbsp;<\/p>\n<p>&nbsp;<\/p>\n<p>Czufor B\u00e1lint (t\u00e9mavezet\u0151je: Prof. D\u0151ri Ferenc) egy p\u00e1r percben prezent\u00e1lja rektori p\u00e1lyamunk\u00e1j\u00e1t.\u00a0<\/p>\n<p style=\"text-align: center\"><strong><span style=\"font-size: 18pt\">2022. \u00e1prilis 21. (<\/span><span style=\"font-size: 18pt;color: #000000\"><span style=\"font-size: 14pt\">8:00 \u00f3ra<\/span><\/span><span style=\"font-size: 18pt\">)<\/span><\/strong><\/p>\n<p style=\"text-align: center\">Helysz\u00edn: OC 4. emelet Sallay-terem (426. szoba)\u00a0<\/p>\n<table class=\" aligncenter\" style=\"width: 54.9148%;height: 323px\" width=\"43.3652%\">\n<tbody>\n<tr style=\"height: 65px\">\n<td style=\"width: 39.2509%;height: 65px\"><span style=\"color: #000000\">\u00a0 \u00a0 \u00a0 \u00a0 \u00a0 \u00a0 \u00a0 \u00a0 \u00a0 \u00a0 \u00a0n\u00e9v<\/span><\/td>\n<td style=\"width: 38.3581%;height: 65px\">\u00a0 \u00a0 \u00a0 \u00a0 \u00a0 \u00a0 \u00a0 konzulens<\/td>\n<\/tr>\n<tr style=\"height: 33px\">\n<td style=\"width: 39.2509%;height: 33px\" width=\"139\"><span style=\"color: #000000\">Danielle Levi<\/span><\/td>\n<td style=\"width: 38.3581%;height: 33px\" width=\"116\"><span style=\"color: #000000\">Dr. Palkovics D\u00e1niel<\/span><\/td>\n<\/tr>\n<tr style=\"height: 33px\">\n<td style=\"width: 39.2509%;height: 33px\"><span style=\"color: #000000\">Karan Mahmodi Kotnaiei<\/span><\/td>\n<td style=\"width: 38.3581%;height: 33px\"><span style=\"color: #000000\">Prof. Gera Istv\u00e1n<\/span><\/td>\n<\/tr>\n<tr style=\"height: 33px\">\n<td style=\"width: 39.2509%;height: 33px\"><span style=\"color: #000000\">Parinaz Pouladtan<\/span><\/td>\n<td style=\"width: 38.3581%;height: 33px\"><span style=\"color: #000000\">Dr. Nagy P\u00e1l<\/span><\/td>\n<\/tr>\n<tr style=\"height: 33px\">\n<td style=\"width: 39.2509%;height: 33px\">Kl\u00e9h Gy\u00f6rk<\/td>\n<td style=\"width: 38.3581%;height: 33px\"><span style=\"color: #000000\">Dr. Nagy P\u00e1l<\/span><\/td>\n<\/tr>\n<tr style=\"height: 33px\">\n<td style=\"width: 39.2509%;height: 27px\"><span style=\"color: #000000\">Somodi Krist\u00f3f<\/span><\/td>\n<td style=\"width: 38.3581%;height: 27px\"><span style=\"color: #000000\">Dr. Palkovics D\u00e1niel<\/span><\/td>\n<\/tr>\n<tr style=\"height: 33px\">\n<td style=\"width: 39.2509%;height: 33px\"><span style=\"color: #000000\">Veress Fanni<\/span><\/td>\n<td style=\"width: 38.3581%;height: 33px\"><span style=\"color: #000000\">Dr. Moln\u00e1r B\u00e1lint<\/span><\/td>\n<\/tr>\n<tr style=\"height: 33px\">\n<td style=\"width: 39.2509%;height: 33px\"><span style=\"color: #000000\">Weninger Krist\u00f3f<\/span><\/td>\n<td style=\"width: 38.3581%;height: 33px\"><span style=\"color: #000000\">Dr. Moln\u00e1r B\u00e1lint<\/span><\/td>\n<\/tr>\n<tr style=\"height: 33px\">\n<td style=\"width: 39.2509%;height: 33px\"><span style=\"color: #000000\">Zimmerer Kitti<\/span><\/td>\n<td style=\"width: 38.3581%;height: 33px\"><span style=\"color: #000000\">Dr. Moln\u00e1r B\u00e1lint<\/span><\/td>\n<\/tr>\n<\/tbody>\n<\/table>\n<p>&nbsp;<\/p>\n<p>&nbsp;<\/p>\n<p>&nbsp;<\/p>\n<p style=\"text-align: center\"><strong><span style=\"font-size: 18pt\">2021<\/span><\/strong><\/p>\n<p style=\"text-align: center\">V\u00e9d\u00e9s napjai:<\/p>\n<p style=\"text-align: center\">2021. \u00e1prilis 8. (<span style=\"color: #ff0000\">8:00 \u00f3ra<\/span>)<\/p>\n<table class=\" aligncenter\" style=\"width: 55.9723%;height: 395px\" width=\"346\">\n<tbody>\n<tr style=\"height: 61px\">\n<td style=\"text-align: center;width: 47.7612%;height: 61px\" width=\"139\">n\u00e9v<\/td>\n<td style=\"text-align: center;width: 33.4983%;height: 61px\" width=\"116\">konzulens<\/td>\n<td style=\"text-align: center;width: 55.9306%;height: 61px\" width=\"91\">v\u00e9d\u00e9s id\u0151pontja<\/td>\n<\/tr>\n<tr style=\"height: 31px\">\n<td style=\"text-align: center;width: 47.7612%;height: 31px\">Marc H\u0151ner<\/td>\n<td style=\"text-align: center;width: 33.4983%;height: 31px\">Prof. D\u0151ri<\/td>\n<td style=\"text-align: center;width: 55.9306%;height: 31px\">\u00e1prilis 8.<\/td>\n<\/tr>\n<tr style=\"height: 31px\">\n<td style=\"text-align: center;width: 47.7612%;height: 31px\">Sven H\u0151ner<\/td>\n<td style=\"text-align: center;width: 33.4983%;height: 31px\">Prof. D\u0151ri<\/td>\n<td style=\"text-align: center;width: 55.9306%;height: 31px\">\u00e1prilis 8.<\/td>\n<\/tr>\n<tr style=\"height: 31px\">\n<td style=\"text-align: center;width: 47.7612%;height: 31px\">Jessica Khoury<\/td>\n<td style=\"text-align: center;width: 33.4983%;height: 31px\">Prof. Gera<\/td>\n<td style=\"text-align: center;width: 55.9306%;height: 31px\">\u00e1prilis 8.<\/td>\n<\/tr>\n<tr style=\"height: 31px\">\n<td style=\"width: 47.7612%;height: 31px;text-align: center\">Sebastian Herdt<\/td>\n<td style=\"width: 33.4983%;height: 31px;text-align: center\">Prof. Windisch<\/td>\n<td style=\"width: 55.9306%;height: 31px;text-align: center\">\u00e1prilis 8.<\/td>\n<\/tr>\n<tr style=\"height: 31px\">\n<td style=\"text-align: center;width: 47.7612%;height: 31px\">Tukora Vivien<\/td>\n<td style=\"text-align: center;width: 33.4983%;height: 31px\">Prof. Gera<\/td>\n<td style=\"text-align: center;width: 55.9306%;height: 31px\">\u00e1prilis 8.<\/td>\n<\/tr>\n<tr style=\"height: 31px\">\n<td style=\"text-align: center;width: 47.7612%;height: 31px\">Moln\u00e1r Vikt\u00f3ria<\/td>\n<td style=\"text-align: center;width: 33.4983%;height: 31px\">Prof. Gera<\/td>\n<td style=\"text-align: center;width: 55.9306%;height: 31px\">\u00e1prilis 8.<\/td>\n<\/tr>\n<tr style=\"height: 31px\">\n<td style=\"text-align: center;width: 47.7612%;height: 31px\">K\u0151r\u00f6si Afrodit\u00e9<\/td>\n<td style=\"text-align: center;width: 33.4983%;height: 31px\">Prof. D\u0151ri<\/td>\n<td style=\"text-align: center;width: 55.9306%;height: 31px\">\u00e1prilis 8.<\/td>\n<\/tr>\n<\/tbody>\n<\/table>\n<p>&nbsp;<\/p>\n<p style=\"text-align: center\">2021. \u00e1prilis 15. (<span style=\"color: #ff0000\">08:00 \u00f3ra<\/span>)<\/p>\n<table class=\" aligncenter\" style=\"width: 45.9133%;height: 378px\" width=\"43.3652%\">\n<tbody>\n<tr style=\"height: 33px\">\n<td style=\"width: 39.2509%;height: 33px\" width=\"139\">Masood FANI<\/td>\n<td style=\"width: 30.8312%;height: 33px\" width=\"116\">Prof. Gera<\/td>\n<td style=\"width: 56.7277%;height: 33px\" width=\"91\">\u00e1prilis 15.<\/td>\n<\/tr>\n<tr style=\"height: 33px\">\n<td style=\"width: 39.2509%;height: 33px\">Zouikri Ahmed Rami<\/td>\n<td style=\"width: 30.8312%;height: 33px\">Prof. Windisch<\/td>\n<td style=\"width: 56.7277%;height: 33px\">\u00e1prilis 15.<\/td>\n<\/tr>\n<tr style=\"height: 33px\">\n<td style=\"width: 39.2509%;height: 33px\">Soroush Kargahi<\/td>\n<td style=\"width: 30.8312%;height: 33px\">Prof. D\u0151ri<\/td>\n<td style=\"width: 56.7277%;height: 33px\">\u00e1prilis 15.<\/td>\n<\/tr>\n<tr style=\"height: 33px\">\n<td style=\"width: 39.2509%;height: 33px\">Szekeres Liza<\/td>\n<td style=\"width: 30.8312%;height: 33px\">Dr. Nagy<\/td>\n<td style=\"width: 56.7277%;height: 33px\">\u00e1prilis 15.<\/td>\n<\/tr>\n<tr style=\"height: 33px\">\n<td style=\"width: 39.2509%;height: 33px\">B\u00f3na Judit<\/td>\n<td style=\"width: 30.8312%;height: 33px\">Dr. Csif\u00f3-Nagy<\/td>\n<td style=\"width: 56.7277%;height: 33px\">\u00e1prilis 15.<\/td>\n<\/tr>\n<tr style=\"height: 33px\">\n<td style=\"width: 39.2509%;height: 33px\">Ter\u00e9ki D\u00e1niel<\/td>\n<td style=\"width: 30.8312%;height: 33px\">Prof. Windisch<\/td>\n<td style=\"width: 56.7277%;height: 33px\">\u00e1prilis 15.<\/td>\n<\/tr>\n<\/tbody>\n<\/table>\n<p style=\"text-align: center\">Helysz\u00edn: OC 4. emelet Sallay-terem (426. szoba)<\/p>\n<p style=\"text-align: center\"><span style=\"color: #ff0000\"><strong>Pontos id\u0151beoszt\u00e1s a k\u00e9s\u0151bbiekben v\u00e1rhat\u00f3.<\/strong><\/span><\/p>\n<p style=\"text-align: center\"><span style=\"font-size: 18pt\"><strong>2020. m\u00e1rcius 26.<\/strong><\/span><\/p>\n<p>A szakdolgozatok v\u00e9d\u00e9se Zoomban t\u00f6rt\u00e9nik, a hallgat\u00f3k levelet fognak kapni a tennival\u00f3kr\u00f3l \u00e9s a hozz\u00e1f\u00e9r\u00e9sr\u0151l. A r\u00f6vid prezent\u00e1ci\u00f3 ugyan\u00fagy sz\u00fcks\u00e9ges.<\/p>\n<p style=\"text-align: center\"><span style=\"font-size: 18pt\"><strong>2019. m\u00e1rcius 25.<\/strong><\/span><\/p>\n<p>(a hallgat\u00f3k v\u00e9d\u00e9si sorrendje m\u00e9g nem v\u00e9gleges!)<\/p>\n<p><strong>Prof. Windisch P\u00e9ter: Az implantol\u00f3gia mucogingivalis vonatkoz\u00e1sai \/ Gy\u00f3ni \u00c1ron<\/strong><\/p>\n<p><strong>Prof. Windisch P\u00e9ter: Alveolus prezerv\u00e1ci\u00f3 hat\u00e1sa a furk\u00e1ci\u00f3\u00e9rintett fogak parodont\u00e1lis regener\u00e1ci\u00f3j\u00e1ra \/ Haba N\u00e1ndor<\/strong><\/p>\n<p>Prof. Windisch P\u00e9ter: The clinical implication of Guided Tissue Regeneration (GTR) \u2013 <strong>Karen Gramstad<\/strong><\/p>\n<p><strong>Prof. Gera Istv\u00e1n: A fog\u00e1gybetegs\u00e9g \u00e9s a sziszt\u00e9m\u00e1s szervezeti betegs\u00e9gek kapcsolata \/ Szab\u00f3 Bianka<\/strong><\/p>\n<p>Prof. Gera Istv\u00e1n: The manifestation of systemic diseases on the gingiva and its relevance on the early diagnosis of systemic diseases \u2013 <strong>Anton Mishel Antun<\/strong><\/p>\n<p><strong>Dr. D\u0151ri Ferenc: Die biologische Rolle des thrombocytenreichen Fibrin in der parodontalen Wundheilung \/ Tobias Janson<\/strong><\/p>\n<p>Dr. Nagy P\u00e1l\u00a0\u00a0\u00a0\u00a0\u00a0\u00a0\u00a0\u00a0\u00a0\u00a0\u00a0\u00a0\u00a0\u00a0 Az orthodonciai fogmozgat\u00e1s hat\u00e1sa eg\u00e9szs\u00e9ges parodontium illetve parodontitisen \u00e1tesett p\u00e1ciensek eset\u00e9ben <strong>Hallgat\u00f3: M\u00e1rton T\u00edmea TDK-t\u00e9ma\u00a0 \u00a0 \u00a0<\/strong><\/p>\n<p>Dr. Moln\u00e1r B\u00e1lint: Soft tissue reconstruction techniques in implant dentistry \u2013 <strong>Georgiou Kyriallos<\/strong><\/p>\n<hr \/>\n<p style=\"text-align: center\"><span style=\"font-size: 18pt\"><strong>2018<\/strong><\/span><\/p>\n<p><strong><u>m\u00e1rcius 16., cs\u00fct\u00f6rt\u00f6k, 8.00<\/u><\/strong><\/p>\n<p>(a hallgat\u00f3k v\u00e9d\u00e9si sorrendje m\u00e9g nem v\u00e9gleges!)<\/p>\n<ul>\n<li><strong>Bartha Boldizs\u00e1r<\/strong>: Parodont\u00e1lis regener\u00e1ci\u00f3 kedvez\u0151tlen defektmorfol\u00f3gia eset\u00e9n &#8211;\u00a0Konzulens: Prof. Windisch P\u00e9ter<\/li>\n<li><strong>M. J. Crowley<\/strong>: Complex perioprosthodontic rehabilitation with improved white and pink esthetics\u00a0 &#8211;\u00a0Konzulens: Prof. Windisch P\u00e9ter<\/li>\n<li><strong>Kurucz Imola<\/strong>: A l\u00e1gy- \u00e9s kem\u00e9nysz\u00f6vet augment\u00e1ci\u00f3 szerepe parodont\u00e1lisan \u00e9rintett betegekn\u00e9l &#8211;\u00a0Konzulens: Prof. Windisch P\u00e9ter<\/li>\n<li><strong>Nardai Nikolett<\/strong>: Az ir\u00e1ny\u00edtott sz\u00f6vetregener\u00e1ci\u00f3s kutat\u00e1s t\u00f6rt\u00e9nete a kezdetekt\u0151l napjainkig\u00a0 &#8211;\u00a0Konzulens: Prof. Gera Istv\u00e1n<\/li>\n<li><strong>Mezei Dorottya<\/strong>: V\u00e9rlemezk\u00e9ben gazdag plazma parodontol\u00f3giai alkalmaz\u00e1s\u00e1nak hossz\u00fa t\u00e1v\u00fa eredm\u00e9nyei &#8211;\u00a0Konzulens: Dr. D\u0151ri Ferenc<\/li>\n<li><strong>Lemperger Szandra<\/strong>: Furk\u00e1ci\u00f3\u00e9rintett fogak rezekt\u00edv \u00e9s regenerat\u00edv seb\u00e9szi kezel\u00e9s\u00e9nek lehet\u0151s\u00e9gei &#8211;\u00a0Konzulens: Dr. Moln\u00e1r B\u00e1lint<\/li>\n<li><strong>Csatl\u00f3cki Laura<\/strong>: R\u00f3zsasz\u00edn \u00e9s feh\u00e9r eszt\u00e9tika harmonikus kialak\u00edt\u00e1sa, seb\u00e9szi \u00e9s restaurat\u00edv eszk\u00f6z\u00f6kkel &#8211;\u00a0Konzulens: Dr. Moln\u00e1r B\u00e1lint<\/li>\n<li><strong>Szab\u00f3 G\u00e1bor<\/strong>: A klinikai koronahossz m\u00f3dos\u00edt\u00e1s\u00e1nak lehet\u0151s\u00e9gei az eszt\u00e9tikus z\u00f3n\u00e1ban &#8211;\u00a0Konzulens: Dr. Moln\u00e1r B\u00e1lint<\/li>\n<li><strong>D\u00f6ng\u00f6l\u0151 Fl\u00f3ra<\/strong>: Parodont\u00e1lis regenerat\u00edv seb\u00e9szet \u00e9s az orthodontia kapcsolata az interdiszciplin\u00e1ris kezel\u00e9sbenl &#8211;\u00a0Konzulens: Dr. Nagy P\u00e1l<\/li>\n<\/ul>\n<p><strong><u> m\u00e1rcius 24., p\u00e9ntek, 8.00<\/u><\/strong><\/p>\n<p>(a hallgat\u00f3k v\u00e9d\u00e9si sorrendje m\u00e9g nem v\u00e9gleges!)<\/p>\n<ul>\n<li><strong>Yoonho Bae<\/strong>: Clinical evaluation of guided tissue regeneration &#8211;\u00a0Konzulens: Prof. Windisch P\u00e9ter<\/li>\n<li><strong>Sayeh Arab<\/strong>: The role of biological width around dental implants &#8211;\u00a0Konzulens: Prof. Windisch P\u00e9ter<\/li>\n<li><strong>Skiadopoulou Sofia<\/strong>: The aetiology and clinical management of gingival hyperplasia &#8211;\u00a0Konzulens: Prof. Gera Istv\u00e1n<\/li>\n<li><strong>Rohit Taheem<\/strong>: The history of mucogingival surgery to present days &#8211;\u00a0Konzulens: Prof. Gera Istv\u00e1n<\/li>\n<li><strong>Amir Arshami<\/strong>: Resective and regenerative surgical treatment modalities of teeth with furcation involvement &#8211;\u00a0Konzulens: Dr. Moln\u00e1r B\u00e1lint<\/li>\n<li><strong>Omid Arshami<\/strong>: Minimally invasive surgical techniques in periodontology &#8211;\u00a0Konzulens: Dr. Horv\u00e1th Attila<\/li>\n<li><strong>Nevelits Annam\u00e1ria<\/strong>: Nem k\u00e1rieszes cervik\u00e1lis l\u00e9zi\u00f3k kombin\u00e1lt seb\u00e9szi \u00e9s restaurat\u00edv ell\u00e1t\u00e1sa &#8211;\u00a0Konzulens: Dr. Horv\u00e1th Attila<\/li>\n<\/ul>\n","protected":false},"excerpt":{"rendered":"<p>&nbsp; 2025. \u00e1prilis 03. (8:00 \u00f3ra) Helysz\u00edn: OC 4. emelet Sallay-terem (426. szoba)\u00a0 \u00a0 \u00a0 \u00a0 \u00a0 \u00a0 \u00a0 \u00a0 \u00a0 \u00a0 \u00a0 \u00a0n\u00e9v \u00a0 \u00a0 \u00a0 \u00a0 \u00a0 \u00a0 \u00a0 konzulens Csete R\u00e9ka Korn\u00e9lia Dr. Nagy P\u00e1l Ellay Gutmacher Prof. Dr. Windisch P\u00e9ter Hsuan- Er Lo Dr. Moln\u00e1r B\u00e1lint Kazella Eszter Anna Dr. Dobos &hellip;<\/p>\n","protected":false},"author":356,"featured_media":0,"parent":420,"menu_order":1,"comment_status":"closed","ping_status":"closed","template":"","meta":{"_acf_changed":false,"footnotes":""},"categories":[],"tags":[],"class_list":["post-680","page","type-page","status-publish","hentry"],"acf":[],"_links":{"self":[{"href":"https:\/\/semmelweis.hu\/parodontologia\/wp-json\/wp\/v2\/pages\/680","targetHints":{"allow":["GET"]}}],"collection":[{"href":"https:\/\/semmelweis.hu\/parodontologia\/wp-json\/wp\/v2\/pages"}],"about":[{"href":"https:\/\/semmelweis.hu\/parodontologia\/wp-json\/wp\/v2\/types\/page"}],"author":[{"embeddable":true,"href":"https:\/\/semmelweis.hu\/parodontologia\/wp-json\/wp\/v2\/users\/356"}],"replies":[{"embeddable":true,"href":"https:\/\/semmelweis.hu\/parodontologia\/wp-json\/wp\/v2\/comments?post=680"}],"version-history":[{"count":13,"href":"https:\/\/semmelweis.hu\/parodontologia\/wp-json\/wp\/v2\/pages\/680\/revisions"}],"predecessor-version":[{"id":4822,"href":"https:\/\/semmelweis.hu\/parodontologia\/wp-json\/wp\/v2\/pages\/680\/revisions\/4822"}],"up":[{"embeddable":true,"href":"https:\/\/semmelweis.hu\/parodontologia\/wp-json\/wp\/v2\/pages\/420"}],"wp:attachment":[{"href":"https:\/\/semmelweis.hu\/parodontologia\/wp-json\/wp\/v2\/media?parent=680"}],"wp:term":[{"taxonomy":"category","embeddable":true,"href":"https:\/\/semmelweis.hu\/parodontologia\/wp-json\/wp\/v2\/categories?post=680"},{"taxonomy":"post_tag","embeddable":true,"href":"https:\/\/semmelweis.hu\/parodontologia\/wp-json\/wp\/v2\/tags?post=680"}],"curies":[{"name":"wp","href":"https:\/\/api.w.org\/{rel}","templated":true}]}}