{"id":607,"date":"2015-09-10T09:13:38","date_gmt":"2015-09-10T07:13:38","guid":{"rendered":"http:\/\/semmelweis.hu\/parodontologia\/?page_id=607"},"modified":"2020-12-05T19:27:35","modified_gmt":"2020-12-05T18:27:35","slug":"phd","status":"publish","type":"page","link":"https:\/\/semmelweis.hu\/parodontologia\/kutatas\/phd\/","title":{"rendered":"PhD"},"content":{"rendered":"<p>\u00dcdv\u00f6z\u00f6lj\u00fck jelenlegi \u00e9s leend\u0151 PhD-hallgat\u00f3inkat!<\/p>\n<p><a href=\"https:\/\/semmelweis.hu\/phd\/\" target=\"_blank\" rel=\"noopener noreferrer\">Egyetem\u00fcnk Doktori Iskol\u00e1j\u00e1nak honlapj\u00e1t ide kattintva tal\u00e1lj\u00e1k.\u00a0<\/a> <br \/>\nA felv\u00e9teli elj\u00e1r\u00e1sr\u00f3l, a k\u00e9pz\u00e9s menet\u00e9r\u0151l \u00e9s lez\u00e1r\u00e1s\u00e1r\u00f3l ezen a honlapon t\u00e1j\u00e9kozdhatnak.<\/p>\n<p><strong>Klinik\u00e1nk PhD-s Neptun felel\u0151se<\/strong>: dr. Dobos Andrea PhD-hallgat\u00f3, szakorvos<\/p>\n<p><strong>Klinik\u00e1nk PhD-t\u00e9mavezet\u0151i (nev\u00fckre kattintva doktori adatlapjukat tekintehtik meg:<\/strong><\/p>\n<p><a href=\"https:\/\/doktori.hu\/index.php?menuid=192&amp;lang=HU&amp;sz_ID=8953\" target=\"_blank\" rel=\"noopener noreferrer\">Prof. Windisch P\u00e9ter, egyetemi tan\u00e1r<\/a> <br \/>\n<a href=\"https:\/\/doktori.hu\/index.php?menuid=192&amp;lang=HU&amp;sz_ID=9342\" target=\"_blank\" rel=\"noopener noreferrer\">Prof. D\u0151ri Ferenc, egyetemi tan\u00e1r<\/a> <br \/>\n<a href=\"https:\/\/doktori.hu\/index.php?menuid=192&amp;lang=HU&amp;sz_ID=21135\" target=\"_blank\" rel=\"noopener noreferrer\">Dr. Moln\u00e1r B\u00e1lint, egyetemi docens<\/a> <br \/>\nDr. Horv\u00e1th Attila, egyetemi adjunktus<\/p>\n<p><strong>Meghirdetett PhD t\u00e9m\u00e1k:<\/strong><\/p>\n<p>Biol\u00f3giai medi\u00e1torok szerepe a parodont\u00e1lis regenerat\u00edv seb\u00e9szetben<\/p>\n<p>Ir\u00e1ny\u00edtott parodont\u00e1lis sz\u00f6vetregener\u00e1ci\u00f3<\/p>\n<p>A periimplantitis seb\u00e9szi kezel\u00e9s\u00e9nek \u00fajabb m\u00f3dszerei: az implant\u00e1tum-felsz\u00edn dekontamin\u00e1ci\u00f3ja l\u00e9zer seg\u00edts\u00e9g\u00e9vel<\/p>\n<p>Az ir\u00e1ny\u00edtott, fog k\u00f6r\u00fcli (parodont\u00e1lis) regener\u00e1ci\u00f3<\/p>\n","protected":false},"excerpt":{"rendered":"<p>\u00dcdv\u00f6z\u00f6lj\u00fck jelenlegi \u00e9s leend\u0151 PhD-hallgat\u00f3inkat! <a href=\"https:\/\/semmelweis.hu\/phd\/\" target=\"_blank\" rel=\"noopener noreferrer\">Egyetem\u00fcnk Doktori Iskol\u00e1j\u00e1nak honlapj\u00e1t ide kattintva tal\u00e1lj\u00e1k.\u00a0<\/a> A felv\u00e9teli elj\u00e1r\u00e1sr\u00f3l, a k\u00e9pz\u00e9s menet\u00e9r\u0151l \u00e9s lez\u00e1r\u00e1s\u00e1r\u00f3l ezen a honlapon t\u00e1j\u00e9kozdhatnak. Klinik\u00e1nk PhD-s Neptun felel\u0151se: dr. Dobos Andrea PhD-hallgat\u00f3, szakorvos Klinik\u00e1nk PhD-t\u00e9mavezet\u0151i (nev\u00fckre kattintva doktori adatlapjukat tekintehtik meg: <a href=\"https:\/\/doktori.hu\/index.php?menuid=192&amp;lang=HU&amp;sz_ID=8953\" target=\"_blank\" rel=\"noopener noreferrer\">Prof. Windisch P\u00e9ter, egyetemi tan\u00e1r<\/a> <a href=\"https:\/\/doktori.hu\/index.php?menuid=192&amp;lang=HU&amp;sz_ID=9342\" target=\"_blank\" rel=\"noopener noreferrer\">Prof. D\u0151ri Ferenc, egyetemi tan\u00e1r<\/a> <a href=\"https:\/\/doktori.hu\/index.php?menuid=192&amp;lang=HU&amp;sz_ID=21135\" target=\"_blank\" rel=\"noopener noreferrer\">Dr. Moln\u00e1r B\u00e1lint, egyetemi docens<\/a> Dr. Horv\u00e1th Attila, egyetemi adjunktus Meghirdetett PhD t\u00e9m\u00e1k: Biol\u00f3giai medi\u00e1torok szerepe a parodont\u00e1lis regenerat\u00edv seb\u00e9szetben Ir\u00e1ny\u00edtott parodont\u00e1lis sz\u00f6vetregener\u00e1ci\u00f3 A periimplantitis seb\u00e9szi &hellip;<\/p>\n","protected":false},"author":101509,"featured_media":0,"parent":2412,"menu_order":3,"comment_status":"closed","ping_status":"closed","template":"","meta":{"_acf_changed":false,"footnotes":""},"categories":[],"tags":[],"class_list":["post-607","page","type-page","status-publish","hentry"],"acf":[],"_links":{"self":[{"href":"https:\/\/semmelweis.hu\/parodontologia\/wp-json\/wp\/v2\/pages\/607","targetHints":{"allow":["GET"]}}],"collection":[{"href":"https:\/\/semmelweis.hu\/parodontologia\/wp-json\/wp\/v2\/pages"}],"about":[{"href":"https:\/\/semmelweis.hu\/parodontologia\/wp-json\/wp\/v2\/types\/page"}],"author":[{"embeddable":true,"href":"https:\/\/semmelweis.hu\/parodontologia\/wp-json\/wp\/v2\/users\/101509"}],"replies":[{"embeddable":true,"href":"https:\/\/semmelweis.hu\/parodontologia\/wp-json\/wp\/v2\/comments?post=607"}],"version-history":[{"count":11,"href":"https:\/\/semmelweis.hu\/parodontologia\/wp-json\/wp\/v2\/pages\/607\/revisions"}],"predecessor-version":[{"id":3456,"href":"https:\/\/semmelweis.hu\/parodontologia\/wp-json\/wp\/v2\/pages\/607\/revisions\/3456"}],"up":[{"embeddable":true,"href":"https:\/\/semmelweis.hu\/parodontologia\/wp-json\/wp\/v2\/pages\/2412"}],"wp:attachment":[{"href":"https:\/\/semmelweis.hu\/parodontologia\/wp-json\/wp\/v2\/media?parent=607"}],"wp:term":[{"taxonomy":"category","embeddable":true,"href":"https:\/\/semmelweis.hu\/parodontologia\/wp-json\/wp\/v2\/categories?post=607"},{"taxonomy":"post_tag","embeddable":true,"href":"https:\/\/semmelweis.hu\/parodontologia\/wp-json\/wp\/v2\/tags?post=607"}],"curies":[{"name":"wp","href":"https:\/\/api.w.org\/{rel}","templated":true}]}}