{"id":552,"date":"2015-05-05T11:41:54","date_gmt":"2015-05-05T09:41:54","guid":{"rendered":"http:\/\/semmelweis.hu\/parodontologia\/?page_id=552"},"modified":"2019-09-11T14:07:38","modified_gmt":"2019-09-11T12:07:38","slug":"elerhetoseg","status":"publish","type":"page","link":"https:\/\/semmelweis.hu\/parodontologia\/betegellatas\/elerhetoseg\/","title":{"rendered":"Megk\u00f6zel\u00edt\u00e9s"},"content":{"rendered":"<p>A Parodontol\u00f3giai Klinika a Semmelweis Egyetem Fogorvostudom\u00e1nyi Kar Oktat\u00e1si Centrum\u00e1nak 4. emelet\u00e9n tal\u00e1lhat\u00f3. C\u00edm\u00fcnk: 1088 Budapest Szentkir\u00e1lyi utca 47. Klinik\u00e1nk megk\u00f6zel\u00edthet\u0151 a 3-as \u00e9s 4-es metr\u00f3 K\u00e1lvin t\u00e9r vagy 3-as metr\u00f3 Corvin k\u00f6z meg\u00e1ll\u00f3j\u00e1t\u00f3l \u00e9s a 4-es, 6-os villamosok 32-esek tere nev\u0171 meg\u00e1ll\u00f3j\u00e1t\u00f3l gyalog, valamint a 9-es aut\u00f3busszal a Szentkir\u00e1lyi utca meg\u00e1ll\u00f3t\u00f3l. Felh\u00edvjuk kedves betegeink figyelm\u00e9t, hogy a betegfelv\u00e9tel minden alkalommal a F\u00d6LDSZINTI betegfelv\u00e9telen t\u00f6rt\u00e9nik (nem a 4. emeleten). <a href=\"https:\/\/semmelweis.hu\/parodontologia\/jarobeteg-szakrendelesek-ambulanciak\/\">B\u0151vebben a betegfelv\u00e9telr\u0151l.<\/a>\u00a0<\/p>\n\n<!-- iframe plugin v.4.9 wordpress.org\/plugins\/iframe\/ -->\n<iframe loading=\"lazy\" src=\"https:\/\/www.google.com\/maps\/embed?pb=!1m18!1m12!1m3!1d43145.54968211348!2d19.0487106816376!3d47.47828501715023!2m3!1f0!2f0!3f0!3m2!1i1024!2i768!4f13.1!3m3!1m2!1s0x4741dc5980bc4911%3A0xe69e73a11663d843!2sSemmelweis+Egyetem+Parodontol%C3%B3giai+Klinika!5e0!3m2!1sen!2shu!4v1430818502913\" width=\"600\" 0=\"height=&quot;450\" height=\"500\" scrolling=\"yes\" class=\"iframe-class\" frameborder=\"0\"><\/iframe>\n\n<p>A Klinika postac\u00edme 2016. janu\u00e1r 1-t\u0151l: 1428 Budapest, \u00dcll\u0151i \u00fat 26. Pf. 2.<\/p>\n<p>Friss\u00edtve: 2016. janu\u00e1r 6.<\/p>\n","protected":false},"excerpt":{"rendered":"<p>A Parodontol\u00f3giai Klinika a Semmelweis Egyetem Fogorvostudom\u00e1nyi Kar Oktat\u00e1si Centrum\u00e1nak 4. emelet\u00e9n tal\u00e1lhat\u00f3. C\u00edm\u00fcnk: 1088 Budapest Szentkir\u00e1lyi utca 47. Klinik\u00e1nk megk\u00f6zel\u00edthet\u0151 a 3-as \u00e9s 4-es metr\u00f3 K\u00e1lvin t\u00e9r vagy 3-as metr\u00f3 Corvin k\u00f6z meg\u00e1ll\u00f3j\u00e1t\u00f3l \u00e9s a 4-es, 6-os villamosok 32-esek tere nev\u0171 meg\u00e1ll\u00f3j\u00e1t\u00f3l gyalog, valamint a 9-es aut\u00f3busszal a Szentkir\u00e1lyi utca meg\u00e1ll\u00f3t\u00f3l. Felh\u00edvjuk kedves betegeink &hellip;<\/p>\n","protected":false},"author":356,"featured_media":0,"parent":2089,"menu_order":1,"comment_status":"open","ping_status":"closed","template":"","meta":{"_acf_changed":false,"footnotes":""},"categories":[],"tags":[],"class_list":["post-552","page","type-page","status-publish","hentry"],"acf":[],"_links":{"self":[{"href":"https:\/\/semmelweis.hu\/parodontologia\/wp-json\/wp\/v2\/pages\/552","targetHints":{"allow":["GET"]}}],"collection":[{"href":"https:\/\/semmelweis.hu\/parodontologia\/wp-json\/wp\/v2\/pages"}],"about":[{"href":"https:\/\/semmelweis.hu\/parodontologia\/wp-json\/wp\/v2\/types\/page"}],"author":[{"embeddable":true,"href":"https:\/\/semmelweis.hu\/parodontologia\/wp-json\/wp\/v2\/users\/356"}],"replies":[{"embeddable":true,"href":"https:\/\/semmelweis.hu\/parodontologia\/wp-json\/wp\/v2\/comments?post=552"}],"version-history":[{"count":10,"href":"https:\/\/semmelweis.hu\/parodontologia\/wp-json\/wp\/v2\/pages\/552\/revisions"}],"predecessor-version":[{"id":2093,"href":"https:\/\/semmelweis.hu\/parodontologia\/wp-json\/wp\/v2\/pages\/552\/revisions\/2093"}],"up":[{"embeddable":true,"href":"https:\/\/semmelweis.hu\/parodontologia\/wp-json\/wp\/v2\/pages\/2089"}],"wp:attachment":[{"href":"https:\/\/semmelweis.hu\/parodontologia\/wp-json\/wp\/v2\/media?parent=552"}],"wp:term":[{"taxonomy":"category","embeddable":true,"href":"https:\/\/semmelweis.hu\/parodontologia\/wp-json\/wp\/v2\/categories?post=552"},{"taxonomy":"post_tag","embeddable":true,"href":"https:\/\/semmelweis.hu\/parodontologia\/wp-json\/wp\/v2\/tags?post=552"}],"curies":[{"name":"wp","href":"https:\/\/api.w.org\/{rel}","templated":true}]}}