{"id":4835,"date":"2025-03-26T11:08:23","date_gmt":"2025-03-26T10:08:23","guid":{"rendered":"https:\/\/semmelweis.hu\/parodontologia\/?page_id=4835"},"modified":"2025-03-26T11:08:23","modified_gmt":"2025-03-26T10:08:23","slug":"thesen-fuer-parodontologie-abschlusspruefung","status":"publish","type":"page","link":"https:\/\/semmelweis.hu\/parodontologia\/de\/lehre-2\/5-studienjahr\/thesen-fuer-parodontologie-abschlusspruefung\/","title":{"rendered":"Thesen f\u00fcr Parodontologie- Abschlusspr\u00fcfung"},"content":{"rendered":"<p><strong>Thesen f\u00fcr Parodontologie<\/strong><\/p>\n<p>&nbsp;<\/p>\n<ul>\n<li>Das Parodont. Funktionelle Anatomie<br \/>\nGingivitis ulcerosa<\/li>\n<\/ul>\n<ul>\n<li>Das Parodont. Histologie<br \/>\nDifferentialdiagnose und Therapie der Gingivahyperplasien<\/li>\n<\/ul>\n<ul>\n<li>\u00c4tiologie der Parodontalerkrankungen<br \/>\nPrognose parodontaler Erkrankungen<\/li>\n<\/ul>\n<ul>\n<li>Parodontitis und ihre Therapie<br \/>\nRolle des Sulcus gingivalis in der Abwehr gegen Plaque<\/li>\n<\/ul>\n<ul>\n<li>Pathomechanismus des parodontalen Knochenabbaus<br \/>\nDiagnostik in der Parodontologie &#8211; klinische und radiologische Parameter<\/li>\n<\/ul>\n<ul>\n<li>Zahnstein. Parodontopathogene Bakterien. Plaquef\u00e4rburg<br \/>\nParodontalchirurgie (Offene K\u00fcrettage, Gingivektomie, Gingivoplastik)<\/li>\n<\/ul>\n<ul>\n<li>Die Rolle des Speichels und der Ern\u00e4hrung in der Abwehr gegen Plaque (Sekretorische IgA)<br \/>\nParodontalchirurgie (Lappenoperationen, vestibul\u00e4re Gingivaextension, EMD)<\/li>\n<\/ul>\n<ul>\n<li>Pathomechanismus und Histologie der Parodontalentz\u00fcndung<br \/>\nSchema einer umfassenden parodontalen Behandlung<\/li>\n<\/ul>\n<ul>\n<li>Gingivarezession und ihre chirurgische Korrektion<br \/>\nNeue und alte Klassifikation parodontaler Erkrankungen<\/li>\n<\/ul>\n<ul>\n<li>Professionelle Mundhygiene<br \/>\nParodontalabszess und ihre Therapie<\/li>\n<\/ul>\n<ul>\n<li>Komplexe Therapie der Gingivitis<br \/>\nEdlan \u2013 Mejchar Operation<\/li>\n<\/ul>\n<ul>\n<li>Die vier Typen der Immunreaktionen<br \/>\nParodontologische Richtlinien in der Prothetik<\/li>\n<\/ul>\n<ul>\n<li>Arten der Heilung von parodontalem Gewebe. Regenerationspotential verschiedener parodontaler Gewebe<br \/>\nAtrophia senilis, atrophia praecox (juvenile Gingivarezession)<\/li>\n<\/ul>\n<ul>\n<li>Kofaktoren der Parodontalerkrankungen<br \/>\nParodontale Knochenchirurgie<\/li>\n<\/ul>\n<ul>\n<li>Morphologie des Knochenabbaus<br \/>\nPr\u00e4ventive parodontale Operationen<\/li>\n<\/ul>\n<ul>\n<li>Furkationsbefall und komplexe Behandlungen<br \/>\nOstektomie, Knochentaschenk\u00fcrettage, Knochentransplantation<\/li>\n<\/ul>\n<ul>\n<li>Schmelz-Matrix Derivate in der Parodontalchirurgie<br \/>\nMethoden der Pr\u00e4vention<\/li>\n<\/ul>\n<ul>\n<li>Parodontologische Instrumente. Verbandsmaterialien. Die gute Zahnb\u00fcrste<br \/>\nGesteuerte Gewebsregeneration (GTR)<\/li>\n<\/ul>\n<ul>\n<li>Desquamative Gingivitis<br \/>\n\u201eMWF\u201d \u2013 Operation<\/li>\n<\/ul>\n<ul>\n<li>Rolle des okklusalen Traumas bei Parodontalerkrankungen<br \/>\nGrunds\u00e4tze der Parodontaltherapie<\/li>\n<\/ul>\n<ul>\n<li>M\u00f6gliche parodontologische Beschwerden bei Anamnese. Ursachen der Zahnlockerung und Zahnwanderung<br \/>\nBernimoulin Operation<\/li>\n<\/ul>\n<ul>\n<li>Keilexzision<br \/>\nParodontale Defekte und ihre chirurgische Therapie<\/li>\n<\/ul>\n<ul>\n<li>Akute Behandlungen in der Parodontologie<br \/>\nSchienung<\/li>\n<\/ul>\n<ul>\n<li>Biologische Mediatoren (GF\u2019s, PRP, PRG, PRF)<br \/>\nParodontalchirurgie (Apikal Verschobene Lappenoperation, ENAP, OFD)<\/li>\n<\/ul>\n<ul>\n<li>Die Rolle der unterst\u00fctzenden Nachsorgetherapie in der komplexen Parodontalbehandlung<br \/>\nZahn\u00e4rztliche Implantationsm\u00f6glichkeiten bei Parodontitispatienten<\/li>\n<\/ul>\n<p>&nbsp;<\/p>\n","protected":false},"excerpt":{"rendered":"<p>Thesen f\u00fcr Parodontologie &nbsp; Das Parodont. Funktionelle Anatomie Gingivitis ulcerosa Das Parodont. Histologie Differentialdiagnose und Therapie der Gingivahyperplasien \u00c4tiologie der Parodontalerkrankungen Prognose parodontaler Erkrankungen Parodontitis und ihre Therapie Rolle des Sulcus gingivalis in der Abwehr gegen Plaque Pathomechanismus des parodontalen Knochenabbaus Diagnostik in der Parodontologie &#8211; klinische und radiologische Parameter Zahnstein. Parodontopathogene Bakterien. Plaquef\u00e4rburg Parodontalchirurgie &hellip;<\/p>\n","protected":false},"author":102416,"featured_media":0,"parent":2453,"menu_order":1,"comment_status":"closed","ping_status":"closed","template":"","meta":{"_acf_changed":false,"footnotes":""},"categories":[],"tags":[],"class_list":["post-4835","page","type-page","status-publish","hentry"],"acf":[],"_links":{"self":[{"href":"https:\/\/semmelweis.hu\/parodontologia\/wp-json\/wp\/v2\/pages\/4835","targetHints":{"allow":["GET"]}}],"collection":[{"href":"https:\/\/semmelweis.hu\/parodontologia\/wp-json\/wp\/v2\/pages"}],"about":[{"href":"https:\/\/semmelweis.hu\/parodontologia\/wp-json\/wp\/v2\/types\/page"}],"author":[{"embeddable":true,"href":"https:\/\/semmelweis.hu\/parodontologia\/wp-json\/wp\/v2\/users\/102416"}],"replies":[{"embeddable":true,"href":"https:\/\/semmelweis.hu\/parodontologia\/wp-json\/wp\/v2\/comments?post=4835"}],"version-history":[{"count":1,"href":"https:\/\/semmelweis.hu\/parodontologia\/wp-json\/wp\/v2\/pages\/4835\/revisions"}],"predecessor-version":[{"id":4836,"href":"https:\/\/semmelweis.hu\/parodontologia\/wp-json\/wp\/v2\/pages\/4835\/revisions\/4836"}],"up":[{"embeddable":true,"href":"https:\/\/semmelweis.hu\/parodontologia\/wp-json\/wp\/v2\/pages\/2453"}],"wp:attachment":[{"href":"https:\/\/semmelweis.hu\/parodontologia\/wp-json\/wp\/v2\/media?parent=4835"}],"wp:term":[{"taxonomy":"category","embeddable":true,"href":"https:\/\/semmelweis.hu\/parodontologia\/wp-json\/wp\/v2\/categories?post=4835"},{"taxonomy":"post_tag","embeddable":true,"href":"https:\/\/semmelweis.hu\/parodontologia\/wp-json\/wp\/v2\/tags?post=4835"}],"curies":[{"name":"wp","href":"https:\/\/api.w.org\/{rel}","templated":true}]}}