{"id":481,"date":"2015-03-09T15:57:30","date_gmt":"2015-03-09T14:57:30","guid":{"rendered":"http:\/\/semmelweis.hu\/parodontologia\/?page_id=481"},"modified":"2023-11-22T12:38:09","modified_gmt":"2023-11-22T11:38:09","slug":"posztgradualis-kepzes","status":"publish","type":"page","link":"https:\/\/semmelweis.hu\/parodontologia\/oktatas\/posztgradualis-kepzes\/","title":{"rendered":"Posztgradu\u00e1lis k\u00e9pz\u00e9s"},"content":{"rendered":"<p><span style=\"color: #000000\">Tisztelt Szakorvosjel\u00f6ltek!<\/span><\/p>\n<p><span style=\"color: #000000\">A Parodontol\u00f3gia r\u00e9szvizsga 2023-ban is SZEM\u00c9LYES r\u00e9szv\u00e9tellel t\u00f6rt\u00e9nik Klinik\u00e1nkon (nem Zoomon). Helysz\u00edne a 4. emeleti Sallay-terem.\u00a0<\/span><\/p>\n<p><span style=\"color: #000000\">T\u00e1j\u00e9koztatjuk \u00d6n\u00f6ket, hogy az Or\u00e1lis medicina kiker\u00fclt a r\u00e9szvizsgak\u00f6teles tant\u00e1rgyak k\u00f6r\u00e9b\u0151l, \u00edgy \u00d6n\u00f6knek nem kell vizsg\u00e1t tenni\u00fck Or\u00e1lis medicin\u00e1b\u00f3l, csak Parodontol\u00f3gia t\u00e1rgyb\u00f3l. Ez a hat\u00e1rozat a 2018\/19-es tan\u00e9vt\u0151l \u00e9rv\u00e9nyes.<\/span><\/p>\n<p><em>A szakk\u00e9pz\u00e9s menet\u00e9r\u0151l \u00e9s a r\u00e9szvizsg\u00e1z\u00e1s rendj\u00e9r\u0151l, teh\u00e1t az \u00e1ltal\u00e1nos tudnival\u00f3kr\u00f3l\u00a0 a<a href=\"https:\/\/semmelweis.hu\/fok-tovabbkepzes\/\"> Szak-\u00e9s Tov\u00e1bbk\u00e9pz\u00e9s<\/a> honlapj\u00e1n t\u00e1j\u00e9koz\u00f3dhatnak. A r\u00e9szvizsga speci\u00e1lis k\u00f6vetelm\u00e9nyeit pedig az al\u00e1bbi dokumentumok tartalmazz\u00e1k. <\/em><\/p>\n<p><em>\u00a0A pontos \u00e9s az al\u00e1bbiak szerinti felk\u00e9sz\u00fclts\u00e9g a Klinik\u00e1nkon elengedhetetlen a sikeres vizsg\u00e1hoz.<\/em><\/p>\n<p><a href=\"https:\/\/semmelweis.hu\/parodontologia\/files\/2015\/03\/Parodontol\u00f3gia-r\u00e9szvizsga-esetbemutat\u00e1s-minta.pdf\">Rezidens r\u00e9szvizsga bemutat\u00f3 ppt <\/a>(a linkre kattintva ppt form\u00e1tumban let\u00f6lthet\u0151)<\/p>\n<div class=\"exp-col-content-holder\">\n<div class=\"exp-col-content-holder\"><a class=\"expand-cnt-link\" href=\"https:\/\/semmelweis.hu\/parodontologia\/files\/2019\/03\/Rezidens-r\u00e9szvizsga-k\u00f6vetelm\u00e9nyek-Parodontol\u00f3gia.docx\">Rezidens r\u00e9szvizsga k\u00f6vetelm\u00e9nyek Parodontol\u00f3gia<\/a><\/p>\n<div class=\"hidden-content\">\n<p><strong>Parodontol\u00f3gia rezidens r\u00e9szvizsga k\u00f6vetelm\u00e9nyrendszer<\/strong><\/p>\n<p>A\u00a0 vizsg\u00e1ra a Szak- \u00e9s Tov\u00e1bbk\u00e9pz\u00e9si Titk\u00e1rs\u00e1g szab\u00e1lyrendszere alapj\u00e1n lehet jelentkezni.<\/p>\n<p>A vizsg\u00e1n 3 esetbemutat\u00e1s sz\u00fcks\u00e9ges. A bevezet\u0151 di\u00e1n szerepelnie kell az eset megnevez\u00e9s\u00e9nek (pl. chronicus parodontitis ell\u00e1t\u00e1sa), a vizsg\u00e1z\u00f3 nev\u00e9nek, tutor\u00e1nak, illetve mentor\u00e1nak. A bemutatott esetekr\u0151l m\u00e1solatot k\u00e9sz\u00edt\u00fcnk. Ha egy vizsg\u00e1z\u00f3 egy nem \u00e1ltala kezelt \/ kor\u00e1bban m\u00e1r bemutatott esetet prezent\u00e1l, \u00fagy a vizsg\u00e1n el\u00e9gtelen oszt\u00e1lyzatot kap.<\/p>\n<p><strong>Parodontol\u00f3gia:<\/strong><\/p>\n<p>A h\u00e1rom eset k\u00f6z\u00fcl legal\u00e1bb az egyiknek a r\u00f6gz\u00edt\u0151appar\u00e1tus betegs\u00e9g\u00e9t bemutat\u00f3 prezent\u00e1ci\u00f3nak kell lennie (pl. chronicus parodontitis)<\/p>\n<ul>\n<li>Gingiv\u00e1t \u00e9rint\u0151 betegs\u00e9gek bemutat\u00e1s\u00e1nak minim\u00e1lis k\u00f6vetelm\u00e9nye: a p\u00e1ciens \u00e1ltal\u00e1nos- \u00e9s fog\u00e1szati anamn\u00e9zise, kiindul\u00e1si fot\u00f3k, BPE index, panor\u00e1ma r\u00f6ntgenfelv\u00e9tel (sz\u00fcks\u00e9g eset\u00e9n), diagn\u00f3zis, kiindul\u00e1si PI \u00e9s GI, ter\u00e1pia, ter\u00e1pi\u00e1t k\u00f6vet\u0151 PI \u00e9s GI, plakkfest\u00e9st bemutat\u00f3 fot\u00f3, gy\u00f3gyul\u00e1st k\u00f6vet\u0151 \u00e1llapotot r\u00f6gz\u00edt\u0151 fot\u00f3.<\/li>\n<li>R\u00f6gz\u00edt\u0151appar\u00e1tus betegs\u00e9geit bemutat\u00f3 prezent\u00e1ci\u00f3 minim\u00e1lis k\u00f6vetelm\u00e9nye: a p\u00e1ciens \u00e1ltal\u00e1nos- \u00e9s fog\u00e1szati anamn\u00e9zise, kiindul\u00e1si fot\u00f3k, BPE index, panor\u00e1ma r\u00f6ntgenfelv\u00e9tel , radiol\u00f3giai parodont\u00e1lis st\u00e1tusz, diagn\u00f3zis, kiindul\u00e1si PI \u00e9s GI, szupra- \u00e9s szubgingiv\u00e1lis depur\u00e1l\u00e1st k\u00f6vet\u0151 parodont\u00e1lis st\u00e1tusz (aj\u00e1nljuk a Bern-i egyetem \u00e1ltal kifejlesztett online form\u00e1tumot: <a href=\"http:\/\/www.periodontalchart-online.com\/hu\/\">http:\/\/www.periodontalchart-online.com\/hu\/<\/a>) \u00e9s a plakkfest\u00e9st bemutat\u00f3 fot\u00f3, tov\u00e1bbi sz\u00fcks\u00e9ges beavatkoz\u00e1sok, konzervat\u00edv ter\u00e1pi\u00e1t k\u00f6vet\u0151 PI \u00e9s GI, konzervat\u00edv ter\u00e1pi\u00e1t k\u00f6vet\u0151 \u00e1llapotot r\u00f6gz\u00edt\u0151 fot\u00f3. Amennyiben a p\u00e1ciensnek seb\u00e9szi ter\u00e1pi\u00e1ra lenne sz\u00fcks\u00e9ges, \u00fagy a vizsg\u00e1ztat\u00f3k a m\u0171t\u00e9tek elm\u00e9leti h\u00e1tter\u00e9nek alapos ismeret\u00e9t elv\u00e1rj\u00e1k.<\/li>\n<\/ul>\n<hr \/>\n<p>SZAKVIZSG\u00c1Z\u00d3KNAK:<\/p><\/div>\n<div class=\"hidden-content\">\u00a0<\/div>\n<\/div>\n<div class=\"exp-col-content-holder\"><a class=\"expand-cnt-link\" href=\"#\">Parodontol\u00f3gia szakvizsga-t\u00e9telsor<\/a><\/p>\n<div class=\"hidden-content\">\n<p style=\"text-align: center\"><strong>S z a k v i z s g a\u00a0 t \u00e9 t e l s o r<\/strong><\/p>\n<ol>\n<li>A fog\u00e1gy makroszk\u00f3pos anat\u00f3mi\u00e1ja, a sz\u00f6vet mikroszk\u00f3pos fel\u00e9p\u00edt\u00e9se \u00e9s elektronmikroszk\u00f3pos strukt\u00far\u00e1ja<\/li>\n<li>Az \u00e9p fog\u00e1gy fiziol\u00f3gi\u00e1ja \u00e9s annak v\u00e1ltoz\u00e1sai<\/li>\n<li>A fog\u00e1gybetegs\u00e9g epidemiol\u00f3gi\u00e1ja<\/li>\n<li>A fog\u00e1gybetegs\u00e9g etiol\u00f3gi\u00e1j\u00e1t; a bakteriol\u00f3giai k\u00f3roki t\u00e9nyez\u0151k<\/li>\n<li>Parodontopatog\u00e9n mikroorganizmusok virulencia mechanizmusai \u00e9s virulencia faktorai<\/li>\n<li>Parodontopatog\u00e9n mikroorganizmusok koloniz\u00e1ci\u00f3ja, a plakk matur\u00e1ci\u00f3j\u00e1nak a folyamata, a fogk\u0151k\u00e9pz\u0151d\u00e9s mechanizmusa<\/li>\n<li>A fog\u00e1gybetegs\u00e9g kialakul\u00e1s\u00e1nak a pathomechanizmusa<\/li>\n<li>A fog\u00e1gybetegs\u00e9gben lezajl\u00f3 immunl\u00f3giai reakci\u00f3k, a fog\u00e1gybetegs\u00e9g kialakul\u00e1s\u00e1t befoly\u00e1sol\u00f3 genetikai t\u00e9nyez\u0151k<\/li>\n<li>A fog\u00e1gybetegs\u00e9g hat\u00e1sa a szervezetre. Fog\u00e1gybetegs\u00e9g mint g\u00f3c.<\/li>\n<li>\u00c1ltal\u00e1nos szervrendszeri betegs\u00e9gek hat\u00e1sa a fog\u00e1gybetegs\u00e9gre (haematol\u00f3gia, b\u0151rbetegs\u00e9gek, AIDS etc\u2026)<\/li>\n<li>Lok\u00e1lis t\u00e9nyez\u0151k szerepe az \u00ednygyullad\u00e1s \u00e9s a fog\u00e1gybetegs\u00e9g kialakul\u00e1s\u00e1ban<\/li>\n<li>Okkluz\u00e1lis er\u0151k hat\u00e1sa a fog\u00e1gyra \u00e9s a fog\u00e1gybetegs\u00e9g lefoly\u00e1s\u00e1ra<\/li>\n<li>Gingiv\u00e1lis \u00e1llapotok \u00e9s betegs\u00e9gek klasszifik\u00e1ci\u00f3ja<\/li>\n<li>Az \u00ednymegnagyobbod\u00e1s k\u00fcl\u00f6nb\u00f6z\u0151 klinikai form\u00e1i, etiol\u00f3gi\u00e1ja \u00e9s ter\u00e1pi\u00e1ja<\/li>\n<li>A parodont\u00e1lis elv\u00e1ltoz\u00e1sok klasszifik\u00e1ci\u00f3ja<\/li>\n<li>A parodont\u00e1lis defektusok morfol\u00f3gi\u00e1ja. Kezel\u00e9si ir\u00e1nyelvek<\/li>\n<li>Az akut gingiv\u00e1lis \u00e9s parodont\u00e1lis k\u00f3rk\u00e9pek t\u00fcnetei, differenci\u00e1ldiagnosztik\u00e1ja \u00e9s ter\u00e1pi\u00e1ja<\/li>\n<li>A fog\u00e1gy klinikai \u00e9s radiol\u00f3giai vizsg\u00e1lati m\u00f3dszerei \u00e9s szerep\u00fck a diagn\u00f3zis fel\u00e1ll\u00edt\u00e1s\u00e1ban<\/li>\n<li>A fog\u00e1gybetegs\u00e9g prognosztikai t\u00e9nyez\u0151i<\/li>\n<li>Fog\u00e1gybetegs\u00e9g komplex kezel\u00e9s\u00e9nek tervez\u00e9se<\/li>\n<li>A betegek instru\u00e1l\u00e1sa \u00e9s motiv\u00e1l\u00e1sa. Professzion\u00e1lis, individu\u00e1lis sz\u00e1jhigi\u00e9ne kialak\u00edt\u00e1s\u00e1nak m\u00f3dszerei. Dent\u00e1l-higi\u00e9nikus feladatai \u00e9s jogos\u00edtv\u00e1nyai<\/li>\n<li>A parodont\u00e1lis m\u0171szerek fajt\u00e1i<\/li>\n<li>Konzervat\u00edv parodont\u00e1lis ter\u00e1pia: plakkretenci\u00f3s t\u00e9nyez\u0151k elimin\u00e1l\u00e1sa, z\u00e1rt k\u00fcret<\/li>\n<li>K\u00e9miai plakk-kontroll, az antibiotikumok adjuv\u00e1ns alkalmaz\u00e1s\u00e1nak indik\u00e1ci\u00f3ja, m\u00f3dszerei<\/li>\n<li>Kombin\u00e1lt parodontol\u00f3giai \u00e9s endodonciai ell\u00e1t\u00e1si m\u00f3dszerek indik\u00e1ci\u00f3ja \u00e9s v\u00e1rhat\u00f3 eredm\u00e9nyei<\/li>\n<li>Speci\u00e1lis betegek parodont\u00e1lis ell\u00e1t\u00e1sa (fert\u0151z\u0151 betegek, fogyat\u00e9kkal \u00e9l\u0151k, etc\u2026)<\/li>\n<li>Parodont\u00e1lis sebgy\u00f3gyul\u00e1s form\u00e1i (repar\u00e1ci\u00f3, regener\u00e1ci\u00f3)<\/li>\n<li>A parodont\u00e1lis seb\u00e9szi m\u00f3dszerek elm\u00e9leti alapjai<\/li>\n<li>A gingivektomia indik\u00e1ci\u00f3ja, technik\u00e1ja<\/li>\n<li>A rezekt\u00edv \u00e9s reparat\u00edv parodont\u00e1lis m\u0171t\u00e9ti technik\u00e1k<\/li>\n<li>A regenerat\u00edv parodont\u00e1lis m\u0171t\u00e9ti technik\u00e1k<\/li>\n<li>A furk\u00e1ci\u00f3 \u00e9rintetts\u00e9g\u00e9nek form\u00e1i, ter\u00e1pi\u00e1j\u00e1nak lehet\u0151s\u00e9gei<\/li>\n<li>Regenerat\u00edv parodont\u00e1lis regener\u00e1ci\u00f3 biol\u00f3giai h\u00e1ttere \u00e9s t\u00f6rt\u00e9nete<\/li>\n<li>Ir\u00e1ny\u00edtott sz\u00f6vetregener\u00e1ci\u00f3 (GTR)<\/li>\n<li>Zom\u00e1nc m\u00e1trix deriv\u00e1tumok alkalmaz\u00e1sa (EMD)<\/li>\n<li>Autol\u00f3g n\u00f6veked\u00e9si faktorok szerepe a parodont\u00e1lis gy\u00f3gyul\u00e1sban (PRP, PRG, PRF)<\/li>\n<li>A mukogingiv\u00e1lis seb\u00e9szeti (parodont\u00e1lis rekonstrukt\u00edv eszt\u00e9tikai seb\u00e9szet) m\u00f3dszerek indik\u00e1ci\u00f3i, eszk\u00f6zei, technik\u00e1i<\/li>\n<li>Vesztibulum plasztik\u00e1k<\/li>\n<li>\u00cdnyrecesszi\u00f3 kezel\u00e9s\u00e9nek seb\u00e9szi lehet\u0151s\u00e9gei<\/li>\n<li>Kezelt parodont\u00e1lis p\u00e1ciensek implantol\u00f3giai rehabilit\u00e1ci\u00f3j\u00e1nak tervez\u00e9se<\/li>\n<li>Alveol\u00e1ris gerinc meg\u0151rz\u00e9s\u00e9t c\u00e9lz\u00f3 seb\u00e9szeti elj\u00e1r\u00e1sok<\/li>\n<li>Alveol\u00e1ris gerincaugment\u00e1ci\u00f3s beavatkoz\u00e1sok<\/li>\n<li>Enossze\u00e1lis implant\u00e1tumok alkalmaz\u00e1s\u00e1nak biol\u00f3giai h\u00e1ttere<\/li>\n<li>Enossze\u00e1lis implant\u00e1tumok t\u00edpusai, t\u00f6rt\u00e9neti \u00e1ttekint\u00e9s, el\u0151ny\u00f6k \u00e9s neh\u00e9zs\u00e9gek<\/li>\n<li>Enossze\u00e1lis implant\u00e1tumok seb\u00e9szi behelyez\u00e9s\u00e9nek l\u00e9p\u00e9sei, egy- \u00e9s k\u00e9tf\u00e1zis\u00fa m\u0171t\u00e9ti technika<\/li>\n<li>Enossze\u00e1lis implant\u00e1tumokra k\u00e9sz\u00fcl\u0151 protetikai munk\u00e1k elk\u00e9sz\u00edt\u00e9s\u00e9nek l\u00e9p\u00e9sei, a tervez\u00e9s parodont\u00e1lis szempontjai<\/li>\n<li>Peri-implant\u00e1ris l\u00e1gyr\u00e9szviszonyok helyre\u00e1ll\u00edt\u00e1sa \u00e9s jelent\u0151s\u00e9ge<\/li>\n<li>A peri-implant mucositis, peri-implantitis klinikai \u00e9s radiol\u00f3giai jellemz\u0151i, kezel\u00e9si lehet\u0151s\u00e9gei<\/li>\n<li>Orthodonciai kezel\u00e9si lehet\u0151s\u00e9gek fog\u00e1gybetegs\u00e9gek komplex ell\u00e1t\u00e1s\u00e1ban<\/li>\n<li>A parodont\u00e1lis fenntart\u00f3 kezel\u00e9s, gondoz\u00e1s jelent\u0151s\u00e9ge<\/li>\n<\/ol>\n<\/div>\n<\/div>\n<p>Let\u00f6lt\u00e9s f\u00e1jlk\u00e9nt kattint\u00e1sra:<\/p><\/div>\n<p><a href=\"https:\/\/semmelweis.hu\/parodontologia\/files\/2019\/03\/Rezidens-r\u00e9szvizsga-k\u00f6vetelm\u00e9nyek-Parodontol\u00f3gia.docx\" target=\"_blank\" rel=\"noopener noreferrer\">Rezidens r\u00e9szvizsga k\u00f6vetelm\u00e9nyek Parodontol\u00f3gia<\/a><\/p>\n<p><a href=\"https:\/\/semmelweis.hu\/parodontologia\/files\/2015\/03\/Parodontol\u00f3gia-r\u00e9szvizsga-esetbemutat\u00e1s-minta.pdf\">Rezidens r\u00e9szvizsga bemutat\u00f3 ppt<\/a><\/p>\n<p>&nbsp;<\/p>\n<p>&nbsp;<\/p>\n<p>&nbsp;<\/p>\n<p>&nbsp;<\/p>\n<p><strong><em>\u00a0<\/em><\/strong><\/p>\n<p>&nbsp;<\/p>\n<p>&nbsp;<\/p>\n<p>&nbsp;<\/p>\n<p>&nbsp;<\/p>\n<p>&nbsp;<\/p>\n","protected":false},"excerpt":{"rendered":"<p>Tisztelt Szakorvosjel\u00f6ltek! A Parodontol\u00f3gia r\u00e9szvizsga 2023-ban is SZEM\u00c9LYES r\u00e9szv\u00e9tellel t\u00f6rt\u00e9nik Klinik\u00e1nkon (nem Zoomon). Helysz\u00edne a 4. emeleti Sallay-terem.\u00a0 T\u00e1j\u00e9koztatjuk \u00d6n\u00f6ket, hogy az Or\u00e1lis medicina kiker\u00fclt a r\u00e9szvizsgak\u00f6teles tant\u00e1rgyak k\u00f6r\u00e9b\u0151l, \u00edgy \u00d6n\u00f6knek nem kell vizsg\u00e1t tenni\u00fck Or\u00e1lis medicin\u00e1b\u00f3l, csak Parodontol\u00f3gia t\u00e1rgyb\u00f3l. Ez a hat\u00e1rozat a 2018\/19-es tan\u00e9vt\u0151l \u00e9rv\u00e9nyes. A szakk\u00e9pz\u00e9s menet\u00e9r\u0151l \u00e9s a r\u00e9szvizsg\u00e1z\u00e1s rendj\u00e9r\u0151l, teh\u00e1t &hellip;<\/p>\n","protected":false},"author":101509,"featured_media":0,"parent":30,"menu_order":8,"comment_status":"closed","ping_status":"closed","template":"","meta":{"_acf_changed":false,"footnotes":""},"categories":[],"tags":[],"class_list":["post-481","page","type-page","status-publish","hentry"],"acf":[],"_links":{"self":[{"href":"https:\/\/semmelweis.hu\/parodontologia\/wp-json\/wp\/v2\/pages\/481","targetHints":{"allow":["GET"]}}],"collection":[{"href":"https:\/\/semmelweis.hu\/parodontologia\/wp-json\/wp\/v2\/pages"}],"about":[{"href":"https:\/\/semmelweis.hu\/parodontologia\/wp-json\/wp\/v2\/types\/page"}],"author":[{"embeddable":true,"href":"https:\/\/semmelweis.hu\/parodontologia\/wp-json\/wp\/v2\/users\/101509"}],"replies":[{"embeddable":true,"href":"https:\/\/semmelweis.hu\/parodontologia\/wp-json\/wp\/v2\/comments?post=481"}],"version-history":[{"count":12,"href":"https:\/\/semmelweis.hu\/parodontologia\/wp-json\/wp\/v2\/pages\/481\/revisions"}],"predecessor-version":[{"id":4517,"href":"https:\/\/semmelweis.hu\/parodontologia\/wp-json\/wp\/v2\/pages\/481\/revisions\/4517"}],"up":[{"embeddable":true,"href":"https:\/\/semmelweis.hu\/parodontologia\/wp-json\/wp\/v2\/pages\/30"}],"wp:attachment":[{"href":"https:\/\/semmelweis.hu\/parodontologia\/wp-json\/wp\/v2\/media?parent=481"}],"wp:term":[{"taxonomy":"category","embeddable":true,"href":"https:\/\/semmelweis.hu\/parodontologia\/wp-json\/wp\/v2\/categories?post=481"},{"taxonomy":"post_tag","embeddable":true,"href":"https:\/\/semmelweis.hu\/parodontologia\/wp-json\/wp\/v2\/tags?post=481"}],"curies":[{"name":"wp","href":"https:\/\/api.w.org\/{rel}","templated":true}]}}