{"id":451,"date":"2014-12-19T11:17:29","date_gmt":"2014-12-19T10:17:29","guid":{"rendered":"http:\/\/semmelweis.hu\/parodontologia\/?page_id=451"},"modified":"2025-09-17T09:33:04","modified_gmt":"2025-09-17T07:33:04","slug":"tantargyi-leirasok","status":"publish","type":"page","link":"https:\/\/semmelweis.hu\/parodontologia\/oktatas\/tantargyi-leirasok\/","title":{"rendered":"Tant\u00e1rgyi le\u00edr\u00e1sok"},"content":{"rendered":"<h3><span style=\"color: #ff00ff;font-size: 12pt\">A 2016\/17-es tan\u00e9vt\u0151l az 5. \u00e9vesek sz\u00e1m\u00e1ra az Or\u00e1lis medicina t\u00e1rgy oktat\u00e1sa \u00e1tker\u00fclt az Or\u00e1lis diagnosztika tansz\u00e9khez.<\/span><\/h3>\n<h3><strong style=\"color: #1e2326;font-family: 'PT serif', serif;font-size: 1rem\">Tant\u00e1rgyi felel\u0151s<\/strong><span style=\"color: #1e2326;font-family: 'PT serif', serif;font-size: 1rem;font-weight: 400\">:<\/span><span style=\"color: #1e2326;font-family: 'PT serif', serif;font-size: 1rem;font-weight: 400\">\u00a0<\/span><span style=\"font-family: 'PT serif', serif;font-size: 1rem;font-weight: 400;color: #000000\">Dr. Windisch P\u00e9ter egyetemi tan\u00e1r<\/p>\n<p><\/span><strong><u><br \/>\n<\/u><\/strong><\/h3>\n<hr \/>\n<h3 style=\"text-align: center\"><strong><u>PARODONTOL\u00d3GIA I. \u00e9s III. (\u0151szi f\u00e9l\u00e9v 2025) tant\u00e1rgyle\u00edr\u00e1sok<\/u><\/strong><\/h3>\n<p><a href=\"https:\/\/semmelweis.hu\/parodontologia\/files\/2025\/09\/Paro-Magyar-I.pdf\">Magyar PARODONTOL\u00d3GIA I.- 2025.<\/a><\/p>\n<p><a href=\"https:\/\/semmelweis.hu\/parodontologia\/files\/2025\/09\/Paro-Magyar-III.pdf\">Magyar PARODONTOL\u00d3GA III.- 2025.<\/a><\/p>\n<h3 style=\"text-align: center\"><span style=\"color: #000000\"><strong><u>PARODONTOL\u00d3GIA II. \u00e9s IV. (tavaszi f\u00e9l\u00e9v 2025)\u00a0<\/u><\/strong><\/span><\/h3>\n<p><a href=\"https:\/\/semmelweis.hu\/parodontologia\/files\/2025\/09\/Paro-Magyar-II.pdf\">Magyar PARODONTOL\u00d3GIA II.- 2025.<\/a><\/p>\n<p><a href=\"https:\/\/semmelweis.hu\/parodontologia\/files\/2025\/09\/Paro-Magyar-IV.pdf\">Magyar PARODONTOL\u00d3GIA IV.-\u00a0 2025.<\/a><\/p>\n<p>&nbsp;<\/p>\n<h3 style=\"text-align: center\"><strong><u>PARODONTOL\u00d3GIA I. \u00e9s III. (\u0151szi f\u00e9l\u00e9v 2024) tant\u00e1rgyle\u00edr\u00e1sok<\/u><\/strong><\/h3>\n<p><a href=\"https:\/\/semmelweis.hu\/parodontologia\/files\/2024\/09\/Magyar-PARODONTOLOGIA-I-2024-vatozas.pdf\">Magyar PARODONTOL\u00d3GIA I 2024<\/a><\/p>\n<p><a href=\"https:\/\/semmelweis.hu\/parodontologia\/files\/2024\/09\/Magyar-PARODONTOLOGIA-III-2024-valtozas.pdf\">Magyar PARODONTOL\u00d3GIA III 2024 <\/a><\/p>\n<h3 style=\"text-align: center\"><span style=\"color: #000000\"><strong><u>PARODONTOL\u00d3GIA II. \u00e9s IV (tavaszi f\u00e9l\u00e9v 2024)\u00a0<\/u><\/strong><\/span><\/h3>\n<p><a href=\"https:\/\/semmelweis.hu\/parodontologia\/files\/2024\/09\/Magyar-PARODONTOLOGIA-II-2024.pdf\">Magyar PARODONTOL\u00d3GIA II 2024<\/a><\/p>\n<p><a href=\"https:\/\/semmelweis.hu\/parodontologia\/files\/2024\/09\/Magyar-PARODONTOLOGIA-IV-2024.pdf\">Magyar PARODONTOL\u00d3GIA IV 2024<\/a><\/p>\n<hr \/>\n<h3 style=\"text-align: center\"><strong><u>PARODONTOL\u00d3GIA I. \u00e9s III. (\u0151szi f\u00e9l\u00e9v 2022) tant\u00e1rgyle\u00edr\u00e1sok<\/u><\/strong><\/h3>\n<p><a href=\"https:\/\/semmelweis.hu\/parodontologia\/files\/2022\/11\/Magyar-PARODONTOLOGIA-I-2022-osz-1.pdf\">Magyar PARODONTOL\u00d3GIA I 2022 \u0151sz<\/a><\/p>\n<p><a href=\"https:\/\/semmelweis.hu\/parodontologia\/files\/2022\/11\/Magyar-PARODONTOLOGIA-III-2022-1.pdf\">Magyar PARODONTOL\u00d3GIA III 2022<\/a><\/p>\n<hr \/>\n<h3 style=\"text-align: center\"><span style=\"color: #000000\"><strong><u>PARODONTOL\u00d3GIA II. \u00e9s IV (tavaszi f\u00e9l\u00e9v 2022) tant\u00e1rgyle\u00edr\u00e1sok (al\u00e1bb let\u00f6lthet\u0151)<\/u><\/strong><\/span><\/h3>\n<p><a href=\"https:\/\/semmelweis.hu\/parodontologia\/files\/2022\/11\/Magyar-PARODONTOLOGIA-II-2022.pdf\">Magyar PARODONTOL\u00d3GIA II 2022<\/a><\/p>\n<p><a href=\"https:\/\/semmelweis.hu\/parodontologia\/files\/2022\/11\/Magyar-PARODONTOLOGIAI-IV-2022.pdf\">Magyar PARODONTOL\u00d3GIAI IV 2022<\/a><\/p>\n<hr \/>\n<h3 style=\"text-align: center\"><strong><u>PARODONTOL\u00d3GIA I. \u00e9s III. (\u0151szi f\u00e9l\u00e9v 2021) tant\u00e1rgyle\u00edr\u00e1sok<\/u><\/strong><\/h3>\n<p><a href=\"https:\/\/semmelweis.hu\/parodontologia\/files\/2021\/10\/Magyar-PARODONTOL\u00d3GIA-I-2021-\u0151sz.pdf\">Parodontol\u00f3gia I. k\u00f6vetelm\u00e9nyrendszer 2021 <\/a><\/p>\n<p><a href=\"https:\/\/semmelweis.hu\/parodontologia\/files\/2021\/10\/Magyar-PARODONTOL\u00d3GIA-III-2021.pdf\">Parodontol\u00f3gia III. k\u00f6vetelm\u00e9nyrendszer 2021<\/a><\/p>\n<h3 style=\"text-align: center\"><span style=\"color: #000000\"><strong><u>PARODONTOL\u00d3GIA II. \u00e9s IV (tavaszi f\u00e9l\u00e9v 2021) tant\u00e1rgyle\u00edr\u00e1sok (al\u00e1bb let\u00f6lthet\u0151)<\/u><\/strong><\/span><\/h3>\n<p><a href=\"https:\/\/semmelweis.hu\/parodontologia\/files\/2021\/02\/Magyar-PARODONTOL\u00d3GIA-II-.pdf\" target=\"_blank\" rel=\"noopener noreferrer\">Parodontol\u00f3gia II. &#8211; K\u00f6vetelm\u00e9nyrendszer 2021<\/a><\/p>\n<p><a href=\"https:\/\/semmelweis.hu\/parodontologia\/files\/2021\/02\/Magyar-PARODONTOL\u00d3GIAI-IV-.pdf\" target=\"_blank\" rel=\"noopener noreferrer\">Parodontol\u00f3gia IV. K\u00f6vetelm\u00e9nyrendszer 2021<\/a><\/p>\n<p><a href=\"https:\/\/semmelweis.hu\/parodontologia\/oktatas\/v-evfolyam\/parodontologia-oralis-medicina-szigorlat\/\" target=\"_blank\" rel=\"noopener noreferrer\">Szigorlati t\u00e9telsor<\/a><\/p>\n<p>&nbsp;<\/p>\n<hr \/>\n<h3 style=\"text-align: center\"><strong><u>PARODONTOL\u00d3GIA II. \u00e9s IV (tavaszi f\u00e9l\u00e9v 2020) tant\u00e1rgyle\u00edr\u00e1sok (al\u00e1bb let\u00f6lthet\u0151)<\/u><\/strong><\/h3>\n<p><strong><a href=\"https:\/\/semmelweis.hu\/parodontologia\/files\/2020\/02\/Tant\u00e1rgyle\u00edr\u00e1sok-Kovetelmenyrendszer-PARO-II..pdf\">Tant\u00e1rgyle\u00edr\u00e1sok &#8211; Kovetelmenyrendszer PARO II.<\/a><\/strong><\/p>\n<p><strong><a href=\"https:\/\/semmelweis.hu\/parodontologia\/files\/2020\/02\/Tant\u00e1rgyle\u00edr\u00e1sok-Kovetelmenyrendszer-PARO-IV..pdf\">Tant\u00e1rgyle\u00edr\u00e1sok &#8211; Kovetelmenyrendszer PARO IV.<\/a><\/strong><\/p>\n<hr \/>\n<h3 style=\"text-align: center\"><strong><u>PARODONTOL\u00d3GIA I. \u00e9s III. (\u0151szi f\u00e9l\u00e9v 2018) tant\u00e1rgyle\u00edr\u00e1sok<\/u><\/strong><\/h3>\n<table style=\"border-collapse: collapse;width: 100%\" border=\"1\">\n<tbody>\n<tr>\n<td style=\"width: 100%;text-align: left\">Kattint\u00e1sra let\u00f6lthet\u0151!<\/td>\n<\/tr>\n<tr>\n<td style=\"width: 100%;text-align: left\">\u00a0<\/td>\n<\/tr>\n<tr>\n<td style=\"width: 100%;text-align: left\">\n<p><a href=\"https:\/\/semmelweis.hu\/parodontologia\/oktatas\/tantargyi-leirasok\/143_1m-paro-i\/\">Parodontol\u00f3gia I. kurzusk\u00f3d FOKOPDK 143_1M<\/a><\/p>\n<p><a href=\"https:\/\/semmelweis.hu\/parodontologia\/213_1m-paro-i\/\" target=\"_blank\" rel=\"noopener noreferrer\">Parodontol\u00f3gia I. kurzusk\u00f3d FOKOPDK 213_1M<\/a><\/p>\n<p><a href=\"https:\/\/semmelweis.hu\/parodontologia\/143_3m-paro-iii\/\" target=\"_blank\" rel=\"noopener noreferrer\">Parodontol\u00f3gia III.\u00a0FOKOPDK 143_3M<\/a><\/p>\n<p><a href=\"https:\/\/semmelweis.hu\/parodontologia\/213_3m-paro-iii\/\" target=\"_blank\" rel=\"noopener noreferrer\">Parodontol\u00f3gia III. kurzusk\u00f3d FOKOPDK 213_3M<\/a><\/p>\n<\/td>\n<\/tr>\n<\/tbody>\n<\/table>\n<p>&nbsp;<\/p>\n<p>&nbsp;<\/p>\n<p>&nbsp;<\/p>\n","protected":false},"excerpt":{"rendered":"<p>A 2016\/17-es tan\u00e9vt\u0151l az 5. \u00e9vesek sz\u00e1m\u00e1ra az Or\u00e1lis medicina t\u00e1rgy oktat\u00e1sa \u00e1tker\u00fclt az Or\u00e1lis diagnosztika tansz\u00e9khez. Tant\u00e1rgyi felel\u0151s:\u00a0Dr. Windisch P\u00e9ter egyetemi tan\u00e1r PARODONTOL\u00d3GIA I. \u00e9s III. (\u0151szi f\u00e9l\u00e9v 2025) tant\u00e1rgyle\u00edr\u00e1sok <a href=\"https:\/\/semmelweis.hu\/parodontologia\/files\/2025\/09\/Paro-Magyar-I.pdf\">Magyar PARODONTOL\u00d3GIA I.- 2025.<\/a> <a href=\"https:\/\/semmelweis.hu\/parodontologia\/files\/2025\/09\/Paro-Magyar-III.pdf\">Magyar PARODONTOL\u00d3GA III.- 2025.<\/a> PARODONTOL\u00d3GIA II. \u00e9s IV. (tavaszi f\u00e9l\u00e9v 2025)\u00a0 <a href=\"https:\/\/semmelweis.hu\/parodontologia\/files\/2025\/09\/Paro-Magyar-II.pdf\">Magyar PARODONTOL\u00d3GIA II.- 2025.<\/a> <a href=\"https:\/\/semmelweis.hu\/parodontologia\/files\/2025\/09\/Paro-Magyar-IV.pdf\">Magyar PARODONTOL\u00d3GIA IV.-\u00a0 2025.<\/a> &nbsp; PARODONTOL\u00d3GIA I. \u00e9s III. (\u0151szi f\u00e9l\u00e9v 2024) tant\u00e1rgyle\u00edr\u00e1sok <a href=\"https:\/\/semmelweis.hu\/parodontologia\/files\/2024\/09\/Magyar-PARODONTOLOGIA-I-2024-vatozas.pdf\">Magyar PARODONTOL\u00d3GIA I 2024<\/a> <a href=\"https:\/\/semmelweis.hu\/parodontologia\/files\/2024\/09\/Magyar-PARODONTOLOGIA-III-2024-valtozas.pdf\">Magyar PARODONTOL\u00d3GIA III 2024 <\/a> PARODONTOL\u00d3GIA II. \u00e9s IV (tavaszi f\u00e9l\u00e9v 2024)\u00a0 <a href=\"https:\/\/semmelweis.hu\/parodontologia\/files\/2024\/09\/Magyar-PARODONTOLOGIA-II-2024.pdf\">Magyar PARODONTOL\u00d3GIA II 2024<\/a> <a href=\"https:\/\/semmelweis.hu\/parodontologia\/files\/2024\/09\/Magyar-PARODONTOLOGIA-IV-2024.pdf\">Magyar PARODONTOL\u00d3GIA IV 2024<\/a> PARODONTOL\u00d3GIA &hellip;<\/p>\n","protected":false},"author":101509,"featured_media":0,"parent":30,"menu_order":1,"comment_status":"closed","ping_status":"closed","template":"","meta":{"_acf_changed":false,"footnotes":""},"categories":[],"tags":[],"class_list":["post-451","page","type-page","status-publish","hentry"],"acf":[],"_links":{"self":[{"href":"https:\/\/semmelweis.hu\/parodontologia\/wp-json\/wp\/v2\/pages\/451","targetHints":{"allow":["GET"]}}],"collection":[{"href":"https:\/\/semmelweis.hu\/parodontologia\/wp-json\/wp\/v2\/pages"}],"about":[{"href":"https:\/\/semmelweis.hu\/parodontologia\/wp-json\/wp\/v2\/types\/page"}],"author":[{"embeddable":true,"href":"https:\/\/semmelweis.hu\/parodontologia\/wp-json\/wp\/v2\/users\/101509"}],"replies":[{"embeddable":true,"href":"https:\/\/semmelweis.hu\/parodontologia\/wp-json\/wp\/v2\/comments?post=451"}],"version-history":[{"count":13,"href":"https:\/\/semmelweis.hu\/parodontologia\/wp-json\/wp\/v2\/pages\/451\/revisions"}],"predecessor-version":[{"id":4611,"href":"https:\/\/semmelweis.hu\/parodontologia\/wp-json\/wp\/v2\/pages\/451\/revisions\/4611"}],"up":[{"embeddable":true,"href":"https:\/\/semmelweis.hu\/parodontologia\/wp-json\/wp\/v2\/pages\/30"}],"wp:attachment":[{"href":"https:\/\/semmelweis.hu\/parodontologia\/wp-json\/wp\/v2\/media?parent=451"}],"wp:term":[{"taxonomy":"category","embeddable":true,"href":"https:\/\/semmelweis.hu\/parodontologia\/wp-json\/wp\/v2\/categories?post=451"},{"taxonomy":"post_tag","embeddable":true,"href":"https:\/\/semmelweis.hu\/parodontologia\/wp-json\/wp\/v2\/tags?post=451"}],"curies":[{"name":"wp","href":"https:\/\/api.w.org\/{rel}","templated":true}]}}