{"id":4483,"date":"2023-10-02T13:27:29","date_gmt":"2023-10-02T11:27:29","guid":{"rendered":"https:\/\/semmelweis.hu\/parodontologia\/?page_id=4483"},"modified":"2023-10-02T13:30:51","modified_gmt":"2023-10-02T11:30:51","slug":"adatvedelem","status":"publish","type":"page","link":"https:\/\/semmelweis.hu\/parodontologia\/a-klinikarol\/adatvedelem\/","title":{"rendered":"Adatv\u00e9delem"},"content":{"rendered":"<p>A Parodontol\u00f3giai Klinika adatkezel\u00e9si t\u00e1j\u00e9koztat\u00f3ja <a href=\"https:\/\/semmelweis.hu\/parodontologia\/files\/2023\/10\/Adatkezelesi-tajekoztato-SE-PARO-2023.pdf\">erre a linkre kattintva t\u00f6lthet\u0151 le.<\/a><\/p>\n<p><a href=\"https:\/\/semmelweis.hu\/parodontologia\/files\/2023\/10\/Adatkezelesi-nyilvantartas-SE-PARO-2023.xlsx\">Adatkezel\u00e9si nyilv\u00e1ntart\u00e1s<\/a><\/p>\n","protected":false},"excerpt":{"rendered":"<p>A Parodontol\u00f3giai Klinika adatkezel\u00e9si t\u00e1j\u00e9koztat\u00f3ja <a href=\"https:\/\/semmelweis.hu\/parodontologia\/files\/2023\/10\/Adatkezelesi-tajekoztato-SE-PARO-2023.pdf\">erre a linkre kattintva t\u00f6lthet\u0151 le.<\/a><br \/>\n<a href=\"https:\/\/semmelweis.hu\/parodontologia\/files\/2023\/10\/Adatkezelesi-nyilvantartas-SE-PARO-2023.xlsx\">Adatkezel\u00e9si nyilv\u00e1ntart\u00e1s<\/a><\/p>\n","protected":false},"author":101509,"featured_media":0,"parent":2408,"menu_order":4,"comment_status":"closed","ping_status":"closed","template":"","meta":{"_acf_changed":false,"footnotes":""},"categories":[],"tags":[],"class_list":["post-4483","page","type-page","status-publish","hentry"],"acf":[],"_links":{"self":[{"href":"https:\/\/semmelweis.hu\/parodontologia\/wp-json\/wp\/v2\/pages\/4483","targetHints":{"allow":["GET"]}}],"collection":[{"href":"https:\/\/semmelweis.hu\/parodontologia\/wp-json\/wp\/v2\/pages"}],"about":[{"href":"https:\/\/semmelweis.hu\/parodontologia\/wp-json\/wp\/v2\/types\/page"}],"author":[{"embeddable":true,"href":"https:\/\/semmelweis.hu\/parodontologia\/wp-json\/wp\/v2\/users\/101509"}],"replies":[{"embeddable":true,"href":"https:\/\/semmelweis.hu\/parodontologia\/wp-json\/wp\/v2\/comments?post=4483"}],"version-history":[{"count":6,"href":"https:\/\/semmelweis.hu\/parodontologia\/wp-json\/wp\/v2\/pages\/4483\/revisions"}],"predecessor-version":[{"id":4493,"href":"https:\/\/semmelweis.hu\/parodontologia\/wp-json\/wp\/v2\/pages\/4483\/revisions\/4493"}],"up":[{"embeddable":true,"href":"https:\/\/semmelweis.hu\/parodontologia\/wp-json\/wp\/v2\/pages\/2408"}],"wp:attachment":[{"href":"https:\/\/semmelweis.hu\/parodontologia\/wp-json\/wp\/v2\/media?parent=4483"}],"wp:term":[{"taxonomy":"category","embeddable":true,"href":"https:\/\/semmelweis.hu\/parodontologia\/wp-json\/wp\/v2\/categories?post=4483"},{"taxonomy":"post_tag","embeddable":true,"href":"https:\/\/semmelweis.hu\/parodontologia\/wp-json\/wp\/v2\/tags?post=4483"}],"curies":[{"name":"wp","href":"https:\/\/api.w.org\/{rel}","templated":true}]}}