{"id":4101,"date":"2022-09-06T10:12:26","date_gmt":"2022-09-06T08:12:26","guid":{"rendered":"https:\/\/semmelweis.hu\/parodontologia\/?page_id=4101"},"modified":"2022-11-04T08:45:28","modified_gmt":"2022-11-04T07:45:28","slug":"hazirend-betegtajekoztato-beleegyezo-nyilatozat","status":"publish","type":"page","link":"https:\/\/semmelweis.hu\/parodontologia\/betegellatas\/hazirend-betegtajekoztato-beleegyezo-nyilatozat\/","title":{"rendered":"H\u00e1zirend, betegt\u00e1j\u00e9koztat\u00f3, beleegyez\u0151 nyilatozat"},"content":{"rendered":"<p><a href=\"https:\/\/semmelweis.hu\/parodontologia\/files\/2022\/09\/Betegtajekoztato-PARODONTALIS-BEAVATKOZASHOZ-1-2.pdf\">Betegt\u00e1j\u00e9koztat\u00f3<\/a><\/p>\n<p><a href=\"https:\/\/semmelweis.hu\/parodontologia\/files\/2022\/11\/HAZIREND-Parodontologia.pdf\">H\u00e1zirend<\/a><\/p>\n","protected":false},"excerpt":{"rendered":"<p><a href=\"https:\/\/semmelweis.hu\/parodontologia\/files\/2022\/09\/Betegtajekoztato-PARODONTALIS-BEAVATKOZASHOZ-1-2.pdf\">Betegt\u00e1j\u00e9koztat\u00f3<\/a><br \/>\n<a href=\"https:\/\/semmelweis.hu\/parodontologia\/files\/2022\/11\/HAZIREND-Parodontologia.pdf\">H\u00e1zirend<\/a><\/p>\n","protected":false},"author":101509,"featured_media":0,"parent":2089,"menu_order":7,"comment_status":"closed","ping_status":"closed","template":"","meta":{"_acf_changed":false,"footnotes":""},"categories":[],"tags":[],"class_list":["post-4101","page","type-page","status-publish","hentry"],"acf":[],"_links":{"self":[{"href":"https:\/\/semmelweis.hu\/parodontologia\/wp-json\/wp\/v2\/pages\/4101","targetHints":{"allow":["GET"]}}],"collection":[{"href":"https:\/\/semmelweis.hu\/parodontologia\/wp-json\/wp\/v2\/pages"}],"about":[{"href":"https:\/\/semmelweis.hu\/parodontologia\/wp-json\/wp\/v2\/types\/page"}],"author":[{"embeddable":true,"href":"https:\/\/semmelweis.hu\/parodontologia\/wp-json\/wp\/v2\/users\/101509"}],"replies":[{"embeddable":true,"href":"https:\/\/semmelweis.hu\/parodontologia\/wp-json\/wp\/v2\/comments?post=4101"}],"version-history":[{"count":2,"href":"https:\/\/semmelweis.hu\/parodontologia\/wp-json\/wp\/v2\/pages\/4101\/revisions"}],"predecessor-version":[{"id":4185,"href":"https:\/\/semmelweis.hu\/parodontologia\/wp-json\/wp\/v2\/pages\/4101\/revisions\/4185"}],"up":[{"embeddable":true,"href":"https:\/\/semmelweis.hu\/parodontologia\/wp-json\/wp\/v2\/pages\/2089"}],"wp:attachment":[{"href":"https:\/\/semmelweis.hu\/parodontologia\/wp-json\/wp\/v2\/media?parent=4101"}],"wp:term":[{"taxonomy":"category","embeddable":true,"href":"https:\/\/semmelweis.hu\/parodontologia\/wp-json\/wp\/v2\/categories?post=4101"},{"taxonomy":"post_tag","embeddable":true,"href":"https:\/\/semmelweis.hu\/parodontologia\/wp-json\/wp\/v2\/tags?post=4101"}],"curies":[{"name":"wp","href":"https:\/\/api.w.org\/{rel}","templated":true}]}}